{"id":36296,"date":"2019-09-17T14:09:38","date_gmt":"2019-09-17T14:09:38","guid":{"rendered":"https:\/\/mueble4you.com\/productos\/day-bed-cocoon\/"},"modified":"2020-05-03T22:35:24","modified_gmt":"2020-05-03T22:35:24","slug":"cocoon-canape-lit-exterieur","status":"publish","type":"product","link":"https:\/\/mueble4you.com\/fr\/productos\/cocoon-canape-lit-exterieur\/","title":{"rendered":"Cocoon, Canap\u00e9 Lit ext\u00e9rieur"},"content":{"rendered":"<p>Canap\u00e9, avec structure en aluminium, et ext\u00e9rieur de rotin de tissage rond, en coussins bruns et de si\u00e8ge de 12cm, et coussins arri\u00e8re, en vert plus d\u2019autres ray\u00e9s d\u00e9cor\u00e9s, ses mesures, 220cm de long.<\/p>\n","protected":false},"excerpt":{"rendered":"<p>Canap\u00e9, avec structure en aluminium, et ext\u00e9rieur de rotin de tissage rond, en coussins bruns et de si\u00e8ge de 12cm, et coussins arri\u00e8re, en vert plus d\u2019autres ray\u00e9s d\u00e9cor\u00e9s, ses mesures, 220cm de long.<\/p>\n","protected":false},"featured_media":36292,"template":"","meta":[],"product_brand":[],"product_cat":[312,304,324],"product_tag":[],"class_list":{"0":"post-36296","1":"product","2":"type-product","3":"status-publish","4":"has-post-thumbnail","6":"product_cat-ensemble-de-sofas-et-de-tables","7":"product_cat-jardin-et-exterieur","8":"product_cat-transat","10":"first","11":"instock","12":"shipping-taxable","13":"product-type-simple"},"yoast_head":"<!-- This site is optimized with the Yoast SEO plugin v27.2 - https:\/\/yoast.com\/product\/yoast-seo-wordpress\/ -->\n<title>Cocoon, Canap\u00e9 Lit ext\u00e9rieur | mueble4you<\/title>\n<meta name=\"robots\" content=\"index, follow, max-snippet:-1, max-image-preview:large, max-video-preview:-1\" \/>\n<link rel=\"canonical\" href=\"https:\/\/mueble4you.com\/fr\/productos\/cocoon-canape-lit-exterieur\/\" \/>\n<meta property=\"og:locale\" content=\"fr_FR\" \/>\n<meta property=\"og:type\" content=\"article\" \/>\n<meta property=\"og:title\" content=\"Cocoon, Canap\u00e9 Lit ext\u00e9rieur | mueble4you\" \/>\n<meta property=\"og:description\" content=\"Canap\u00e9, avec structure en aluminium, et ext\u00e9rieur de rotin de tissage rond, en coussins bruns et de si\u00e8ge de 12cm, et coussins arri\u00e8re, en vert plus d\u2019autres ray\u00e9s d\u00e9cor\u00e9s, ses mesures, 220cm de long.\" \/>\n<meta property=\"og:url\" content=\"https:\/\/mueble4you.com\/fr\/productos\/cocoon-canape-lit-exterieur\/\" \/>\n<meta property=\"og:site_name\" content=\"mueble4you\" \/>\n<meta property=\"article:modified_time\" content=\"2020-05-03T22:35:24+00:00\" \/>\n<meta property=\"og:image\" content=\"https:\/\/mueble4you.com\/wp-content\/uploads\/2019\/09\/Apple_Bee_Cocoon_Daybed_Mocca_20mm_Green_Sphere-03_Premium-Line.jpg\" \/>\n\t<meta property=\"og:image:width\" content=\"2880\" \/>\n\t<meta property=\"og:image:height\" content=\"1920\" \/>\n\t<meta property=\"og:image:type\" content=\"image\/jpeg\" \/>\n<meta name=\"twitter:card\" content=\"summary_large_image\" \/>\n<script type=\"application\/ld+json\" class=\"yoast-schema-graph\">{\"@context\":\"https:\/\/schema.org\",\"@graph\":[{\"@type\":\"WebPage\",\"@id\":\"https:\/\/mueble4you.com\/fr\/productos\/cocoon-canape-lit-exterieur\/\",\"url\":\"https:\/\/mueble4you.com\/fr\/productos\/cocoon-canape-lit-exterieur\/\",\"name\":\"Cocoon, Canap\u00e9 Lit ext\u00e9rieur | mueble4you\",\"isPartOf\":{\"@id\":\"https:\/\/mueble4you.com\/#website\"},\"primaryImageOfPage\":{\"@id\":\"https:\/\/mueble4you.com\/fr\/productos\/cocoon-canape-lit-exterieur\/#primaryimage\"},\"image\":{\"@id\":\"https:\/\/mueble4you.com\/fr\/productos\/cocoon-canape-lit-exterieur\/#primaryimage\"},\"thumbnailUrl\":\"https:\/\/mueble4you.com\/wp-content\/uploads\/2019\/09\/Apple_Bee_Cocoon_Daybed_Mocca_20mm_Green_Sphere-03_Premium-Line.jpg\",\"datePublished\":\"2019-09-17T14:09:38+00:00\",\"dateModified\":\"2020-05-03T22:35:24+00:00\",\"breadcrumb\":{\"@id\":\"https:\/\/mueble4you.com\/fr\/productos\/cocoon-canape-lit-exterieur\/#breadcrumb\"},\"inLanguage\":\"fr-FR\",\"potentialAction\":[{\"@type\":\"ReadAction\",\"target\":[\"https:\/\/mueble4you.com\/fr\/productos\/cocoon-canape-lit-exterieur\/\"]}]},{\"@type\":\"ImageObject\",\"inLanguage\":\"fr-FR\",\"@id\":\"https:\/\/mueble4you.com\/fr\/productos\/cocoon-canape-lit-exterieur\/#primaryimage\",\"url\":\"https:\/\/mueble4you.com\/wp-content\/uploads\/2019\/09\/Apple_Bee_Cocoon_Daybed_Mocca_20mm_Green_Sphere-03_Premium-Line.jpg\",\"contentUrl\":\"https:\/\/mueble4you.com\/wp-content\/uploads\/2019\/09\/Apple_Bee_Cocoon_Daybed_Mocca_20mm_Green_Sphere-03_Premium-Line.jpg\",\"width\":2880,\"height\":1920},{\"@type\":\"BreadcrumbList\",\"@id\":\"https:\/\/mueble4you.com\/fr\/productos\/cocoon-canape-lit-exterieur\/#breadcrumb\",\"itemListElement\":[{\"@type\":\"ListItem\",\"position\":1,\"name\":\"Portada\",\"item\":\"https:\/\/mueble4you.com\/fr\/\"},{\"@type\":\"ListItem\",\"position\":2,\"name\":\"Productos\",\"item\":\"https:\/\/mueble4you.com\/productos\/\"},{\"@type\":\"ListItem\",\"position\":3,\"name\":\"Cocoon, Canap\u00e9 Lit ext\u00e9rieur\"}]},{\"@type\":\"WebSite\",\"@id\":\"https:\/\/mueble4you.com\/#website\",\"url\":\"https:\/\/mueble4you.com\/\",\"name\":\"mueble4you\",\"description\":\"Meubles \u00e0 Tenerife\",\"potentialAction\":[{\"@type\":\"SearchAction\",\"target\":{\"@type\":\"EntryPoint\",\"urlTemplate\":\"https:\/\/mueble4you.com\/?s={search_term_string}\"},\"query-input\":{\"@type\":\"PropertyValueSpecification\",\"valueRequired\":true,\"valueName\":\"search_term_string\"}}],\"inLanguage\":\"fr-FR\"}]}<\/script>\n<!-- \/ Yoast SEO plugin. -->","yoast_head_json":{"title":"Cocoon, Canap\u00e9 Lit ext\u00e9rieur | mueble4you","robots":{"index":"index","follow":"follow","max-snippet":"max-snippet:-1","max-image-preview":"max-image-preview:large","max-video-preview":"max-video-preview:-1"},"canonical":"https:\/\/mueble4you.com\/fr\/productos\/cocoon-canape-lit-exterieur\/","og_locale":"fr_FR","og_type":"article","og_title":"Cocoon, Canap\u00e9 Lit ext\u00e9rieur | mueble4you","og_description":"Canap\u00e9, avec structure en aluminium, et ext\u00e9rieur de rotin de tissage rond, en coussins bruns et de si\u00e8ge de 12cm, et coussins arri\u00e8re, en vert plus d\u2019autres ray\u00e9s d\u00e9cor\u00e9s, ses mesures, 220cm de long.","og_url":"https:\/\/mueble4you.com\/fr\/productos\/cocoon-canape-lit-exterieur\/","og_site_name":"mueble4you","article_modified_time":"2020-05-03T22:35:24+00:00","og_image":[{"width":2880,"height":1920,"url":"https:\/\/mueble4you.com\/wp-content\/uploads\/2019\/09\/Apple_Bee_Cocoon_Daybed_Mocca_20mm_Green_Sphere-03_Premium-Line.jpg","type":"image\/jpeg"}],"twitter_card":"summary_large_image","schema":{"@context":"https:\/\/schema.org","@graph":[{"@type":"WebPage","@id":"https:\/\/mueble4you.com\/fr\/productos\/cocoon-canape-lit-exterieur\/","url":"https:\/\/mueble4you.com\/fr\/productos\/cocoon-canape-lit-exterieur\/","name":"Cocoon, Canap\u00e9 Lit ext\u00e9rieur | mueble4you","isPartOf":{"@id":"https:\/\/mueble4you.com\/#website"},"primaryImageOfPage":{"@id":"https:\/\/mueble4you.com\/fr\/productos\/cocoon-canape-lit-exterieur\/#primaryimage"},"image":{"@id":"https:\/\/mueble4you.com\/fr\/productos\/cocoon-canape-lit-exterieur\/#primaryimage"},"thumbnailUrl":"https:\/\/mueble4you.com\/wp-content\/uploads\/2019\/09\/Apple_Bee_Cocoon_Daybed_Mocca_20mm_Green_Sphere-03_Premium-Line.jpg","datePublished":"2019-09-17T14:09:38+00:00","dateModified":"2020-05-03T22:35:24+00:00","breadcrumb":{"@id":"https:\/\/mueble4you.com\/fr\/productos\/cocoon-canape-lit-exterieur\/#breadcrumb"},"inLanguage":"fr-FR","potentialAction":[{"@type":"ReadAction","target":["https:\/\/mueble4you.com\/fr\/productos\/cocoon-canape-lit-exterieur\/"]}]},{"@type":"ImageObject","inLanguage":"fr-FR","@id":"https:\/\/mueble4you.com\/fr\/productos\/cocoon-canape-lit-exterieur\/#primaryimage","url":"https:\/\/mueble4you.com\/wp-content\/uploads\/2019\/09\/Apple_Bee_Cocoon_Daybed_Mocca_20mm_Green_Sphere-03_Premium-Line.jpg","contentUrl":"https:\/\/mueble4you.com\/wp-content\/uploads\/2019\/09\/Apple_Bee_Cocoon_Daybed_Mocca_20mm_Green_Sphere-03_Premium-Line.jpg","width":2880,"height":1920},{"@type":"BreadcrumbList","@id":"https:\/\/mueble4you.com\/fr\/productos\/cocoon-canape-lit-exterieur\/#breadcrumb","itemListElement":[{"@type":"ListItem","position":1,"name":"Portada","item":"https:\/\/mueble4you.com\/fr\/"},{"@type":"ListItem","position":2,"name":"Productos","item":"https:\/\/mueble4you.com\/productos\/"},{"@type":"ListItem","position":3,"name":"Cocoon, Canap\u00e9 Lit ext\u00e9rieur"}]},{"@type":"WebSite","@id":"https:\/\/mueble4you.com\/#website","url":"https:\/\/mueble4you.com\/","name":"mueble4you","description":"Meubles \u00e0 Tenerife","potentialAction":[{"@type":"SearchAction","target":{"@type":"EntryPoint","urlTemplate":"https:\/\/mueble4you.com\/?s={search_term_string}"},"query-input":{"@type":"PropertyValueSpecification","valueRequired":true,"valueName":"search_term_string"}}],"inLanguage":"fr-FR"}]}},"_links":{"self":[{"href":"https:\/\/mueble4you.com\/fr\/wp-json\/wp\/v2\/product\/36296","targetHints":{"allow":["GET"]}}],"collection":[{"href":"https:\/\/mueble4you.com\/fr\/wp-json\/wp\/v2\/product"}],"about":[{"href":"https:\/\/mueble4you.com\/fr\/wp-json\/wp\/v2\/types\/product"}],"wp:featuredmedia":[{"embeddable":true,"href":"https:\/\/mueble4you.com\/fr\/wp-json\/wp\/v2\/media\/36292"}],"wp:attachment":[{"href":"https:\/\/mueble4you.com\/fr\/wp-json\/wp\/v2\/media?parent=36296"}],"wp:term":[{"taxonomy":"product_brand","embeddable":true,"href":"https:\/\/mueble4you.com\/fr\/wp-json\/wp\/v2\/product_brand?post=36296"},{"taxonomy":"product_cat","embeddable":true,"href":"https:\/\/mueble4you.com\/fr\/wp-json\/wp\/v2\/product_cat?post=36296"},{"taxonomy":"product_tag","embeddable":true,"href":"https:\/\/mueble4you.com\/fr\/wp-json\/wp\/v2\/product_tag?post=36296"}],"curies":[{"name":"wp","href":"https:\/\/api.w.org\/{rel}","templated":true}]}}