{"id":36094,"date":"2019-08-20T11:30:54","date_gmt":"2019-08-20T11:30:54","guid":{"rendered":"https:\/\/mueble4you.com\/productos\/mesa-de-comedor-urbino-oxido\/"},"modified":"2020-05-12T16:18:44","modified_gmt":"2020-05-12T16:18:44","slug":"urbinotable-a-manger-extensible-oxido","status":"publish","type":"product","link":"https:\/\/mueble4you.com\/fr\/productos\/urbinotable-a-manger-extensible-oxido\/","title":{"rendered":"Urbino,Table \u00e0 manger extensible \u00d3xido"},"content":{"rendered":"<p>Table \u00e0 manger extensible, 137cm de long ou (137cm &#8211; 48cm) x 90cm de large, couleur oxyde-ciment.<\/p>\n<p>&nbsp;<\/p>\n","protected":false},"excerpt":{"rendered":"<p>Table \u00e0 manger extensible, 137cm de long ou (137cm &#8211; 48cm) x 90cm de large, couleur oxyde-ciment. &nbsp;<\/p>\n","protected":false},"featured_media":36085,"template":"","meta":[],"product_brand":[],"product_cat":[199,348],"product_tag":[],"class_list":{"0":"post-36094","1":"product","2":"type-product","3":"status-publish","4":"has-post-thumbnail","6":"product_cat-eaters","7":"product_cat-tables","9":"first","10":"instock","11":"shipping-taxable","12":"product-type-simple"},"yoast_head":"<!-- This site is optimized with the Yoast SEO plugin v27.2 - https:\/\/yoast.com\/product\/yoast-seo-wordpress\/ -->\n<title>Urbino,Table \u00e0 manger extensible \u00d3xido | mueble4you<\/title>\n<meta name=\"robots\" content=\"index, follow, max-snippet:-1, max-image-preview:large, max-video-preview:-1\" \/>\n<link rel=\"canonical\" href=\"https:\/\/mueble4you.com\/fr\/productos\/urbinotable-a-manger-extensible-oxido\/\" \/>\n<meta property=\"og:locale\" content=\"fr_FR\" \/>\n<meta property=\"og:type\" content=\"article\" \/>\n<meta property=\"og:title\" content=\"Urbino,Table \u00e0 manger extensible \u00d3xido | mueble4you\" \/>\n<meta property=\"og:description\" content=\"Table \u00e0 manger extensible, 137cm de long ou (137cm &#8211; 48cm) x 90cm de large, couleur oxyde-ciment. &nbsp;\" \/>\n<meta property=\"og:url\" content=\"https:\/\/mueble4you.com\/fr\/productos\/urbinotable-a-manger-extensible-oxido\/\" \/>\n<meta property=\"og:site_name\" content=\"mueble4you\" \/>\n<meta property=\"article:modified_time\" content=\"2020-05-12T16:18:44+00:00\" \/>\n<meta property=\"og:image\" content=\"https:\/\/mueble4you.com\/wp-content\/uploads\/2019\/08\/2071_urbino-beton-ossido-speisen-sideboard-2t-2sk-1o-f-vitrine-tisch-137-inkl-ansteckplatte-sthle-weiss.jpg\" \/>\n\t<meta property=\"og:image:width\" content=\"553\" \/>\n\t<meta property=\"og:image:height\" content=\"622\" \/>\n\t<meta property=\"og:image:type\" content=\"image\/jpeg\" \/>\n<meta name=\"twitter:card\" content=\"summary_large_image\" \/>\n<script type=\"application\/ld+json\" class=\"yoast-schema-graph\">{\"@context\":\"https:\/\/schema.org\",\"@graph\":[{\"@type\":\"WebPage\",\"@id\":\"https:\/\/mueble4you.com\/fr\/productos\/urbinotable-a-manger-extensible-oxido\/\",\"url\":\"https:\/\/mueble4you.com\/fr\/productos\/urbinotable-a-manger-extensible-oxido\/\",\"name\":\"Urbino,Table \u00e0 manger extensible \u00d3xido | mueble4you\",\"isPartOf\":{\"@id\":\"https:\/\/mueble4you.com\/#website\"},\"primaryImageOfPage\":{\"@id\":\"https:\/\/mueble4you.com\/fr\/productos\/urbinotable-a-manger-extensible-oxido\/#primaryimage\"},\"image\":{\"@id\":\"https:\/\/mueble4you.com\/fr\/productos\/urbinotable-a-manger-extensible-oxido\/#primaryimage\"},\"thumbnailUrl\":\"https:\/\/mueble4you.com\/wp-content\/uploads\/2019\/08\/2071_urbino-beton-ossido-speisen-sideboard-2t-2sk-1o-f-vitrine-tisch-137-inkl-ansteckplatte-sthle-weiss.jpg\",\"datePublished\":\"2019-08-20T11:30:54+00:00\",\"dateModified\":\"2020-05-12T16:18:44+00:00\",\"breadcrumb\":{\"@id\":\"https:\/\/mueble4you.com\/fr\/productos\/urbinotable-a-manger-extensible-oxido\/#breadcrumb\"},\"inLanguage\":\"fr-FR\",\"potentialAction\":[{\"@type\":\"ReadAction\",\"target\":[\"https:\/\/mueble4you.com\/fr\/productos\/urbinotable-a-manger-extensible-oxido\/\"]}]},{\"@type\":\"ImageObject\",\"inLanguage\":\"fr-FR\",\"@id\":\"https:\/\/mueble4you.com\/fr\/productos\/urbinotable-a-manger-extensible-oxido\/#primaryimage\",\"url\":\"https:\/\/mueble4you.com\/wp-content\/uploads\/2019\/08\/2071_urbino-beton-ossido-speisen-sideboard-2t-2sk-1o-f-vitrine-tisch-137-inkl-ansteckplatte-sthle-weiss.jpg\",\"contentUrl\":\"https:\/\/mueble4you.com\/wp-content\/uploads\/2019\/08\/2071_urbino-beton-ossido-speisen-sideboard-2t-2sk-1o-f-vitrine-tisch-137-inkl-ansteckplatte-sthle-weiss.jpg\",\"width\":553,\"height\":622},{\"@type\":\"BreadcrumbList\",\"@id\":\"https:\/\/mueble4you.com\/fr\/productos\/urbinotable-a-manger-extensible-oxido\/#breadcrumb\",\"itemListElement\":[{\"@type\":\"ListItem\",\"position\":1,\"name\":\"Portada\",\"item\":\"https:\/\/mueble4you.com\/fr\/\"},{\"@type\":\"ListItem\",\"position\":2,\"name\":\"Productos\",\"item\":\"https:\/\/mueble4you.com\/productos\/\"},{\"@type\":\"ListItem\",\"position\":3,\"name\":\"Urbino,Table \u00e0 manger extensible \u00d3xido\"}]},{\"@type\":\"WebSite\",\"@id\":\"https:\/\/mueble4you.com\/#website\",\"url\":\"https:\/\/mueble4you.com\/\",\"name\":\"mueble4you\",\"description\":\"Meubles \u00e0 Tenerife\",\"potentialAction\":[{\"@type\":\"SearchAction\",\"target\":{\"@type\":\"EntryPoint\",\"urlTemplate\":\"https:\/\/mueble4you.com\/?s={search_term_string}\"},\"query-input\":{\"@type\":\"PropertyValueSpecification\",\"valueRequired\":true,\"valueName\":\"search_term_string\"}}],\"inLanguage\":\"fr-FR\"}]}<\/script>\n<!-- \/ Yoast SEO plugin. -->","yoast_head_json":{"title":"Urbino,Table \u00e0 manger extensible \u00d3xido | mueble4you","robots":{"index":"index","follow":"follow","max-snippet":"max-snippet:-1","max-image-preview":"max-image-preview:large","max-video-preview":"max-video-preview:-1"},"canonical":"https:\/\/mueble4you.com\/fr\/productos\/urbinotable-a-manger-extensible-oxido\/","og_locale":"fr_FR","og_type":"article","og_title":"Urbino,Table \u00e0 manger extensible \u00d3xido | mueble4you","og_description":"Table \u00e0 manger extensible, 137cm de long ou (137cm &#8211; 48cm) x 90cm de large, couleur oxyde-ciment. &nbsp;","og_url":"https:\/\/mueble4you.com\/fr\/productos\/urbinotable-a-manger-extensible-oxido\/","og_site_name":"mueble4you","article_modified_time":"2020-05-12T16:18:44+00:00","og_image":[{"width":553,"height":622,"url":"https:\/\/mueble4you.com\/wp-content\/uploads\/2019\/08\/2071_urbino-beton-ossido-speisen-sideboard-2t-2sk-1o-f-vitrine-tisch-137-inkl-ansteckplatte-sthle-weiss.jpg","type":"image\/jpeg"}],"twitter_card":"summary_large_image","schema":{"@context":"https:\/\/schema.org","@graph":[{"@type":"WebPage","@id":"https:\/\/mueble4you.com\/fr\/productos\/urbinotable-a-manger-extensible-oxido\/","url":"https:\/\/mueble4you.com\/fr\/productos\/urbinotable-a-manger-extensible-oxido\/","name":"Urbino,Table \u00e0 manger extensible \u00d3xido | mueble4you","isPartOf":{"@id":"https:\/\/mueble4you.com\/#website"},"primaryImageOfPage":{"@id":"https:\/\/mueble4you.com\/fr\/productos\/urbinotable-a-manger-extensible-oxido\/#primaryimage"},"image":{"@id":"https:\/\/mueble4you.com\/fr\/productos\/urbinotable-a-manger-extensible-oxido\/#primaryimage"},"thumbnailUrl":"https:\/\/mueble4you.com\/wp-content\/uploads\/2019\/08\/2071_urbino-beton-ossido-speisen-sideboard-2t-2sk-1o-f-vitrine-tisch-137-inkl-ansteckplatte-sthle-weiss.jpg","datePublished":"2019-08-20T11:30:54+00:00","dateModified":"2020-05-12T16:18:44+00:00","breadcrumb":{"@id":"https:\/\/mueble4you.com\/fr\/productos\/urbinotable-a-manger-extensible-oxido\/#breadcrumb"},"inLanguage":"fr-FR","potentialAction":[{"@type":"ReadAction","target":["https:\/\/mueble4you.com\/fr\/productos\/urbinotable-a-manger-extensible-oxido\/"]}]},{"@type":"ImageObject","inLanguage":"fr-FR","@id":"https:\/\/mueble4you.com\/fr\/productos\/urbinotable-a-manger-extensible-oxido\/#primaryimage","url":"https:\/\/mueble4you.com\/wp-content\/uploads\/2019\/08\/2071_urbino-beton-ossido-speisen-sideboard-2t-2sk-1o-f-vitrine-tisch-137-inkl-ansteckplatte-sthle-weiss.jpg","contentUrl":"https:\/\/mueble4you.com\/wp-content\/uploads\/2019\/08\/2071_urbino-beton-ossido-speisen-sideboard-2t-2sk-1o-f-vitrine-tisch-137-inkl-ansteckplatte-sthle-weiss.jpg","width":553,"height":622},{"@type":"BreadcrumbList","@id":"https:\/\/mueble4you.com\/fr\/productos\/urbinotable-a-manger-extensible-oxido\/#breadcrumb","itemListElement":[{"@type":"ListItem","position":1,"name":"Portada","item":"https:\/\/mueble4you.com\/fr\/"},{"@type":"ListItem","position":2,"name":"Productos","item":"https:\/\/mueble4you.com\/productos\/"},{"@type":"ListItem","position":3,"name":"Urbino,Table \u00e0 manger extensible \u00d3xido"}]},{"@type":"WebSite","@id":"https:\/\/mueble4you.com\/#website","url":"https:\/\/mueble4you.com\/","name":"mueble4you","description":"Meubles \u00e0 Tenerife","potentialAction":[{"@type":"SearchAction","target":{"@type":"EntryPoint","urlTemplate":"https:\/\/mueble4you.com\/?s={search_term_string}"},"query-input":{"@type":"PropertyValueSpecification","valueRequired":true,"valueName":"search_term_string"}}],"inLanguage":"fr-FR"}]}},"_links":{"self":[{"href":"https:\/\/mueble4you.com\/fr\/wp-json\/wp\/v2\/product\/36094","targetHints":{"allow":["GET"]}}],"collection":[{"href":"https:\/\/mueble4you.com\/fr\/wp-json\/wp\/v2\/product"}],"about":[{"href":"https:\/\/mueble4you.com\/fr\/wp-json\/wp\/v2\/types\/product"}],"wp:featuredmedia":[{"embeddable":true,"href":"https:\/\/mueble4you.com\/fr\/wp-json\/wp\/v2\/media\/36085"}],"wp:attachment":[{"href":"https:\/\/mueble4you.com\/fr\/wp-json\/wp\/v2\/media?parent=36094"}],"wp:term":[{"taxonomy":"product_brand","embeddable":true,"href":"https:\/\/mueble4you.com\/fr\/wp-json\/wp\/v2\/product_brand?post=36094"},{"taxonomy":"product_cat","embeddable":true,"href":"https:\/\/mueble4you.com\/fr\/wp-json\/wp\/v2\/product_cat?post=36094"},{"taxonomy":"product_tag","embeddable":true,"href":"https:\/\/mueble4you.com\/fr\/wp-json\/wp\/v2\/product_tag?post=36094"}],"curies":[{"name":"wp","href":"https:\/\/api.w.org\/{rel}","templated":true}]}}