{"id":33905,"date":"2019-03-21T11:44:41","date_gmt":"2019-03-21T11:44:41","guid":{"rendered":"https:\/\/mueble4you.com\/productos\/estanterias\/"},"modified":"2020-07-14T16:42:26","modified_gmt":"2020-07-14T16:42:26","slug":"etagere-en-acier-chrome-et-etageres-en-verre","status":"publish","type":"product","link":"https:\/\/mueble4you.com\/fr\/productos\/etagere-en-acier-chrome-et-etageres-en-verre\/","title":{"rendered":"\u00c9tag\u00e8re en acier chrom\u00e9 et \u00e9tag\u00e8res en verre"},"content":{"rendered":"<ul>\n<li>\u00c9tag\u00e8re en acier chrom\u00e9 et \u00e9tag\u00e8res en verre.<\/li>\n<li>Vos mesures: 90 X 180 X 36 cm<\/li>\n<\/ul>\n<p>&nbsp;<\/p>\n","protected":false},"excerpt":{"rendered":"<p>\u00c9tag\u00e8re en acier chrom\u00e9 et \u00e9tag\u00e8res en verre. Vos mesures: 90 X 180 X 36 cm &nbsp;<\/p>\n","protected":false},"featured_media":33901,"template":"","meta":[],"product_brand":[],"product_cat":[206,204],"product_tag":[],"class_list":{"0":"post-33905","1":"product","2":"type-product","3":"status-publish","4":"has-post-thumbnail","6":"product_cat-compositions","7":"product_cat-salon","9":"first","10":"instock","11":"shipping-taxable","12":"product-type-simple"},"yoast_head":"<!-- This site is optimized with the Yoast SEO plugin v27.3 - https:\/\/yoast.com\/product\/yoast-seo-wordpress\/ -->\n<title>\u00c9tag\u00e8re en acier chrom\u00e9 et \u00e9tag\u00e8res en verre | mueble4you<\/title>\n<meta name=\"robots\" content=\"index, follow, max-snippet:-1, max-image-preview:large, max-video-preview:-1\" \/>\n<link rel=\"canonical\" href=\"https:\/\/mueble4you.com\/fr\/productos\/etagere-en-acier-chrome-et-etageres-en-verre\/\" \/>\n<meta property=\"og:locale\" content=\"fr_FR\" \/>\n<meta property=\"og:type\" content=\"article\" \/>\n<meta property=\"og:title\" content=\"\u00c9tag\u00e8re en acier chrom\u00e9 et \u00e9tag\u00e8res en verre | mueble4you\" \/>\n<meta property=\"og:description\" content=\"\u00c9tag\u00e8re en acier chrom\u00e9 et \u00e9tag\u00e8res en verre. Vos mesures: 90 X 180 X 36 cm &nbsp;\" \/>\n<meta property=\"og:url\" content=\"https:\/\/mueble4you.com\/fr\/productos\/etagere-en-acier-chrome-et-etageres-en-verre\/\" \/>\n<meta property=\"og:site_name\" content=\"mueble4you\" \/>\n<meta property=\"article:modified_time\" content=\"2020-07-14T16:42:26+00:00\" \/>\n<meta property=\"og:image\" content=\"https:\/\/mueble4you.com\/wp-content\/uploads\/2019\/03\/96757.jpg\" \/>\n\t<meta property=\"og:image:width\" content=\"2200\" \/>\n\t<meta property=\"og:image:height\" content=\"2420\" \/>\n\t<meta property=\"og:image:type\" content=\"image\/jpeg\" \/>\n<meta name=\"twitter:card\" content=\"summary_large_image\" \/>\n<script type=\"application\/ld+json\" class=\"yoast-schema-graph\">{\"@context\":\"https:\\\/\\\/schema.org\",\"@graph\":[{\"@type\":\"WebPage\",\"@id\":\"https:\\\/\\\/mueble4you.com\\\/fr\\\/productos\\\/etagere-en-acier-chrome-et-etageres-en-verre\\\/\",\"url\":\"https:\\\/\\\/mueble4you.com\\\/fr\\\/productos\\\/etagere-en-acier-chrome-et-etageres-en-verre\\\/\",\"name\":\"\u00c9tag\u00e8re en acier chrom\u00e9 et \u00e9tag\u00e8res en verre | mueble4you\",\"isPartOf\":{\"@id\":\"https:\\\/\\\/mueble4you.com\\\/#website\"},\"primaryImageOfPage\":{\"@id\":\"https:\\\/\\\/mueble4you.com\\\/fr\\\/productos\\\/etagere-en-acier-chrome-et-etageres-en-verre\\\/#primaryimage\"},\"image\":{\"@id\":\"https:\\\/\\\/mueble4you.com\\\/fr\\\/productos\\\/etagere-en-acier-chrome-et-etageres-en-verre\\\/#primaryimage\"},\"thumbnailUrl\":\"https:\\\/\\\/mueble4you.com\\\/wp-content\\\/uploads\\\/2019\\\/03\\\/96757.jpg\",\"datePublished\":\"2019-03-21T11:44:41+00:00\",\"dateModified\":\"2020-07-14T16:42:26+00:00\",\"breadcrumb\":{\"@id\":\"https:\\\/\\\/mueble4you.com\\\/fr\\\/productos\\\/etagere-en-acier-chrome-et-etageres-en-verre\\\/#breadcrumb\"},\"inLanguage\":\"fr-FR\",\"potentialAction\":[{\"@type\":\"ReadAction\",\"target\":[\"https:\\\/\\\/mueble4you.com\\\/fr\\\/productos\\\/etagere-en-acier-chrome-et-etageres-en-verre\\\/\"]}]},{\"@type\":\"ImageObject\",\"inLanguage\":\"fr-FR\",\"@id\":\"https:\\\/\\\/mueble4you.com\\\/fr\\\/productos\\\/etagere-en-acier-chrome-et-etageres-en-verre\\\/#primaryimage\",\"url\":\"https:\\\/\\\/mueble4you.com\\\/wp-content\\\/uploads\\\/2019\\\/03\\\/96757.jpg\",\"contentUrl\":\"https:\\\/\\\/mueble4you.com\\\/wp-content\\\/uploads\\\/2019\\\/03\\\/96757.jpg\",\"width\":2200,\"height\":2420},{\"@type\":\"BreadcrumbList\",\"@id\":\"https:\\\/\\\/mueble4you.com\\\/fr\\\/productos\\\/etagere-en-acier-chrome-et-etageres-en-verre\\\/#breadcrumb\",\"itemListElement\":[{\"@type\":\"ListItem\",\"position\":1,\"name\":\"Portada\",\"item\":\"https:\\\/\\\/mueble4you.com\\\/fr\\\/\"},{\"@type\":\"ListItem\",\"position\":2,\"name\":\"Productos\",\"item\":\"https:\\\/\\\/mueble4you.com\\\/productos\\\/\"},{\"@type\":\"ListItem\",\"position\":3,\"name\":\"\u00c9tag\u00e8re en acier chrom\u00e9 et \u00e9tag\u00e8res en verre\"}]},{\"@type\":\"WebSite\",\"@id\":\"https:\\\/\\\/mueble4you.com\\\/#website\",\"url\":\"https:\\\/\\\/mueble4you.com\\\/\",\"name\":\"mueble4you\",\"description\":\"Meubles \u00e0 Tenerife\",\"potentialAction\":[{\"@type\":\"SearchAction\",\"target\":{\"@type\":\"EntryPoint\",\"urlTemplate\":\"https:\\\/\\\/mueble4you.com\\\/?s={search_term_string}\"},\"query-input\":{\"@type\":\"PropertyValueSpecification\",\"valueRequired\":true,\"valueName\":\"search_term_string\"}}],\"inLanguage\":\"fr-FR\"}]}<\/script>\n<!-- \/ Yoast SEO plugin. -->","yoast_head_json":{"title":"\u00c9tag\u00e8re en acier chrom\u00e9 et \u00e9tag\u00e8res en verre | mueble4you","robots":{"index":"index","follow":"follow","max-snippet":"max-snippet:-1","max-image-preview":"max-image-preview:large","max-video-preview":"max-video-preview:-1"},"canonical":"https:\/\/mueble4you.com\/fr\/productos\/etagere-en-acier-chrome-et-etageres-en-verre\/","og_locale":"fr_FR","og_type":"article","og_title":"\u00c9tag\u00e8re en acier chrom\u00e9 et \u00e9tag\u00e8res en verre | mueble4you","og_description":"\u00c9tag\u00e8re en acier chrom\u00e9 et \u00e9tag\u00e8res en verre. Vos mesures: 90 X 180 X 36 cm &nbsp;","og_url":"https:\/\/mueble4you.com\/fr\/productos\/etagere-en-acier-chrome-et-etageres-en-verre\/","og_site_name":"mueble4you","article_modified_time":"2020-07-14T16:42:26+00:00","og_image":[{"width":2200,"height":2420,"url":"https:\/\/mueble4you.com\/wp-content\/uploads\/2019\/03\/96757.jpg","type":"image\/jpeg"}],"twitter_card":"summary_large_image","schema":{"@context":"https:\/\/schema.org","@graph":[{"@type":"WebPage","@id":"https:\/\/mueble4you.com\/fr\/productos\/etagere-en-acier-chrome-et-etageres-en-verre\/","url":"https:\/\/mueble4you.com\/fr\/productos\/etagere-en-acier-chrome-et-etageres-en-verre\/","name":"\u00c9tag\u00e8re en acier chrom\u00e9 et \u00e9tag\u00e8res en verre | mueble4you","isPartOf":{"@id":"https:\/\/mueble4you.com\/#website"},"primaryImageOfPage":{"@id":"https:\/\/mueble4you.com\/fr\/productos\/etagere-en-acier-chrome-et-etageres-en-verre\/#primaryimage"},"image":{"@id":"https:\/\/mueble4you.com\/fr\/productos\/etagere-en-acier-chrome-et-etageres-en-verre\/#primaryimage"},"thumbnailUrl":"https:\/\/mueble4you.com\/wp-content\/uploads\/2019\/03\/96757.jpg","datePublished":"2019-03-21T11:44:41+00:00","dateModified":"2020-07-14T16:42:26+00:00","breadcrumb":{"@id":"https:\/\/mueble4you.com\/fr\/productos\/etagere-en-acier-chrome-et-etageres-en-verre\/#breadcrumb"},"inLanguage":"fr-FR","potentialAction":[{"@type":"ReadAction","target":["https:\/\/mueble4you.com\/fr\/productos\/etagere-en-acier-chrome-et-etageres-en-verre\/"]}]},{"@type":"ImageObject","inLanguage":"fr-FR","@id":"https:\/\/mueble4you.com\/fr\/productos\/etagere-en-acier-chrome-et-etageres-en-verre\/#primaryimage","url":"https:\/\/mueble4you.com\/wp-content\/uploads\/2019\/03\/96757.jpg","contentUrl":"https:\/\/mueble4you.com\/wp-content\/uploads\/2019\/03\/96757.jpg","width":2200,"height":2420},{"@type":"BreadcrumbList","@id":"https:\/\/mueble4you.com\/fr\/productos\/etagere-en-acier-chrome-et-etageres-en-verre\/#breadcrumb","itemListElement":[{"@type":"ListItem","position":1,"name":"Portada","item":"https:\/\/mueble4you.com\/fr\/"},{"@type":"ListItem","position":2,"name":"Productos","item":"https:\/\/mueble4you.com\/productos\/"},{"@type":"ListItem","position":3,"name":"\u00c9tag\u00e8re en acier chrom\u00e9 et \u00e9tag\u00e8res en verre"}]},{"@type":"WebSite","@id":"https:\/\/mueble4you.com\/#website","url":"https:\/\/mueble4you.com\/","name":"mueble4you","description":"Meubles \u00e0 Tenerife","potentialAction":[{"@type":"SearchAction","target":{"@type":"EntryPoint","urlTemplate":"https:\/\/mueble4you.com\/?s={search_term_string}"},"query-input":{"@type":"PropertyValueSpecification","valueRequired":true,"valueName":"search_term_string"}}],"inLanguage":"fr-FR"}]}},"_links":{"self":[{"href":"https:\/\/mueble4you.com\/fr\/wp-json\/wp\/v2\/product\/33905","targetHints":{"allow":["GET"]}}],"collection":[{"href":"https:\/\/mueble4you.com\/fr\/wp-json\/wp\/v2\/product"}],"about":[{"href":"https:\/\/mueble4you.com\/fr\/wp-json\/wp\/v2\/types\/product"}],"wp:featuredmedia":[{"embeddable":true,"href":"https:\/\/mueble4you.com\/fr\/wp-json\/wp\/v2\/media\/33901"}],"wp:attachment":[{"href":"https:\/\/mueble4you.com\/fr\/wp-json\/wp\/v2\/media?parent=33905"}],"wp:term":[{"taxonomy":"product_brand","embeddable":true,"href":"https:\/\/mueble4you.com\/fr\/wp-json\/wp\/v2\/product_brand?post=33905"},{"taxonomy":"product_cat","embeddable":true,"href":"https:\/\/mueble4you.com\/fr\/wp-json\/wp\/v2\/product_cat?post=33905"},{"taxonomy":"product_tag","embeddable":true,"href":"https:\/\/mueble4you.com\/fr\/wp-json\/wp\/v2\/product_tag?post=33905"}],"curies":[{"name":"wp","href":"https:\/\/api.w.org\/{rel}","templated":true}]}}