{"id":32638,"date":"2018-12-26T16:04:51","date_gmt":"2018-12-26T16:04:51","guid":{"rendered":"https:\/\/mueble4you.com\/productos\/tumbona-reclinable-bombay-2\/"},"modified":"2020-04-29T17:45:34","modified_gmt":"2020-04-29T17:45:34","slug":"bombay-transat-de-soleil-couche","status":"publish","type":"product","link":"https:\/\/mueble4you.com\/fr\/productos\/bombay-transat-de-soleil-couche\/","title":{"rendered":"Bombay, Transat De Soleil Couch\u00e9."},"content":{"rendered":"<p>Chaise longue, fauteuil, fauteuil inclinable, structure en aluminium et tissu sp\u00e9cial pour l\u2019ext\u00e9rieur, r\u00e9sistant au soleil et \u00e0 la pluie, avec un coussin adapt\u00e9 pour la t\u00eate, disponible en blanc, gris et turquoise.<\/p>\n","protected":false},"excerpt":{"rendered":"<p>Chaise longue, fauteuil, fauteuil inclinable, structure en aluminium et tissu sp\u00e9cial pour l\u2019ext\u00e9rieur, r\u00e9sistant au soleil et \u00e0 la pluie, avec un coussin adapt\u00e9 pour la t\u00eate, disponible en blanc, gris et turquoise.<\/p>\n","protected":false},"featured_media":32634,"template":"","meta":[],"product_brand":[],"product_cat":[304,324],"product_tag":[],"class_list":{"0":"post-32638","1":"product","2":"type-product","3":"status-publish","4":"has-post-thumbnail","6":"product_cat-jardin-et-exterieur","7":"product_cat-transat","9":"first","10":"outofstock","11":"shipping-taxable","12":"product-type-simple"},"yoast_head":"<!-- This site is optimized with the Yoast SEO plugin v27.3 - https:\/\/yoast.com\/product\/yoast-seo-wordpress\/ -->\n<title>Bombay, Transat De Soleil Couch\u00e9. | mueble4you<\/title>\n<meta name=\"robots\" content=\"index, follow, max-snippet:-1, max-image-preview:large, max-video-preview:-1\" \/>\n<link rel=\"canonical\" href=\"https:\/\/mueble4you.com\/fr\/productos\/bombay-transat-de-soleil-couche\/\" \/>\n<meta property=\"og:locale\" content=\"fr_FR\" \/>\n<meta property=\"og:type\" content=\"article\" \/>\n<meta property=\"og:title\" content=\"Bombay, Transat De Soleil Couch\u00e9. | mueble4you\" \/>\n<meta property=\"og:description\" content=\"Chaise longue, fauteuil, fauteuil inclinable, structure en aluminium et tissu sp\u00e9cial pour l\u2019ext\u00e9rieur, r\u00e9sistant au soleil et \u00e0 la pluie, avec un coussin adapt\u00e9 pour la t\u00eate, disponible en blanc, gris et turquoise.\" \/>\n<meta property=\"og:url\" content=\"https:\/\/mueble4you.com\/fr\/productos\/bombay-transat-de-soleil-couche\/\" \/>\n<meta property=\"og:site_name\" content=\"mueble4you\" \/>\n<meta property=\"article:modified_time\" content=\"2020-04-29T17:45:34+00:00\" \/>\n<meta property=\"og:image\" content=\"https:\/\/mueble4you.com\/wp-content\/uploads\/2018\/12\/900slide1-Copy.jpg\" \/>\n\t<meta property=\"og:image:width\" content=\"1050\" \/>\n\t<meta property=\"og:image:height\" content=\"900\" \/>\n\t<meta property=\"og:image:type\" content=\"image\/jpeg\" \/>\n<meta name=\"twitter:card\" content=\"summary_large_image\" \/>\n<script type=\"application\/ld+json\" class=\"yoast-schema-graph\">{\"@context\":\"https:\\\/\\\/schema.org\",\"@graph\":[{\"@type\":\"WebPage\",\"@id\":\"https:\\\/\\\/mueble4you.com\\\/fr\\\/productos\\\/bombay-transat-de-soleil-couche\\\/\",\"url\":\"https:\\\/\\\/mueble4you.com\\\/fr\\\/productos\\\/bombay-transat-de-soleil-couche\\\/\",\"name\":\"Bombay, Transat De Soleil Couch\u00e9. | mueble4you\",\"isPartOf\":{\"@id\":\"https:\\\/\\\/mueble4you.com\\\/#website\"},\"primaryImageOfPage\":{\"@id\":\"https:\\\/\\\/mueble4you.com\\\/fr\\\/productos\\\/bombay-transat-de-soleil-couche\\\/#primaryimage\"},\"image\":{\"@id\":\"https:\\\/\\\/mueble4you.com\\\/fr\\\/productos\\\/bombay-transat-de-soleil-couche\\\/#primaryimage\"},\"thumbnailUrl\":\"https:\\\/\\\/mueble4you.com\\\/wp-content\\\/uploads\\\/2018\\\/12\\\/900slide1-Copy.jpg\",\"datePublished\":\"2018-12-26T16:04:51+00:00\",\"dateModified\":\"2020-04-29T17:45:34+00:00\",\"breadcrumb\":{\"@id\":\"https:\\\/\\\/mueble4you.com\\\/fr\\\/productos\\\/bombay-transat-de-soleil-couche\\\/#breadcrumb\"},\"inLanguage\":\"fr-FR\",\"potentialAction\":[{\"@type\":\"ReadAction\",\"target\":[\"https:\\\/\\\/mueble4you.com\\\/fr\\\/productos\\\/bombay-transat-de-soleil-couche\\\/\"]}]},{\"@type\":\"ImageObject\",\"inLanguage\":\"fr-FR\",\"@id\":\"https:\\\/\\\/mueble4you.com\\\/fr\\\/productos\\\/bombay-transat-de-soleil-couche\\\/#primaryimage\",\"url\":\"https:\\\/\\\/mueble4you.com\\\/wp-content\\\/uploads\\\/2018\\\/12\\\/900slide1-Copy.jpg\",\"contentUrl\":\"https:\\\/\\\/mueble4you.com\\\/wp-content\\\/uploads\\\/2018\\\/12\\\/900slide1-Copy.jpg\",\"width\":1050,\"height\":900},{\"@type\":\"BreadcrumbList\",\"@id\":\"https:\\\/\\\/mueble4you.com\\\/fr\\\/productos\\\/bombay-transat-de-soleil-couche\\\/#breadcrumb\",\"itemListElement\":[{\"@type\":\"ListItem\",\"position\":1,\"name\":\"Portada\",\"item\":\"https:\\\/\\\/mueble4you.com\\\/fr\\\/\"},{\"@type\":\"ListItem\",\"position\":2,\"name\":\"Productos\",\"item\":\"https:\\\/\\\/mueble4you.com\\\/productos\\\/\"},{\"@type\":\"ListItem\",\"position\":3,\"name\":\"Bombay, Transat De Soleil Couch\u00e9.\"}]},{\"@type\":\"WebSite\",\"@id\":\"https:\\\/\\\/mueble4you.com\\\/#website\",\"url\":\"https:\\\/\\\/mueble4you.com\\\/\",\"name\":\"mueble4you\",\"description\":\"Meubles \u00e0 Tenerife\",\"potentialAction\":[{\"@type\":\"SearchAction\",\"target\":{\"@type\":\"EntryPoint\",\"urlTemplate\":\"https:\\\/\\\/mueble4you.com\\\/?s={search_term_string}\"},\"query-input\":{\"@type\":\"PropertyValueSpecification\",\"valueRequired\":true,\"valueName\":\"search_term_string\"}}],\"inLanguage\":\"fr-FR\"}]}<\/script>\n<!-- \/ Yoast SEO plugin. -->","yoast_head_json":{"title":"Bombay, Transat De Soleil Couch\u00e9. | mueble4you","robots":{"index":"index","follow":"follow","max-snippet":"max-snippet:-1","max-image-preview":"max-image-preview:large","max-video-preview":"max-video-preview:-1"},"canonical":"https:\/\/mueble4you.com\/fr\/productos\/bombay-transat-de-soleil-couche\/","og_locale":"fr_FR","og_type":"article","og_title":"Bombay, Transat De Soleil Couch\u00e9. | mueble4you","og_description":"Chaise longue, fauteuil, fauteuil inclinable, structure en aluminium et tissu sp\u00e9cial pour l\u2019ext\u00e9rieur, r\u00e9sistant au soleil et \u00e0 la pluie, avec un coussin adapt\u00e9 pour la t\u00eate, disponible en blanc, gris et turquoise.","og_url":"https:\/\/mueble4you.com\/fr\/productos\/bombay-transat-de-soleil-couche\/","og_site_name":"mueble4you","article_modified_time":"2020-04-29T17:45:34+00:00","og_image":[{"width":1050,"height":900,"url":"https:\/\/mueble4you.com\/wp-content\/uploads\/2018\/12\/900slide1-Copy.jpg","type":"image\/jpeg"}],"twitter_card":"summary_large_image","schema":{"@context":"https:\/\/schema.org","@graph":[{"@type":"WebPage","@id":"https:\/\/mueble4you.com\/fr\/productos\/bombay-transat-de-soleil-couche\/","url":"https:\/\/mueble4you.com\/fr\/productos\/bombay-transat-de-soleil-couche\/","name":"Bombay, Transat De Soleil Couch\u00e9. | mueble4you","isPartOf":{"@id":"https:\/\/mueble4you.com\/#website"},"primaryImageOfPage":{"@id":"https:\/\/mueble4you.com\/fr\/productos\/bombay-transat-de-soleil-couche\/#primaryimage"},"image":{"@id":"https:\/\/mueble4you.com\/fr\/productos\/bombay-transat-de-soleil-couche\/#primaryimage"},"thumbnailUrl":"https:\/\/mueble4you.com\/wp-content\/uploads\/2018\/12\/900slide1-Copy.jpg","datePublished":"2018-12-26T16:04:51+00:00","dateModified":"2020-04-29T17:45:34+00:00","breadcrumb":{"@id":"https:\/\/mueble4you.com\/fr\/productos\/bombay-transat-de-soleil-couche\/#breadcrumb"},"inLanguage":"fr-FR","potentialAction":[{"@type":"ReadAction","target":["https:\/\/mueble4you.com\/fr\/productos\/bombay-transat-de-soleil-couche\/"]}]},{"@type":"ImageObject","inLanguage":"fr-FR","@id":"https:\/\/mueble4you.com\/fr\/productos\/bombay-transat-de-soleil-couche\/#primaryimage","url":"https:\/\/mueble4you.com\/wp-content\/uploads\/2018\/12\/900slide1-Copy.jpg","contentUrl":"https:\/\/mueble4you.com\/wp-content\/uploads\/2018\/12\/900slide1-Copy.jpg","width":1050,"height":900},{"@type":"BreadcrumbList","@id":"https:\/\/mueble4you.com\/fr\/productos\/bombay-transat-de-soleil-couche\/#breadcrumb","itemListElement":[{"@type":"ListItem","position":1,"name":"Portada","item":"https:\/\/mueble4you.com\/fr\/"},{"@type":"ListItem","position":2,"name":"Productos","item":"https:\/\/mueble4you.com\/productos\/"},{"@type":"ListItem","position":3,"name":"Bombay, Transat De Soleil Couch\u00e9."}]},{"@type":"WebSite","@id":"https:\/\/mueble4you.com\/#website","url":"https:\/\/mueble4you.com\/","name":"mueble4you","description":"Meubles \u00e0 Tenerife","potentialAction":[{"@type":"SearchAction","target":{"@type":"EntryPoint","urlTemplate":"https:\/\/mueble4you.com\/?s={search_term_string}"},"query-input":{"@type":"PropertyValueSpecification","valueRequired":true,"valueName":"search_term_string"}}],"inLanguage":"fr-FR"}]}},"_links":{"self":[{"href":"https:\/\/mueble4you.com\/fr\/wp-json\/wp\/v2\/product\/32638","targetHints":{"allow":["GET"]}}],"collection":[{"href":"https:\/\/mueble4you.com\/fr\/wp-json\/wp\/v2\/product"}],"about":[{"href":"https:\/\/mueble4you.com\/fr\/wp-json\/wp\/v2\/types\/product"}],"wp:featuredmedia":[{"embeddable":true,"href":"https:\/\/mueble4you.com\/fr\/wp-json\/wp\/v2\/media\/32634"}],"wp:attachment":[{"href":"https:\/\/mueble4you.com\/fr\/wp-json\/wp\/v2\/media?parent=32638"}],"wp:term":[{"taxonomy":"product_brand","embeddable":true,"href":"https:\/\/mueble4you.com\/fr\/wp-json\/wp\/v2\/product_brand?post=32638"},{"taxonomy":"product_cat","embeddable":true,"href":"https:\/\/mueble4you.com\/fr\/wp-json\/wp\/v2\/product_cat?post=32638"},{"taxonomy":"product_tag","embeddable":true,"href":"https:\/\/mueble4you.com\/fr\/wp-json\/wp\/v2\/product_tag?post=32638"}],"curies":[{"name":"wp","href":"https:\/\/api.w.org\/{rel}","templated":true}]}}