{"id":3120,"date":"2013-08-11T19:22:53","date_gmt":"2013-08-11T19:22:53","guid":{"rendered":"http:\/\/mueble4you.com\/?page_id=3120"},"modified":"2026-01-11T11:41:45","modified_gmt":"2026-01-11T11:41:45","slug":"contact","status":"publish","type":"page","link":"https:\/\/mueble4you.com\/fr\/contact\/","title":{"rendered":"Contacto"},"content":{"rendered":"\n<div class=\"row\"  id=\"row-1407999853\">\n\n\n\t<div id=\"col-1067370889\" class=\"col medium-8 small-12 large-8\"  >\n\t\t\t\t<div class=\"col-inner\"  >\n\t\t\t\n\t\t\t\n\n<p><iframe loading=\"lazy\" style=\"border: 0;\" src=\"https:\/\/www.google.com\/maps\/embed?pb=!1m14!1m8!1m3!1d14084.324851602443!2d-16.6131969!3d28.0525448!3m2!1i1024!2i768!4f13.1!3m3!1m2!1s0x0%3A0x21dd7879ac401cc6!2sMueble4You%2C+Muebles+en+Tenerife%2C+Furniture+in+Tenerife!5e0!3m2!1ses!2ses!4v1562333819947!5m2!1ses!2ses\" width=\"100%\" height=\"350\" frameborder=\"0\" allowfullscreen=\"allowfullscreen\"><\/iframe><\/p>\n\n\t\t<\/div>\n\t\t\t\t\t<\/div>\n\n\t\n\n\t<div id=\"col-233267770\" class=\"col medium-4 small-12 large-4\"  >\n\t\t\t\t<div class=\"col-inner\"  >\n\t\t\t\n\t\t\t\n\n<h3>Avda. 7 Islas Canarias, 2<br \/>\nP.I. Llano del Camello<br \/>\nLas Chafiras<br \/>\n38639,\u00a0San Miguel de Abona<br \/>\nTenerife, \u00celes Canaries, Espagne<\/h3>\n<p>Phone. +34 922 736 783<br \/>\nPortable. +34 699 00 26 77<br \/>\nWhatsApp. +34 699 00 26 77<br \/>\nsales@mueble4you.com<br \/>\nHEURES:<br \/>\nDu Lundi au Vendredi 10 \u00e0 20 heures<br \/>\nSamedi 10 \u00e0 14 heures<\/p>\n\n\n\t\t<\/div>\n\t\t\t\t\t<\/div>\n\n\t\n\n<\/div>\n<div class=\"text-center\"><div class=\"is-divider divider clearfix\" ><\/div><\/div>\n\n<div class=\"row\"  id=\"row-1669552189\">\n\n\n<\/div>\n\n\t<div id=\"col-457655610\" class=\"col small-12 large-12\"  >\n\t\t\t\t<div class=\"col-inner\"  >\n\t\t\t\n\t\t\t\n\n\n\t\t<\/div>\n\t\t\t\t\t<\/div>\n\n\t\n<p><strong>Informaci\u00f3n b\u00e1sica de protecci\u00f3n de datos<\/strong><\/p>\n<p>Responsable: Antiquities Tenerife S.L.<\/p>\n<p>Finalidad: atender, gestionar y contestar sus consultas y solicitudes.<\/p>\n<p>Derechos: puede ejercitar su derecho de acceso, rectificaci\u00f3n, supresi\u00f3n y otros, tal como aparece en la informaci\u00f3n ampliada que puede conocer visitando nuestra <a href=\"https:\/\/mueble4you.com\/politica-de-privacidad\/\">pol\u00edtica de privacidad<\/a>.<\/p>\n\n","protected":false},"excerpt":{"rendered":"","protected":false},"author":2,"featured_media":0,"parent":0,"menu_order":0,"comment_status":"closed","ping_status":"closed","template":"","meta":{"footnotes":""},"class_list":["post-3120","page","type-page","status-publish","hentry"],"yoast_head":"<!-- This site is optimized with the Yoast SEO plugin v27.3 - https:\/\/yoast.com\/product\/yoast-seo-wordpress\/ -->\n<title>Contacto | mueble4you<\/title>\n<meta name=\"robots\" content=\"index, follow, max-snippet:-1, max-image-preview:large, max-video-preview:-1\" \/>\n<link rel=\"canonical\" href=\"https:\/\/mueble4you.com\/fr\/contact\/\" \/>\n<meta property=\"og:locale\" content=\"fr_FR\" \/>\n<meta property=\"og:type\" content=\"article\" \/>\n<meta property=\"og:title\" content=\"Contacto | mueble4you\" \/>\n<meta property=\"og:url\" content=\"https:\/\/mueble4you.com\/fr\/contact\/\" \/>\n<meta property=\"og:site_name\" content=\"mueble4you\" \/>\n<meta property=\"article:modified_time\" content=\"2026-01-11T11:41:45+00:00\" \/>\n<meta name=\"twitter:card\" content=\"summary_large_image\" \/>\n<meta name=\"twitter:label1\" content=\"Dur\u00e9e de lecture estim\u00e9e\" \/>\n\t<meta name=\"twitter:data1\" content=\"1 minute\" \/>\n<script type=\"application\/ld+json\" class=\"yoast-schema-graph\">{\"@context\":\"https:\\\/\\\/schema.org\",\"@graph\":[{\"@type\":\"WebPage\",\"@id\":\"https:\\\/\\\/mueble4you.com\\\/fr\\\/contact\\\/\",\"url\":\"https:\\\/\\\/mueble4you.com\\\/fr\\\/contact\\\/\",\"name\":\"Contacto | mueble4you\",\"isPartOf\":{\"@id\":\"https:\\\/\\\/mueble4you.com\\\/#website\"},\"datePublished\":\"2013-08-11T19:22:53+00:00\",\"dateModified\":\"2026-01-11T11:41:45+00:00\",\"breadcrumb\":{\"@id\":\"https:\\\/\\\/mueble4you.com\\\/fr\\\/contact\\\/#breadcrumb\"},\"inLanguage\":\"fr-FR\",\"potentialAction\":[{\"@type\":\"ReadAction\",\"target\":[\"https:\\\/\\\/mueble4you.com\\\/fr\\\/contact\\\/\"]}]},{\"@type\":\"BreadcrumbList\",\"@id\":\"https:\\\/\\\/mueble4you.com\\\/fr\\\/contact\\\/#breadcrumb\",\"itemListElement\":[{\"@type\":\"ListItem\",\"position\":1,\"name\":\"Portada\",\"item\":\"https:\\\/\\\/mueble4you.com\\\/fr\\\/\"},{\"@type\":\"ListItem\",\"position\":2,\"name\":\"Contacto\"}]},{\"@type\":\"WebSite\",\"@id\":\"https:\\\/\\\/mueble4you.com\\\/#website\",\"url\":\"https:\\\/\\\/mueble4you.com\\\/\",\"name\":\"mueble4you\",\"description\":\"Meubles \u00e0 Tenerife\",\"potentialAction\":[{\"@type\":\"SearchAction\",\"target\":{\"@type\":\"EntryPoint\",\"urlTemplate\":\"https:\\\/\\\/mueble4you.com\\\/?s={search_term_string}\"},\"query-input\":{\"@type\":\"PropertyValueSpecification\",\"valueRequired\":true,\"valueName\":\"search_term_string\"}}],\"inLanguage\":\"fr-FR\"}]}<\/script>\n<!-- \/ Yoast SEO plugin. -->","yoast_head_json":{"title":"Contacto | mueble4you","robots":{"index":"index","follow":"follow","max-snippet":"max-snippet:-1","max-image-preview":"max-image-preview:large","max-video-preview":"max-video-preview:-1"},"canonical":"https:\/\/mueble4you.com\/fr\/contact\/","og_locale":"fr_FR","og_type":"article","og_title":"Contacto | mueble4you","og_url":"https:\/\/mueble4you.com\/fr\/contact\/","og_site_name":"mueble4you","article_modified_time":"2026-01-11T11:41:45+00:00","twitter_card":"summary_large_image","twitter_misc":{"Dur\u00e9e de lecture estim\u00e9e":"1 minute"},"schema":{"@context":"https:\/\/schema.org","@graph":[{"@type":"WebPage","@id":"https:\/\/mueble4you.com\/fr\/contact\/","url":"https:\/\/mueble4you.com\/fr\/contact\/","name":"Contacto | mueble4you","isPartOf":{"@id":"https:\/\/mueble4you.com\/#website"},"datePublished":"2013-08-11T19:22:53+00:00","dateModified":"2026-01-11T11:41:45+00:00","breadcrumb":{"@id":"https:\/\/mueble4you.com\/fr\/contact\/#breadcrumb"},"inLanguage":"fr-FR","potentialAction":[{"@type":"ReadAction","target":["https:\/\/mueble4you.com\/fr\/contact\/"]}]},{"@type":"BreadcrumbList","@id":"https:\/\/mueble4you.com\/fr\/contact\/#breadcrumb","itemListElement":[{"@type":"ListItem","position":1,"name":"Portada","item":"https:\/\/mueble4you.com\/fr\/"},{"@type":"ListItem","position":2,"name":"Contacto"}]},{"@type":"WebSite","@id":"https:\/\/mueble4you.com\/#website","url":"https:\/\/mueble4you.com\/","name":"mueble4you","description":"Meubles \u00e0 Tenerife","potentialAction":[{"@type":"SearchAction","target":{"@type":"EntryPoint","urlTemplate":"https:\/\/mueble4you.com\/?s={search_term_string}"},"query-input":{"@type":"PropertyValueSpecification","valueRequired":true,"valueName":"search_term_string"}}],"inLanguage":"fr-FR"}]}},"_links":{"self":[{"href":"https:\/\/mueble4you.com\/fr\/wp-json\/wp\/v2\/pages\/3120","targetHints":{"allow":["GET"]}}],"collection":[{"href":"https:\/\/mueble4you.com\/fr\/wp-json\/wp\/v2\/pages"}],"about":[{"href":"https:\/\/mueble4you.com\/fr\/wp-json\/wp\/v2\/types\/page"}],"author":[{"embeddable":true,"href":"https:\/\/mueble4you.com\/fr\/wp-json\/wp\/v2\/users\/2"}],"replies":[{"embeddable":true,"href":"https:\/\/mueble4you.com\/fr\/wp-json\/wp\/v2\/comments?post=3120"}],"version-history":[{"count":20,"href":"https:\/\/mueble4you.com\/fr\/wp-json\/wp\/v2\/pages\/3120\/revisions"}],"predecessor-version":[{"id":87101,"href":"https:\/\/mueble4you.com\/fr\/wp-json\/wp\/v2\/pages\/3120\/revisions\/87101"}],"wp:attachment":[{"href":"https:\/\/mueble4you.com\/fr\/wp-json\/wp\/v2\/media?parent=3120"}],"curies":[{"name":"wp","href":"https:\/\/api.w.org\/{rel}","templated":true}]}}