{"id":3107,"date":"2013-08-11T19:06:15","date_gmt":"2013-08-11T19:06:15","guid":{"rendered":"http:\/\/mueble4you.com\/?page_id=3107"},"modified":"2022-09-09T15:06:36","modified_gmt":"2022-09-09T15:06:36","slug":"nous","status":"publish","type":"page","link":"https:\/\/mueble4you.com\/fr\/nous\/","title":{"rendered":"Nous"},"content":{"rendered":"<h2 style=\"text-align: center;\">Notre entreprise, d\u00e9di\u00e9e \u00e0 la vente de meubles, a \u00e9t\u00e9 fond\u00e9e en 2004 \u00e0 Tenerife<\/h2>\n<p>En 2010, nous avons agrandi nos installations \u00e0 2800m2.<br \/>\nNous voulons offrir de vraies solutions \u00e0 nos clients : un meilleur service avec un conseil optimal.<br \/>\nNous avons un stock important, nous garantissons donc une livraison imm\u00e9diate.<br \/>\nNous achetons directement \u00e0 l&rsquo;usine, de cette fa\u00e7on nos clients obtiennent la qualit\u00e9 au meilleur prix.<br \/>\nNous avons une grande vari\u00e9t\u00e9 de meubles et de d\u00e9coration disponibles, de tous les styles et tendances.<br \/>\nConseils personnalis\u00e9s par l&rsquo;architecte d&rsquo;int\u00e9rieur. Projets pour tous les types de maisons, appartements pilotes, h\u00f4tels, etc.<\/p>\n<h2 style=\"text-align: center;\">\u00ab\u00a0Notre travail est de faire de votre maison un chez-soi\u00a0\u00bb<\/h2>\n","protected":false},"excerpt":{"rendered":"\n  <div class=\"banner has-hover\" id=\"banner-1643871751\">\n          <div class=\"banner-inner fill\">\n        <div class=\"banner-bg fill\" >\n            <img width=\"1020\" height=\"680\" src=\"https:\/\/mueble4you.com\/wp-content\/uploads\/2020\/12\/Mueble4you-1024x683.jpg\" class=\"bg attachment-large size-large\" alt=\"\" decoding=\"async\" loading=\"lazy\" \/>                                    \n                    <\/div>\n\t\t\n        <div class=\"banner-layers container\">\n            <div class=\"fill banner-link\"><\/div>               <div id=\"text-box-1570698669\" class=\"text-box banner-layer x50 md-x50 lg-x50 y50 md-y50 lg-y50 res-text\">\n                     <div data-animate=\"flipInX\">           <div class=\"text-box-content text dark\">\n              \n              <div class=\"text-inner text-center\">\n                  \n<h1>NOUS<\/h1>\n<p>___<br \/>\n<div class=\"social-icons share-icons share-row relative\" ><a href=\"whatsapp:\/\/send?text=Nous - https:\/\/mueble4you.com\/fr\/nous\/\" data-action=\"share\/whatsapp\/share\" class=\"icon button circle is-outline tooltip whatsapp show-for-medium\" title=\"Partager sur WhatsApp\" aria-label=\"Partager sur WhatsApp\"><i class=\"icon-whatsapp\" aria-hidden=\"true\"><\/i><\/a><a href=\"https:\/\/www.facebook.com\/sharer.php?u=https:\/\/mueble4you.com\/fr\/nous\/\" data-label=\"Facebook\" onclick=\"window.open(this.href,this.title,'width=500,height=500,top=300px,left=300px'); return false;\" target=\"_blank\" class=\"icon button circle is-outline tooltip facebook\" title=\"Partager sur Facebook\" aria-label=\"Partager sur Facebook\" rel=\"noopener nofollow\"><i class=\"icon-facebook\" aria-hidden=\"true\"><\/i><\/a><a href=\"https:\/\/twitter.com\/share?url=https:\/\/mueble4you.com\/fr\/nous\/\" onclick=\"window.open(this.href,this.title,'width=500,height=500,top=300px,left=300px'); return false;\" target=\"_blank\" class=\"icon button circle is-outline tooltip twitter\" title=\"Partager sur Twitter\" aria-label=\"Partager sur Twitter\" rel=\"noopener nofollow\"><i class=\"icon-twitter\" aria-hidden=\"true\"><\/i><\/a><a href=\"https:\/\/www.linkedin.com\/shareArticle?mini=true&url=https:\/\/mueble4you.com\/fr\/nous\/&title=Nous\" onclick=\"window.open(this.href,this.title,'width=500,height=500,top=300px,left=300px'); return false;\" target=\"_blank\" class=\"icon button circle is-outline tooltip linkedin\" title=\"Partager sur LinkedIn\" aria-label=\"Partager sur LinkedIn\" rel=\"noopener nofollow\"><i class=\"icon-linkedin\" aria-hidden=\"true\"><\/i><\/a><\/div>\n              <\/div>\n           <\/div>\n       <\/div>                     \n<style>\n#text-box-1570698669 {\n  width: 60%;\n}\n#text-box-1570698669 .text-box-content {\n  font-size: 100%;\n}\n@media (min-width:550px) {\n  #text-box-1570698669 {\n    width: 60%;\n  }\n}\n<\/style>\n    <\/div>\n         <\/div>\n      <\/div>\n\n            \n<style>\n#banner-1643871751 {\n  padding-top: 600px;\n}\n<\/style>\n  <\/div>\n\n\n","protected":false},"author":2,"featured_media":0,"parent":0,"menu_order":0,"comment_status":"closed","ping_status":"closed","template":"","meta":{"footnotes":""},"class_list":["post-3107","page","type-page","status-publish","hentry"],"yoast_head":"<!-- This site is optimized with the Yoast SEO plugin v27.2 - https:\/\/yoast.com\/product\/yoast-seo-wordpress\/ -->\n<title>Nous | mueble4you<\/title>\n<meta name=\"robots\" content=\"index, follow, max-snippet:-1, max-image-preview:large, max-video-preview:-1\" \/>\n<link rel=\"canonical\" href=\"https:\/\/mueble4you.com\/fr\/nous\/\" \/>\n<meta property=\"og:locale\" content=\"fr_FR\" \/>\n<meta property=\"og:type\" content=\"article\" \/>\n<meta property=\"og:title\" content=\"Nous | mueble4you\" \/>\n<meta property=\"og:url\" content=\"https:\/\/mueble4you.com\/fr\/nous\/\" \/>\n<meta property=\"og:site_name\" content=\"mueble4you\" \/>\n<meta property=\"article:modified_time\" content=\"2022-09-09T15:06:36+00:00\" \/>\n<meta name=\"twitter:card\" content=\"summary_large_image\" \/>\n<meta name=\"twitter:description\" content=\"[ux_banner bg=&quot;https:\/\/mueble4you.com\/wp-content\/uploads\/2020\/12\/Mueble4you.jpg&quot; height=&quot;600px&quot; animation=&quot;flipInX&quot;]  NOUS ___ [share]  [\/ux_banner]\" \/>\n<meta name=\"twitter:label1\" content=\"Dur\u00e9e de lecture estim\u00e9e\" \/>\n\t<meta name=\"twitter:data1\" content=\"1 minute\" \/>\n<script type=\"application\/ld+json\" class=\"yoast-schema-graph\">{\"@context\":\"https:\/\/schema.org\",\"@graph\":[{\"@type\":\"WebPage\",\"@id\":\"https:\/\/mueble4you.com\/fr\/nous\/\",\"url\":\"https:\/\/mueble4you.com\/fr\/nous\/\",\"name\":\"Nous | mueble4you\",\"isPartOf\":{\"@id\":\"https:\/\/mueble4you.com\/#website\"},\"datePublished\":\"2013-08-11T19:06:15+00:00\",\"dateModified\":\"2022-09-09T15:06:36+00:00\",\"breadcrumb\":{\"@id\":\"https:\/\/mueble4you.com\/fr\/nous\/#breadcrumb\"},\"inLanguage\":\"fr-FR\",\"potentialAction\":[{\"@type\":\"ReadAction\",\"target\":[\"https:\/\/mueble4you.com\/fr\/nous\/\"]}]},{\"@type\":\"BreadcrumbList\",\"@id\":\"https:\/\/mueble4you.com\/fr\/nous\/#breadcrumb\",\"itemListElement\":[{\"@type\":\"ListItem\",\"position\":1,\"name\":\"Portada\",\"item\":\"https:\/\/mueble4you.com\/fr\/\"},{\"@type\":\"ListItem\",\"position\":2,\"name\":\"Nous\"}]},{\"@type\":\"WebSite\",\"@id\":\"https:\/\/mueble4you.com\/#website\",\"url\":\"https:\/\/mueble4you.com\/\",\"name\":\"mueble4you\",\"description\":\"Meubles \u00e0 Tenerife\",\"potentialAction\":[{\"@type\":\"SearchAction\",\"target\":{\"@type\":\"EntryPoint\",\"urlTemplate\":\"https:\/\/mueble4you.com\/?s={search_term_string}\"},\"query-input\":{\"@type\":\"PropertyValueSpecification\",\"valueRequired\":true,\"valueName\":\"search_term_string\"}}],\"inLanguage\":\"fr-FR\"}]}<\/script>\n<!-- \/ Yoast SEO plugin. -->","yoast_head_json":{"title":"Nous | mueble4you","robots":{"index":"index","follow":"follow","max-snippet":"max-snippet:-1","max-image-preview":"max-image-preview:large","max-video-preview":"max-video-preview:-1"},"canonical":"https:\/\/mueble4you.com\/fr\/nous\/","og_locale":"fr_FR","og_type":"article","og_title":"Nous | mueble4you","og_url":"https:\/\/mueble4you.com\/fr\/nous\/","og_site_name":"mueble4you","article_modified_time":"2022-09-09T15:06:36+00:00","twitter_card":"summary_large_image","twitter_description":"[ux_banner bg=\"https:\/\/mueble4you.com\/wp-content\/uploads\/2020\/12\/Mueble4you.jpg\" height=\"600px\" animation=\"flipInX\"]  NOUS ___ [share]  [\/ux_banner]","twitter_misc":{"Dur\u00e9e de lecture estim\u00e9e":"1 minute"},"schema":{"@context":"https:\/\/schema.org","@graph":[{"@type":"WebPage","@id":"https:\/\/mueble4you.com\/fr\/nous\/","url":"https:\/\/mueble4you.com\/fr\/nous\/","name":"Nous | mueble4you","isPartOf":{"@id":"https:\/\/mueble4you.com\/#website"},"datePublished":"2013-08-11T19:06:15+00:00","dateModified":"2022-09-09T15:06:36+00:00","breadcrumb":{"@id":"https:\/\/mueble4you.com\/fr\/nous\/#breadcrumb"},"inLanguage":"fr-FR","potentialAction":[{"@type":"ReadAction","target":["https:\/\/mueble4you.com\/fr\/nous\/"]}]},{"@type":"BreadcrumbList","@id":"https:\/\/mueble4you.com\/fr\/nous\/#breadcrumb","itemListElement":[{"@type":"ListItem","position":1,"name":"Portada","item":"https:\/\/mueble4you.com\/fr\/"},{"@type":"ListItem","position":2,"name":"Nous"}]},{"@type":"WebSite","@id":"https:\/\/mueble4you.com\/#website","url":"https:\/\/mueble4you.com\/","name":"mueble4you","description":"Meubles \u00e0 Tenerife","potentialAction":[{"@type":"SearchAction","target":{"@type":"EntryPoint","urlTemplate":"https:\/\/mueble4you.com\/?s={search_term_string}"},"query-input":{"@type":"PropertyValueSpecification","valueRequired":true,"valueName":"search_term_string"}}],"inLanguage":"fr-FR"}]}},"_links":{"self":[{"href":"https:\/\/mueble4you.com\/fr\/wp-json\/wp\/v2\/pages\/3107","targetHints":{"allow":["GET"]}}],"collection":[{"href":"https:\/\/mueble4you.com\/fr\/wp-json\/wp\/v2\/pages"}],"about":[{"href":"https:\/\/mueble4you.com\/fr\/wp-json\/wp\/v2\/types\/page"}],"author":[{"embeddable":true,"href":"https:\/\/mueble4you.com\/fr\/wp-json\/wp\/v2\/users\/2"}],"replies":[{"embeddable":true,"href":"https:\/\/mueble4you.com\/fr\/wp-json\/wp\/v2\/comments?post=3107"}],"version-history":[{"count":14,"href":"https:\/\/mueble4you.com\/fr\/wp-json\/wp\/v2\/pages\/3107\/revisions"}],"predecessor-version":[{"id":54354,"href":"https:\/\/mueble4you.com\/fr\/wp-json\/wp\/v2\/pages\/3107\/revisions\/54354"}],"wp:attachment":[{"href":"https:\/\/mueble4you.com\/fr\/wp-json\/wp\/v2\/media?parent=3107"}],"curies":[{"name":"wp","href":"https:\/\/api.w.org\/{rel}","templated":true}]}}