{"id":90326,"date":"2026-04-28T12:00:16","date_gmt":"2026-04-28T12:00:16","guid":{"rendered":"https:\/\/mueble4you.com\/productos\/set-bar-bayo-blanco-alu\/"},"modified":"2026-04-28T12:00:16","modified_gmt":"2026-04-28T12:00:16","slug":"set-bar-bayo-blanco-alu","status":"publish","type":"product","link":"https:\/\/mueble4you.com\/en\/productos\/set-bar-bayo-blanco-alu\/","title":{"rendered":"SET BAR BAYO BLANCO ALU"},"content":{"rendered":"<ul>\n<li id=\"descripcion\" class=\"text-muted font-weight-light\">Set compuesto por mesa + 2 taburetes.<\/li>\n<li class=\"text-muted font-weight-light\">Mesa Bar Bayo dise\u00f1ada en aluminio blanco.<\/li>\n<li class=\"text-muted font-weight-light\">Tablero de cristal impreso imitaci\u00f3n madera.<\/li>\n<li>Taburete Bayo dise\u00f1ado en aluminio blanco.<\/li>\n<li>Cojiner\u00eda de Olefina color blanco.<\/li>\n<li>Reposabrazos de HPL imitaci\u00f3n madera.<\/li>\n<\/ul>\n<p id=\"descripcion\" class=\"text-muted font-weight-light\">* Mesa:68,5&#215;68,5&#215;109 cm<\/p>\n<p id=\"descripcion\" class=\"text-muted font-weight-light\">* Taburete:58&#215;59,5&#215;108,5 cm<\/p>\n","protected":false},"excerpt":{"rendered":"<p>Set compuesto por mesa + 2 taburetes. Mesa Bar Bayo dise\u00f1ada en aluminio blanco. Tablero de cristal impreso imitaci\u00f3n madera. Taburete Bayo dise\u00f1ado en aluminio blanco. Cojiner\u00eda de Olefina color blanco. Reposabrazos de HPL imitaci\u00f3n madera. * Mesa:68,5&#215;68,5&#215;109 cm * Taburete:58&#215;59,5&#215;108,5 cm<\/p>\n","protected":false},"featured_media":90327,"template":"","meta":[],"product_brand":[],"product_cat":[303,307],"product_tag":[],"class_list":{"0":"post-90326","1":"product","2":"type-product","3":"status-publish","4":"has-post-thumbnail","6":"product_cat-outdoor","7":"product_cat-set-of-tables-and-chairs","9":"first","10":"instock","11":"shipping-taxable","12":"product-type-simple"},"yoast_head":"<!-- This site is optimized with the Yoast SEO plugin v27.3 - https:\/\/yoast.com\/product\/yoast-seo-wordpress\/ -->\n<title>SET BAR BAYO BLANCO ALU | mueble4you<\/title>\n<meta name=\"robots\" content=\"index, follow, max-snippet:-1, max-image-preview:large, max-video-preview:-1\" \/>\n<link rel=\"canonical\" href=\"https:\/\/mueble4you.com\/en\/productos\/set-bar-bayo-blanco-alu\/\" \/>\n<meta property=\"og:locale\" content=\"en_US\" \/>\n<meta property=\"og:type\" content=\"article\" \/>\n<meta property=\"og:title\" content=\"SET BAR BAYO BLANCO ALU | mueble4you\" \/>\n<meta property=\"og:description\" content=\"Set compuesto por mesa + 2 taburetes. Mesa Bar Bayo dise\u00f1ada en aluminio blanco. Tablero de cristal impreso imitaci\u00f3n madera. Taburete Bayo dise\u00f1ado en aluminio blanco. Cojiner\u00eda de Olefina color blanco. Reposabrazos de HPL imitaci\u00f3n madera. * Mesa:68,5&#215;68,5&#215;109 cm * Taburete:58&#215;59,5&#215;108,5 cm\" \/>\n<meta property=\"og:url\" content=\"https:\/\/mueble4you.com\/en\/productos\/set-bar-bayo-blanco-alu\/\" \/>\n<meta property=\"og:site_name\" content=\"mueble4you\" \/>\n<meta name=\"twitter:card\" content=\"summary_large_image\" \/>\n<script type=\"application\/ld+json\" class=\"yoast-schema-graph\">{\"@context\":\"https:\\\/\\\/schema.org\",\"@graph\":[{\"@type\":\"WebPage\",\"@id\":\"https:\\\/\\\/mueble4you.com\\\/en\\\/productos\\\/set-bar-bayo-blanco-alu\\\/\",\"url\":\"https:\\\/\\\/mueble4you.com\\\/en\\\/productos\\\/set-bar-bayo-blanco-alu\\\/\",\"name\":\"SET BAR BAYO BLANCO ALU | mueble4you\",\"isPartOf\":{\"@id\":\"https:\\\/\\\/mueble4you.com\\\/#website\"},\"primaryImageOfPage\":{\"@id\":\"https:\\\/\\\/mueble4you.com\\\/en\\\/productos\\\/set-bar-bayo-blanco-alu\\\/#primaryimage\"},\"image\":{\"@id\":\"https:\\\/\\\/mueble4you.com\\\/en\\\/productos\\\/set-bar-bayo-blanco-alu\\\/#primaryimage\"},\"thumbnailUrl\":\"https:\\\/\\\/mueble4you.com\\\/wp-content\\\/uploads\\\/2026\\\/04\\\/1768564746-512095.jpg\",\"datePublished\":\"2026-04-28T12:00:16+00:00\",\"breadcrumb\":{\"@id\":\"https:\\\/\\\/mueble4you.com\\\/en\\\/productos\\\/set-bar-bayo-blanco-alu\\\/#breadcrumb\"},\"inLanguage\":\"en-US\",\"potentialAction\":[{\"@type\":\"ReadAction\",\"target\":[\"https:\\\/\\\/mueble4you.com\\\/en\\\/productos\\\/set-bar-bayo-blanco-alu\\\/\"]}]},{\"@type\":\"ImageObject\",\"inLanguage\":\"en-US\",\"@id\":\"https:\\\/\\\/mueble4you.com\\\/en\\\/productos\\\/set-bar-bayo-blanco-alu\\\/#primaryimage\",\"url\":\"https:\\\/\\\/mueble4you.com\\\/wp-content\\\/uploads\\\/2026\\\/04\\\/1768564746-512095.jpg\",\"contentUrl\":\"https:\\\/\\\/mueble4you.com\\\/wp-content\\\/uploads\\\/2026\\\/04\\\/1768564746-512095.jpg\",\"width\":1000,\"height\":1275},{\"@type\":\"BreadcrumbList\",\"@id\":\"https:\\\/\\\/mueble4you.com\\\/en\\\/productos\\\/set-bar-bayo-blanco-alu\\\/#breadcrumb\",\"itemListElement\":[{\"@type\":\"ListItem\",\"position\":1,\"name\":\"Portada\",\"item\":\"https:\\\/\\\/mueble4you.com\\\/en\\\/\"},{\"@type\":\"ListItem\",\"position\":2,\"name\":\"Productos\",\"item\":\"https:\\\/\\\/mueble4you.com\\\/productos\\\/\"},{\"@type\":\"ListItem\",\"position\":3,\"name\":\"SET BAR BAYO BLANCO ALU\"}]},{\"@type\":\"WebSite\",\"@id\":\"https:\\\/\\\/mueble4you.com\\\/#website\",\"url\":\"https:\\\/\\\/mueble4you.com\\\/\",\"name\":\"mueble4you\",\"description\":\"Muebles en Tenerife - Furniture in Tenerife\",\"potentialAction\":[{\"@type\":\"SearchAction\",\"target\":{\"@type\":\"EntryPoint\",\"urlTemplate\":\"https:\\\/\\\/mueble4you.com\\\/?s={search_term_string}\"},\"query-input\":{\"@type\":\"PropertyValueSpecification\",\"valueRequired\":true,\"valueName\":\"search_term_string\"}}],\"inLanguage\":\"en-US\"}]}<\/script>\n<!-- \/ Yoast SEO plugin. -->","yoast_head_json":{"title":"SET BAR BAYO BLANCO ALU | mueble4you","robots":{"index":"index","follow":"follow","max-snippet":"max-snippet:-1","max-image-preview":"max-image-preview:large","max-video-preview":"max-video-preview:-1"},"canonical":"https:\/\/mueble4you.com\/en\/productos\/set-bar-bayo-blanco-alu\/","og_locale":"en_US","og_type":"article","og_title":"SET BAR BAYO BLANCO ALU | mueble4you","og_description":"Set compuesto por mesa + 2 taburetes. Mesa Bar Bayo dise\u00f1ada en aluminio blanco. Tablero de cristal impreso imitaci\u00f3n madera. Taburete Bayo dise\u00f1ado en aluminio blanco. Cojiner\u00eda de Olefina color blanco. Reposabrazos de HPL imitaci\u00f3n madera. * Mesa:68,5&#215;68,5&#215;109 cm * Taburete:58&#215;59,5&#215;108,5 cm","og_url":"https:\/\/mueble4you.com\/en\/productos\/set-bar-bayo-blanco-alu\/","og_site_name":"mueble4you","twitter_card":"summary_large_image","schema":{"@context":"https:\/\/schema.org","@graph":[{"@type":"WebPage","@id":"https:\/\/mueble4you.com\/en\/productos\/set-bar-bayo-blanco-alu\/","url":"https:\/\/mueble4you.com\/en\/productos\/set-bar-bayo-blanco-alu\/","name":"SET BAR BAYO BLANCO ALU | mueble4you","isPartOf":{"@id":"https:\/\/mueble4you.com\/#website"},"primaryImageOfPage":{"@id":"https:\/\/mueble4you.com\/en\/productos\/set-bar-bayo-blanco-alu\/#primaryimage"},"image":{"@id":"https:\/\/mueble4you.com\/en\/productos\/set-bar-bayo-blanco-alu\/#primaryimage"},"thumbnailUrl":"https:\/\/mueble4you.com\/wp-content\/uploads\/2026\/04\/1768564746-512095.jpg","datePublished":"2026-04-28T12:00:16+00:00","breadcrumb":{"@id":"https:\/\/mueble4you.com\/en\/productos\/set-bar-bayo-blanco-alu\/#breadcrumb"},"inLanguage":"en-US","potentialAction":[{"@type":"ReadAction","target":["https:\/\/mueble4you.com\/en\/productos\/set-bar-bayo-blanco-alu\/"]}]},{"@type":"ImageObject","inLanguage":"en-US","@id":"https:\/\/mueble4you.com\/en\/productos\/set-bar-bayo-blanco-alu\/#primaryimage","url":"https:\/\/mueble4you.com\/wp-content\/uploads\/2026\/04\/1768564746-512095.jpg","contentUrl":"https:\/\/mueble4you.com\/wp-content\/uploads\/2026\/04\/1768564746-512095.jpg","width":1000,"height":1275},{"@type":"BreadcrumbList","@id":"https:\/\/mueble4you.com\/en\/productos\/set-bar-bayo-blanco-alu\/#breadcrumb","itemListElement":[{"@type":"ListItem","position":1,"name":"Portada","item":"https:\/\/mueble4you.com\/en\/"},{"@type":"ListItem","position":2,"name":"Productos","item":"https:\/\/mueble4you.com\/productos\/"},{"@type":"ListItem","position":3,"name":"SET BAR BAYO BLANCO ALU"}]},{"@type":"WebSite","@id":"https:\/\/mueble4you.com\/#website","url":"https:\/\/mueble4you.com\/","name":"mueble4you","description":"Muebles en Tenerife - Furniture in Tenerife","potentialAction":[{"@type":"SearchAction","target":{"@type":"EntryPoint","urlTemplate":"https:\/\/mueble4you.com\/?s={search_term_string}"},"query-input":{"@type":"PropertyValueSpecification","valueRequired":true,"valueName":"search_term_string"}}],"inLanguage":"en-US"}]}},"_links":{"self":[{"href":"https:\/\/mueble4you.com\/en\/wp-json\/wp\/v2\/product\/90326","targetHints":{"allow":["GET"]}}],"collection":[{"href":"https:\/\/mueble4you.com\/en\/wp-json\/wp\/v2\/product"}],"about":[{"href":"https:\/\/mueble4you.com\/en\/wp-json\/wp\/v2\/types\/product"}],"wp:featuredmedia":[{"embeddable":true,"href":"https:\/\/mueble4you.com\/en\/wp-json\/wp\/v2\/media\/90327"}],"wp:attachment":[{"href":"https:\/\/mueble4you.com\/en\/wp-json\/wp\/v2\/media?parent=90326"}],"wp:term":[{"taxonomy":"product_brand","embeddable":true,"href":"https:\/\/mueble4you.com\/en\/wp-json\/wp\/v2\/product_brand?post=90326"},{"taxonomy":"product_cat","embeddable":true,"href":"https:\/\/mueble4you.com\/en\/wp-json\/wp\/v2\/product_cat?post=90326"},{"taxonomy":"product_tag","embeddable":true,"href":"https:\/\/mueble4you.com\/en\/wp-json\/wp\/v2\/product_tag?post=90326"}],"curies":[{"name":"wp","href":"https:\/\/api.w.org\/{rel}","templated":true}]}}