{"id":87738,"date":"2026-01-15T15:57:24","date_gmt":"2026-01-15T15:57:24","guid":{"rendered":"https:\/\/mueble4you.com\/productos\/set3-macetero-quang-alto-azul\/"},"modified":"2026-01-15T15:57:24","modified_gmt":"2026-01-15T15:57:24","slug":"set3-macetero-quang-alto-azul","status":"publish","type":"product","link":"https:\/\/mueble4you.com\/en\/productos\/set3-macetero-quang-alto-azul\/","title":{"rendered":"SET3 MACETERO QUANG ALTO AZUL"},"content":{"rendered":"<ul>\n<li>TERRACOTA ESMALTADA. CON AGUJERO EN EL FONDO.<\/li>\n<li>PARA EXTERIOR.<\/li>\n<li>PRODUCTO HECHO A MANO.<\/li>\n<li>CUALQUIER VARIACI\u00d3N DE COLOR, TONO O IMPERFECCIONES DEBE CONSIDERARSE UN CAR\u00c1CTER DISTINTIVO.<\/li>\n<li class=\"attribute-label\">Dimensiones:<\/li>\n<\/ul>\n<div class=\"attribute-value\">\u00d830x27h; \u00d838x37h; \u00d847x47h.<\/div>\n","protected":false},"excerpt":{"rendered":"<p>TERRACOTA ESMALTADA. CON AGUJERO EN EL FONDO. PARA EXTERIOR. PRODUCTO HECHO A MANO. CUALQUIER VARIACI\u00d3N DE COLOR, TONO O IMPERFECCIONES DEBE CONSIDERARSE UN CAR\u00c1CTER DISTINTIVO. Dimensiones: \u00d830x27h; \u00d838x37h; \u00d847x47h.<\/p>\n","protected":false},"featured_media":87739,"template":"","meta":[],"product_brand":[],"product_cat":[420,141,303,343],"product_tag":[],"class_list":{"0":"post-87738","1":"product","2":"type-product","3":"status-publish","4":"has-post-thumbnail","6":"product_cat-accessories","7":"product_cat-decoration","8":"product_cat-outdoor","9":"product_cat-vases","11":"first","12":"instock","13":"shipping-taxable","14":"product-type-simple"},"yoast_head":"<!-- This site is optimized with the Yoast SEO plugin v27.2 - https:\/\/yoast.com\/product\/yoast-seo-wordpress\/ -->\n<title>SET3 MACETERO QUANG ALTO AZUL | mueble4you<\/title>\n<meta name=\"robots\" content=\"index, follow, max-snippet:-1, max-image-preview:large, max-video-preview:-1\" \/>\n<link rel=\"canonical\" href=\"https:\/\/mueble4you.com\/en\/productos\/set3-macetero-quang-alto-azul\/\" \/>\n<meta property=\"og:locale\" content=\"en_US\" \/>\n<meta property=\"og:type\" content=\"article\" \/>\n<meta property=\"og:title\" content=\"SET3 MACETERO QUANG ALTO AZUL | mueble4you\" \/>\n<meta property=\"og:description\" content=\"TERRACOTA ESMALTADA. CON AGUJERO EN EL FONDO. PARA EXTERIOR. PRODUCTO HECHO A MANO. CUALQUIER VARIACI\u00d3N DE COLOR, TONO O IMPERFECCIONES DEBE CONSIDERARSE UN CAR\u00c1CTER DISTINTIVO. Dimensiones: \u00d830x27h; \u00d838x37h; \u00d847x47h.\" \/>\n<meta property=\"og:url\" content=\"https:\/\/mueble4you.com\/en\/productos\/set3-macetero-quang-alto-azul\/\" \/>\n<meta property=\"og:site_name\" content=\"mueble4you\" \/>\n<meta name=\"twitter:card\" content=\"summary_large_image\" \/>\n<script type=\"application\/ld+json\" class=\"yoast-schema-graph\">{\"@context\":\"https:\/\/schema.org\",\"@graph\":[{\"@type\":\"WebPage\",\"@id\":\"https:\/\/mueble4you.com\/en\/productos\/set3-macetero-quang-alto-azul\/\",\"url\":\"https:\/\/mueble4you.com\/en\/productos\/set3-macetero-quang-alto-azul\/\",\"name\":\"SET3 MACETERO QUANG ALTO AZUL | mueble4you\",\"isPartOf\":{\"@id\":\"https:\/\/mueble4you.com\/#website\"},\"primaryImageOfPage\":{\"@id\":\"https:\/\/mueble4you.com\/en\/productos\/set3-macetero-quang-alto-azul\/#primaryimage\"},\"image\":{\"@id\":\"https:\/\/mueble4you.com\/en\/productos\/set3-macetero-quang-alto-azul\/#primaryimage\"},\"thumbnailUrl\":\"https:\/\/mueble4you.com\/wp-content\/uploads\/2026\/01\/0792297-td1_-set3_p_vaso_quang_alto_blu_1737000349.jpg\",\"datePublished\":\"2026-01-15T15:57:24+00:00\",\"breadcrumb\":{\"@id\":\"https:\/\/mueble4you.com\/en\/productos\/set3-macetero-quang-alto-azul\/#breadcrumb\"},\"inLanguage\":\"en-US\",\"potentialAction\":[{\"@type\":\"ReadAction\",\"target\":[\"https:\/\/mueble4you.com\/en\/productos\/set3-macetero-quang-alto-azul\/\"]}]},{\"@type\":\"ImageObject\",\"inLanguage\":\"en-US\",\"@id\":\"https:\/\/mueble4you.com\/en\/productos\/set3-macetero-quang-alto-azul\/#primaryimage\",\"url\":\"https:\/\/mueble4you.com\/wp-content\/uploads\/2026\/01\/0792297-td1_-set3_p_vaso_quang_alto_blu_1737000349.jpg\",\"contentUrl\":\"https:\/\/mueble4you.com\/wp-content\/uploads\/2026\/01\/0792297-td1_-set3_p_vaso_quang_alto_blu_1737000349.jpg\",\"width\":844,\"height\":800},{\"@type\":\"BreadcrumbList\",\"@id\":\"https:\/\/mueble4you.com\/en\/productos\/set3-macetero-quang-alto-azul\/#breadcrumb\",\"itemListElement\":[{\"@type\":\"ListItem\",\"position\":1,\"name\":\"Portada\",\"item\":\"https:\/\/mueble4you.com\/en\/\"},{\"@type\":\"ListItem\",\"position\":2,\"name\":\"Productos\",\"item\":\"https:\/\/mueble4you.com\/productos\/\"},{\"@type\":\"ListItem\",\"position\":3,\"name\":\"SET3 MACETERO QUANG ALTO AZUL\"}]},{\"@type\":\"WebSite\",\"@id\":\"https:\/\/mueble4you.com\/#website\",\"url\":\"https:\/\/mueble4you.com\/\",\"name\":\"mueble4you\",\"description\":\"Muebles en Tenerife - Furniture in Tenerife\",\"potentialAction\":[{\"@type\":\"SearchAction\",\"target\":{\"@type\":\"EntryPoint\",\"urlTemplate\":\"https:\/\/mueble4you.com\/?s={search_term_string}\"},\"query-input\":{\"@type\":\"PropertyValueSpecification\",\"valueRequired\":true,\"valueName\":\"search_term_string\"}}],\"inLanguage\":\"en-US\"}]}<\/script>\n<!-- \/ Yoast SEO plugin. -->","yoast_head_json":{"title":"SET3 MACETERO QUANG ALTO AZUL | mueble4you","robots":{"index":"index","follow":"follow","max-snippet":"max-snippet:-1","max-image-preview":"max-image-preview:large","max-video-preview":"max-video-preview:-1"},"canonical":"https:\/\/mueble4you.com\/en\/productos\/set3-macetero-quang-alto-azul\/","og_locale":"en_US","og_type":"article","og_title":"SET3 MACETERO QUANG ALTO AZUL | mueble4you","og_description":"TERRACOTA ESMALTADA. CON AGUJERO EN EL FONDO. PARA EXTERIOR. PRODUCTO HECHO A MANO. CUALQUIER VARIACI\u00d3N DE COLOR, TONO O IMPERFECCIONES DEBE CONSIDERARSE UN CAR\u00c1CTER DISTINTIVO. Dimensiones: \u00d830x27h; \u00d838x37h; \u00d847x47h.","og_url":"https:\/\/mueble4you.com\/en\/productos\/set3-macetero-quang-alto-azul\/","og_site_name":"mueble4you","twitter_card":"summary_large_image","schema":{"@context":"https:\/\/schema.org","@graph":[{"@type":"WebPage","@id":"https:\/\/mueble4you.com\/en\/productos\/set3-macetero-quang-alto-azul\/","url":"https:\/\/mueble4you.com\/en\/productos\/set3-macetero-quang-alto-azul\/","name":"SET3 MACETERO QUANG ALTO AZUL | mueble4you","isPartOf":{"@id":"https:\/\/mueble4you.com\/#website"},"primaryImageOfPage":{"@id":"https:\/\/mueble4you.com\/en\/productos\/set3-macetero-quang-alto-azul\/#primaryimage"},"image":{"@id":"https:\/\/mueble4you.com\/en\/productos\/set3-macetero-quang-alto-azul\/#primaryimage"},"thumbnailUrl":"https:\/\/mueble4you.com\/wp-content\/uploads\/2026\/01\/0792297-td1_-set3_p_vaso_quang_alto_blu_1737000349.jpg","datePublished":"2026-01-15T15:57:24+00:00","breadcrumb":{"@id":"https:\/\/mueble4you.com\/en\/productos\/set3-macetero-quang-alto-azul\/#breadcrumb"},"inLanguage":"en-US","potentialAction":[{"@type":"ReadAction","target":["https:\/\/mueble4you.com\/en\/productos\/set3-macetero-quang-alto-azul\/"]}]},{"@type":"ImageObject","inLanguage":"en-US","@id":"https:\/\/mueble4you.com\/en\/productos\/set3-macetero-quang-alto-azul\/#primaryimage","url":"https:\/\/mueble4you.com\/wp-content\/uploads\/2026\/01\/0792297-td1_-set3_p_vaso_quang_alto_blu_1737000349.jpg","contentUrl":"https:\/\/mueble4you.com\/wp-content\/uploads\/2026\/01\/0792297-td1_-set3_p_vaso_quang_alto_blu_1737000349.jpg","width":844,"height":800},{"@type":"BreadcrumbList","@id":"https:\/\/mueble4you.com\/en\/productos\/set3-macetero-quang-alto-azul\/#breadcrumb","itemListElement":[{"@type":"ListItem","position":1,"name":"Portada","item":"https:\/\/mueble4you.com\/en\/"},{"@type":"ListItem","position":2,"name":"Productos","item":"https:\/\/mueble4you.com\/productos\/"},{"@type":"ListItem","position":3,"name":"SET3 MACETERO QUANG ALTO AZUL"}]},{"@type":"WebSite","@id":"https:\/\/mueble4you.com\/#website","url":"https:\/\/mueble4you.com\/","name":"mueble4you","description":"Muebles en Tenerife - Furniture in Tenerife","potentialAction":[{"@type":"SearchAction","target":{"@type":"EntryPoint","urlTemplate":"https:\/\/mueble4you.com\/?s={search_term_string}"},"query-input":{"@type":"PropertyValueSpecification","valueRequired":true,"valueName":"search_term_string"}}],"inLanguage":"en-US"}]}},"_links":{"self":[{"href":"https:\/\/mueble4you.com\/en\/wp-json\/wp\/v2\/product\/87738","targetHints":{"allow":["GET"]}}],"collection":[{"href":"https:\/\/mueble4you.com\/en\/wp-json\/wp\/v2\/product"}],"about":[{"href":"https:\/\/mueble4you.com\/en\/wp-json\/wp\/v2\/types\/product"}],"wp:featuredmedia":[{"embeddable":true,"href":"https:\/\/mueble4you.com\/en\/wp-json\/wp\/v2\/media\/87739"}],"wp:attachment":[{"href":"https:\/\/mueble4you.com\/en\/wp-json\/wp\/v2\/media?parent=87738"}],"wp:term":[{"taxonomy":"product_brand","embeddable":true,"href":"https:\/\/mueble4you.com\/en\/wp-json\/wp\/v2\/product_brand?post=87738"},{"taxonomy":"product_cat","embeddable":true,"href":"https:\/\/mueble4you.com\/en\/wp-json\/wp\/v2\/product_cat?post=87738"},{"taxonomy":"product_tag","embeddable":true,"href":"https:\/\/mueble4you.com\/en\/wp-json\/wp\/v2\/product_tag?post=87738"}],"curies":[{"name":"wp","href":"https:\/\/api.w.org\/{rel}","templated":true}]}}