{"id":87505,"date":"2026-01-14T12:05:04","date_gmt":"2026-01-14T12:05:04","guid":{"rendered":"https:\/\/mueble4you.com\/productos\/sillon-colgante-pleg-c-coj-algar\/"},"modified":"2026-01-14T12:05:04","modified_gmt":"2026-01-14T12:05:04","slug":"sillon-colgante-pleg-c-coj-algar","status":"publish","type":"product","link":"https:\/\/mueble4you.com\/en\/productos\/sillon-colgante-pleg-c-coj-algar\/","title":{"rendered":"SILL\u00d3N COLGANTE PLEG. C-COJ ALGAR"},"content":{"rendered":"<ul>\n<li>PALOS DE ACERO (TRATADO PARA EXTERIOR MEDIANTE FOSFATACI\u00d3N) BARNIZADO A POLVO (POLI\u00c9STER).<\/li>\n<li>ESTRUCTURA CON REVESTIMENTO EN TEJIDO DE MALLA (100% POLI\u00c9STER).<\/li>\n<li>COJINES DESENFUNDABLES EN TEJIDO SPUN POLI\u00c9STER.<\/li>\n<li>\n<div id=\"detailProductForm:artMisuePnl\" class=\"ui-outputpanel ui-widget artMisuePnl\"><span class=\"detailprodCaratPnlTitle\">Medidas:<\/span><span class=\"detailProductDescr\">125X 103X194h &#8211; 57\/67h1<\/span><\/div>\n<div id=\"detailProductForm:artFeaturesPnl\" class=\"ui-outputpanel ui-widget artFeaturesPnl\"><\/div>\n<\/li>\n<\/ul>\n","protected":false},"excerpt":{"rendered":"<p>PALOS DE ACERO (TRATADO PARA EXTERIOR MEDIANTE FOSFATACI\u00d3N) BARNIZADO A POLVO (POLI\u00c9STER). ESTRUCTURA CON REVESTIMENTO EN TEJIDO DE MALLA (100% POLI\u00c9STER). COJINES DESENFUNDABLES EN TEJIDO SPUN POLI\u00c9STER. Medidas:125X 103X194h &#8211; 57\/67h1<\/p>\n","protected":false},"featured_media":87506,"template":"","meta":[],"product_brand":[],"product_cat":[420,303],"product_tag":[],"class_list":{"0":"post-87505","1":"product","2":"type-product","3":"status-publish","4":"has-post-thumbnail","6":"product_cat-accessories","7":"product_cat-outdoor","9":"first","10":"instock","11":"shipping-taxable","12":"product-type-simple"},"yoast_head":"<!-- This site is optimized with the Yoast SEO plugin v27.2 - https:\/\/yoast.com\/product\/yoast-seo-wordpress\/ -->\n<title>SILL\u00d3N COLGANTE PLEG. C-COJ ALGAR | mueble4you<\/title>\n<meta name=\"robots\" content=\"index, follow, max-snippet:-1, max-image-preview:large, max-video-preview:-1\" \/>\n<link rel=\"canonical\" href=\"https:\/\/mueble4you.com\/en\/productos\/sillon-colgante-pleg-c-coj-algar\/\" \/>\n<meta property=\"og:locale\" content=\"en_US\" \/>\n<meta property=\"og:type\" content=\"article\" \/>\n<meta property=\"og:title\" content=\"SILL\u00d3N COLGANTE PLEG. C-COJ ALGAR | mueble4you\" \/>\n<meta property=\"og:description\" content=\"PALOS DE ACERO (TRATADO PARA EXTERIOR MEDIANTE FOSFATACI\u00d3N) BARNIZADO A POLVO (POLI\u00c9STER). ESTRUCTURA CON REVESTIMENTO EN TEJIDO DE MALLA (100% POLI\u00c9STER). COJINES DESENFUNDABLES EN TEJIDO SPUN POLI\u00c9STER. Medidas:125X 103X194h &#8211; 57\/67h1\" \/>\n<meta property=\"og:url\" content=\"https:\/\/mueble4you.com\/en\/productos\/sillon-colgante-pleg-c-coj-algar\/\" \/>\n<meta property=\"og:site_name\" content=\"mueble4you\" \/>\n<meta name=\"twitter:card\" content=\"summary_large_image\" \/>\n<script type=\"application\/ld+json\" class=\"yoast-schema-graph\">{\"@context\":\"https:\/\/schema.org\",\"@graph\":[{\"@type\":\"WebPage\",\"@id\":\"https:\/\/mueble4you.com\/en\/productos\/sillon-colgante-pleg-c-coj-algar\/\",\"url\":\"https:\/\/mueble4you.com\/en\/productos\/sillon-colgante-pleg-c-coj-algar\/\",\"name\":\"SILL\u00d3N COLGANTE PLEG. C-COJ ALGAR | mueble4you\",\"isPartOf\":{\"@id\":\"https:\/\/mueble4you.com\/#website\"},\"primaryImageOfPage\":{\"@id\":\"https:\/\/mueble4you.com\/en\/productos\/sillon-colgante-pleg-c-coj-algar\/#primaryimage\"},\"image\":{\"@id\":\"https:\/\/mueble4you.com\/en\/productos\/sillon-colgante-pleg-c-coj-algar\/#primaryimage\"},\"thumbnailUrl\":\"https:\/\/mueble4you.com\/wp-content\/uploads\/2026\/01\/Sin-titulo23.jpg\",\"datePublished\":\"2026-01-14T12:05:04+00:00\",\"breadcrumb\":{\"@id\":\"https:\/\/mueble4you.com\/en\/productos\/sillon-colgante-pleg-c-coj-algar\/#breadcrumb\"},\"inLanguage\":\"en-US\",\"potentialAction\":[{\"@type\":\"ReadAction\",\"target\":[\"https:\/\/mueble4you.com\/en\/productos\/sillon-colgante-pleg-c-coj-algar\/\"]}]},{\"@type\":\"ImageObject\",\"inLanguage\":\"en-US\",\"@id\":\"https:\/\/mueble4you.com\/en\/productos\/sillon-colgante-pleg-c-coj-algar\/#primaryimage\",\"url\":\"https:\/\/mueble4you.com\/wp-content\/uploads\/2026\/01\/Sin-titulo23.jpg\",\"contentUrl\":\"https:\/\/mueble4you.com\/wp-content\/uploads\/2026\/01\/Sin-titulo23.jpg\",\"width\":1267,\"height\":838},{\"@type\":\"BreadcrumbList\",\"@id\":\"https:\/\/mueble4you.com\/en\/productos\/sillon-colgante-pleg-c-coj-algar\/#breadcrumb\",\"itemListElement\":[{\"@type\":\"ListItem\",\"position\":1,\"name\":\"Portada\",\"item\":\"https:\/\/mueble4you.com\/en\/\"},{\"@type\":\"ListItem\",\"position\":2,\"name\":\"Productos\",\"item\":\"https:\/\/mueble4you.com\/productos\/\"},{\"@type\":\"ListItem\",\"position\":3,\"name\":\"SILL\u00d3N COLGANTE PLEG. C-COJ ALGAR\"}]},{\"@type\":\"WebSite\",\"@id\":\"https:\/\/mueble4you.com\/#website\",\"url\":\"https:\/\/mueble4you.com\/\",\"name\":\"mueble4you\",\"description\":\"Muebles en Tenerife - Furniture in Tenerife\",\"potentialAction\":[{\"@type\":\"SearchAction\",\"target\":{\"@type\":\"EntryPoint\",\"urlTemplate\":\"https:\/\/mueble4you.com\/?s={search_term_string}\"},\"query-input\":{\"@type\":\"PropertyValueSpecification\",\"valueRequired\":true,\"valueName\":\"search_term_string\"}}],\"inLanguage\":\"en-US\"}]}<\/script>\n<!-- \/ Yoast SEO plugin. -->","yoast_head_json":{"title":"SILL\u00d3N COLGANTE PLEG. C-COJ ALGAR | mueble4you","robots":{"index":"index","follow":"follow","max-snippet":"max-snippet:-1","max-image-preview":"max-image-preview:large","max-video-preview":"max-video-preview:-1"},"canonical":"https:\/\/mueble4you.com\/en\/productos\/sillon-colgante-pleg-c-coj-algar\/","og_locale":"en_US","og_type":"article","og_title":"SILL\u00d3N COLGANTE PLEG. C-COJ ALGAR | mueble4you","og_description":"PALOS DE ACERO (TRATADO PARA EXTERIOR MEDIANTE FOSFATACI\u00d3N) BARNIZADO A POLVO (POLI\u00c9STER). ESTRUCTURA CON REVESTIMENTO EN TEJIDO DE MALLA (100% POLI\u00c9STER). COJINES DESENFUNDABLES EN TEJIDO SPUN POLI\u00c9STER. Medidas:125X 103X194h &#8211; 57\/67h1","og_url":"https:\/\/mueble4you.com\/en\/productos\/sillon-colgante-pleg-c-coj-algar\/","og_site_name":"mueble4you","twitter_card":"summary_large_image","schema":{"@context":"https:\/\/schema.org","@graph":[{"@type":"WebPage","@id":"https:\/\/mueble4you.com\/en\/productos\/sillon-colgante-pleg-c-coj-algar\/","url":"https:\/\/mueble4you.com\/en\/productos\/sillon-colgante-pleg-c-coj-algar\/","name":"SILL\u00d3N COLGANTE PLEG. C-COJ ALGAR | mueble4you","isPartOf":{"@id":"https:\/\/mueble4you.com\/#website"},"primaryImageOfPage":{"@id":"https:\/\/mueble4you.com\/en\/productos\/sillon-colgante-pleg-c-coj-algar\/#primaryimage"},"image":{"@id":"https:\/\/mueble4you.com\/en\/productos\/sillon-colgante-pleg-c-coj-algar\/#primaryimage"},"thumbnailUrl":"https:\/\/mueble4you.com\/wp-content\/uploads\/2026\/01\/Sin-titulo23.jpg","datePublished":"2026-01-14T12:05:04+00:00","breadcrumb":{"@id":"https:\/\/mueble4you.com\/en\/productos\/sillon-colgante-pleg-c-coj-algar\/#breadcrumb"},"inLanguage":"en-US","potentialAction":[{"@type":"ReadAction","target":["https:\/\/mueble4you.com\/en\/productos\/sillon-colgante-pleg-c-coj-algar\/"]}]},{"@type":"ImageObject","inLanguage":"en-US","@id":"https:\/\/mueble4you.com\/en\/productos\/sillon-colgante-pleg-c-coj-algar\/#primaryimage","url":"https:\/\/mueble4you.com\/wp-content\/uploads\/2026\/01\/Sin-titulo23.jpg","contentUrl":"https:\/\/mueble4you.com\/wp-content\/uploads\/2026\/01\/Sin-titulo23.jpg","width":1267,"height":838},{"@type":"BreadcrumbList","@id":"https:\/\/mueble4you.com\/en\/productos\/sillon-colgante-pleg-c-coj-algar\/#breadcrumb","itemListElement":[{"@type":"ListItem","position":1,"name":"Portada","item":"https:\/\/mueble4you.com\/en\/"},{"@type":"ListItem","position":2,"name":"Productos","item":"https:\/\/mueble4you.com\/productos\/"},{"@type":"ListItem","position":3,"name":"SILL\u00d3N COLGANTE PLEG. C-COJ ALGAR"}]},{"@type":"WebSite","@id":"https:\/\/mueble4you.com\/#website","url":"https:\/\/mueble4you.com\/","name":"mueble4you","description":"Muebles en Tenerife - Furniture in Tenerife","potentialAction":[{"@type":"SearchAction","target":{"@type":"EntryPoint","urlTemplate":"https:\/\/mueble4you.com\/?s={search_term_string}"},"query-input":{"@type":"PropertyValueSpecification","valueRequired":true,"valueName":"search_term_string"}}],"inLanguage":"en-US"}]}},"_links":{"self":[{"href":"https:\/\/mueble4you.com\/en\/wp-json\/wp\/v2\/product\/87505","targetHints":{"allow":["GET"]}}],"collection":[{"href":"https:\/\/mueble4you.com\/en\/wp-json\/wp\/v2\/product"}],"about":[{"href":"https:\/\/mueble4you.com\/en\/wp-json\/wp\/v2\/types\/product"}],"wp:featuredmedia":[{"embeddable":true,"href":"https:\/\/mueble4you.com\/en\/wp-json\/wp\/v2\/media\/87506"}],"wp:attachment":[{"href":"https:\/\/mueble4you.com\/en\/wp-json\/wp\/v2\/media?parent=87505"}],"wp:term":[{"taxonomy":"product_brand","embeddable":true,"href":"https:\/\/mueble4you.com\/en\/wp-json\/wp\/v2\/product_brand?post=87505"},{"taxonomy":"product_cat","embeddable":true,"href":"https:\/\/mueble4you.com\/en\/wp-json\/wp\/v2\/product_cat?post=87505"},{"taxonomy":"product_tag","embeddable":true,"href":"https:\/\/mueble4you.com\/en\/wp-json\/wp\/v2\/product_tag?post=87505"}],"curies":[{"name":"wp","href":"https:\/\/api.w.org\/{rel}","templated":true}]}}