{"id":87222,"date":"2026-01-12T15:19:43","date_gmt":"2026-01-12T15:19:43","guid":{"rendered":"https:\/\/mueble4you.com\/productos\/c-pot-esna-39x38-rgc\/"},"modified":"2026-01-12T15:19:43","modified_gmt":"2026-01-12T15:19:43","slug":"c-pot-esna-39x38-rgc","status":"publish","type":"product","link":"https:\/\/mueble4you.com\/en\/productos\/c-pot-esna-39x38-rgc\/","title":{"rendered":"C-pot esna 39&#215;38 rgc"},"content":{"rendered":"<ul>\n<li>Esta maceta de terracota de generosas dimensiones (39x38x39 cm) es ideal para enriquecer una gama de macetas y accesorios decorativos para interiores y exteriores.<\/li>\n<li>Su acabado suave y su intenso color rojo aportan un toque contempor\u00e1neo y din\u00e1mico.<\/li>\n<li>Un producto robusto y ligero (2,7 kg), f\u00e1cil de integrar en diversas ofertas, adecuado para una clientela que busca calidad y est\u00e9tica moderna.<\/li>\n<\/ul>\n","protected":false},"excerpt":{"rendered":"<p>Esta maceta de terracota de generosas dimensiones (39x38x39 cm) es ideal para enriquecer una gama de macetas y accesorios decorativos para interiores y exteriores. Su acabado suave y su intenso color rojo aportan un toque contempor\u00e1neo y din\u00e1mico. Un producto robusto y ligero (2,7 kg), f\u00e1cil de integrar en diversas ofertas, adecuado para una clientela [&#8230;]\n","protected":false},"featured_media":87223,"template":"","meta":[],"product_brand":[],"product_cat":[420,141,303,343],"product_tag":[],"class_list":{"0":"post-87222","1":"product","2":"type-product","3":"status-publish","4":"has-post-thumbnail","6":"product_cat-accessories","7":"product_cat-decoration","8":"product_cat-outdoor","9":"product_cat-vases","11":"first","12":"instock","13":"shipping-taxable","14":"product-type-simple"},"yoast_head":"<!-- This site is optimized with the Yoast SEO plugin v27.2 - https:\/\/yoast.com\/product\/yoast-seo-wordpress\/ -->\n<title>C-pot esna 39x38 rgc | mueble4you<\/title>\n<meta name=\"robots\" content=\"index, follow, max-snippet:-1, max-image-preview:large, max-video-preview:-1\" \/>\n<link rel=\"canonical\" href=\"https:\/\/mueble4you.com\/en\/productos\/c-pot-esna-39x38-rgc\/\" \/>\n<meta property=\"og:locale\" content=\"en_US\" \/>\n<meta property=\"og:type\" content=\"article\" \/>\n<meta property=\"og:title\" content=\"C-pot esna 39x38 rgc | mueble4you\" \/>\n<meta property=\"og:description\" content=\"Esta maceta de terracota de generosas dimensiones (39x38x39 cm) es ideal para enriquecer una gama de macetas y accesorios decorativos para interiores y exteriores. Su acabado suave y su intenso color rojo aportan un toque contempor\u00e1neo y din\u00e1mico. Un producto robusto y ligero (2,7 kg), f\u00e1cil de integrar en diversas ofertas, adecuado para una clientela [...]\" \/>\n<meta property=\"og:url\" content=\"https:\/\/mueble4you.com\/en\/productos\/c-pot-esna-39x38-rgc\/\" \/>\n<meta property=\"og:site_name\" content=\"mueble4you\" \/>\n<meta name=\"twitter:card\" content=\"summary_large_image\" \/>\n<script type=\"application\/ld+json\" class=\"yoast-schema-graph\">{\"@context\":\"https:\/\/schema.org\",\"@graph\":[{\"@type\":\"WebPage\",\"@id\":\"https:\/\/mueble4you.com\/en\/productos\/c-pot-esna-39x38-rgc\/\",\"url\":\"https:\/\/mueble4you.com\/en\/productos\/c-pot-esna-39x38-rgc\/\",\"name\":\"C-pot esna 39x38 rgc | mueble4you\",\"isPartOf\":{\"@id\":\"https:\/\/mueble4you.com\/#website\"},\"primaryImageOfPage\":{\"@id\":\"https:\/\/mueble4you.com\/en\/productos\/c-pot-esna-39x38-rgc\/#primaryimage\"},\"image\":{\"@id\":\"https:\/\/mueble4you.com\/en\/productos\/c-pot-esna-39x38-rgc\/#primaryimage\"},\"thumbnailUrl\":\"https:\/\/mueble4you.com\/wp-content\/uploads\/2026\/01\/168711.jpg\",\"datePublished\":\"2026-01-12T15:19:43+00:00\",\"breadcrumb\":{\"@id\":\"https:\/\/mueble4you.com\/en\/productos\/c-pot-esna-39x38-rgc\/#breadcrumb\"},\"inLanguage\":\"en-US\",\"potentialAction\":[{\"@type\":\"ReadAction\",\"target\":[\"https:\/\/mueble4you.com\/en\/productos\/c-pot-esna-39x38-rgc\/\"]}]},{\"@type\":\"ImageObject\",\"inLanguage\":\"en-US\",\"@id\":\"https:\/\/mueble4you.com\/en\/productos\/c-pot-esna-39x38-rgc\/#primaryimage\",\"url\":\"https:\/\/mueble4you.com\/wp-content\/uploads\/2026\/01\/168711.jpg\",\"contentUrl\":\"https:\/\/mueble4you.com\/wp-content\/uploads\/2026\/01\/168711.jpg\",\"width\":2000,\"height\":2000},{\"@type\":\"BreadcrumbList\",\"@id\":\"https:\/\/mueble4you.com\/en\/productos\/c-pot-esna-39x38-rgc\/#breadcrumb\",\"itemListElement\":[{\"@type\":\"ListItem\",\"position\":1,\"name\":\"Portada\",\"item\":\"https:\/\/mueble4you.com\/en\/\"},{\"@type\":\"ListItem\",\"position\":2,\"name\":\"Productos\",\"item\":\"https:\/\/mueble4you.com\/productos\/\"},{\"@type\":\"ListItem\",\"position\":3,\"name\":\"C-pot esna 39&#215;38 rgc\"}]},{\"@type\":\"WebSite\",\"@id\":\"https:\/\/mueble4you.com\/#website\",\"url\":\"https:\/\/mueble4you.com\/\",\"name\":\"mueble4you\",\"description\":\"Muebles en Tenerife - Furniture in Tenerife\",\"potentialAction\":[{\"@type\":\"SearchAction\",\"target\":{\"@type\":\"EntryPoint\",\"urlTemplate\":\"https:\/\/mueble4you.com\/?s={search_term_string}\"},\"query-input\":{\"@type\":\"PropertyValueSpecification\",\"valueRequired\":true,\"valueName\":\"search_term_string\"}}],\"inLanguage\":\"en-US\"}]}<\/script>\n<!-- \/ Yoast SEO plugin. -->","yoast_head_json":{"title":"C-pot esna 39x38 rgc | mueble4you","robots":{"index":"index","follow":"follow","max-snippet":"max-snippet:-1","max-image-preview":"max-image-preview:large","max-video-preview":"max-video-preview:-1"},"canonical":"https:\/\/mueble4you.com\/en\/productos\/c-pot-esna-39x38-rgc\/","og_locale":"en_US","og_type":"article","og_title":"C-pot esna 39x38 rgc | mueble4you","og_description":"Esta maceta de terracota de generosas dimensiones (39x38x39 cm) es ideal para enriquecer una gama de macetas y accesorios decorativos para interiores y exteriores. Su acabado suave y su intenso color rojo aportan un toque contempor\u00e1neo y din\u00e1mico. Un producto robusto y ligero (2,7 kg), f\u00e1cil de integrar en diversas ofertas, adecuado para una clientela [...]","og_url":"https:\/\/mueble4you.com\/en\/productos\/c-pot-esna-39x38-rgc\/","og_site_name":"mueble4you","twitter_card":"summary_large_image","schema":{"@context":"https:\/\/schema.org","@graph":[{"@type":"WebPage","@id":"https:\/\/mueble4you.com\/en\/productos\/c-pot-esna-39x38-rgc\/","url":"https:\/\/mueble4you.com\/en\/productos\/c-pot-esna-39x38-rgc\/","name":"C-pot esna 39x38 rgc | mueble4you","isPartOf":{"@id":"https:\/\/mueble4you.com\/#website"},"primaryImageOfPage":{"@id":"https:\/\/mueble4you.com\/en\/productos\/c-pot-esna-39x38-rgc\/#primaryimage"},"image":{"@id":"https:\/\/mueble4you.com\/en\/productos\/c-pot-esna-39x38-rgc\/#primaryimage"},"thumbnailUrl":"https:\/\/mueble4you.com\/wp-content\/uploads\/2026\/01\/168711.jpg","datePublished":"2026-01-12T15:19:43+00:00","breadcrumb":{"@id":"https:\/\/mueble4you.com\/en\/productos\/c-pot-esna-39x38-rgc\/#breadcrumb"},"inLanguage":"en-US","potentialAction":[{"@type":"ReadAction","target":["https:\/\/mueble4you.com\/en\/productos\/c-pot-esna-39x38-rgc\/"]}]},{"@type":"ImageObject","inLanguage":"en-US","@id":"https:\/\/mueble4you.com\/en\/productos\/c-pot-esna-39x38-rgc\/#primaryimage","url":"https:\/\/mueble4you.com\/wp-content\/uploads\/2026\/01\/168711.jpg","contentUrl":"https:\/\/mueble4you.com\/wp-content\/uploads\/2026\/01\/168711.jpg","width":2000,"height":2000},{"@type":"BreadcrumbList","@id":"https:\/\/mueble4you.com\/en\/productos\/c-pot-esna-39x38-rgc\/#breadcrumb","itemListElement":[{"@type":"ListItem","position":1,"name":"Portada","item":"https:\/\/mueble4you.com\/en\/"},{"@type":"ListItem","position":2,"name":"Productos","item":"https:\/\/mueble4you.com\/productos\/"},{"@type":"ListItem","position":3,"name":"C-pot esna 39&#215;38 rgc"}]},{"@type":"WebSite","@id":"https:\/\/mueble4you.com\/#website","url":"https:\/\/mueble4you.com\/","name":"mueble4you","description":"Muebles en Tenerife - Furniture in Tenerife","potentialAction":[{"@type":"SearchAction","target":{"@type":"EntryPoint","urlTemplate":"https:\/\/mueble4you.com\/?s={search_term_string}"},"query-input":{"@type":"PropertyValueSpecification","valueRequired":true,"valueName":"search_term_string"}}],"inLanguage":"en-US"}]}},"_links":{"self":[{"href":"https:\/\/mueble4you.com\/en\/wp-json\/wp\/v2\/product\/87222","targetHints":{"allow":["GET"]}}],"collection":[{"href":"https:\/\/mueble4you.com\/en\/wp-json\/wp\/v2\/product"}],"about":[{"href":"https:\/\/mueble4you.com\/en\/wp-json\/wp\/v2\/types\/product"}],"wp:featuredmedia":[{"embeddable":true,"href":"https:\/\/mueble4you.com\/en\/wp-json\/wp\/v2\/media\/87223"}],"wp:attachment":[{"href":"https:\/\/mueble4you.com\/en\/wp-json\/wp\/v2\/media?parent=87222"}],"wp:term":[{"taxonomy":"product_brand","embeddable":true,"href":"https:\/\/mueble4you.com\/en\/wp-json\/wp\/v2\/product_brand?post=87222"},{"taxonomy":"product_cat","embeddable":true,"href":"https:\/\/mueble4you.com\/en\/wp-json\/wp\/v2\/product_cat?post=87222"},{"taxonomy":"product_tag","embeddable":true,"href":"https:\/\/mueble4you.com\/en\/wp-json\/wp\/v2\/product_tag?post=87222"}],"curies":[{"name":"wp","href":"https:\/\/api.w.org\/{rel}","templated":true}]}}