{"id":87074,"date":"2026-01-09T13:40:53","date_gmt":"2026-01-09T13:40:53","guid":{"rendered":"https:\/\/mueble4you.com\/productos\/sillon-magnum-verdes\/"},"modified":"2026-01-09T13:40:53","modified_gmt":"2026-01-09T13:40:53","slug":"sillon-magnum-verdes","status":"publish","type":"product","link":"https:\/\/mueble4you.com\/en\/productos\/sillon-magnum-verdes\/","title":{"rendered":"Sill\u00f3n magnum verdes"},"content":{"rendered":"<ul>\n<li>La silla &#8220;Magnum&#8221; presenta un dise\u00f1o contempor\u00e1neo, tapizada en tejido de poli\u00e9ster verde oscuro con espuma de alta densidad para un confort \u00f3ptimo.<\/li>\n<li><span style=\"color: #555555;\">Su base de metal cromado asegura robustez y estabilidad. <\/span><\/li>\n<li><span style=\"color: #555555;\">Con dimensiones generosas (78x90x100 cm), es adecuada para diversos espacios de vida. <\/span><\/li>\n<li><span style=\"color: #555555;\">Un producto ideal para enriquecer una gama de asientos modernos, combinando confort, estilo y durabilidad.<\/span><\/li>\n<\/ul>\n","protected":false},"excerpt":{"rendered":"<p>La silla &#8220;Magnum&#8221; presenta un dise\u00f1o contempor\u00e1neo, tapizada en tejido de poli\u00e9ster verde oscuro con espuma de alta densidad para un confort \u00f3ptimo. Su base de metal cromado asegura robustez y estabilidad. Con dimensiones generosas (78x90x100 cm), es adecuada para diversos espacios de vida. Un producto ideal para enriquecer una gama de asientos modernos, combinando [&#8230;]\n","protected":false},"featured_media":87075,"template":"","meta":[],"product_brand":[],"product_cat":[131,363],"product_tag":[],"class_list":{"0":"post-87074","1":"product","2":"type-product","3":"status-publish","4":"has-post-thumbnail","6":"product_cat-living-room","7":"product_cat-stools","9":"first","10":"instock","11":"shipping-taxable","12":"product-type-simple"},"yoast_head":"<!-- This site is optimized with the Yoast SEO plugin v27.2 - https:\/\/yoast.com\/product\/yoast-seo-wordpress\/ -->\n<title>Sill\u00f3n magnum verdes | mueble4you<\/title>\n<meta name=\"robots\" content=\"index, follow, max-snippet:-1, max-image-preview:large, max-video-preview:-1\" \/>\n<link rel=\"canonical\" href=\"https:\/\/mueble4you.com\/en\/productos\/sillon-magnum-verdes\/\" \/>\n<meta property=\"og:locale\" content=\"en_US\" \/>\n<meta property=\"og:type\" content=\"article\" \/>\n<meta property=\"og:title\" content=\"Sill\u00f3n magnum verdes | mueble4you\" \/>\n<meta property=\"og:description\" content=\"La silla &#8220;Magnum&#8221; presenta un dise\u00f1o contempor\u00e1neo, tapizada en tejido de poli\u00e9ster verde oscuro con espuma de alta densidad para un confort \u00f3ptimo. Su base de metal cromado asegura robustez y estabilidad. Con dimensiones generosas (78x90x100 cm), es adecuada para diversos espacios de vida. Un producto ideal para enriquecer una gama de asientos modernos, combinando [...]\" \/>\n<meta property=\"og:url\" content=\"https:\/\/mueble4you.com\/en\/productos\/sillon-magnum-verdes\/\" \/>\n<meta property=\"og:site_name\" content=\"mueble4you\" \/>\n<meta name=\"twitter:card\" content=\"summary_large_image\" \/>\n<script type=\"application\/ld+json\" class=\"yoast-schema-graph\">{\"@context\":\"https:\/\/schema.org\",\"@graph\":[{\"@type\":\"WebPage\",\"@id\":\"https:\/\/mueble4you.com\/en\/productos\/sillon-magnum-verdes\/\",\"url\":\"https:\/\/mueble4you.com\/en\/productos\/sillon-magnum-verdes\/\",\"name\":\"Sill\u00f3n magnum verdes | mueble4you\",\"isPartOf\":{\"@id\":\"https:\/\/mueble4you.com\/#website\"},\"primaryImageOfPage\":{\"@id\":\"https:\/\/mueble4you.com\/en\/productos\/sillon-magnum-verdes\/#primaryimage\"},\"image\":{\"@id\":\"https:\/\/mueble4you.com\/en\/productos\/sillon-magnum-verdes\/#primaryimage\"},\"thumbnailUrl\":\"https:\/\/mueble4you.com\/wp-content\/uploads\/2026\/01\/167020_4.jpg\",\"datePublished\":\"2026-01-09T13:40:53+00:00\",\"breadcrumb\":{\"@id\":\"https:\/\/mueble4you.com\/en\/productos\/sillon-magnum-verdes\/#breadcrumb\"},\"inLanguage\":\"en-US\",\"potentialAction\":[{\"@type\":\"ReadAction\",\"target\":[\"https:\/\/mueble4you.com\/en\/productos\/sillon-magnum-verdes\/\"]}]},{\"@type\":\"ImageObject\",\"inLanguage\":\"en-US\",\"@id\":\"https:\/\/mueble4you.com\/en\/productos\/sillon-magnum-verdes\/#primaryimage\",\"url\":\"https:\/\/mueble4you.com\/wp-content\/uploads\/2026\/01\/167020_4.jpg\",\"contentUrl\":\"https:\/\/mueble4you.com\/wp-content\/uploads\/2026\/01\/167020_4.jpg\",\"width\":1333,\"height\":2000},{\"@type\":\"BreadcrumbList\",\"@id\":\"https:\/\/mueble4you.com\/en\/productos\/sillon-magnum-verdes\/#breadcrumb\",\"itemListElement\":[{\"@type\":\"ListItem\",\"position\":1,\"name\":\"Portada\",\"item\":\"https:\/\/mueble4you.com\/en\/\"},{\"@type\":\"ListItem\",\"position\":2,\"name\":\"Productos\",\"item\":\"https:\/\/mueble4you.com\/productos\/\"},{\"@type\":\"ListItem\",\"position\":3,\"name\":\"Sill\u00f3n magnum verdes\"}]},{\"@type\":\"WebSite\",\"@id\":\"https:\/\/mueble4you.com\/#website\",\"url\":\"https:\/\/mueble4you.com\/\",\"name\":\"mueble4you\",\"description\":\"Muebles en Tenerife - Furniture in Tenerife\",\"potentialAction\":[{\"@type\":\"SearchAction\",\"target\":{\"@type\":\"EntryPoint\",\"urlTemplate\":\"https:\/\/mueble4you.com\/?s={search_term_string}\"},\"query-input\":{\"@type\":\"PropertyValueSpecification\",\"valueRequired\":true,\"valueName\":\"search_term_string\"}}],\"inLanguage\":\"en-US\"}]}<\/script>\n<!-- \/ Yoast SEO plugin. -->","yoast_head_json":{"title":"Sill\u00f3n magnum verdes | mueble4you","robots":{"index":"index","follow":"follow","max-snippet":"max-snippet:-1","max-image-preview":"max-image-preview:large","max-video-preview":"max-video-preview:-1"},"canonical":"https:\/\/mueble4you.com\/en\/productos\/sillon-magnum-verdes\/","og_locale":"en_US","og_type":"article","og_title":"Sill\u00f3n magnum verdes | mueble4you","og_description":"La silla &#8220;Magnum&#8221; presenta un dise\u00f1o contempor\u00e1neo, tapizada en tejido de poli\u00e9ster verde oscuro con espuma de alta densidad para un confort \u00f3ptimo. Su base de metal cromado asegura robustez y estabilidad. Con dimensiones generosas (78x90x100 cm), es adecuada para diversos espacios de vida. Un producto ideal para enriquecer una gama de asientos modernos, combinando [...]","og_url":"https:\/\/mueble4you.com\/en\/productos\/sillon-magnum-verdes\/","og_site_name":"mueble4you","twitter_card":"summary_large_image","schema":{"@context":"https:\/\/schema.org","@graph":[{"@type":"WebPage","@id":"https:\/\/mueble4you.com\/en\/productos\/sillon-magnum-verdes\/","url":"https:\/\/mueble4you.com\/en\/productos\/sillon-magnum-verdes\/","name":"Sill\u00f3n magnum verdes | mueble4you","isPartOf":{"@id":"https:\/\/mueble4you.com\/#website"},"primaryImageOfPage":{"@id":"https:\/\/mueble4you.com\/en\/productos\/sillon-magnum-verdes\/#primaryimage"},"image":{"@id":"https:\/\/mueble4you.com\/en\/productos\/sillon-magnum-verdes\/#primaryimage"},"thumbnailUrl":"https:\/\/mueble4you.com\/wp-content\/uploads\/2026\/01\/167020_4.jpg","datePublished":"2026-01-09T13:40:53+00:00","breadcrumb":{"@id":"https:\/\/mueble4you.com\/en\/productos\/sillon-magnum-verdes\/#breadcrumb"},"inLanguage":"en-US","potentialAction":[{"@type":"ReadAction","target":["https:\/\/mueble4you.com\/en\/productos\/sillon-magnum-verdes\/"]}]},{"@type":"ImageObject","inLanguage":"en-US","@id":"https:\/\/mueble4you.com\/en\/productos\/sillon-magnum-verdes\/#primaryimage","url":"https:\/\/mueble4you.com\/wp-content\/uploads\/2026\/01\/167020_4.jpg","contentUrl":"https:\/\/mueble4you.com\/wp-content\/uploads\/2026\/01\/167020_4.jpg","width":1333,"height":2000},{"@type":"BreadcrumbList","@id":"https:\/\/mueble4you.com\/en\/productos\/sillon-magnum-verdes\/#breadcrumb","itemListElement":[{"@type":"ListItem","position":1,"name":"Portada","item":"https:\/\/mueble4you.com\/en\/"},{"@type":"ListItem","position":2,"name":"Productos","item":"https:\/\/mueble4you.com\/productos\/"},{"@type":"ListItem","position":3,"name":"Sill\u00f3n magnum verdes"}]},{"@type":"WebSite","@id":"https:\/\/mueble4you.com\/#website","url":"https:\/\/mueble4you.com\/","name":"mueble4you","description":"Muebles en Tenerife - Furniture in Tenerife","potentialAction":[{"@type":"SearchAction","target":{"@type":"EntryPoint","urlTemplate":"https:\/\/mueble4you.com\/?s={search_term_string}"},"query-input":{"@type":"PropertyValueSpecification","valueRequired":true,"valueName":"search_term_string"}}],"inLanguage":"en-US"}]}},"_links":{"self":[{"href":"https:\/\/mueble4you.com\/en\/wp-json\/wp\/v2\/product\/87074","targetHints":{"allow":["GET"]}}],"collection":[{"href":"https:\/\/mueble4you.com\/en\/wp-json\/wp\/v2\/product"}],"about":[{"href":"https:\/\/mueble4you.com\/en\/wp-json\/wp\/v2\/types\/product"}],"wp:featuredmedia":[{"embeddable":true,"href":"https:\/\/mueble4you.com\/en\/wp-json\/wp\/v2\/media\/87075"}],"wp:attachment":[{"href":"https:\/\/mueble4you.com\/en\/wp-json\/wp\/v2\/media?parent=87074"}],"wp:term":[{"taxonomy":"product_brand","embeddable":true,"href":"https:\/\/mueble4you.com\/en\/wp-json\/wp\/v2\/product_brand?post=87074"},{"taxonomy":"product_cat","embeddable":true,"href":"https:\/\/mueble4you.com\/en\/wp-json\/wp\/v2\/product_cat?post=87074"},{"taxonomy":"product_tag","embeddable":true,"href":"https:\/\/mueble4you.com\/en\/wp-json\/wp\/v2\/product_tag?post=87074"}],"curies":[{"name":"wp","href":"https:\/\/api.w.org\/{rel}","templated":true}]}}