{"id":86652,"date":"2025-12-29T10:45:06","date_gmt":"2025-12-29T10:45:06","guid":{"rendered":"https:\/\/mueble4you.com\/productos\/espejo-negro-madera-paulonia-decoracion-105-x-195-x-7-cm\/"},"modified":"2025-12-29T10:45:06","modified_gmt":"2025-12-29T10:45:06","slug":"espejo-negro-madera-paulonia-decoracion-105-x-195-x-7-cm","status":"publish","type":"product","link":"https:\/\/mueble4you.com\/en\/productos\/espejo-negro-madera-paulonia-decoracion-105-x-195-x-7-cm\/","title":{"rendered":"ESPEJO NEGRO MADERA PAULONIA DECORACI\u00d3N 105 X 195 X 7 CM"},"content":{"rendered":"<ul>\n<li>Medidas interiores:80x170CM.<\/li>\n<li>Colocaci\u00f3n vertical y horizontal.<\/li>\n<li>Anillas incorporadas al marco para su correcta sujecci\u00f3n.<\/li>\n<\/ul>\n","protected":false},"excerpt":{"rendered":"<p>Medidas interiores:80x170CM. Colocaci\u00f3n vertical y horizontal. Anillas incorporadas al marco para su correcta sujecci\u00f3n.<\/p>\n","protected":false},"featured_media":86653,"template":"","meta":[],"product_brand":[],"product_cat":[141,320],"product_tag":[],"class_list":{"0":"post-86652","1":"product","2":"type-product","3":"status-publish","4":"has-post-thumbnail","6":"product_cat-decoration","7":"product_cat-pictures","9":"first","10":"instock","11":"shipping-taxable","12":"product-type-simple"},"yoast_head":"<!-- This site is optimized with the Yoast SEO plugin v27.3 - https:\/\/yoast.com\/product\/yoast-seo-wordpress\/ -->\n<title>ESPEJO NEGRO MADERA PAULONIA DECORACI\u00d3N 105 X 195 X 7 CM | mueble4you<\/title>\n<meta name=\"robots\" content=\"index, follow, max-snippet:-1, max-image-preview:large, max-video-preview:-1\" \/>\n<link rel=\"canonical\" href=\"https:\/\/mueble4you.com\/en\/productos\/espejo-negro-madera-paulonia-decoracion-105-x-195-x-7-cm\/\" \/>\n<meta property=\"og:locale\" content=\"en_US\" \/>\n<meta property=\"og:type\" content=\"article\" \/>\n<meta property=\"og:title\" content=\"ESPEJO NEGRO MADERA PAULONIA DECORACI\u00d3N 105 X 195 X 7 CM | mueble4you\" \/>\n<meta property=\"og:description\" content=\"Medidas interiores:80x170CM. Colocaci\u00f3n vertical y horizontal. Anillas incorporadas al marco para su correcta sujecci\u00f3n.\" \/>\n<meta property=\"og:url\" content=\"https:\/\/mueble4you.com\/en\/productos\/espejo-negro-madera-paulonia-decoracion-105-x-195-x-7-cm\/\" \/>\n<meta property=\"og:site_name\" content=\"mueble4you\" \/>\n<meta name=\"twitter:card\" content=\"summary_large_image\" \/>\n<script type=\"application\/ld+json\" class=\"yoast-schema-graph\">{\"@context\":\"https:\\\/\\\/schema.org\",\"@graph\":[{\"@type\":\"WebPage\",\"@id\":\"https:\\\/\\\/mueble4you.com\\\/en\\\/productos\\\/espejo-negro-madera-paulonia-decoracion-105-x-195-x-7-cm\\\/\",\"url\":\"https:\\\/\\\/mueble4you.com\\\/en\\\/productos\\\/espejo-negro-madera-paulonia-decoracion-105-x-195-x-7-cm\\\/\",\"name\":\"ESPEJO NEGRO MADERA PAULONIA DECORACI\u00d3N 105 X 195 X 7 CM | mueble4you\",\"isPartOf\":{\"@id\":\"https:\\\/\\\/mueble4you.com\\\/#website\"},\"primaryImageOfPage\":{\"@id\":\"https:\\\/\\\/mueble4you.com\\\/en\\\/productos\\\/espejo-negro-madera-paulonia-decoracion-105-x-195-x-7-cm\\\/#primaryimage\"},\"image\":{\"@id\":\"https:\\\/\\\/mueble4you.com\\\/en\\\/productos\\\/espejo-negro-madera-paulonia-decoracion-105-x-195-x-7-cm\\\/#primaryimage\"},\"thumbnailUrl\":\"https:\\\/\\\/mueble4you.com\\\/wp-content\\\/uploads\\\/2025\\\/12\\\/613827.webp\",\"datePublished\":\"2025-12-29T10:45:06+00:00\",\"breadcrumb\":{\"@id\":\"https:\\\/\\\/mueble4you.com\\\/en\\\/productos\\\/espejo-negro-madera-paulonia-decoracion-105-x-195-x-7-cm\\\/#breadcrumb\"},\"inLanguage\":\"en-US\",\"potentialAction\":[{\"@type\":\"ReadAction\",\"target\":[\"https:\\\/\\\/mueble4you.com\\\/en\\\/productos\\\/espejo-negro-madera-paulonia-decoracion-105-x-195-x-7-cm\\\/\"]}]},{\"@type\":\"ImageObject\",\"inLanguage\":\"en-US\",\"@id\":\"https:\\\/\\\/mueble4you.com\\\/en\\\/productos\\\/espejo-negro-madera-paulonia-decoracion-105-x-195-x-7-cm\\\/#primaryimage\",\"url\":\"https:\\\/\\\/mueble4you.com\\\/wp-content\\\/uploads\\\/2025\\\/12\\\/613827.webp\",\"contentUrl\":\"https:\\\/\\\/mueble4you.com\\\/wp-content\\\/uploads\\\/2025\\\/12\\\/613827.webp\",\"width\":1000,\"height\":1000},{\"@type\":\"BreadcrumbList\",\"@id\":\"https:\\\/\\\/mueble4you.com\\\/en\\\/productos\\\/espejo-negro-madera-paulonia-decoracion-105-x-195-x-7-cm\\\/#breadcrumb\",\"itemListElement\":[{\"@type\":\"ListItem\",\"position\":1,\"name\":\"Portada\",\"item\":\"https:\\\/\\\/mueble4you.com\\\/en\\\/\"},{\"@type\":\"ListItem\",\"position\":2,\"name\":\"Productos\",\"item\":\"https:\\\/\\\/mueble4you.com\\\/productos\\\/\"},{\"@type\":\"ListItem\",\"position\":3,\"name\":\"ESPEJO NEGRO MADERA PAULONIA DECORACI\u00d3N 105 X 195 X 7 CM\"}]},{\"@type\":\"WebSite\",\"@id\":\"https:\\\/\\\/mueble4you.com\\\/#website\",\"url\":\"https:\\\/\\\/mueble4you.com\\\/\",\"name\":\"mueble4you\",\"description\":\"Muebles en Tenerife - Furniture in Tenerife\",\"potentialAction\":[{\"@type\":\"SearchAction\",\"target\":{\"@type\":\"EntryPoint\",\"urlTemplate\":\"https:\\\/\\\/mueble4you.com\\\/?s={search_term_string}\"},\"query-input\":{\"@type\":\"PropertyValueSpecification\",\"valueRequired\":true,\"valueName\":\"search_term_string\"}}],\"inLanguage\":\"en-US\"}]}<\/script>\n<!-- \/ Yoast SEO plugin. -->","yoast_head_json":{"title":"ESPEJO NEGRO MADERA PAULONIA DECORACI\u00d3N 105 X 195 X 7 CM | mueble4you","robots":{"index":"index","follow":"follow","max-snippet":"max-snippet:-1","max-image-preview":"max-image-preview:large","max-video-preview":"max-video-preview:-1"},"canonical":"https:\/\/mueble4you.com\/en\/productos\/espejo-negro-madera-paulonia-decoracion-105-x-195-x-7-cm\/","og_locale":"en_US","og_type":"article","og_title":"ESPEJO NEGRO MADERA PAULONIA DECORACI\u00d3N 105 X 195 X 7 CM | mueble4you","og_description":"Medidas interiores:80x170CM. Colocaci\u00f3n vertical y horizontal. Anillas incorporadas al marco para su correcta sujecci\u00f3n.","og_url":"https:\/\/mueble4you.com\/en\/productos\/espejo-negro-madera-paulonia-decoracion-105-x-195-x-7-cm\/","og_site_name":"mueble4you","twitter_card":"summary_large_image","schema":{"@context":"https:\/\/schema.org","@graph":[{"@type":"WebPage","@id":"https:\/\/mueble4you.com\/en\/productos\/espejo-negro-madera-paulonia-decoracion-105-x-195-x-7-cm\/","url":"https:\/\/mueble4you.com\/en\/productos\/espejo-negro-madera-paulonia-decoracion-105-x-195-x-7-cm\/","name":"ESPEJO NEGRO MADERA PAULONIA DECORACI\u00d3N 105 X 195 X 7 CM | mueble4you","isPartOf":{"@id":"https:\/\/mueble4you.com\/#website"},"primaryImageOfPage":{"@id":"https:\/\/mueble4you.com\/en\/productos\/espejo-negro-madera-paulonia-decoracion-105-x-195-x-7-cm\/#primaryimage"},"image":{"@id":"https:\/\/mueble4you.com\/en\/productos\/espejo-negro-madera-paulonia-decoracion-105-x-195-x-7-cm\/#primaryimage"},"thumbnailUrl":"https:\/\/mueble4you.com\/wp-content\/uploads\/2025\/12\/613827.webp","datePublished":"2025-12-29T10:45:06+00:00","breadcrumb":{"@id":"https:\/\/mueble4you.com\/en\/productos\/espejo-negro-madera-paulonia-decoracion-105-x-195-x-7-cm\/#breadcrumb"},"inLanguage":"en-US","potentialAction":[{"@type":"ReadAction","target":["https:\/\/mueble4you.com\/en\/productos\/espejo-negro-madera-paulonia-decoracion-105-x-195-x-7-cm\/"]}]},{"@type":"ImageObject","inLanguage":"en-US","@id":"https:\/\/mueble4you.com\/en\/productos\/espejo-negro-madera-paulonia-decoracion-105-x-195-x-7-cm\/#primaryimage","url":"https:\/\/mueble4you.com\/wp-content\/uploads\/2025\/12\/613827.webp","contentUrl":"https:\/\/mueble4you.com\/wp-content\/uploads\/2025\/12\/613827.webp","width":1000,"height":1000},{"@type":"BreadcrumbList","@id":"https:\/\/mueble4you.com\/en\/productos\/espejo-negro-madera-paulonia-decoracion-105-x-195-x-7-cm\/#breadcrumb","itemListElement":[{"@type":"ListItem","position":1,"name":"Portada","item":"https:\/\/mueble4you.com\/en\/"},{"@type":"ListItem","position":2,"name":"Productos","item":"https:\/\/mueble4you.com\/productos\/"},{"@type":"ListItem","position":3,"name":"ESPEJO NEGRO MADERA PAULONIA DECORACI\u00d3N 105 X 195 X 7 CM"}]},{"@type":"WebSite","@id":"https:\/\/mueble4you.com\/#website","url":"https:\/\/mueble4you.com\/","name":"mueble4you","description":"Muebles en Tenerife - Furniture in Tenerife","potentialAction":[{"@type":"SearchAction","target":{"@type":"EntryPoint","urlTemplate":"https:\/\/mueble4you.com\/?s={search_term_string}"},"query-input":{"@type":"PropertyValueSpecification","valueRequired":true,"valueName":"search_term_string"}}],"inLanguage":"en-US"}]}},"_links":{"self":[{"href":"https:\/\/mueble4you.com\/en\/wp-json\/wp\/v2\/product\/86652","targetHints":{"allow":["GET"]}}],"collection":[{"href":"https:\/\/mueble4you.com\/en\/wp-json\/wp\/v2\/product"}],"about":[{"href":"https:\/\/mueble4you.com\/en\/wp-json\/wp\/v2\/types\/product"}],"wp:featuredmedia":[{"embeddable":true,"href":"https:\/\/mueble4you.com\/en\/wp-json\/wp\/v2\/media\/86653"}],"wp:attachment":[{"href":"https:\/\/mueble4you.com\/en\/wp-json\/wp\/v2\/media?parent=86652"}],"wp:term":[{"taxonomy":"product_brand","embeddable":true,"href":"https:\/\/mueble4you.com\/en\/wp-json\/wp\/v2\/product_brand?post=86652"},{"taxonomy":"product_cat","embeddable":true,"href":"https:\/\/mueble4you.com\/en\/wp-json\/wp\/v2\/product_cat?post=86652"},{"taxonomy":"product_tag","embeddable":true,"href":"https:\/\/mueble4you.com\/en\/wp-json\/wp\/v2\/product_tag?post=86652"}],"curies":[{"name":"wp","href":"https:\/\/api.w.org\/{rel}","templated":true}]}}