{"id":86289,"date":"2025-12-11T19:14:26","date_gmt":"2025-12-11T19:14:26","guid":{"rendered":"https:\/\/mueble4you.com\/productos\/consola-acero-inox-sharjah-120x50x75-cm\/"},"modified":"2025-12-11T19:14:26","modified_gmt":"2025-12-11T19:14:26","slug":"consola-acero-inox-sharjah-120x50x75-cm","status":"publish","type":"product","link":"https:\/\/mueble4you.com\/en\/productos\/consola-acero-inox-sharjah-120x50x75-cm\/","title":{"rendered":"CONSOLA ACERO INOX SHARJAH 120x50x75 CM"},"content":{"rendered":"<p>MATERIAL: ACERO INOXIDABLE \/ CRISTAL<br \/>\n&#8211; COLOR: DORADO \/ NEGRO<br \/>\n&#8211; OBSERVACIONES: TUBO DE LA PIEZA 3x3x1,2 CM.<br \/>\n&#8211; El dise\u00f1o de esta consola dise\u00f1ada en inox dorado y cristal fum\u00e9 tiene dise\u00f1o y energ\u00eda. Ser\u00e1 el complemento que destaque en tu dormitorio o sal\u00f3n por sus medidas: 120x50x75 y el dise\u00f1o circular de su base y el dorado de sus brillantes patas.<\/p>\n","protected":false},"excerpt":{"rendered":"<p>MATERIAL: ACERO INOXIDABLE \/ CRISTAL &#8211; COLOR: DORADO \/ NEGRO &#8211; OBSERVACIONES: TUBO DE LA PIEZA 3x3x1,2 CM. &#8211; El dise\u00f1o de esta consola dise\u00f1ada en inox dorado y cristal fum\u00e9 tiene dise\u00f1o y energ\u00eda. Ser\u00e1 el complemento que destaque en tu dormitorio o sal\u00f3n por sus medidas: 120x50x75 y el dise\u00f1o circular de su [&#8230;]\n","protected":false},"featured_media":86290,"template":"","meta":[],"product_brand":[],"product_cat":[359,131],"product_tag":[],"class_list":{"0":"post-86289","1":"product","2":"type-product","3":"status-publish","4":"has-post-thumbnail","6":"product_cat-console-table","7":"product_cat-living-room","9":"first","10":"instock","11":"shipping-taxable","12":"product-type-simple"},"yoast_head":"<!-- This site is optimized with the Yoast SEO plugin v27.2 - https:\/\/yoast.com\/product\/yoast-seo-wordpress\/ -->\n<title>CONSOLA ACERO INOX SHARJAH 120x50x75 CM | mueble4you<\/title>\n<meta name=\"robots\" content=\"index, follow, max-snippet:-1, max-image-preview:large, max-video-preview:-1\" \/>\n<link rel=\"canonical\" href=\"https:\/\/mueble4you.com\/en\/productos\/consola-acero-inox-sharjah-120x50x75-cm\/\" \/>\n<meta property=\"og:locale\" content=\"en_US\" \/>\n<meta property=\"og:type\" content=\"article\" \/>\n<meta property=\"og:title\" content=\"CONSOLA ACERO INOX SHARJAH 120x50x75 CM | mueble4you\" \/>\n<meta property=\"og:description\" content=\"MATERIAL: ACERO INOXIDABLE \/ CRISTAL &#8211; COLOR: DORADO \/ NEGRO &#8211; OBSERVACIONES: TUBO DE LA PIEZA 3x3x1,2 CM. &#8211; El dise\u00f1o de esta consola dise\u00f1ada en inox dorado y cristal fum\u00e9 tiene dise\u00f1o y energ\u00eda. Ser\u00e1 el complemento que destaque en tu dormitorio o sal\u00f3n por sus medidas: 120x50x75 y el dise\u00f1o circular de su [...]\" \/>\n<meta property=\"og:url\" content=\"https:\/\/mueble4you.com\/en\/productos\/consola-acero-inox-sharjah-120x50x75-cm\/\" \/>\n<meta property=\"og:site_name\" content=\"mueble4you\" \/>\n<meta name=\"twitter:card\" content=\"summary_large_image\" \/>\n<script type=\"application\/ld+json\" class=\"yoast-schema-graph\">{\"@context\":\"https:\/\/schema.org\",\"@graph\":[{\"@type\":\"WebPage\",\"@id\":\"https:\/\/mueble4you.com\/en\/productos\/consola-acero-inox-sharjah-120x50x75-cm\/\",\"url\":\"https:\/\/mueble4you.com\/en\/productos\/consola-acero-inox-sharjah-120x50x75-cm\/\",\"name\":\"CONSOLA ACERO INOX SHARJAH 120x50x75 CM | mueble4you\",\"isPartOf\":{\"@id\":\"https:\/\/mueble4you.com\/#website\"},\"primaryImageOfPage\":{\"@id\":\"https:\/\/mueble4you.com\/en\/productos\/consola-acero-inox-sharjah-120x50x75-cm\/#primaryimage\"},\"image\":{\"@id\":\"https:\/\/mueble4you.com\/en\/productos\/consola-acero-inox-sharjah-120x50x75-cm\/#primaryimage\"},\"thumbnailUrl\":\"https:\/\/mueble4you.com\/wp-content\/uploads\/2025\/12\/287037.jpg\",\"datePublished\":\"2025-12-11T19:14:26+00:00\",\"breadcrumb\":{\"@id\":\"https:\/\/mueble4you.com\/en\/productos\/consola-acero-inox-sharjah-120x50x75-cm\/#breadcrumb\"},\"inLanguage\":\"en-US\",\"potentialAction\":[{\"@type\":\"ReadAction\",\"target\":[\"https:\/\/mueble4you.com\/en\/productos\/consola-acero-inox-sharjah-120x50x75-cm\/\"]}]},{\"@type\":\"ImageObject\",\"inLanguage\":\"en-US\",\"@id\":\"https:\/\/mueble4you.com\/en\/productos\/consola-acero-inox-sharjah-120x50x75-cm\/#primaryimage\",\"url\":\"https:\/\/mueble4you.com\/wp-content\/uploads\/2025\/12\/287037.jpg\",\"contentUrl\":\"https:\/\/mueble4you.com\/wp-content\/uploads\/2025\/12\/287037.jpg\",\"width\":768,\"height\":512},{\"@type\":\"BreadcrumbList\",\"@id\":\"https:\/\/mueble4you.com\/en\/productos\/consola-acero-inox-sharjah-120x50x75-cm\/#breadcrumb\",\"itemListElement\":[{\"@type\":\"ListItem\",\"position\":1,\"name\":\"Portada\",\"item\":\"https:\/\/mueble4you.com\/en\/\"},{\"@type\":\"ListItem\",\"position\":2,\"name\":\"Productos\",\"item\":\"https:\/\/mueble4you.com\/productos\/\"},{\"@type\":\"ListItem\",\"position\":3,\"name\":\"CONSOLA ACERO INOX SHARJAH 120x50x75 CM\"}]},{\"@type\":\"WebSite\",\"@id\":\"https:\/\/mueble4you.com\/#website\",\"url\":\"https:\/\/mueble4you.com\/\",\"name\":\"mueble4you\",\"description\":\"Muebles en Tenerife - Furniture in Tenerife\",\"potentialAction\":[{\"@type\":\"SearchAction\",\"target\":{\"@type\":\"EntryPoint\",\"urlTemplate\":\"https:\/\/mueble4you.com\/?s={search_term_string}\"},\"query-input\":{\"@type\":\"PropertyValueSpecification\",\"valueRequired\":true,\"valueName\":\"search_term_string\"}}],\"inLanguage\":\"en-US\"}]}<\/script>\n<!-- \/ Yoast SEO plugin. -->","yoast_head_json":{"title":"CONSOLA ACERO INOX SHARJAH 120x50x75 CM | mueble4you","robots":{"index":"index","follow":"follow","max-snippet":"max-snippet:-1","max-image-preview":"max-image-preview:large","max-video-preview":"max-video-preview:-1"},"canonical":"https:\/\/mueble4you.com\/en\/productos\/consola-acero-inox-sharjah-120x50x75-cm\/","og_locale":"en_US","og_type":"article","og_title":"CONSOLA ACERO INOX SHARJAH 120x50x75 CM | mueble4you","og_description":"MATERIAL: ACERO INOXIDABLE \/ CRISTAL &#8211; COLOR: DORADO \/ NEGRO &#8211; OBSERVACIONES: TUBO DE LA PIEZA 3x3x1,2 CM. &#8211; El dise\u00f1o de esta consola dise\u00f1ada en inox dorado y cristal fum\u00e9 tiene dise\u00f1o y energ\u00eda. Ser\u00e1 el complemento que destaque en tu dormitorio o sal\u00f3n por sus medidas: 120x50x75 y el dise\u00f1o circular de su [...]","og_url":"https:\/\/mueble4you.com\/en\/productos\/consola-acero-inox-sharjah-120x50x75-cm\/","og_site_name":"mueble4you","twitter_card":"summary_large_image","schema":{"@context":"https:\/\/schema.org","@graph":[{"@type":"WebPage","@id":"https:\/\/mueble4you.com\/en\/productos\/consola-acero-inox-sharjah-120x50x75-cm\/","url":"https:\/\/mueble4you.com\/en\/productos\/consola-acero-inox-sharjah-120x50x75-cm\/","name":"CONSOLA ACERO INOX SHARJAH 120x50x75 CM | mueble4you","isPartOf":{"@id":"https:\/\/mueble4you.com\/#website"},"primaryImageOfPage":{"@id":"https:\/\/mueble4you.com\/en\/productos\/consola-acero-inox-sharjah-120x50x75-cm\/#primaryimage"},"image":{"@id":"https:\/\/mueble4you.com\/en\/productos\/consola-acero-inox-sharjah-120x50x75-cm\/#primaryimage"},"thumbnailUrl":"https:\/\/mueble4you.com\/wp-content\/uploads\/2025\/12\/287037.jpg","datePublished":"2025-12-11T19:14:26+00:00","breadcrumb":{"@id":"https:\/\/mueble4you.com\/en\/productos\/consola-acero-inox-sharjah-120x50x75-cm\/#breadcrumb"},"inLanguage":"en-US","potentialAction":[{"@type":"ReadAction","target":["https:\/\/mueble4you.com\/en\/productos\/consola-acero-inox-sharjah-120x50x75-cm\/"]}]},{"@type":"ImageObject","inLanguage":"en-US","@id":"https:\/\/mueble4you.com\/en\/productos\/consola-acero-inox-sharjah-120x50x75-cm\/#primaryimage","url":"https:\/\/mueble4you.com\/wp-content\/uploads\/2025\/12\/287037.jpg","contentUrl":"https:\/\/mueble4you.com\/wp-content\/uploads\/2025\/12\/287037.jpg","width":768,"height":512},{"@type":"BreadcrumbList","@id":"https:\/\/mueble4you.com\/en\/productos\/consola-acero-inox-sharjah-120x50x75-cm\/#breadcrumb","itemListElement":[{"@type":"ListItem","position":1,"name":"Portada","item":"https:\/\/mueble4you.com\/en\/"},{"@type":"ListItem","position":2,"name":"Productos","item":"https:\/\/mueble4you.com\/productos\/"},{"@type":"ListItem","position":3,"name":"CONSOLA ACERO INOX SHARJAH 120x50x75 CM"}]},{"@type":"WebSite","@id":"https:\/\/mueble4you.com\/#website","url":"https:\/\/mueble4you.com\/","name":"mueble4you","description":"Muebles en Tenerife - Furniture in Tenerife","potentialAction":[{"@type":"SearchAction","target":{"@type":"EntryPoint","urlTemplate":"https:\/\/mueble4you.com\/?s={search_term_string}"},"query-input":{"@type":"PropertyValueSpecification","valueRequired":true,"valueName":"search_term_string"}}],"inLanguage":"en-US"}]}},"_links":{"self":[{"href":"https:\/\/mueble4you.com\/en\/wp-json\/wp\/v2\/product\/86289","targetHints":{"allow":["GET"]}}],"collection":[{"href":"https:\/\/mueble4you.com\/en\/wp-json\/wp\/v2\/product"}],"about":[{"href":"https:\/\/mueble4you.com\/en\/wp-json\/wp\/v2\/types\/product"}],"wp:featuredmedia":[{"embeddable":true,"href":"https:\/\/mueble4you.com\/en\/wp-json\/wp\/v2\/media\/86290"}],"wp:attachment":[{"href":"https:\/\/mueble4you.com\/en\/wp-json\/wp\/v2\/media?parent=86289"}],"wp:term":[{"taxonomy":"product_brand","embeddable":true,"href":"https:\/\/mueble4you.com\/en\/wp-json\/wp\/v2\/product_brand?post=86289"},{"taxonomy":"product_cat","embeddable":true,"href":"https:\/\/mueble4you.com\/en\/wp-json\/wp\/v2\/product_cat?post=86289"},{"taxonomy":"product_tag","embeddable":true,"href":"https:\/\/mueble4you.com\/en\/wp-json\/wp\/v2\/product_tag?post=86289"}],"curies":[{"name":"wp","href":"https:\/\/api.w.org\/{rel}","templated":true}]}}