{"id":82635,"date":"2025-04-25T13:56:46","date_gmt":"2025-04-25T13:56:46","guid":{"rendered":"https:\/\/mueble4you.com\/productos\/set-burundi-blanco\/"},"modified":"2025-05-09T10:14:38","modified_gmt":"2025-05-09T10:14:38","slug":"set-burundi-blanco","status":"publish","type":"product","link":"https:\/\/mueble4you.com\/en\/productos\/set-burundi-blanco\/","title":{"rendered":"SET BURUNDI BLANCO"},"content":{"rendered":"<p id=\"descripcion\" class=\"text-muted font-weight-light\">Set de aluminio blanco. Cojiner\u00eda de olefina de 16cm de grosor color gris claro. Mesa con tablero de piedra sint\u00e9tica imitaci\u00f3n m\u00e1rmol blanco. Set compuesto por sof\u00e1 4 plazas+2 sillones+ mesa de centro.<\/p>\n<p id=\"descripcion\" class=\"text-muted font-weight-light\">* Sill\u00f3n:85x85x63cm<\/p>\n<p id=\"descripcion\" class=\"text-muted font-weight-light\">* Sof\u00e1 4 plazas:273,5x85x63cm<\/p>\n<p id=\"descripcion\" class=\"text-muted font-weight-light\">* Mesa:139,5&#215;79,5x36cm<\/p>\n","protected":false},"excerpt":{"rendered":"<p>Set de aluminio blanco. Cojiner\u00eda de olefina de 16cm de grosor color gris claro. Mesa con tablero de piedra sint\u00e9tica imitaci\u00f3n m\u00e1rmol blanco. Set compuesto por sof\u00e1 4 plazas+2 sillones+ mesa de centro. * Sill\u00f3n:85x85x63cm * Sof\u00e1 4 plazas:273,5x85x63cm * Mesa:139,5&#215;79,5x36cm<\/p>\n","protected":false},"featured_media":82631,"template":"","meta":[],"product_brand":[],"product_cat":[303,311],"product_tag":[],"class_list":{"0":"post-82635","1":"product","2":"type-product","3":"status-publish","4":"has-post-thumbnail","6":"product_cat-outdoor","7":"product_cat-set-of-sofas-and-tables","9":"first","10":"instock","11":"shipping-taxable","12":"product-type-simple"},"yoast_head":"<!-- This site is optimized with the Yoast SEO plugin v27.3 - https:\/\/yoast.com\/product\/yoast-seo-wordpress\/ -->\n<title>SET BURUNDI BLANCO | mueble4you<\/title>\n<meta name=\"robots\" content=\"index, follow, max-snippet:-1, max-image-preview:large, max-video-preview:-1\" \/>\n<link rel=\"canonical\" href=\"https:\/\/mueble4you.com\/en\/productos\/set-burundi-blanco\/\" \/>\n<meta property=\"og:locale\" content=\"en_US\" \/>\n<meta property=\"og:type\" content=\"article\" \/>\n<meta property=\"og:title\" content=\"SET BURUNDI BLANCO | mueble4you\" \/>\n<meta property=\"og:description\" content=\"Set de aluminio blanco. Cojiner\u00eda de olefina de 16cm de grosor color gris claro. Mesa con tablero de piedra sint\u00e9tica imitaci\u00f3n m\u00e1rmol blanco. Set compuesto por sof\u00e1 4 plazas+2 sillones+ mesa de centro. * Sill\u00f3n:85x85x63cm * Sof\u00e1 4 plazas:273,5x85x63cm * Mesa:139,5&#215;79,5x36cm\" \/>\n<meta property=\"og:url\" content=\"https:\/\/mueble4you.com\/en\/productos\/set-burundi-blanco\/\" \/>\n<meta property=\"og:site_name\" content=\"mueble4you\" \/>\n<meta property=\"article:modified_time\" content=\"2025-05-09T10:14:38+00:00\" \/>\n<meta property=\"og:image\" content=\"https:\/\/mueble4you.com\/wp-content\/uploads\/2025\/04\/1736938241-692001.jpg\" \/>\n\t<meta property=\"og:image:width\" content=\"1000\" \/>\n\t<meta property=\"og:image:height\" content=\"1275\" \/>\n\t<meta property=\"og:image:type\" content=\"image\/jpeg\" \/>\n<meta name=\"twitter:card\" content=\"summary_large_image\" \/>\n<meta name=\"twitter:label1\" content=\"Est. reading time\" \/>\n\t<meta name=\"twitter:data1\" content=\"1 minute\" \/>\n<script type=\"application\/ld+json\" class=\"yoast-schema-graph\">{\"@context\":\"https:\\\/\\\/schema.org\",\"@graph\":[{\"@type\":\"WebPage\",\"@id\":\"https:\\\/\\\/mueble4you.com\\\/en\\\/productos\\\/set-burundi-blanco\\\/\",\"url\":\"https:\\\/\\\/mueble4you.com\\\/en\\\/productos\\\/set-burundi-blanco\\\/\",\"name\":\"SET BURUNDI BLANCO | mueble4you\",\"isPartOf\":{\"@id\":\"https:\\\/\\\/mueble4you.com\\\/#website\"},\"primaryImageOfPage\":{\"@id\":\"https:\\\/\\\/mueble4you.com\\\/en\\\/productos\\\/set-burundi-blanco\\\/#primaryimage\"},\"image\":{\"@id\":\"https:\\\/\\\/mueble4you.com\\\/en\\\/productos\\\/set-burundi-blanco\\\/#primaryimage\"},\"thumbnailUrl\":\"https:\\\/\\\/mueble4you.com\\\/wp-content\\\/uploads\\\/2025\\\/04\\\/1736938241-692001.jpg\",\"datePublished\":\"2025-04-25T13:56:46+00:00\",\"dateModified\":\"2025-05-09T10:14:38+00:00\",\"breadcrumb\":{\"@id\":\"https:\\\/\\\/mueble4you.com\\\/en\\\/productos\\\/set-burundi-blanco\\\/#breadcrumb\"},\"inLanguage\":\"en-US\",\"potentialAction\":[{\"@type\":\"ReadAction\",\"target\":[\"https:\\\/\\\/mueble4you.com\\\/en\\\/productos\\\/set-burundi-blanco\\\/\"]}]},{\"@type\":\"ImageObject\",\"inLanguage\":\"en-US\",\"@id\":\"https:\\\/\\\/mueble4you.com\\\/en\\\/productos\\\/set-burundi-blanco\\\/#primaryimage\",\"url\":\"https:\\\/\\\/mueble4you.com\\\/wp-content\\\/uploads\\\/2025\\\/04\\\/1736938241-692001.jpg\",\"contentUrl\":\"https:\\\/\\\/mueble4you.com\\\/wp-content\\\/uploads\\\/2025\\\/04\\\/1736938241-692001.jpg\",\"width\":1000,\"height\":1275},{\"@type\":\"BreadcrumbList\",\"@id\":\"https:\\\/\\\/mueble4you.com\\\/en\\\/productos\\\/set-burundi-blanco\\\/#breadcrumb\",\"itemListElement\":[{\"@type\":\"ListItem\",\"position\":1,\"name\":\"Portada\",\"item\":\"https:\\\/\\\/mueble4you.com\\\/en\\\/\"},{\"@type\":\"ListItem\",\"position\":2,\"name\":\"Productos\",\"item\":\"https:\\\/\\\/mueble4you.com\\\/productos\\\/\"},{\"@type\":\"ListItem\",\"position\":3,\"name\":\"SET BURUNDI BLANCO\"}]},{\"@type\":\"WebSite\",\"@id\":\"https:\\\/\\\/mueble4you.com\\\/#website\",\"url\":\"https:\\\/\\\/mueble4you.com\\\/\",\"name\":\"mueble4you\",\"description\":\"Muebles en Tenerife - Furniture in Tenerife\",\"potentialAction\":[{\"@type\":\"SearchAction\",\"target\":{\"@type\":\"EntryPoint\",\"urlTemplate\":\"https:\\\/\\\/mueble4you.com\\\/?s={search_term_string}\"},\"query-input\":{\"@type\":\"PropertyValueSpecification\",\"valueRequired\":true,\"valueName\":\"search_term_string\"}}],\"inLanguage\":\"en-US\"}]}<\/script>\n<!-- \/ Yoast SEO plugin. -->","yoast_head_json":{"title":"SET BURUNDI BLANCO | mueble4you","robots":{"index":"index","follow":"follow","max-snippet":"max-snippet:-1","max-image-preview":"max-image-preview:large","max-video-preview":"max-video-preview:-1"},"canonical":"https:\/\/mueble4you.com\/en\/productos\/set-burundi-blanco\/","og_locale":"en_US","og_type":"article","og_title":"SET BURUNDI BLANCO | mueble4you","og_description":"Set de aluminio blanco. Cojiner\u00eda de olefina de 16cm de grosor color gris claro. Mesa con tablero de piedra sint\u00e9tica imitaci\u00f3n m\u00e1rmol blanco. Set compuesto por sof\u00e1 4 plazas+2 sillones+ mesa de centro. * Sill\u00f3n:85x85x63cm * Sof\u00e1 4 plazas:273,5x85x63cm * Mesa:139,5&#215;79,5x36cm","og_url":"https:\/\/mueble4you.com\/en\/productos\/set-burundi-blanco\/","og_site_name":"mueble4you","article_modified_time":"2025-05-09T10:14:38+00:00","og_image":[{"width":1000,"height":1275,"url":"https:\/\/mueble4you.com\/wp-content\/uploads\/2025\/04\/1736938241-692001.jpg","type":"image\/jpeg"}],"twitter_card":"summary_large_image","twitter_misc":{"Est. reading time":"1 minute"},"schema":{"@context":"https:\/\/schema.org","@graph":[{"@type":"WebPage","@id":"https:\/\/mueble4you.com\/en\/productos\/set-burundi-blanco\/","url":"https:\/\/mueble4you.com\/en\/productos\/set-burundi-blanco\/","name":"SET BURUNDI BLANCO | mueble4you","isPartOf":{"@id":"https:\/\/mueble4you.com\/#website"},"primaryImageOfPage":{"@id":"https:\/\/mueble4you.com\/en\/productos\/set-burundi-blanco\/#primaryimage"},"image":{"@id":"https:\/\/mueble4you.com\/en\/productos\/set-burundi-blanco\/#primaryimage"},"thumbnailUrl":"https:\/\/mueble4you.com\/wp-content\/uploads\/2025\/04\/1736938241-692001.jpg","datePublished":"2025-04-25T13:56:46+00:00","dateModified":"2025-05-09T10:14:38+00:00","breadcrumb":{"@id":"https:\/\/mueble4you.com\/en\/productos\/set-burundi-blanco\/#breadcrumb"},"inLanguage":"en-US","potentialAction":[{"@type":"ReadAction","target":["https:\/\/mueble4you.com\/en\/productos\/set-burundi-blanco\/"]}]},{"@type":"ImageObject","inLanguage":"en-US","@id":"https:\/\/mueble4you.com\/en\/productos\/set-burundi-blanco\/#primaryimage","url":"https:\/\/mueble4you.com\/wp-content\/uploads\/2025\/04\/1736938241-692001.jpg","contentUrl":"https:\/\/mueble4you.com\/wp-content\/uploads\/2025\/04\/1736938241-692001.jpg","width":1000,"height":1275},{"@type":"BreadcrumbList","@id":"https:\/\/mueble4you.com\/en\/productos\/set-burundi-blanco\/#breadcrumb","itemListElement":[{"@type":"ListItem","position":1,"name":"Portada","item":"https:\/\/mueble4you.com\/en\/"},{"@type":"ListItem","position":2,"name":"Productos","item":"https:\/\/mueble4you.com\/productos\/"},{"@type":"ListItem","position":3,"name":"SET BURUNDI BLANCO"}]},{"@type":"WebSite","@id":"https:\/\/mueble4you.com\/#website","url":"https:\/\/mueble4you.com\/","name":"mueble4you","description":"Muebles en Tenerife - Furniture in Tenerife","potentialAction":[{"@type":"SearchAction","target":{"@type":"EntryPoint","urlTemplate":"https:\/\/mueble4you.com\/?s={search_term_string}"},"query-input":{"@type":"PropertyValueSpecification","valueRequired":true,"valueName":"search_term_string"}}],"inLanguage":"en-US"}]}},"_links":{"self":[{"href":"https:\/\/mueble4you.com\/en\/wp-json\/wp\/v2\/product\/82635","targetHints":{"allow":["GET"]}}],"collection":[{"href":"https:\/\/mueble4you.com\/en\/wp-json\/wp\/v2\/product"}],"about":[{"href":"https:\/\/mueble4you.com\/en\/wp-json\/wp\/v2\/types\/product"}],"wp:featuredmedia":[{"embeddable":true,"href":"https:\/\/mueble4you.com\/en\/wp-json\/wp\/v2\/media\/82631"}],"wp:attachment":[{"href":"https:\/\/mueble4you.com\/en\/wp-json\/wp\/v2\/media?parent=82635"}],"wp:term":[{"taxonomy":"product_brand","embeddable":true,"href":"https:\/\/mueble4you.com\/en\/wp-json\/wp\/v2\/product_brand?post=82635"},{"taxonomy":"product_cat","embeddable":true,"href":"https:\/\/mueble4you.com\/en\/wp-json\/wp\/v2\/product_cat?post=82635"},{"taxonomy":"product_tag","embeddable":true,"href":"https:\/\/mueble4you.com\/en\/wp-json\/wp\/v2\/product_tag?post=82635"}],"curies":[{"name":"wp","href":"https:\/\/api.w.org\/{rel}","templated":true}]}}