{"id":79423,"date":"2024-12-16T16:08:26","date_gmt":"2024-12-16T16:08:26","guid":{"rendered":"https:\/\/mueble4you.com\/productos\/mesa-ext-konnor-160x100-160-ant-cx23\/"},"modified":"2024-12-16T16:08:26","modified_gmt":"2024-12-16T16:08:26","slug":"mesa-ext-konnor-160x100-160-ant-cx23","status":"publish","type":"product","link":"https:\/\/mueble4you.com\/en\/productos\/mesa-ext-konnor-160x100-160-ant-cx23\/","title":{"rendered":"MESA EXT. KONNOR 160X100-160 ANT CX23"},"content":{"rendered":"<ul>\n<li>ESTRUCTURA DE ALUMINIO, BARNIZADO A POLVO (POLI\u00c9STER).<\/li>\n<li>EXTENSIBLE CON APERTURA TEL\u00c9SCOPICA.<\/li>\n<li>TORNILLER\u00cdA DE ACERO INOXIDABLE.<\/li>\n<li><span style=\"color: #555555;\">160a &#8211; 110\/160b &#8211; 77.5h.<\/span><\/li>\n<\/ul>\n","protected":false},"excerpt":{"rendered":"<p>ESTRUCTURA DE ALUMINIO, BARNIZADO A POLVO (POLI\u00c9STER). EXTENSIBLE CON APERTURA TEL\u00c9SCOPICA. TORNILLER\u00cdA DE ACERO INOXIDABLE. 160a &#8211; 110\/160b &#8211; 77.5h.<\/p>\n","protected":false},"featured_media":79409,"template":"","meta":[],"product_brand":[],"product_cat":[303,307],"product_tag":[],"class_list":{"0":"post-79423","1":"product","2":"type-product","3":"status-publish","4":"has-post-thumbnail","6":"product_cat-outdoor","7":"product_cat-set-of-tables-and-chairs","9":"first","10":"instock","11":"shipping-taxable","12":"product-type-simple"},"yoast_head":"<!-- This site is optimized with the Yoast SEO plugin v27.2 - https:\/\/yoast.com\/product\/yoast-seo-wordpress\/ -->\n<title>MESA EXT. KONNOR 160X100-160 ANT CX23 | mueble4you<\/title>\n<meta name=\"robots\" content=\"index, follow, max-snippet:-1, max-image-preview:large, max-video-preview:-1\" \/>\n<link rel=\"canonical\" href=\"https:\/\/mueble4you.com\/en\/productos\/mesa-ext-konnor-160x100-160-ant-cx23\/\" \/>\n<meta property=\"og:locale\" content=\"en_US\" \/>\n<meta property=\"og:type\" content=\"article\" \/>\n<meta property=\"og:title\" content=\"MESA EXT. KONNOR 160X100-160 ANT CX23 | mueble4you\" \/>\n<meta property=\"og:description\" content=\"ESTRUCTURA DE ALUMINIO, BARNIZADO A POLVO (POLI\u00c9STER). EXTENSIBLE CON APERTURA TEL\u00c9SCOPICA. TORNILLER\u00cdA DE ACERO INOXIDABLE. 160a &#8211; 110\/160b &#8211; 77.5h.\" \/>\n<meta property=\"og:url\" content=\"https:\/\/mueble4you.com\/en\/productos\/mesa-ext-konnor-160x100-160-ant-cx23\/\" \/>\n<meta property=\"og:site_name\" content=\"mueble4you\" \/>\n<meta property=\"og:image\" content=\"https:\/\/mueble4you.com\/wp-content\/uploads\/2024\/12\/0662756.2.jpg.jpg\" \/>\n\t<meta property=\"og:image:width\" content=\"720\" \/>\n\t<meta property=\"og:image:height\" content=\"1080\" \/>\n\t<meta property=\"og:image:type\" content=\"image\/jpeg\" \/>\n<meta name=\"twitter:card\" content=\"summary_large_image\" \/>\n<meta name=\"twitter:label1\" content=\"Est. reading time\" \/>\n\t<meta name=\"twitter:data1\" content=\"1 minute\" \/>\n<script type=\"application\/ld+json\" class=\"yoast-schema-graph\">{\"@context\":\"https:\/\/schema.org\",\"@graph\":[{\"@type\":\"WebPage\",\"@id\":\"https:\/\/mueble4you.com\/en\/productos\/mesa-ext-konnor-160x100-160-ant-cx23\/\",\"url\":\"https:\/\/mueble4you.com\/en\/productos\/mesa-ext-konnor-160x100-160-ant-cx23\/\",\"name\":\"MESA EXT. KONNOR 160X100-160 ANT CX23 | mueble4you\",\"isPartOf\":{\"@id\":\"https:\/\/mueble4you.com\/#website\"},\"primaryImageOfPage\":{\"@id\":\"https:\/\/mueble4you.com\/en\/productos\/mesa-ext-konnor-160x100-160-ant-cx23\/#primaryimage\"},\"image\":{\"@id\":\"https:\/\/mueble4you.com\/en\/productos\/mesa-ext-konnor-160x100-160-ant-cx23\/#primaryimage\"},\"thumbnailUrl\":\"https:\/\/mueble4you.com\/wp-content\/uploads\/2024\/12\/0662756.2.jpg.jpg\",\"datePublished\":\"2024-12-16T16:08:26+00:00\",\"breadcrumb\":{\"@id\":\"https:\/\/mueble4you.com\/en\/productos\/mesa-ext-konnor-160x100-160-ant-cx23\/#breadcrumb\"},\"inLanguage\":\"en-US\",\"potentialAction\":[{\"@type\":\"ReadAction\",\"target\":[\"https:\/\/mueble4you.com\/en\/productos\/mesa-ext-konnor-160x100-160-ant-cx23\/\"]}]},{\"@type\":\"ImageObject\",\"inLanguage\":\"en-US\",\"@id\":\"https:\/\/mueble4you.com\/en\/productos\/mesa-ext-konnor-160x100-160-ant-cx23\/#primaryimage\",\"url\":\"https:\/\/mueble4you.com\/wp-content\/uploads\/2024\/12\/0662756.2.jpg.jpg\",\"contentUrl\":\"https:\/\/mueble4you.com\/wp-content\/uploads\/2024\/12\/0662756.2.jpg.jpg\",\"width\":720,\"height\":1080},{\"@type\":\"BreadcrumbList\",\"@id\":\"https:\/\/mueble4you.com\/en\/productos\/mesa-ext-konnor-160x100-160-ant-cx23\/#breadcrumb\",\"itemListElement\":[{\"@type\":\"ListItem\",\"position\":1,\"name\":\"Portada\",\"item\":\"https:\/\/mueble4you.com\/en\/\"},{\"@type\":\"ListItem\",\"position\":2,\"name\":\"Productos\",\"item\":\"https:\/\/mueble4you.com\/productos\/\"},{\"@type\":\"ListItem\",\"position\":3,\"name\":\"MESA EXT. KONNOR 160X100-160 ANT CX23\"}]},{\"@type\":\"WebSite\",\"@id\":\"https:\/\/mueble4you.com\/#website\",\"url\":\"https:\/\/mueble4you.com\/\",\"name\":\"mueble4you\",\"description\":\"Muebles en Tenerife - Furniture in Tenerife\",\"potentialAction\":[{\"@type\":\"SearchAction\",\"target\":{\"@type\":\"EntryPoint\",\"urlTemplate\":\"https:\/\/mueble4you.com\/?s={search_term_string}\"},\"query-input\":{\"@type\":\"PropertyValueSpecification\",\"valueRequired\":true,\"valueName\":\"search_term_string\"}}],\"inLanguage\":\"en-US\"}]}<\/script>\n<!-- \/ Yoast SEO plugin. -->","yoast_head_json":{"title":"MESA EXT. KONNOR 160X100-160 ANT CX23 | mueble4you","robots":{"index":"index","follow":"follow","max-snippet":"max-snippet:-1","max-image-preview":"max-image-preview:large","max-video-preview":"max-video-preview:-1"},"canonical":"https:\/\/mueble4you.com\/en\/productos\/mesa-ext-konnor-160x100-160-ant-cx23\/","og_locale":"en_US","og_type":"article","og_title":"MESA EXT. KONNOR 160X100-160 ANT CX23 | mueble4you","og_description":"ESTRUCTURA DE ALUMINIO, BARNIZADO A POLVO (POLI\u00c9STER). EXTENSIBLE CON APERTURA TEL\u00c9SCOPICA. TORNILLER\u00cdA DE ACERO INOXIDABLE. 160a &#8211; 110\/160b &#8211; 77.5h.","og_url":"https:\/\/mueble4you.com\/en\/productos\/mesa-ext-konnor-160x100-160-ant-cx23\/","og_site_name":"mueble4you","og_image":[{"width":720,"height":1080,"url":"https:\/\/mueble4you.com\/wp-content\/uploads\/2024\/12\/0662756.2.jpg.jpg","type":"image\/jpeg"}],"twitter_card":"summary_large_image","twitter_misc":{"Est. reading time":"1 minute"},"schema":{"@context":"https:\/\/schema.org","@graph":[{"@type":"WebPage","@id":"https:\/\/mueble4you.com\/en\/productos\/mesa-ext-konnor-160x100-160-ant-cx23\/","url":"https:\/\/mueble4you.com\/en\/productos\/mesa-ext-konnor-160x100-160-ant-cx23\/","name":"MESA EXT. KONNOR 160X100-160 ANT CX23 | mueble4you","isPartOf":{"@id":"https:\/\/mueble4you.com\/#website"},"primaryImageOfPage":{"@id":"https:\/\/mueble4you.com\/en\/productos\/mesa-ext-konnor-160x100-160-ant-cx23\/#primaryimage"},"image":{"@id":"https:\/\/mueble4you.com\/en\/productos\/mesa-ext-konnor-160x100-160-ant-cx23\/#primaryimage"},"thumbnailUrl":"https:\/\/mueble4you.com\/wp-content\/uploads\/2024\/12\/0662756.2.jpg.jpg","datePublished":"2024-12-16T16:08:26+00:00","breadcrumb":{"@id":"https:\/\/mueble4you.com\/en\/productos\/mesa-ext-konnor-160x100-160-ant-cx23\/#breadcrumb"},"inLanguage":"en-US","potentialAction":[{"@type":"ReadAction","target":["https:\/\/mueble4you.com\/en\/productos\/mesa-ext-konnor-160x100-160-ant-cx23\/"]}]},{"@type":"ImageObject","inLanguage":"en-US","@id":"https:\/\/mueble4you.com\/en\/productos\/mesa-ext-konnor-160x100-160-ant-cx23\/#primaryimage","url":"https:\/\/mueble4you.com\/wp-content\/uploads\/2024\/12\/0662756.2.jpg.jpg","contentUrl":"https:\/\/mueble4you.com\/wp-content\/uploads\/2024\/12\/0662756.2.jpg.jpg","width":720,"height":1080},{"@type":"BreadcrumbList","@id":"https:\/\/mueble4you.com\/en\/productos\/mesa-ext-konnor-160x100-160-ant-cx23\/#breadcrumb","itemListElement":[{"@type":"ListItem","position":1,"name":"Portada","item":"https:\/\/mueble4you.com\/en\/"},{"@type":"ListItem","position":2,"name":"Productos","item":"https:\/\/mueble4you.com\/productos\/"},{"@type":"ListItem","position":3,"name":"MESA EXT. KONNOR 160X100-160 ANT CX23"}]},{"@type":"WebSite","@id":"https:\/\/mueble4you.com\/#website","url":"https:\/\/mueble4you.com\/","name":"mueble4you","description":"Muebles en Tenerife - Furniture in Tenerife","potentialAction":[{"@type":"SearchAction","target":{"@type":"EntryPoint","urlTemplate":"https:\/\/mueble4you.com\/?s={search_term_string}"},"query-input":{"@type":"PropertyValueSpecification","valueRequired":true,"valueName":"search_term_string"}}],"inLanguage":"en-US"}]}},"_links":{"self":[{"href":"https:\/\/mueble4you.com\/en\/wp-json\/wp\/v2\/product\/79423","targetHints":{"allow":["GET"]}}],"collection":[{"href":"https:\/\/mueble4you.com\/en\/wp-json\/wp\/v2\/product"}],"about":[{"href":"https:\/\/mueble4you.com\/en\/wp-json\/wp\/v2\/types\/product"}],"wp:featuredmedia":[{"embeddable":true,"href":"https:\/\/mueble4you.com\/en\/wp-json\/wp\/v2\/media\/79409"}],"wp:attachment":[{"href":"https:\/\/mueble4you.com\/en\/wp-json\/wp\/v2\/media?parent=79423"}],"wp:term":[{"taxonomy":"product_brand","embeddable":true,"href":"https:\/\/mueble4you.com\/en\/wp-json\/wp\/v2\/product_brand?post=79423"},{"taxonomy":"product_cat","embeddable":true,"href":"https:\/\/mueble4you.com\/en\/wp-json\/wp\/v2\/product_cat?post=79423"},{"taxonomy":"product_tag","embeddable":true,"href":"https:\/\/mueble4you.com\/en\/wp-json\/wp\/v2\/product_tag?post=79423"}],"curies":[{"name":"wp","href":"https:\/\/api.w.org\/{rel}","templated":true}]}}