{"id":74064,"date":"2020-10-19T14:57:32","date_gmt":"2020-10-19T14:57:32","guid":{"rendered":"https:\/\/mueble4you.com\/productos\/indy-sofa-cama-electrico\/"},"modified":"2024-07-19T11:49:46","modified_gmt":"2024-07-19T11:49:46","slug":"indy-sofa-cama-electrico","status":"publish","type":"product","link":"https:\/\/mueble4you.com\/en\/productos\/indy-sofa-cama-electrico\/","title":{"rendered":"Indy, Sof\u00e1 Cama El\u00e9ctrico, Disponible en Diferentes Colores y Medidas."},"content":{"rendered":"<ul>\n<li>Sof\u00e1 cama el\u00e9ctrico.<\/li>\n<li>Medidas: 200 x 95 x 105 cm.<\/li>\n<li>Disponible en otra tela y color, bajo pedido<\/li>\n<\/ul>\n","protected":false},"excerpt":{"rendered":"<p>Sof\u00e1 cama el\u00e9ctrico. Medidas: 200 x 95 x 105 cm. Disponible en otra tela y color, bajo pedido<\/p>\n","protected":false},"featured_media":41375,"template":"","meta":[],"product_brand":[],"product_cat":[131,547,168],"product_tag":[],"class_list":{"0":"post-74064","1":"product","2":"type-product","3":"status-publish","4":"has-post-thumbnail","6":"product_cat-living-room","7":"product_cat-sofa-bed","8":"product_cat-sofa","10":"first","11":"instock","12":"shipping-taxable","13":"product-type-simple"},"yoast_head":"<!-- This site is optimized with the Yoast SEO plugin v27.3 - https:\/\/yoast.com\/product\/yoast-seo-wordpress\/ -->\n<title>Indy, Sof\u00e1 Cama El\u00e9ctrico, Disponible en Diferentes Colores y Medidas. | mueble4you<\/title>\n<meta name=\"robots\" content=\"index, follow, max-snippet:-1, max-image-preview:large, max-video-preview:-1\" \/>\n<link rel=\"canonical\" href=\"https:\/\/mueble4you.com\/en\/productos\/indy-sofa-cama-electrico\/\" \/>\n<meta property=\"og:locale\" content=\"en_US\" \/>\n<meta property=\"og:type\" content=\"article\" \/>\n<meta property=\"og:title\" content=\"Indy, Sof\u00e1 Cama El\u00e9ctrico, Disponible en Diferentes Colores y Medidas. | mueble4you\" \/>\n<meta property=\"og:description\" content=\"Sof\u00e1 cama el\u00e9ctrico. Medidas: 200 x 95 x 105 cm. Disponible en otra tela y color, bajo pedido\" \/>\n<meta property=\"og:url\" content=\"https:\/\/mueble4you.com\/en\/productos\/indy-sofa-cama-electrico\/\" \/>\n<meta property=\"og:site_name\" content=\"mueble4you\" \/>\n<meta property=\"article:modified_time\" content=\"2024-07-19T11:49:46+00:00\" \/>\n<meta property=\"og:image\" content=\"https:\/\/mueble4you.com\/wp-content\/uploads\/2020\/10\/IMG-20201019-WA0010.jpg\" \/>\n\t<meta property=\"og:image:width\" content=\"1024\" \/>\n\t<meta property=\"og:image:height\" content=\"768\" \/>\n\t<meta property=\"og:image:type\" content=\"image\/jpeg\" \/>\n<meta name=\"twitter:card\" content=\"summary_large_image\" \/>\n<meta name=\"twitter:label1\" content=\"Est. reading time\" \/>\n\t<meta name=\"twitter:data1\" content=\"1 minute\" \/>\n<script type=\"application\/ld+json\" class=\"yoast-schema-graph\">{\"@context\":\"https:\\\/\\\/schema.org\",\"@graph\":[{\"@type\":\"WebPage\",\"@id\":\"https:\\\/\\\/mueble4you.com\\\/en\\\/productos\\\/indy-sofa-cama-electrico\\\/\",\"url\":\"https:\\\/\\\/mueble4you.com\\\/en\\\/productos\\\/indy-sofa-cama-electrico\\\/\",\"name\":\"Indy, Sof\u00e1 Cama El\u00e9ctrico, Disponible en Diferentes Colores y Medidas. | mueble4you\",\"isPartOf\":{\"@id\":\"https:\\\/\\\/mueble4you.com\\\/#website\"},\"primaryImageOfPage\":{\"@id\":\"https:\\\/\\\/mueble4you.com\\\/en\\\/productos\\\/indy-sofa-cama-electrico\\\/#primaryimage\"},\"image\":{\"@id\":\"https:\\\/\\\/mueble4you.com\\\/en\\\/productos\\\/indy-sofa-cama-electrico\\\/#primaryimage\"},\"thumbnailUrl\":\"https:\\\/\\\/mueble4you.com\\\/wp-content\\\/uploads\\\/2020\\\/10\\\/IMG-20201019-WA0010.jpg\",\"datePublished\":\"2020-10-19T14:57:32+00:00\",\"dateModified\":\"2024-07-19T11:49:46+00:00\",\"breadcrumb\":{\"@id\":\"https:\\\/\\\/mueble4you.com\\\/en\\\/productos\\\/indy-sofa-cama-electrico\\\/#breadcrumb\"},\"inLanguage\":\"en-US\",\"potentialAction\":[{\"@type\":\"ReadAction\",\"target\":[\"https:\\\/\\\/mueble4you.com\\\/en\\\/productos\\\/indy-sofa-cama-electrico\\\/\"]}]},{\"@type\":\"ImageObject\",\"inLanguage\":\"en-US\",\"@id\":\"https:\\\/\\\/mueble4you.com\\\/en\\\/productos\\\/indy-sofa-cama-electrico\\\/#primaryimage\",\"url\":\"https:\\\/\\\/mueble4you.com\\\/wp-content\\\/uploads\\\/2020\\\/10\\\/IMG-20201019-WA0010.jpg\",\"contentUrl\":\"https:\\\/\\\/mueble4you.com\\\/wp-content\\\/uploads\\\/2020\\\/10\\\/IMG-20201019-WA0010.jpg\",\"width\":1024,\"height\":768},{\"@type\":\"BreadcrumbList\",\"@id\":\"https:\\\/\\\/mueble4you.com\\\/en\\\/productos\\\/indy-sofa-cama-electrico\\\/#breadcrumb\",\"itemListElement\":[{\"@type\":\"ListItem\",\"position\":1,\"name\":\"Portada\",\"item\":\"https:\\\/\\\/mueble4you.com\\\/en\\\/\"},{\"@type\":\"ListItem\",\"position\":2,\"name\":\"Productos\",\"item\":\"https:\\\/\\\/mueble4you.com\\\/productos\\\/\"},{\"@type\":\"ListItem\",\"position\":3,\"name\":\"Indy, Sof\u00e1 Cama El\u00e9ctrico, Disponible en Diferentes Colores y Medidas.\"}]},{\"@type\":\"WebSite\",\"@id\":\"https:\\\/\\\/mueble4you.com\\\/#website\",\"url\":\"https:\\\/\\\/mueble4you.com\\\/\",\"name\":\"mueble4you\",\"description\":\"Muebles en Tenerife - Furniture in Tenerife\",\"potentialAction\":[{\"@type\":\"SearchAction\",\"target\":{\"@type\":\"EntryPoint\",\"urlTemplate\":\"https:\\\/\\\/mueble4you.com\\\/?s={search_term_string}\"},\"query-input\":{\"@type\":\"PropertyValueSpecification\",\"valueRequired\":true,\"valueName\":\"search_term_string\"}}],\"inLanguage\":\"en-US\"}]}<\/script>\n<!-- \/ Yoast SEO plugin. -->","yoast_head_json":{"title":"Indy, Sof\u00e1 Cama El\u00e9ctrico, Disponible en Diferentes Colores y Medidas. | mueble4you","robots":{"index":"index","follow":"follow","max-snippet":"max-snippet:-1","max-image-preview":"max-image-preview:large","max-video-preview":"max-video-preview:-1"},"canonical":"https:\/\/mueble4you.com\/en\/productos\/indy-sofa-cama-electrico\/","og_locale":"en_US","og_type":"article","og_title":"Indy, Sof\u00e1 Cama El\u00e9ctrico, Disponible en Diferentes Colores y Medidas. | mueble4you","og_description":"Sof\u00e1 cama el\u00e9ctrico. Medidas: 200 x 95 x 105 cm. Disponible en otra tela y color, bajo pedido","og_url":"https:\/\/mueble4you.com\/en\/productos\/indy-sofa-cama-electrico\/","og_site_name":"mueble4you","article_modified_time":"2024-07-19T11:49:46+00:00","og_image":[{"width":1024,"height":768,"url":"https:\/\/mueble4you.com\/wp-content\/uploads\/2020\/10\/IMG-20201019-WA0010.jpg","type":"image\/jpeg"}],"twitter_card":"summary_large_image","twitter_misc":{"Est. reading time":"1 minute"},"schema":{"@context":"https:\/\/schema.org","@graph":[{"@type":"WebPage","@id":"https:\/\/mueble4you.com\/en\/productos\/indy-sofa-cama-electrico\/","url":"https:\/\/mueble4you.com\/en\/productos\/indy-sofa-cama-electrico\/","name":"Indy, Sof\u00e1 Cama El\u00e9ctrico, Disponible en Diferentes Colores y Medidas. | mueble4you","isPartOf":{"@id":"https:\/\/mueble4you.com\/#website"},"primaryImageOfPage":{"@id":"https:\/\/mueble4you.com\/en\/productos\/indy-sofa-cama-electrico\/#primaryimage"},"image":{"@id":"https:\/\/mueble4you.com\/en\/productos\/indy-sofa-cama-electrico\/#primaryimage"},"thumbnailUrl":"https:\/\/mueble4you.com\/wp-content\/uploads\/2020\/10\/IMG-20201019-WA0010.jpg","datePublished":"2020-10-19T14:57:32+00:00","dateModified":"2024-07-19T11:49:46+00:00","breadcrumb":{"@id":"https:\/\/mueble4you.com\/en\/productos\/indy-sofa-cama-electrico\/#breadcrumb"},"inLanguage":"en-US","potentialAction":[{"@type":"ReadAction","target":["https:\/\/mueble4you.com\/en\/productos\/indy-sofa-cama-electrico\/"]}]},{"@type":"ImageObject","inLanguage":"en-US","@id":"https:\/\/mueble4you.com\/en\/productos\/indy-sofa-cama-electrico\/#primaryimage","url":"https:\/\/mueble4you.com\/wp-content\/uploads\/2020\/10\/IMG-20201019-WA0010.jpg","contentUrl":"https:\/\/mueble4you.com\/wp-content\/uploads\/2020\/10\/IMG-20201019-WA0010.jpg","width":1024,"height":768},{"@type":"BreadcrumbList","@id":"https:\/\/mueble4you.com\/en\/productos\/indy-sofa-cama-electrico\/#breadcrumb","itemListElement":[{"@type":"ListItem","position":1,"name":"Portada","item":"https:\/\/mueble4you.com\/en\/"},{"@type":"ListItem","position":2,"name":"Productos","item":"https:\/\/mueble4you.com\/productos\/"},{"@type":"ListItem","position":3,"name":"Indy, Sof\u00e1 Cama El\u00e9ctrico, Disponible en Diferentes Colores y Medidas."}]},{"@type":"WebSite","@id":"https:\/\/mueble4you.com\/#website","url":"https:\/\/mueble4you.com\/","name":"mueble4you","description":"Muebles en Tenerife - Furniture in Tenerife","potentialAction":[{"@type":"SearchAction","target":{"@type":"EntryPoint","urlTemplate":"https:\/\/mueble4you.com\/?s={search_term_string}"},"query-input":{"@type":"PropertyValueSpecification","valueRequired":true,"valueName":"search_term_string"}}],"inLanguage":"en-US"}]}},"_links":{"self":[{"href":"https:\/\/mueble4you.com\/en\/wp-json\/wp\/v2\/product\/74064","targetHints":{"allow":["GET"]}}],"collection":[{"href":"https:\/\/mueble4you.com\/en\/wp-json\/wp\/v2\/product"}],"about":[{"href":"https:\/\/mueble4you.com\/en\/wp-json\/wp\/v2\/types\/product"}],"wp:featuredmedia":[{"embeddable":true,"href":"https:\/\/mueble4you.com\/en\/wp-json\/wp\/v2\/media\/41375"}],"wp:attachment":[{"href":"https:\/\/mueble4you.com\/en\/wp-json\/wp\/v2\/media?parent=74064"}],"wp:term":[{"taxonomy":"product_brand","embeddable":true,"href":"https:\/\/mueble4you.com\/en\/wp-json\/wp\/v2\/product_brand?post=74064"},{"taxonomy":"product_cat","embeddable":true,"href":"https:\/\/mueble4you.com\/en\/wp-json\/wp\/v2\/product_cat?post=74064"},{"taxonomy":"product_tag","embeddable":true,"href":"https:\/\/mueble4you.com\/en\/wp-json\/wp\/v2\/product_tag?post=74064"}],"curies":[{"name":"wp","href":"https:\/\/api.w.org\/{rel}","templated":true}]}}