{"id":73133,"date":"2024-06-17T16:28:31","date_gmt":"2024-06-17T16:28:31","guid":{"rendered":"https:\/\/mueble4you.com\/productos\/mesita-de-noche-vernon\/"},"modified":"2024-08-14T11:38:56","modified_gmt":"2024-08-14T11:38:56","slug":"mesita-de-noche-vernon","status":"publish","type":"product","link":"https:\/\/mueble4you.com\/en\/productos\/mesita-de-noche-vernon\/","title":{"rendered":"MESITA DE NOCHE VERNON"},"content":{"rendered":"<p id=\"product_reference\" class=\"description p_empty\">La Mesita Vernon de VICAL home es una obra maestra de dise\u00f1o, combinando madera de mango con detalles en hierro dorado. De medidas 52x37x61cm, esta mesita no solo a\u00f1ade un toque de brillo a tu habitaci\u00f3n, sino que tambi\u00e9n promete durabilidad y una est\u00e9tica que nunca pasar\u00e1 de moda.<\/p>\n<p id=\"product_reference\" class=\"description medidas\"><b>Ancho:<\/b>\u00a052cm ,\u00a0<b>Fondo:<\/b>\u00a037cm ,\u00a0<b>Alto:<\/b>\u00a061cm<\/p>\n","protected":false},"excerpt":{"rendered":"<p>La Mesita Vernon de VICAL home es una obra maestra de dise\u00f1o, combinando madera de mango con detalles en hierro dorado. De medidas 52x37x61cm, esta mesita no solo a\u00f1ade un toque de brillo a tu habitaci\u00f3n, sino que tambi\u00e9n promete durabilidad y una est\u00e9tica que nunca pasar\u00e1 de moda. Ancho:\u00a052cm ,\u00a0Fondo:\u00a037cm ,\u00a0Alto:\u00a061cm<\/p>\n","protected":false},"featured_media":73129,"template":"","meta":[],"product_brand":[],"product_cat":[165,564],"product_tag":[],"class_list":{"0":"post-73133","1":"product","2":"type-product","3":"status-publish","4":"has-post-thumbnail","6":"product_cat-bedroom","7":"product_cat-night-tables","9":"first","10":"instock","11":"shipping-taxable","12":"product-type-simple"},"yoast_head":"<!-- This site is optimized with the Yoast SEO plugin v27.2 - https:\/\/yoast.com\/product\/yoast-seo-wordpress\/ -->\n<title>MESITA DE NOCHE VERNON | mueble4you<\/title>\n<meta name=\"robots\" content=\"index, follow, max-snippet:-1, max-image-preview:large, max-video-preview:-1\" \/>\n<link rel=\"canonical\" href=\"https:\/\/mueble4you.com\/en\/productos\/mesita-de-noche-vernon\/\" \/>\n<meta property=\"og:locale\" content=\"en_US\" \/>\n<meta property=\"og:type\" content=\"article\" \/>\n<meta property=\"og:title\" content=\"MESITA DE NOCHE VERNON | mueble4you\" \/>\n<meta property=\"og:description\" content=\"La Mesita Vernon de VICAL home es una obra maestra de dise\u00f1o, combinando madera de mango con detalles en hierro dorado. De medidas 52x37x61cm, esta mesita no solo a\u00f1ade un toque de brillo a tu habitaci\u00f3n, sino que tambi\u00e9n promete durabilidad y una est\u00e9tica que nunca pasar\u00e1 de moda. Ancho:\u00a052cm ,\u00a0Fondo:\u00a037cm ,\u00a0Alto:\u00a061cm\" \/>\n<meta property=\"og:url\" content=\"https:\/\/mueble4you.com\/en\/productos\/mesita-de-noche-vernon\/\" \/>\n<meta property=\"og:site_name\" content=\"mueble4you\" \/>\n<meta property=\"article:modified_time\" content=\"2024-08-14T11:38:56+00:00\" \/>\n<meta property=\"og:image\" content=\"https:\/\/mueble4you.com\/wp-content\/uploads\/2024\/06\/32681.jpg\" \/>\n\t<meta property=\"og:image:width\" content=\"1920\" \/>\n\t<meta property=\"og:image:height\" content=\"1920\" \/>\n\t<meta property=\"og:image:type\" content=\"image\/jpeg\" \/>\n<meta name=\"twitter:card\" content=\"summary_large_image\" \/>\n<meta name=\"twitter:label1\" content=\"Est. reading time\" \/>\n\t<meta name=\"twitter:data1\" content=\"1 minute\" \/>\n<script type=\"application\/ld+json\" class=\"yoast-schema-graph\">{\"@context\":\"https:\/\/schema.org\",\"@graph\":[{\"@type\":\"WebPage\",\"@id\":\"https:\/\/mueble4you.com\/en\/productos\/mesita-de-noche-vernon\/\",\"url\":\"https:\/\/mueble4you.com\/en\/productos\/mesita-de-noche-vernon\/\",\"name\":\"MESITA DE NOCHE VERNON | mueble4you\",\"isPartOf\":{\"@id\":\"https:\/\/mueble4you.com\/#website\"},\"primaryImageOfPage\":{\"@id\":\"https:\/\/mueble4you.com\/en\/productos\/mesita-de-noche-vernon\/#primaryimage\"},\"image\":{\"@id\":\"https:\/\/mueble4you.com\/en\/productos\/mesita-de-noche-vernon\/#primaryimage\"},\"thumbnailUrl\":\"https:\/\/mueble4you.com\/wp-content\/uploads\/2024\/06\/32681.jpg\",\"datePublished\":\"2024-06-17T16:28:31+00:00\",\"dateModified\":\"2024-08-14T11:38:56+00:00\",\"breadcrumb\":{\"@id\":\"https:\/\/mueble4you.com\/en\/productos\/mesita-de-noche-vernon\/#breadcrumb\"},\"inLanguage\":\"en-US\",\"potentialAction\":[{\"@type\":\"ReadAction\",\"target\":[\"https:\/\/mueble4you.com\/en\/productos\/mesita-de-noche-vernon\/\"]}]},{\"@type\":\"ImageObject\",\"inLanguage\":\"en-US\",\"@id\":\"https:\/\/mueble4you.com\/en\/productos\/mesita-de-noche-vernon\/#primaryimage\",\"url\":\"https:\/\/mueble4you.com\/wp-content\/uploads\/2024\/06\/32681.jpg\",\"contentUrl\":\"https:\/\/mueble4you.com\/wp-content\/uploads\/2024\/06\/32681.jpg\",\"width\":1920,\"height\":1920},{\"@type\":\"BreadcrumbList\",\"@id\":\"https:\/\/mueble4you.com\/en\/productos\/mesita-de-noche-vernon\/#breadcrumb\",\"itemListElement\":[{\"@type\":\"ListItem\",\"position\":1,\"name\":\"Portada\",\"item\":\"https:\/\/mueble4you.com\/en\/\"},{\"@type\":\"ListItem\",\"position\":2,\"name\":\"Productos\",\"item\":\"https:\/\/mueble4you.com\/productos\/\"},{\"@type\":\"ListItem\",\"position\":3,\"name\":\"MESITA DE NOCHE VERNON\"}]},{\"@type\":\"WebSite\",\"@id\":\"https:\/\/mueble4you.com\/#website\",\"url\":\"https:\/\/mueble4you.com\/\",\"name\":\"mueble4you\",\"description\":\"Muebles en Tenerife - Furniture in Tenerife\",\"potentialAction\":[{\"@type\":\"SearchAction\",\"target\":{\"@type\":\"EntryPoint\",\"urlTemplate\":\"https:\/\/mueble4you.com\/?s={search_term_string}\"},\"query-input\":{\"@type\":\"PropertyValueSpecification\",\"valueRequired\":true,\"valueName\":\"search_term_string\"}}],\"inLanguage\":\"en-US\"}]}<\/script>\n<!-- \/ Yoast SEO plugin. -->","yoast_head_json":{"title":"MESITA DE NOCHE VERNON | mueble4you","robots":{"index":"index","follow":"follow","max-snippet":"max-snippet:-1","max-image-preview":"max-image-preview:large","max-video-preview":"max-video-preview:-1"},"canonical":"https:\/\/mueble4you.com\/en\/productos\/mesita-de-noche-vernon\/","og_locale":"en_US","og_type":"article","og_title":"MESITA DE NOCHE VERNON | mueble4you","og_description":"La Mesita Vernon de VICAL home es una obra maestra de dise\u00f1o, combinando madera de mango con detalles en hierro dorado. De medidas 52x37x61cm, esta mesita no solo a\u00f1ade un toque de brillo a tu habitaci\u00f3n, sino que tambi\u00e9n promete durabilidad y una est\u00e9tica que nunca pasar\u00e1 de moda. Ancho:\u00a052cm ,\u00a0Fondo:\u00a037cm ,\u00a0Alto:\u00a061cm","og_url":"https:\/\/mueble4you.com\/en\/productos\/mesita-de-noche-vernon\/","og_site_name":"mueble4you","article_modified_time":"2024-08-14T11:38:56+00:00","og_image":[{"width":1920,"height":1920,"url":"https:\/\/mueble4you.com\/wp-content\/uploads\/2024\/06\/32681.jpg","type":"image\/jpeg"}],"twitter_card":"summary_large_image","twitter_misc":{"Est. reading time":"1 minute"},"schema":{"@context":"https:\/\/schema.org","@graph":[{"@type":"WebPage","@id":"https:\/\/mueble4you.com\/en\/productos\/mesita-de-noche-vernon\/","url":"https:\/\/mueble4you.com\/en\/productos\/mesita-de-noche-vernon\/","name":"MESITA DE NOCHE VERNON | mueble4you","isPartOf":{"@id":"https:\/\/mueble4you.com\/#website"},"primaryImageOfPage":{"@id":"https:\/\/mueble4you.com\/en\/productos\/mesita-de-noche-vernon\/#primaryimage"},"image":{"@id":"https:\/\/mueble4you.com\/en\/productos\/mesita-de-noche-vernon\/#primaryimage"},"thumbnailUrl":"https:\/\/mueble4you.com\/wp-content\/uploads\/2024\/06\/32681.jpg","datePublished":"2024-06-17T16:28:31+00:00","dateModified":"2024-08-14T11:38:56+00:00","breadcrumb":{"@id":"https:\/\/mueble4you.com\/en\/productos\/mesita-de-noche-vernon\/#breadcrumb"},"inLanguage":"en-US","potentialAction":[{"@type":"ReadAction","target":["https:\/\/mueble4you.com\/en\/productos\/mesita-de-noche-vernon\/"]}]},{"@type":"ImageObject","inLanguage":"en-US","@id":"https:\/\/mueble4you.com\/en\/productos\/mesita-de-noche-vernon\/#primaryimage","url":"https:\/\/mueble4you.com\/wp-content\/uploads\/2024\/06\/32681.jpg","contentUrl":"https:\/\/mueble4you.com\/wp-content\/uploads\/2024\/06\/32681.jpg","width":1920,"height":1920},{"@type":"BreadcrumbList","@id":"https:\/\/mueble4you.com\/en\/productos\/mesita-de-noche-vernon\/#breadcrumb","itemListElement":[{"@type":"ListItem","position":1,"name":"Portada","item":"https:\/\/mueble4you.com\/en\/"},{"@type":"ListItem","position":2,"name":"Productos","item":"https:\/\/mueble4you.com\/productos\/"},{"@type":"ListItem","position":3,"name":"MESITA DE NOCHE VERNON"}]},{"@type":"WebSite","@id":"https:\/\/mueble4you.com\/#website","url":"https:\/\/mueble4you.com\/","name":"mueble4you","description":"Muebles en Tenerife - Furniture in Tenerife","potentialAction":[{"@type":"SearchAction","target":{"@type":"EntryPoint","urlTemplate":"https:\/\/mueble4you.com\/?s={search_term_string}"},"query-input":{"@type":"PropertyValueSpecification","valueRequired":true,"valueName":"search_term_string"}}],"inLanguage":"en-US"}]}},"_links":{"self":[{"href":"https:\/\/mueble4you.com\/en\/wp-json\/wp\/v2\/product\/73133","targetHints":{"allow":["GET"]}}],"collection":[{"href":"https:\/\/mueble4you.com\/en\/wp-json\/wp\/v2\/product"}],"about":[{"href":"https:\/\/mueble4you.com\/en\/wp-json\/wp\/v2\/types\/product"}],"wp:featuredmedia":[{"embeddable":true,"href":"https:\/\/mueble4you.com\/en\/wp-json\/wp\/v2\/media\/73129"}],"wp:attachment":[{"href":"https:\/\/mueble4you.com\/en\/wp-json\/wp\/v2\/media?parent=73133"}],"wp:term":[{"taxonomy":"product_brand","embeddable":true,"href":"https:\/\/mueble4you.com\/en\/wp-json\/wp\/v2\/product_brand?post=73133"},{"taxonomy":"product_cat","embeddable":true,"href":"https:\/\/mueble4you.com\/en\/wp-json\/wp\/v2\/product_cat?post=73133"},{"taxonomy":"product_tag","embeddable":true,"href":"https:\/\/mueble4you.com\/en\/wp-json\/wp\/v2\/product_tag?post=73133"}],"curies":[{"name":"wp","href":"https:\/\/api.w.org\/{rel}","templated":true}]}}