{"id":69310,"date":"2024-01-26T10:12:09","date_gmt":"2024-01-26T10:12:09","guid":{"rendered":"https:\/\/mueble4you.com\/productos\/set-pamplona-sofa2-pl2-butacas-rattan-nat\/"},"modified":"2024-02-06T12:57:47","modified_gmt":"2024-02-06T12:57:47","slug":"set-pamplona-sofa2-pl2-butacas-rattan-nat","status":"publish","type":"product","link":"https:\/\/mueble4you.com\/en\/productos\/set-pamplona-sofa2-pl2-butacas-rattan-nat\/","title":{"rendered":"SET PAMPLONA SOFA2 PL+2 BUTACAS RATTAN NAT."},"content":{"rendered":"<ul>\n<li>Estructura de rat\u00e1n, pies de madera de mango.<\/li>\n<li>trenzado en jawit, acabado a base de nitrocelulosa. cojines desenfundables con tela para uso interior(poli\u00e9ster mixto, algod\u00f3n y lino).<\/li>\n<li>Medidas: Sof\u00e1 de 2 plazas: 173a &#8211; 77b &#8211; 80h &#8211; 40h1 &#8211; 60h2 &#8211; 74h3.<\/li>\n<li>Medidas Sof\u00e1 1 plaza: 97.5a &#8211; 77b &#8211; 80h &#8211; 40h1 &#8211; 60h2 &#8211; 74h3.<\/li>\n<\/ul>\n","protected":false},"excerpt":{"rendered":"<p>Estructura de rat\u00e1n, pies de madera de mango. trenzado en jawit, acabado a base de nitrocelulosa. cojines desenfundables con tela para uso interior(poli\u00e9ster mixto, algod\u00f3n y lino). Medidas: Sof\u00e1 de 2 plazas: 173a &#8211; 77b &#8211; 80h &#8211; 40h1 &#8211; 60h2 &#8211; 74h3. Medidas Sof\u00e1 1 plaza: 97.5a &#8211; 77b &#8211; 80h &#8211; 40h1 &#8211; [&#8230;]\n","protected":false},"featured_media":69295,"template":"","meta":[],"product_brand":[],"product_cat":[303,311],"product_tag":[],"class_list":{"0":"post-69310","1":"product","2":"type-product","3":"status-publish","4":"has-post-thumbnail","6":"product_cat-outdoor","7":"product_cat-set-of-sofas-and-tables","9":"first","10":"instock","11":"shipping-taxable","12":"product-type-simple"},"yoast_head":"<!-- This site is optimized with the Yoast SEO plugin v27.2 - https:\/\/yoast.com\/product\/yoast-seo-wordpress\/ -->\n<title>SET PAMPLONA SOFA2 PL+2 BUTACAS RATTAN NAT. | mueble4you<\/title>\n<meta name=\"robots\" content=\"index, follow, max-snippet:-1, max-image-preview:large, max-video-preview:-1\" \/>\n<link rel=\"canonical\" href=\"https:\/\/mueble4you.com\/en\/productos\/set-pamplona-sofa2-pl2-butacas-rattan-nat\/\" \/>\n<meta property=\"og:locale\" content=\"en_US\" \/>\n<meta property=\"og:type\" content=\"article\" \/>\n<meta property=\"og:title\" content=\"SET PAMPLONA SOFA2 PL+2 BUTACAS RATTAN NAT. | mueble4you\" \/>\n<meta property=\"og:description\" content=\"Estructura de rat\u00e1n, pies de madera de mango. trenzado en jawit, acabado a base de nitrocelulosa. cojines desenfundables con tela para uso interior(poli\u00e9ster mixto, algod\u00f3n y lino). Medidas: Sof\u00e1 de 2 plazas: 173a &#8211; 77b &#8211; 80h &#8211; 40h1 &#8211; 60h2 &#8211; 74h3. Medidas Sof\u00e1 1 plaza: 97.5a &#8211; 77b &#8211; 80h &#8211; 40h1 &#8211; [...]\" \/>\n<meta property=\"og:url\" content=\"https:\/\/mueble4you.com\/en\/productos\/set-pamplona-sofa2-pl2-butacas-rattan-nat\/\" \/>\n<meta property=\"og:site_name\" content=\"mueble4you\" \/>\n<meta property=\"article:modified_time\" content=\"2024-02-06T12:57:47+00:00\" \/>\n<meta property=\"og:image\" content=\"https:\/\/mueble4you.com\/wp-content\/uploads\/2024\/01\/0671662.1.jpg\" \/>\n\t<meta property=\"og:image:width\" content=\"1498\" \/>\n\t<meta property=\"og:image:height\" content=\"1080\" \/>\n\t<meta property=\"og:image:type\" content=\"image\/jpeg\" \/>\n<meta name=\"twitter:card\" content=\"summary_large_image\" \/>\n<meta name=\"twitter:label1\" content=\"Est. reading time\" \/>\n\t<meta name=\"twitter:data1\" content=\"1 minute\" \/>\n<script type=\"application\/ld+json\" class=\"yoast-schema-graph\">{\"@context\":\"https:\/\/schema.org\",\"@graph\":[{\"@type\":\"WebPage\",\"@id\":\"https:\/\/mueble4you.com\/en\/productos\/set-pamplona-sofa2-pl2-butacas-rattan-nat\/\",\"url\":\"https:\/\/mueble4you.com\/en\/productos\/set-pamplona-sofa2-pl2-butacas-rattan-nat\/\",\"name\":\"SET PAMPLONA SOFA2 PL+2 BUTACAS RATTAN NAT. | mueble4you\",\"isPartOf\":{\"@id\":\"https:\/\/mueble4you.com\/#website\"},\"primaryImageOfPage\":{\"@id\":\"https:\/\/mueble4you.com\/en\/productos\/set-pamplona-sofa2-pl2-butacas-rattan-nat\/#primaryimage\"},\"image\":{\"@id\":\"https:\/\/mueble4you.com\/en\/productos\/set-pamplona-sofa2-pl2-butacas-rattan-nat\/#primaryimage\"},\"thumbnailUrl\":\"https:\/\/mueble4you.com\/wp-content\/uploads\/2024\/01\/0671662.1.jpg\",\"datePublished\":\"2024-01-26T10:12:09+00:00\",\"dateModified\":\"2024-02-06T12:57:47+00:00\",\"breadcrumb\":{\"@id\":\"https:\/\/mueble4you.com\/en\/productos\/set-pamplona-sofa2-pl2-butacas-rattan-nat\/#breadcrumb\"},\"inLanguage\":\"en-US\",\"potentialAction\":[{\"@type\":\"ReadAction\",\"target\":[\"https:\/\/mueble4you.com\/en\/productos\/set-pamplona-sofa2-pl2-butacas-rattan-nat\/\"]}]},{\"@type\":\"ImageObject\",\"inLanguage\":\"en-US\",\"@id\":\"https:\/\/mueble4you.com\/en\/productos\/set-pamplona-sofa2-pl2-butacas-rattan-nat\/#primaryimage\",\"url\":\"https:\/\/mueble4you.com\/wp-content\/uploads\/2024\/01\/0671662.1.jpg\",\"contentUrl\":\"https:\/\/mueble4you.com\/wp-content\/uploads\/2024\/01\/0671662.1.jpg\",\"width\":1498,\"height\":1080},{\"@type\":\"BreadcrumbList\",\"@id\":\"https:\/\/mueble4you.com\/en\/productos\/set-pamplona-sofa2-pl2-butacas-rattan-nat\/#breadcrumb\",\"itemListElement\":[{\"@type\":\"ListItem\",\"position\":1,\"name\":\"Portada\",\"item\":\"https:\/\/mueble4you.com\/en\/\"},{\"@type\":\"ListItem\",\"position\":2,\"name\":\"Productos\",\"item\":\"https:\/\/mueble4you.com\/productos\/\"},{\"@type\":\"ListItem\",\"position\":3,\"name\":\"SET PAMPLONA SOFA2 PL+2 BUTACAS RATTAN NAT.\"}]},{\"@type\":\"WebSite\",\"@id\":\"https:\/\/mueble4you.com\/#website\",\"url\":\"https:\/\/mueble4you.com\/\",\"name\":\"mueble4you\",\"description\":\"Muebles en Tenerife - Furniture in Tenerife\",\"potentialAction\":[{\"@type\":\"SearchAction\",\"target\":{\"@type\":\"EntryPoint\",\"urlTemplate\":\"https:\/\/mueble4you.com\/?s={search_term_string}\"},\"query-input\":{\"@type\":\"PropertyValueSpecification\",\"valueRequired\":true,\"valueName\":\"search_term_string\"}}],\"inLanguage\":\"en-US\"}]}<\/script>\n<!-- \/ Yoast SEO plugin. -->","yoast_head_json":{"title":"SET PAMPLONA SOFA2 PL+2 BUTACAS RATTAN NAT. | mueble4you","robots":{"index":"index","follow":"follow","max-snippet":"max-snippet:-1","max-image-preview":"max-image-preview:large","max-video-preview":"max-video-preview:-1"},"canonical":"https:\/\/mueble4you.com\/en\/productos\/set-pamplona-sofa2-pl2-butacas-rattan-nat\/","og_locale":"en_US","og_type":"article","og_title":"SET PAMPLONA SOFA2 PL+2 BUTACAS RATTAN NAT. | mueble4you","og_description":"Estructura de rat\u00e1n, pies de madera de mango. trenzado en jawit, acabado a base de nitrocelulosa. cojines desenfundables con tela para uso interior(poli\u00e9ster mixto, algod\u00f3n y lino). Medidas: Sof\u00e1 de 2 plazas: 173a &#8211; 77b &#8211; 80h &#8211; 40h1 &#8211; 60h2 &#8211; 74h3. Medidas Sof\u00e1 1 plaza: 97.5a &#8211; 77b &#8211; 80h &#8211; 40h1 &#8211; [...]","og_url":"https:\/\/mueble4you.com\/en\/productos\/set-pamplona-sofa2-pl2-butacas-rattan-nat\/","og_site_name":"mueble4you","article_modified_time":"2024-02-06T12:57:47+00:00","og_image":[{"width":1498,"height":1080,"url":"https:\/\/mueble4you.com\/wp-content\/uploads\/2024\/01\/0671662.1.jpg","type":"image\/jpeg"}],"twitter_card":"summary_large_image","twitter_misc":{"Est. reading time":"1 minute"},"schema":{"@context":"https:\/\/schema.org","@graph":[{"@type":"WebPage","@id":"https:\/\/mueble4you.com\/en\/productos\/set-pamplona-sofa2-pl2-butacas-rattan-nat\/","url":"https:\/\/mueble4you.com\/en\/productos\/set-pamplona-sofa2-pl2-butacas-rattan-nat\/","name":"SET PAMPLONA SOFA2 PL+2 BUTACAS RATTAN NAT. | mueble4you","isPartOf":{"@id":"https:\/\/mueble4you.com\/#website"},"primaryImageOfPage":{"@id":"https:\/\/mueble4you.com\/en\/productos\/set-pamplona-sofa2-pl2-butacas-rattan-nat\/#primaryimage"},"image":{"@id":"https:\/\/mueble4you.com\/en\/productos\/set-pamplona-sofa2-pl2-butacas-rattan-nat\/#primaryimage"},"thumbnailUrl":"https:\/\/mueble4you.com\/wp-content\/uploads\/2024\/01\/0671662.1.jpg","datePublished":"2024-01-26T10:12:09+00:00","dateModified":"2024-02-06T12:57:47+00:00","breadcrumb":{"@id":"https:\/\/mueble4you.com\/en\/productos\/set-pamplona-sofa2-pl2-butacas-rattan-nat\/#breadcrumb"},"inLanguage":"en-US","potentialAction":[{"@type":"ReadAction","target":["https:\/\/mueble4you.com\/en\/productos\/set-pamplona-sofa2-pl2-butacas-rattan-nat\/"]}]},{"@type":"ImageObject","inLanguage":"en-US","@id":"https:\/\/mueble4you.com\/en\/productos\/set-pamplona-sofa2-pl2-butacas-rattan-nat\/#primaryimage","url":"https:\/\/mueble4you.com\/wp-content\/uploads\/2024\/01\/0671662.1.jpg","contentUrl":"https:\/\/mueble4you.com\/wp-content\/uploads\/2024\/01\/0671662.1.jpg","width":1498,"height":1080},{"@type":"BreadcrumbList","@id":"https:\/\/mueble4you.com\/en\/productos\/set-pamplona-sofa2-pl2-butacas-rattan-nat\/#breadcrumb","itemListElement":[{"@type":"ListItem","position":1,"name":"Portada","item":"https:\/\/mueble4you.com\/en\/"},{"@type":"ListItem","position":2,"name":"Productos","item":"https:\/\/mueble4you.com\/productos\/"},{"@type":"ListItem","position":3,"name":"SET PAMPLONA SOFA2 PL+2 BUTACAS RATTAN NAT."}]},{"@type":"WebSite","@id":"https:\/\/mueble4you.com\/#website","url":"https:\/\/mueble4you.com\/","name":"mueble4you","description":"Muebles en Tenerife - Furniture in Tenerife","potentialAction":[{"@type":"SearchAction","target":{"@type":"EntryPoint","urlTemplate":"https:\/\/mueble4you.com\/?s={search_term_string}"},"query-input":{"@type":"PropertyValueSpecification","valueRequired":true,"valueName":"search_term_string"}}],"inLanguage":"en-US"}]}},"_links":{"self":[{"href":"https:\/\/mueble4you.com\/en\/wp-json\/wp\/v2\/product\/69310","targetHints":{"allow":["GET"]}}],"collection":[{"href":"https:\/\/mueble4you.com\/en\/wp-json\/wp\/v2\/product"}],"about":[{"href":"https:\/\/mueble4you.com\/en\/wp-json\/wp\/v2\/types\/product"}],"wp:featuredmedia":[{"embeddable":true,"href":"https:\/\/mueble4you.com\/en\/wp-json\/wp\/v2\/media\/69295"}],"wp:attachment":[{"href":"https:\/\/mueble4you.com\/en\/wp-json\/wp\/v2\/media?parent=69310"}],"wp:term":[{"taxonomy":"product_brand","embeddable":true,"href":"https:\/\/mueble4you.com\/en\/wp-json\/wp\/v2\/product_brand?post=69310"},{"taxonomy":"product_cat","embeddable":true,"href":"https:\/\/mueble4you.com\/en\/wp-json\/wp\/v2\/product_cat?post=69310"},{"taxonomy":"product_tag","embeddable":true,"href":"https:\/\/mueble4you.com\/en\/wp-json\/wp\/v2\/product_tag?post=69310"}],"curies":[{"name":"wp","href":"https:\/\/api.w.org\/{rel}","templated":true}]}}