{"id":2917,"date":"2013-08-06T20:13:19","date_gmt":"2013-08-06T20:13:19","guid":{"rendered":"http:\/\/mueble4you.com\/?page_id=2917"},"modified":"2018-08-31T12:32:49","modified_gmt":"2018-08-31T12:32:49","slug":"homepage","status":"publish","type":"page","link":"https:\/\/mueble4you.com\/en\/","title":{"rendered":"Homepage"},"content":{"rendered":"<div class=\"slider-wrapper relative\" id=\"slider-445368338\" >\n    <div class=\"slider slider-nav-circle slider-nav-large slider-nav-dark slider-style-normal\"\n        data-flickity-options='{\n            \"cellAlign\": \"center\",\n            \"imagesLoaded\": true,\n            \"lazyLoad\": 1,\n            \"freeScroll\": false,\n            \"wrapAround\": true,\n            \"autoPlay\": 6000,\n            \"pauseAutoPlayOnHover\" : true,\n            \"prevNextButtons\": true,\n            \"contain\" : true,\n            \"adaptiveHeight\" : true,\n            \"dragThreshold\" : 10,\n            \"percentPosition\": true,\n            \"pageDots\": true,\n            \"rightToLeft\": false,\n            \"draggable\": true,\n            \"selectedAttraction\": 0.1,\n            \"parallax\" : 0,\n            \"friction\": 0.6        }'\n        >\n        \n\n\n  <div class=\"banner has-hover\" id=\"banner-1133515633\">\n          <div class=\"banner-inner fill\">\n        <div class=\"banner-bg fill\" >\n            <img loading=\"lazy\" decoding=\"async\" width=\"1020\" height=\"372\" src=\"https:\/\/mueble4you.com\/wp-content\/uploads\/2018\/02\/Slider-1-febrero-2018-1024x373.jpg\" class=\"bg attachment-large size-large\" alt=\"\" \/>                                    \n                    <\/div>\n\t\t\n        <div class=\"banner-layers container\">\n            <div class=\"fill banner-link\"><\/div>            \n\n   <div id=\"text-box-940171954\" class=\"text-box banner-layer x50 md-x50 lg-x50 y50 md-y50 lg-y50 res-text\">\n                     <div data-animate=\"flipInX\">           <div class=\"text-box-content text dark\">\n              \n              <div class=\"text-inner text-center\">\n                  \n\n<h3 class=\"alt-font\">We Build<\/h3>\n<div class=\"is-divider divider clearfix\" ><\/div>\n\n<h1 class=\"h-large\">HOMES<\/h1>\n<h3>ALL THE STYLES AND TRENDS<\/h3>\n<div class=\"is-divider divider clearfix\" ><\/div>\n\n<a href=\"https:\/\/mueble4you.com\/en\/product-category\/outdoor\/\" class=\"button primary\" >\n\t\t<span>OUTDOOR<\/span>\n\t<\/a>\n\n\n<a href=\"https:\/\/mueble4you.com\/en\/product-category\/living-room\/\" class=\"button primary\" >\n\t\t<span>INDOOR<\/span>\n\t<\/a>\n\n\n<a href=\"https:\/\/mueble4you.com\/en\/product-category\/decoration\/\" class=\"button primary\" >\n\t\t<span>DECORATION<\/span>\n\t<\/a>\n\n\n\n              <\/div>\n           <\/div>\n       <\/div>                     \n<style>\n#text-box-940171954 {\n  width: 60%;\n}\n#text-box-940171954 .text-box-content {\n  font-size: 100%;\n}\n@media (min-width:550px) {\n  #text-box-940171954 {\n    width: 80%;\n  }\n}\n<\/style>\n    <\/div>\n \n\n        <\/div>\n      <\/div>\n\n            \n<style>\n#banner-1133515633 {\n  padding-top: 900px;\n}\n<\/style>\n  <\/div>\n\n\n\n  <div class=\"banner has-hover\" id=\"banner-1949224642\">\n          <div class=\"banner-inner fill\">\n        <div class=\"banner-bg fill\" >\n            <img loading=\"lazy\" decoding=\"async\" width=\"1020\" height=\"372\" src=\"https:\/\/mueble4you.com\/wp-content\/uploads\/2018\/02\/Foto-slider-2-febrero-2018-1024x373.jpg\" class=\"bg attachment-large size-large\" alt=\"\" \/>                                    \n                    <\/div>\n\t\t\n        <div class=\"banner-layers container\">\n            <div class=\"fill banner-link\"><\/div>            \n\n   <div id=\"text-box-1288638214\" class=\"text-box banner-layer x50 md-x50 lg-x50 y50 md-y50 lg-y50 res-text\">\n                     <div data-animate=\"flipInX\">           <div class=\"text-box-content text dark\">\n              \n              <div class=\"text-inner text-center\">\n                  \n\n<h3 class=\"alt-font\">We Build<\/h3>\n<div class=\"is-divider divider clearfix\" ><\/div>\n\n<h1 class=\"h-large\">HOMES<\/h1>\n<h3>ALL THE STYLES AND TENDENCIES<\/h3>\n<div class=\"is-divider divider clearfix\" ><\/div>\n\n<a href=\"https:\/\/mueble4you.com\/en\/product-category\/outdoor\/\" class=\"button white is-outline\" >\n\t\t<span>OUTDOOR<\/span>\n\t<\/a>\n\n\n<a href=\"https:\/\/mueble4you.com\/en\/product-category\/living-room\/\" class=\"button white is-outline\" >\n\t\t<span>INDOOR<\/span>\n\t<\/a>\n\n\n<a href=\"https:\/\/mueble4you.com\/en\/product-category\/decoration\/\" class=\"button white is-outline\" >\n\t\t<span>DECORATION<\/span>\n\t<\/a>\n\n\n\n              <\/div>\n           <\/div>\n       <\/div>                     \n<style>\n#text-box-1288638214 {\n  width: 60%;\n}\n#text-box-1288638214 .text-box-content {\n  font-size: 100%;\n}\n@media (min-width:550px) {\n  #text-box-1288638214 {\n    width: 80%;\n  }\n}\n<\/style>\n    <\/div>\n \n\n        <\/div>\n      <\/div>\n\n            \n<style>\n#banner-1949224642 {\n  padding-top: 900px;\n}\n<\/style>\n  <\/div>\n\n\n\n  <div class=\"banner has-hover\" id=\"banner-860018834\">\n          <div class=\"banner-inner fill\">\n        <div class=\"banner-bg fill\" >\n            <img loading=\"lazy\" decoding=\"async\" width=\"1020\" height=\"372\" src=\"https:\/\/mueble4you.com\/wp-content\/uploads\/2018\/02\/Foto-slider-3-febrero-2018-1024x373.jpg\" class=\"bg attachment-large size-large\" alt=\"\" \/>                                    \n                    <\/div>\n\t\t\n        <div class=\"banner-layers container\">\n            <div class=\"fill banner-link\"><\/div>            \n\n   <div id=\"text-box-773893402\" class=\"text-box banner-layer x50 md-x50 lg-x50 y50 md-y50 lg-y50 res-text\">\n                     <div data-animate=\"flipInX\">           <div class=\"text-box-content text dark\">\n              \n              <div class=\"text-inner text-center\">\n                  \n\n<h3 class=\"alt-font\">We Build<\/h3>\n<div class=\"is-divider divider clearfix\" ><\/div>\n\n<h1 class=\"h-large\">HOMES<\/h1>\n<h3>ALL THE STYLES AND TENDENCIES<\/h3>\n<div class=\"is-divider divider clearfix\" ><\/div>\n\n<a href=\"https:\/\/mueble4you.com\/en\/product-category\/outdoor\/\" class=\"button white is-outline\" >\n\t\t<span>OUTDOOR<\/span>\n\t<\/a>\n\n\n<a href=\"https:\/\/mueble4you.com\/en\/product-category\/living-room\/\" class=\"button white is-outline\" >\n\t\t<span>INDOOR<\/span>\n\t<\/a>\n\n\n<a href=\"https:\/\/mueble4you.com\/en\/product-category\/decoration\/\" class=\"button white is-outline\" >\n\t\t<span>DECORATION<\/span>\n\t<\/a>\n\n\n\n              <\/div>\n           <\/div>\n       <\/div>                     \n<style>\n#text-box-773893402 {\n  width: 60%;\n}\n#text-box-773893402 .text-box-content {\n  font-size: 100%;\n}\n@media (min-width:550px) {\n  #text-box-773893402 {\n    width: 80%;\n  }\n}\n<\/style>\n    <\/div>\n \n\n        <\/div>\n      <\/div>\n\n            \n<style>\n#banner-860018834 {\n  padding-top: 900px;\n}\n<\/style>\n  <\/div>\n\n\n\n     <\/div>\n\n     <div class=\"loading-spin dark large centered\"><\/div>\n\n\t<\/div>\n\n\n<div class=\"is-divider divider clearfix\" style=\"max-width:15px;\"><\/div>\n<div class=\"row align-middle align-center row-box-shadow-1 row-box-shadow-2-hover\"  id=\"row-185377634\">\n\n\t<div id=\"col-1929021811\" class=\"col medium-4 small-12 large-4\"  >\n\t\t\t\t<div class=\"col-inner\"  >\n\t\t\t\n\t\t\t\n\n  <div class=\"banner has-hover bg-zoom bg-zoom\" id=\"banner-1763100375\">\n          <div class=\"banner-inner fill\">\n        <div class=\"banner-bg fill\" >\n            <img loading=\"lazy\" decoding=\"async\" width=\"339\" height=\"166\" src=\"https:\/\/mueble4you.com\/wp-content\/uploads\/2018\/08\/nosotros-mueble4you.jpg\" class=\"bg attachment-large size-large\" alt=\"\" \/>                        <div class=\"overlay\"><\/div>            \n                    <\/div>\n\t\t\n        <div class=\"banner-layers container\">\n            <a class=\"fill\" href=\"https:\/\/mueble4you.com\/en\/about-us\/\"><div class=\"fill banner-link\"><\/div><\/a>            \n   <div id=\"text-box-1113339331\" class=\"text-box banner-layer x50 md-x50 lg-x50 y50 md-y50 lg-y50 res-text\">\n                                <div class=\"text-box-content text dark\">\n              \n              <div class=\"text-inner text-center\">\n                  \n<h2>ABOUT US<\/h2>\n              <\/div>\n           <\/div>\n                            \n<style>\n#text-box-1113339331 {\n  width: 60%;\n}\n#text-box-1113339331 .text-box-content {\n  font-size: 100%;\n}\n<\/style>\n    <\/div>\n \n        <\/div>\n      <\/div>\n\n              <div class=\"height-fix is-invisible\"><img loading=\"lazy\" decoding=\"async\" width=\"339\" height=\"166\" src=\"https:\/\/mueble4you.com\/wp-content\/uploads\/2018\/08\/nosotros-mueble4you.jpg\" class=\"attachment-large size-large\" alt=\"\" srcset=\"https:\/\/mueble4you.com\/wp-content\/uploads\/2018\/08\/nosotros-mueble4you.jpg 339w, https:\/\/mueble4you.com\/wp-content\/uploads\/2018\/08\/nosotros-mueble4you-300x147.jpg 300w\" sizes=\"auto, (max-width: 339px) 100vw, 339px\" \/><\/div>\n            \n<style>\n#banner-1763100375 .overlay {\n  background-color: rgba(0, 0, 0, 0.17);\n}\n<\/style>\n  <\/div>\n\n\n\t\t<\/div>\n\t\t\t\t\t<\/div>\n\n\t\n\n\t<div id=\"col-1943231132\" class=\"col medium-4 small-12 large-4\"  >\n\t\t\t\t<div class=\"col-inner\"  >\n\t\t\t\n\t\t\t\n\n  <div class=\"banner has-hover bg-fade-in bg-zoom\" id=\"banner-836001616\">\n          <div class=\"banner-inner fill\">\n        <div class=\"banner-bg fill\" >\n            <img loading=\"lazy\" decoding=\"async\" width=\"339\" height=\"166\" src=\"https:\/\/mueble4you.com\/wp-content\/uploads\/2018\/08\/conoce-nuestra-tienda-mueble-4you.jpg\" class=\"bg attachment-large size-large\" alt=\"\" \/>                                    \n                    <\/div>\n\t\t\n        <div class=\"banner-layers container\">\n            <a class=\"fill\" href=\"http:\/\/mueble4you360.com\/\" target=\"_blank\" rel=\"noopener\"><div class=\"fill banner-link\"><\/div><\/a>            \n   <div id=\"text-box-1119051046\" class=\"text-box banner-layer x50 md-x50 lg-x50 y50 md-y50 lg-y50 res-text\">\n                                <div class=\"text-box-content text dark\">\n              \n              <div class=\"text-inner text-center\">\n                  \n<h2>OUR SHOP<\/h2>\n              <\/div>\n           <\/div>\n                            \n<style>\n#text-box-1119051046 {\n  width: 60%;\n}\n#text-box-1119051046 .text-box-content {\n  font-size: 100%;\n}\n<\/style>\n    <\/div>\n \n        <\/div>\n      <\/div>\n\n              <div class=\"height-fix is-invisible\"><img loading=\"lazy\" decoding=\"async\" width=\"339\" height=\"166\" src=\"https:\/\/mueble4you.com\/wp-content\/uploads\/2018\/08\/conoce-nuestra-tienda-mueble-4you.jpg\" class=\"attachment-large size-large\" alt=\"\" srcset=\"https:\/\/mueble4you.com\/wp-content\/uploads\/2018\/08\/conoce-nuestra-tienda-mueble-4you.jpg 339w, https:\/\/mueble4you.com\/wp-content\/uploads\/2018\/08\/conoce-nuestra-tienda-mueble-4you-300x147.jpg 300w\" sizes=\"auto, (max-width: 339px) 100vw, 339px\" \/><\/div>\n              <\/div>\n\n\n\t\t<\/div>\n\t\t\t\t\t<\/div>\n\n\t\n\n\t<div id=\"col-1799520914\" class=\"col medium-4 small-12 large-4\"  >\n\t\t\t\t<div class=\"col-inner\"  >\n\t\t\t\n\t\t\t\n\n  <div class=\"banner has-hover bg-zoom bg-zoom\" id=\"banner-1844443935\">\n          <div class=\"banner-inner fill\">\n        <div class=\"banner-bg fill\" >\n            <img loading=\"lazy\" decoding=\"async\" width=\"339\" height=\"166\" src=\"https:\/\/mueble4you.com\/wp-content\/uploads\/2018\/08\/servicios-mueble4you.jpg\" class=\"bg attachment-large size-large\" alt=\"\" \/>                        <div class=\"overlay\"><\/div>            \n                    <\/div>\n\t\t\n        <div class=\"banner-layers container\">\n            <a class=\"fill\" href=\"https:\/\/mueble4you.com\/en\/services\/\"><div class=\"fill banner-link\"><\/div><\/a>            \n   <div id=\"text-box-659772757\" class=\"text-box banner-layer x50 md-x50 lg-x50 y50 md-y50 lg-y50 res-text\">\n                                <div class=\"text-box-content text dark\">\n              \n              <div class=\"text-inner text-center\">\n                  \n<h2>SERVICES<\/h2>\n              <\/div>\n           <\/div>\n                            \n<style>\n#text-box-659772757 {\n  width: 60%;\n}\n#text-box-659772757 .text-box-content {\n  font-size: 100%;\n}\n<\/style>\n    <\/div>\n \n        <\/div>\n      <\/div>\n\n              <div class=\"height-fix is-invisible\"><img loading=\"lazy\" decoding=\"async\" width=\"339\" height=\"166\" src=\"https:\/\/mueble4you.com\/wp-content\/uploads\/2018\/08\/servicios-mueble4you.jpg\" class=\"attachment-large size-large\" alt=\"\" srcset=\"https:\/\/mueble4you.com\/wp-content\/uploads\/2018\/08\/servicios-mueble4you.jpg 339w, https:\/\/mueble4you.com\/wp-content\/uploads\/2018\/08\/servicios-mueble4you-300x147.jpg 300w\" sizes=\"auto, (max-width: 339px) 100vw, 339px\" \/><\/div>\n            \n<style>\n#banner-1844443935 .overlay {\n  background-color: rgba(0, 0, 0, 0.17);\n}\n<\/style>\n  <\/div>\n\n\n\t\t<\/div>\n\t\t\t\t\t<\/div>\n\n\t\n<\/div>\n","protected":false},"excerpt":{"rendered":"","protected":false},"author":2,"featured_media":0,"parent":0,"menu_order":0,"comment_status":"closed","ping_status":"closed","template":"page-blank.php","meta":{"footnotes":""},"class_list":["post-2917","page","type-page","status-publish","hentry"],"yoast_head":"<!-- This site is optimized with the Yoast SEO plugin v27.3 - https:\/\/yoast.com\/product\/yoast-seo-wordpress\/ -->\n<title>Muebles en Tenerife, Tienda de Muebles - Mueble4you<\/title>\n<meta name=\"description\" content=\"Mueble4you es tu tienda de muebles en Tenerife, tienda de muebles en Las Chafiras, San Miguel de Abona. Muebles de interior (mesas, sillas, comedores, sof\u00e1s, camas, dormitorios, consolas, butacas), Muebles de exterior (sof\u00e1s, mesas, sillas, tumbonas, gazebos, parasoles) y Decoraci\u00f3n (cuadros, alfombras, l\u00e1maparas...)\" \/>\n<meta name=\"robots\" content=\"index, follow, max-snippet:-1, max-image-preview:large, max-video-preview:-1\" \/>\n<link rel=\"canonical\" href=\"https:\/\/mueble4you.com\/en\/\" \/>\n<meta property=\"og:locale\" content=\"en_US\" \/>\n<meta property=\"og:type\" content=\"article\" \/>\n<meta property=\"og:title\" content=\"Muebles en Tenerife, Tienda de Muebles - Mueble4you\" \/>\n<meta property=\"og:description\" content=\"Mueble4you es tu tienda de muebles en Tenerife, tienda de muebles en Las Chafiras, San Miguel de Abona. Muebles de interior (mesas, sillas, comedores, sof\u00e1s, camas, dormitorios, consolas, butacas), Muebles de exterior (sof\u00e1s, mesas, sillas, tumbonas, gazebos, parasoles) y Decoraci\u00f3n (cuadros, alfombras, l\u00e1maparas...)\" \/>\n<meta property=\"og:url\" content=\"https:\/\/mueble4you.com\/en\/\" \/>\n<meta property=\"og:site_name\" content=\"mueble4you\" \/>\n<meta property=\"article:modified_time\" content=\"2018-08-31T12:32:49+00:00\" \/>\n<meta name=\"twitter:card\" content=\"summary_large_image\" \/>\n<meta name=\"twitter:label1\" content=\"Est. reading time\" \/>\n\t<meta name=\"twitter:data1\" content=\"1 minute\" \/>\n<script type=\"application\/ld+json\" class=\"yoast-schema-graph\">{\"@context\":\"https:\\\/\\\/schema.org\",\"@graph\":[{\"@type\":\"WebPage\",\"@id\":\"https:\\\/\\\/mueble4you.com\\\/en\\\/\",\"url\":\"https:\\\/\\\/mueble4you.com\\\/en\\\/\",\"name\":\"Muebles en Tenerife, Tienda de Muebles - Mueble4you\",\"isPartOf\":{\"@id\":\"https:\\\/\\\/mueble4you.com\\\/#website\"},\"datePublished\":\"2013-08-06T20:13:19+00:00\",\"dateModified\":\"2018-08-31T12:32:49+00:00\",\"description\":\"Mueble4you es tu tienda de muebles en Tenerife, tienda de muebles en Las Chafiras, San Miguel de Abona. Muebles de interior (mesas, sillas, comedores, sof\u00e1s, camas, dormitorios, consolas, butacas), Muebles de exterior (sof\u00e1s, mesas, sillas, tumbonas, gazebos, parasoles) y Decoraci\u00f3n (cuadros, alfombras, l\u00e1maparas...)\",\"breadcrumb\":{\"@id\":\"https:\\\/\\\/mueble4you.com\\\/en\\\/#breadcrumb\"},\"inLanguage\":\"en-US\",\"potentialAction\":[{\"@type\":\"ReadAction\",\"target\":[\"https:\\\/\\\/mueble4you.com\\\/en\\\/\"]}]},{\"@type\":\"BreadcrumbList\",\"@id\":\"https:\\\/\\\/mueble4you.com\\\/en\\\/#breadcrumb\",\"itemListElement\":[{\"@type\":\"ListItem\",\"position\":1,\"name\":\"Portada\",\"item\":\"https:\\\/\\\/mueble4you.com\\\/en\\\/\"},{\"@type\":\"ListItem\",\"position\":2,\"name\":\"Homepage\"}]},{\"@type\":\"WebSite\",\"@id\":\"https:\\\/\\\/mueble4you.com\\\/#website\",\"url\":\"https:\\\/\\\/mueble4you.com\\\/\",\"name\":\"mueble4you\",\"description\":\"Muebles en Tenerife - Furniture in Tenerife\",\"potentialAction\":[{\"@type\":\"SearchAction\",\"target\":{\"@type\":\"EntryPoint\",\"urlTemplate\":\"https:\\\/\\\/mueble4you.com\\\/?s={search_term_string}\"},\"query-input\":{\"@type\":\"PropertyValueSpecification\",\"valueRequired\":true,\"valueName\":\"search_term_string\"}}],\"inLanguage\":\"en-US\"}]}<\/script>\n<!-- \/ Yoast SEO plugin. -->","yoast_head_json":{"title":"Muebles en Tenerife, Tienda de Muebles - Mueble4you","description":"Mueble4you es tu tienda de muebles en Tenerife, tienda de muebles en Las Chafiras, San Miguel de Abona. Muebles de interior (mesas, sillas, comedores, sof\u00e1s, camas, dormitorios, consolas, butacas), Muebles de exterior (sof\u00e1s, mesas, sillas, tumbonas, gazebos, parasoles) y Decoraci\u00f3n (cuadros, alfombras, l\u00e1maparas...)","robots":{"index":"index","follow":"follow","max-snippet":"max-snippet:-1","max-image-preview":"max-image-preview:large","max-video-preview":"max-video-preview:-1"},"canonical":"https:\/\/mueble4you.com\/en\/","og_locale":"en_US","og_type":"article","og_title":"Muebles en Tenerife, Tienda de Muebles - Mueble4you","og_description":"Mueble4you es tu tienda de muebles en Tenerife, tienda de muebles en Las Chafiras, San Miguel de Abona. Muebles de interior (mesas, sillas, comedores, sof\u00e1s, camas, dormitorios, consolas, butacas), Muebles de exterior (sof\u00e1s, mesas, sillas, tumbonas, gazebos, parasoles) y Decoraci\u00f3n (cuadros, alfombras, l\u00e1maparas...)","og_url":"https:\/\/mueble4you.com\/en\/","og_site_name":"mueble4you","article_modified_time":"2018-08-31T12:32:49+00:00","twitter_card":"summary_large_image","twitter_misc":{"Est. reading time":"1 minute"},"schema":{"@context":"https:\/\/schema.org","@graph":[{"@type":"WebPage","@id":"https:\/\/mueble4you.com\/en\/","url":"https:\/\/mueble4you.com\/en\/","name":"Muebles en Tenerife, Tienda de Muebles - Mueble4you","isPartOf":{"@id":"https:\/\/mueble4you.com\/#website"},"datePublished":"2013-08-06T20:13:19+00:00","dateModified":"2018-08-31T12:32:49+00:00","description":"Mueble4you es tu tienda de muebles en Tenerife, tienda de muebles en Las Chafiras, San Miguel de Abona. Muebles de interior (mesas, sillas, comedores, sof\u00e1s, camas, dormitorios, consolas, butacas), Muebles de exterior (sof\u00e1s, mesas, sillas, tumbonas, gazebos, parasoles) y Decoraci\u00f3n (cuadros, alfombras, l\u00e1maparas...)","breadcrumb":{"@id":"https:\/\/mueble4you.com\/en\/#breadcrumb"},"inLanguage":"en-US","potentialAction":[{"@type":"ReadAction","target":["https:\/\/mueble4you.com\/en\/"]}]},{"@type":"BreadcrumbList","@id":"https:\/\/mueble4you.com\/en\/#breadcrumb","itemListElement":[{"@type":"ListItem","position":1,"name":"Portada","item":"https:\/\/mueble4you.com\/en\/"},{"@type":"ListItem","position":2,"name":"Homepage"}]},{"@type":"WebSite","@id":"https:\/\/mueble4you.com\/#website","url":"https:\/\/mueble4you.com\/","name":"mueble4you","description":"Muebles en Tenerife - Furniture in Tenerife","potentialAction":[{"@type":"SearchAction","target":{"@type":"EntryPoint","urlTemplate":"https:\/\/mueble4you.com\/?s={search_term_string}"},"query-input":{"@type":"PropertyValueSpecification","valueRequired":true,"valueName":"search_term_string"}}],"inLanguage":"en-US"}]}},"_links":{"self":[{"href":"https:\/\/mueble4you.com\/en\/wp-json\/wp\/v2\/pages\/2917","targetHints":{"allow":["GET"]}}],"collection":[{"href":"https:\/\/mueble4you.com\/en\/wp-json\/wp\/v2\/pages"}],"about":[{"href":"https:\/\/mueble4you.com\/en\/wp-json\/wp\/v2\/types\/page"}],"author":[{"embeddable":true,"href":"https:\/\/mueble4you.com\/en\/wp-json\/wp\/v2\/users\/2"}],"replies":[{"embeddable":true,"href":"https:\/\/mueble4you.com\/en\/wp-json\/wp\/v2\/comments?post=2917"}],"version-history":[{"count":28,"href":"https:\/\/mueble4you.com\/en\/wp-json\/wp\/v2\/pages\/2917\/revisions"}],"predecessor-version":[{"id":31521,"href":"https:\/\/mueble4you.com\/en\/wp-json\/wp\/v2\/pages\/2917\/revisions\/31521"}],"wp:attachment":[{"href":"https:\/\/mueble4you.com\/en\/wp-json\/wp\/v2\/media?parent=2917"}],"curies":[{"name":"wp","href":"https:\/\/api.w.org\/{rel}","templated":true}]}}