{"id":90075,"date":"2026-04-09T11:17:10","date_gmt":"2026-04-09T11:17:10","guid":{"rendered":"https:\/\/mueble4you.com\/productos\/pouf-gulizar-oliv-d50\/"},"modified":"2026-04-09T11:27:03","modified_gmt":"2026-04-09T11:27:03","slug":"pouf-gulizar-oliv-d50","status":"publish","type":"product","link":"https:\/\/mueble4you.com\/de\/productos\/pouf-gulizar-oliv-d50\/","title":{"rendered":"GULIZAR OLIV D50 POUF."},"content":{"rendered":"<ul>\n<li>Abnehmbarer Bezug (mit Rei\u00dfverschluss) aus Olefingewebe (100 % Polypropylen), wasserabweisend und UV-best\u00e4ndig (Klasse 7).<\/li>\n<li>Gef\u00fcllt mit expandiertem Polystyrol (EPP) und mit Polyestergewebe gef\u00fcttert.<\/li>\n<li>Ma\u00dfe: \u00d8 50 cm, H\u00f6he 34 cm.<\/li>\n<\/ul>\n","protected":false},"excerpt":{"rendered":"<p>Abnehmbarer Bezug (mit Rei\u00dfverschluss) aus Olefingewebe (100 % Polypropylen), wasserabweisend und UV-best\u00e4ndig (Klasse 7). Gef\u00fcllt mit expandiertem Polystyrol (EPP) und mit Polyestergewebe gef\u00fcttert. Ma\u00dfe: \u00d8 50 cm, H\u00f6he 34 cm.<\/p>\n","protected":false},"featured_media":90076,"template":"","meta":[],"product_brand":[],"product_cat":[268,305,490,422],"product_tag":[],"class_list":{"0":"post-90075","1":"product","2":"type-product","3":"status-publish","4":"has-post-thumbnail","6":"product_cat-esszimmer","7":"product_cat-gartenmobel","8":"product_cat-puff-de","9":"product_cat-zubehoer","11":"first","12":"instock","13":"shipping-taxable","14":"product-type-simple"},"yoast_head":"<!-- This site is optimized with the Yoast SEO plugin v27.2 - https:\/\/yoast.com\/product\/yoast-seo-wordpress\/ -->\n<title>GULIZAR OLIV D50 POUF. | mueble4you<\/title>\n<meta name=\"robots\" content=\"index, follow, max-snippet:-1, max-image-preview:large, max-video-preview:-1\" \/>\n<link rel=\"canonical\" href=\"https:\/\/mueble4you.com\/de\/productos\/pouf-gulizar-oliv-d50\/\" \/>\n<meta property=\"og:locale\" content=\"de_DE\" \/>\n<meta property=\"og:type\" content=\"article\" \/>\n<meta property=\"og:title\" content=\"GULIZAR OLIV D50 POUF. | mueble4you\" \/>\n<meta property=\"og:description\" content=\"Abnehmbarer Bezug (mit Rei\u00dfverschluss) aus Olefingewebe (100 % Polypropylen), wasserabweisend und UV-best\u00e4ndig (Klasse 7). Gef\u00fcllt mit expandiertem Polystyrol (EPP) und mit Polyestergewebe gef\u00fcttert. Ma\u00dfe: \u00d8 50 cm, H\u00f6he 34 cm.\" \/>\n<meta property=\"og:url\" content=\"https:\/\/mueble4you.com\/de\/productos\/pouf-gulizar-oliv-d50\/\" \/>\n<meta property=\"og:site_name\" content=\"mueble4you\" \/>\n<meta property=\"article:modified_time\" content=\"2026-04-09T11:27:03+00:00\" \/>\n<meta property=\"og:image\" content=\"https:\/\/mueble4you.com\/wp-content\/uploads\/2026\/04\/Captura-de-pantalla-2026-04-09-121550.png\" \/>\n\t<meta property=\"og:image:width\" content=\"1244\" \/>\n\t<meta property=\"og:image:height\" content=\"865\" \/>\n\t<meta property=\"og:image:type\" content=\"image\/png\" \/>\n<meta name=\"twitter:card\" content=\"summary_large_image\" \/>\n<script type=\"application\/ld+json\" class=\"yoast-schema-graph\">{\"@context\":\"https:\/\/schema.org\",\"@graph\":[{\"@type\":\"WebPage\",\"@id\":\"https:\/\/mueble4you.com\/de\/productos\/pouf-gulizar-oliv-d50\/\",\"url\":\"https:\/\/mueble4you.com\/de\/productos\/pouf-gulizar-oliv-d50\/\",\"name\":\"GULIZAR OLIV D50 POUF. | mueble4you\",\"isPartOf\":{\"@id\":\"https:\/\/mueble4you.com\/#website\"},\"primaryImageOfPage\":{\"@id\":\"https:\/\/mueble4you.com\/de\/productos\/pouf-gulizar-oliv-d50\/#primaryimage\"},\"image\":{\"@id\":\"https:\/\/mueble4you.com\/de\/productos\/pouf-gulizar-oliv-d50\/#primaryimage\"},\"thumbnailUrl\":\"https:\/\/mueble4you.com\/wp-content\/uploads\/2026\/04\/Captura-de-pantalla-2026-04-09-121550.png\",\"datePublished\":\"2026-04-09T11:17:10+00:00\",\"dateModified\":\"2026-04-09T11:27:03+00:00\",\"breadcrumb\":{\"@id\":\"https:\/\/mueble4you.com\/de\/productos\/pouf-gulizar-oliv-d50\/#breadcrumb\"},\"inLanguage\":\"de\",\"potentialAction\":[{\"@type\":\"ReadAction\",\"target\":[\"https:\/\/mueble4you.com\/de\/productos\/pouf-gulizar-oliv-d50\/\"]}]},{\"@type\":\"ImageObject\",\"inLanguage\":\"de\",\"@id\":\"https:\/\/mueble4you.com\/de\/productos\/pouf-gulizar-oliv-d50\/#primaryimage\",\"url\":\"https:\/\/mueble4you.com\/wp-content\/uploads\/2026\/04\/Captura-de-pantalla-2026-04-09-121550.png\",\"contentUrl\":\"https:\/\/mueble4you.com\/wp-content\/uploads\/2026\/04\/Captura-de-pantalla-2026-04-09-121550.png\",\"width\":1244,\"height\":865},{\"@type\":\"BreadcrumbList\",\"@id\":\"https:\/\/mueble4you.com\/de\/productos\/pouf-gulizar-oliv-d50\/#breadcrumb\",\"itemListElement\":[{\"@type\":\"ListItem\",\"position\":1,\"name\":\"Portada\",\"item\":\"https:\/\/mueble4you.com\/de\/\"},{\"@type\":\"ListItem\",\"position\":2,\"name\":\"Productos\",\"item\":\"https:\/\/mueble4you.com\/productos\/\"},{\"@type\":\"ListItem\",\"position\":3,\"name\":\"GULIZAR OLIV D50 POUF.\"}]},{\"@type\":\"WebSite\",\"@id\":\"https:\/\/mueble4you.com\/#website\",\"url\":\"https:\/\/mueble4you.com\/\",\"name\":\"mueble4you\",\"description\":\"M\u00f6bel in Teneriffa\",\"potentialAction\":[{\"@type\":\"SearchAction\",\"target\":{\"@type\":\"EntryPoint\",\"urlTemplate\":\"https:\/\/mueble4you.com\/?s={search_term_string}\"},\"query-input\":{\"@type\":\"PropertyValueSpecification\",\"valueRequired\":true,\"valueName\":\"search_term_string\"}}],\"inLanguage\":\"de\"}]}<\/script>\n<!-- \/ Yoast SEO plugin. -->","yoast_head_json":{"title":"GULIZAR OLIV D50 POUF. | mueble4you","robots":{"index":"index","follow":"follow","max-snippet":"max-snippet:-1","max-image-preview":"max-image-preview:large","max-video-preview":"max-video-preview:-1"},"canonical":"https:\/\/mueble4you.com\/de\/productos\/pouf-gulizar-oliv-d50\/","og_locale":"de_DE","og_type":"article","og_title":"GULIZAR OLIV D50 POUF. | mueble4you","og_description":"Abnehmbarer Bezug (mit Rei\u00dfverschluss) aus Olefingewebe (100 % Polypropylen), wasserabweisend und UV-best\u00e4ndig (Klasse 7). Gef\u00fcllt mit expandiertem Polystyrol (EPP) und mit Polyestergewebe gef\u00fcttert. Ma\u00dfe: \u00d8 50 cm, H\u00f6he 34 cm.","og_url":"https:\/\/mueble4you.com\/de\/productos\/pouf-gulizar-oliv-d50\/","og_site_name":"mueble4you","article_modified_time":"2026-04-09T11:27:03+00:00","og_image":[{"width":1244,"height":865,"url":"https:\/\/mueble4you.com\/wp-content\/uploads\/2026\/04\/Captura-de-pantalla-2026-04-09-121550.png","type":"image\/png"}],"twitter_card":"summary_large_image","schema":{"@context":"https:\/\/schema.org","@graph":[{"@type":"WebPage","@id":"https:\/\/mueble4you.com\/de\/productos\/pouf-gulizar-oliv-d50\/","url":"https:\/\/mueble4you.com\/de\/productos\/pouf-gulizar-oliv-d50\/","name":"GULIZAR OLIV D50 POUF. | mueble4you","isPartOf":{"@id":"https:\/\/mueble4you.com\/#website"},"primaryImageOfPage":{"@id":"https:\/\/mueble4you.com\/de\/productos\/pouf-gulizar-oliv-d50\/#primaryimage"},"image":{"@id":"https:\/\/mueble4you.com\/de\/productos\/pouf-gulizar-oliv-d50\/#primaryimage"},"thumbnailUrl":"https:\/\/mueble4you.com\/wp-content\/uploads\/2026\/04\/Captura-de-pantalla-2026-04-09-121550.png","datePublished":"2026-04-09T11:17:10+00:00","dateModified":"2026-04-09T11:27:03+00:00","breadcrumb":{"@id":"https:\/\/mueble4you.com\/de\/productos\/pouf-gulizar-oliv-d50\/#breadcrumb"},"inLanguage":"de","potentialAction":[{"@type":"ReadAction","target":["https:\/\/mueble4you.com\/de\/productos\/pouf-gulizar-oliv-d50\/"]}]},{"@type":"ImageObject","inLanguage":"de","@id":"https:\/\/mueble4you.com\/de\/productos\/pouf-gulizar-oliv-d50\/#primaryimage","url":"https:\/\/mueble4you.com\/wp-content\/uploads\/2026\/04\/Captura-de-pantalla-2026-04-09-121550.png","contentUrl":"https:\/\/mueble4you.com\/wp-content\/uploads\/2026\/04\/Captura-de-pantalla-2026-04-09-121550.png","width":1244,"height":865},{"@type":"BreadcrumbList","@id":"https:\/\/mueble4you.com\/de\/productos\/pouf-gulizar-oliv-d50\/#breadcrumb","itemListElement":[{"@type":"ListItem","position":1,"name":"Portada","item":"https:\/\/mueble4you.com\/de\/"},{"@type":"ListItem","position":2,"name":"Productos","item":"https:\/\/mueble4you.com\/productos\/"},{"@type":"ListItem","position":3,"name":"GULIZAR OLIV D50 POUF."}]},{"@type":"WebSite","@id":"https:\/\/mueble4you.com\/#website","url":"https:\/\/mueble4you.com\/","name":"mueble4you","description":"M\u00f6bel in Teneriffa","potentialAction":[{"@type":"SearchAction","target":{"@type":"EntryPoint","urlTemplate":"https:\/\/mueble4you.com\/?s={search_term_string}"},"query-input":{"@type":"PropertyValueSpecification","valueRequired":true,"valueName":"search_term_string"}}],"inLanguage":"de"}]}},"_links":{"self":[{"href":"https:\/\/mueble4you.com\/de\/wp-json\/wp\/v2\/product\/90075","targetHints":{"allow":["GET"]}}],"collection":[{"href":"https:\/\/mueble4you.com\/de\/wp-json\/wp\/v2\/product"}],"about":[{"href":"https:\/\/mueble4you.com\/de\/wp-json\/wp\/v2\/types\/product"}],"wp:featuredmedia":[{"embeddable":true,"href":"https:\/\/mueble4you.com\/de\/wp-json\/wp\/v2\/media\/90076"}],"wp:attachment":[{"href":"https:\/\/mueble4you.com\/de\/wp-json\/wp\/v2\/media?parent=90075"}],"wp:term":[{"taxonomy":"product_brand","embeddable":true,"href":"https:\/\/mueble4you.com\/de\/wp-json\/wp\/v2\/product_brand?post=90075"},{"taxonomy":"product_cat","embeddable":true,"href":"https:\/\/mueble4you.com\/de\/wp-json\/wp\/v2\/product_cat?post=90075"},{"taxonomy":"product_tag","embeddable":true,"href":"https:\/\/mueble4you.com\/de\/wp-json\/wp\/v2\/product_tag?post=90075"}],"curies":[{"name":"wp","href":"https:\/\/api.w.org\/{rel}","templated":true}]}}