{"id":90059,"date":"2026-04-09T11:08:24","date_gmt":"2026-04-09T11:08:24","guid":{"rendered":"https:\/\/mueble4you.com\/productos\/set2-macetero-nirad-alto-verde\/"},"modified":"2026-04-09T11:38:59","modified_gmt":"2026-04-09T11:38:59","slug":"set2-macetero-nirad-alto-verde","status":"publish","type":"product","link":"https:\/\/mueble4you.com\/de\/productos\/set2-macetero-nirad-alto-verde\/","title":{"rendered":"2er-Set hohe gr\u00fcne Nirad-Pflanzgef\u00e4\u00dfe."},"content":{"rendered":"<ul>\n<li>Handgefertigtes Metall, gl\u00e4nzend emailliert. Handgefertigtes Produkt.<\/li>\n<li>Abweichungen in Farbe, Ton oder Unregelm\u00e4\u00dfigkeiten sind als charakteristisches Merkmal zu betrachten.<\/li>\n<li>F\u00fcr den Innen- und Au\u00dfenbereich geeignet.<\/li>\n<li>Ma\u00dfe: \u00d8 32 x 48 cm (H); \u00d8 45 x 69 cm (H).<\/li>\n<\/ul>\n","protected":false},"excerpt":{"rendered":"<p>Handgefertigtes Metall, gl\u00e4nzend emailliert. Handgefertigtes Produkt. Abweichungen in Farbe, Ton oder Unregelm\u00e4\u00dfigkeiten sind als charakteristisches Merkmal zu betrachten. F\u00fcr den Innen- und Au\u00dfenbereich geeignet. Ma\u00dfe: \u00d8 32 x 48 cm (H); \u00d8 45 x 69 cm (H).<\/p>\n","protected":false},"featured_media":90065,"template":"","meta":[],"product_brand":[],"product_cat":[305,346,261,422],"product_tag":[],"class_list":{"0":"post-90059","1":"product","2":"type-product","3":"status-publish","4":"has-post-thumbnail","6":"product_cat-gartenmobel","7":"product_cat-vasen","8":"product_cat-dekoration","9":"product_cat-zubehoer","11":"first","12":"instock","13":"shipping-taxable","14":"product-type-simple"},"yoast_head":"<!-- This site is optimized with the Yoast SEO plugin v27.2 - https:\/\/yoast.com\/product\/yoast-seo-wordpress\/ -->\n<title>2er-Set hohe gr\u00fcne Nirad-Pflanzgef\u00e4\u00dfe. | mueble4you<\/title>\n<meta name=\"robots\" content=\"index, follow, max-snippet:-1, max-image-preview:large, max-video-preview:-1\" \/>\n<link rel=\"canonical\" href=\"https:\/\/mueble4you.com\/de\/productos\/set2-macetero-nirad-alto-verde\/\" \/>\n<meta property=\"og:locale\" content=\"de_DE\" \/>\n<meta property=\"og:type\" content=\"article\" \/>\n<meta property=\"og:title\" content=\"2er-Set hohe gr\u00fcne Nirad-Pflanzgef\u00e4\u00dfe. | mueble4you\" \/>\n<meta property=\"og:description\" content=\"Handgefertigtes Metall, gl\u00e4nzend emailliert. Handgefertigtes Produkt. Abweichungen in Farbe, Ton oder Unregelm\u00e4\u00dfigkeiten sind als charakteristisches Merkmal zu betrachten. F\u00fcr den Innen- und Au\u00dfenbereich geeignet. Ma\u00dfe: \u00d8 32 x 48 cm (H); \u00d8 45 x 69 cm (H).\" \/>\n<meta property=\"og:url\" content=\"https:\/\/mueble4you.com\/de\/productos\/set2-macetero-nirad-alto-verde\/\" \/>\n<meta property=\"og:site_name\" content=\"mueble4you\" \/>\n<meta property=\"article:modified_time\" content=\"2026-04-09T11:38:59+00:00\" \/>\n<meta property=\"og:image\" content=\"https:\/\/mueble4you.com\/wp-content\/uploads\/2026\/04\/Captura-de-pantalla-2026-04-09-121038.png\" \/>\n\t<meta property=\"og:image:width\" content=\"1129\" \/>\n\t<meta property=\"og:image:height\" content=\"832\" \/>\n\t<meta property=\"og:image:type\" content=\"image\/png\" \/>\n<meta name=\"twitter:card\" content=\"summary_large_image\" \/>\n<script type=\"application\/ld+json\" class=\"yoast-schema-graph\">{\"@context\":\"https:\/\/schema.org\",\"@graph\":[{\"@type\":\"WebPage\",\"@id\":\"https:\/\/mueble4you.com\/de\/productos\/set2-macetero-nirad-alto-verde\/\",\"url\":\"https:\/\/mueble4you.com\/de\/productos\/set2-macetero-nirad-alto-verde\/\",\"name\":\"2er-Set hohe gr\u00fcne Nirad-Pflanzgef\u00e4\u00dfe. | mueble4you\",\"isPartOf\":{\"@id\":\"https:\/\/mueble4you.com\/#website\"},\"primaryImageOfPage\":{\"@id\":\"https:\/\/mueble4you.com\/de\/productos\/set2-macetero-nirad-alto-verde\/#primaryimage\"},\"image\":{\"@id\":\"https:\/\/mueble4you.com\/de\/productos\/set2-macetero-nirad-alto-verde\/#primaryimage\"},\"thumbnailUrl\":\"https:\/\/mueble4you.com\/wp-content\/uploads\/2026\/04\/Captura-de-pantalla-2026-04-09-121038.png\",\"datePublished\":\"2026-04-09T11:08:24+00:00\",\"dateModified\":\"2026-04-09T11:38:59+00:00\",\"breadcrumb\":{\"@id\":\"https:\/\/mueble4you.com\/de\/productos\/set2-macetero-nirad-alto-verde\/#breadcrumb\"},\"inLanguage\":\"de\",\"potentialAction\":[{\"@type\":\"ReadAction\",\"target\":[\"https:\/\/mueble4you.com\/de\/productos\/set2-macetero-nirad-alto-verde\/\"]}]},{\"@type\":\"ImageObject\",\"inLanguage\":\"de\",\"@id\":\"https:\/\/mueble4you.com\/de\/productos\/set2-macetero-nirad-alto-verde\/#primaryimage\",\"url\":\"https:\/\/mueble4you.com\/wp-content\/uploads\/2026\/04\/Captura-de-pantalla-2026-04-09-121038.png\",\"contentUrl\":\"https:\/\/mueble4you.com\/wp-content\/uploads\/2026\/04\/Captura-de-pantalla-2026-04-09-121038.png\",\"width\":1129,\"height\":832},{\"@type\":\"BreadcrumbList\",\"@id\":\"https:\/\/mueble4you.com\/de\/productos\/set2-macetero-nirad-alto-verde\/#breadcrumb\",\"itemListElement\":[{\"@type\":\"ListItem\",\"position\":1,\"name\":\"Portada\",\"item\":\"https:\/\/mueble4you.com\/de\/\"},{\"@type\":\"ListItem\",\"position\":2,\"name\":\"Productos\",\"item\":\"https:\/\/mueble4you.com\/productos\/\"},{\"@type\":\"ListItem\",\"position\":3,\"name\":\"2er-Set hohe gr\u00fcne Nirad-Pflanzgef\u00e4\u00dfe.\"}]},{\"@type\":\"WebSite\",\"@id\":\"https:\/\/mueble4you.com\/#website\",\"url\":\"https:\/\/mueble4you.com\/\",\"name\":\"mueble4you\",\"description\":\"M\u00f6bel in Teneriffa\",\"potentialAction\":[{\"@type\":\"SearchAction\",\"target\":{\"@type\":\"EntryPoint\",\"urlTemplate\":\"https:\/\/mueble4you.com\/?s={search_term_string}\"},\"query-input\":{\"@type\":\"PropertyValueSpecification\",\"valueRequired\":true,\"valueName\":\"search_term_string\"}}],\"inLanguage\":\"de\"}]}<\/script>\n<!-- \/ Yoast SEO plugin. -->","yoast_head_json":{"title":"2er-Set hohe gr\u00fcne Nirad-Pflanzgef\u00e4\u00dfe. | mueble4you","robots":{"index":"index","follow":"follow","max-snippet":"max-snippet:-1","max-image-preview":"max-image-preview:large","max-video-preview":"max-video-preview:-1"},"canonical":"https:\/\/mueble4you.com\/de\/productos\/set2-macetero-nirad-alto-verde\/","og_locale":"de_DE","og_type":"article","og_title":"2er-Set hohe gr\u00fcne Nirad-Pflanzgef\u00e4\u00dfe. | mueble4you","og_description":"Handgefertigtes Metall, gl\u00e4nzend emailliert. Handgefertigtes Produkt. Abweichungen in Farbe, Ton oder Unregelm\u00e4\u00dfigkeiten sind als charakteristisches Merkmal zu betrachten. F\u00fcr den Innen- und Au\u00dfenbereich geeignet. Ma\u00dfe: \u00d8 32 x 48 cm (H); \u00d8 45 x 69 cm (H).","og_url":"https:\/\/mueble4you.com\/de\/productos\/set2-macetero-nirad-alto-verde\/","og_site_name":"mueble4you","article_modified_time":"2026-04-09T11:38:59+00:00","og_image":[{"width":1129,"height":832,"url":"https:\/\/mueble4you.com\/wp-content\/uploads\/2026\/04\/Captura-de-pantalla-2026-04-09-121038.png","type":"image\/png"}],"twitter_card":"summary_large_image","schema":{"@context":"https:\/\/schema.org","@graph":[{"@type":"WebPage","@id":"https:\/\/mueble4you.com\/de\/productos\/set2-macetero-nirad-alto-verde\/","url":"https:\/\/mueble4you.com\/de\/productos\/set2-macetero-nirad-alto-verde\/","name":"2er-Set hohe gr\u00fcne Nirad-Pflanzgef\u00e4\u00dfe. | mueble4you","isPartOf":{"@id":"https:\/\/mueble4you.com\/#website"},"primaryImageOfPage":{"@id":"https:\/\/mueble4you.com\/de\/productos\/set2-macetero-nirad-alto-verde\/#primaryimage"},"image":{"@id":"https:\/\/mueble4you.com\/de\/productos\/set2-macetero-nirad-alto-verde\/#primaryimage"},"thumbnailUrl":"https:\/\/mueble4you.com\/wp-content\/uploads\/2026\/04\/Captura-de-pantalla-2026-04-09-121038.png","datePublished":"2026-04-09T11:08:24+00:00","dateModified":"2026-04-09T11:38:59+00:00","breadcrumb":{"@id":"https:\/\/mueble4you.com\/de\/productos\/set2-macetero-nirad-alto-verde\/#breadcrumb"},"inLanguage":"de","potentialAction":[{"@type":"ReadAction","target":["https:\/\/mueble4you.com\/de\/productos\/set2-macetero-nirad-alto-verde\/"]}]},{"@type":"ImageObject","inLanguage":"de","@id":"https:\/\/mueble4you.com\/de\/productos\/set2-macetero-nirad-alto-verde\/#primaryimage","url":"https:\/\/mueble4you.com\/wp-content\/uploads\/2026\/04\/Captura-de-pantalla-2026-04-09-121038.png","contentUrl":"https:\/\/mueble4you.com\/wp-content\/uploads\/2026\/04\/Captura-de-pantalla-2026-04-09-121038.png","width":1129,"height":832},{"@type":"BreadcrumbList","@id":"https:\/\/mueble4you.com\/de\/productos\/set2-macetero-nirad-alto-verde\/#breadcrumb","itemListElement":[{"@type":"ListItem","position":1,"name":"Portada","item":"https:\/\/mueble4you.com\/de\/"},{"@type":"ListItem","position":2,"name":"Productos","item":"https:\/\/mueble4you.com\/productos\/"},{"@type":"ListItem","position":3,"name":"2er-Set hohe gr\u00fcne Nirad-Pflanzgef\u00e4\u00dfe."}]},{"@type":"WebSite","@id":"https:\/\/mueble4you.com\/#website","url":"https:\/\/mueble4you.com\/","name":"mueble4you","description":"M\u00f6bel in Teneriffa","potentialAction":[{"@type":"SearchAction","target":{"@type":"EntryPoint","urlTemplate":"https:\/\/mueble4you.com\/?s={search_term_string}"},"query-input":{"@type":"PropertyValueSpecification","valueRequired":true,"valueName":"search_term_string"}}],"inLanguage":"de"}]}},"_links":{"self":[{"href":"https:\/\/mueble4you.com\/de\/wp-json\/wp\/v2\/product\/90059","targetHints":{"allow":["GET"]}}],"collection":[{"href":"https:\/\/mueble4you.com\/de\/wp-json\/wp\/v2\/product"}],"about":[{"href":"https:\/\/mueble4you.com\/de\/wp-json\/wp\/v2\/types\/product"}],"wp:featuredmedia":[{"embeddable":true,"href":"https:\/\/mueble4you.com\/de\/wp-json\/wp\/v2\/media\/90065"}],"wp:attachment":[{"href":"https:\/\/mueble4you.com\/de\/wp-json\/wp\/v2\/media?parent=90059"}],"wp:term":[{"taxonomy":"product_brand","embeddable":true,"href":"https:\/\/mueble4you.com\/de\/wp-json\/wp\/v2\/product_brand?post=90059"},{"taxonomy":"product_cat","embeddable":true,"href":"https:\/\/mueble4you.com\/de\/wp-json\/wp\/v2\/product_cat?post=90059"},{"taxonomy":"product_tag","embeddable":true,"href":"https:\/\/mueble4you.com\/de\/wp-json\/wp\/v2\/product_tag?post=90059"}],"curies":[{"name":"wp","href":"https:\/\/api.w.org\/{rel}","templated":true}]}}