{"id":89490,"date":"2026-03-12T12:18:39","date_gmt":"2026-03-12T12:18:39","guid":{"rendered":"https:\/\/mueble4you.com\/productos\/lamp-lect-tom-marron\/"},"modified":"2026-03-17T13:37:33","modified_gmt":"2026-03-17T13:37:33","slug":"lamp-lect-tom-marron","status":"publish","type":"product","link":"https:\/\/mueble4you.com\/de\/productos\/lamp-lect-tom-marron\/","title":{"rendered":"Lampe las Tom Brown."},"content":{"rendered":"<ul>\n<li id=\"tw-target-text\" class=\"tw-data-text tw-text-large tw-ta\" dir=\"ltr\" tabindex=\"-1\" role=\"text\" data-placeholder=\"Traducci\u00f3n\" data-ved=\"2ahUKEwjlnL3e-6aTAxXeQEEAHeZ6OpsQ3ewLegQIDBAW\" aria-label=\"Texto traducido: Lampe las Tom Brown.\nLeselampe \u201eTom\u201c, H\u00f6he 180 cm, konischer brauner Keramiksockel und ecrufarbener zylindrischer Schirm.\nEs wurde zur Dekoration entwickelt und bietet eine schlanke Silhouette und ein warmes Finish, das f\u00fcr moderne oder b\u00f6hmische Innenr\u00e4ume geeignet ist.\nLeicht (1,08 kg) und einfach zu verstauen; Mehrwert: fotogene \u00c4sthetik, strukturierte Oberfl\u00e4che und perfekt zur Hervorhebung einer Leseecke oder als Akzentbeleuchtung.\"><span class=\"Y2IQFc\" lang=\"de\">Leselampe \u201eTom\u201c, H\u00f6he 180 cm, konischer brauner Keramiksockel und ecrufarbener zylindrischer Schirm. <\/span><\/li>\n<li class=\"tw-data-text tw-text-large tw-ta\" dir=\"ltr\" tabindex=\"-1\" role=\"text\" data-placeholder=\"Traducci\u00f3n\" data-ved=\"2ahUKEwjlnL3e-6aTAxXeQEEAHeZ6OpsQ3ewLegQIDBAW\" aria-label=\"Texto traducido: Lampe las Tom Brown.\nLeselampe \u201eTom\u201c, H\u00f6he 180 cm, konischer brauner Keramiksockel und ecrufarbener zylindrischer Schirm.\nEs wurde zur Dekoration entwickelt und bietet eine schlanke Silhouette und ein warmes Finish, das f\u00fcr moderne oder b\u00f6hmische Innenr\u00e4ume geeignet ist.\nLeicht (1,08 kg) und einfach zu verstauen; Mehrwert: fotogene \u00c4sthetik, strukturierte Oberfl\u00e4che und perfekt zur Hervorhebung einer Leseecke oder als Akzentbeleuchtung.\"><span class=\"Y2IQFc\" lang=\"de\">Es wurde zur Dekoration entwickelt und bietet eine schlanke Silhouette und ein warmes Finish, das f\u00fcr moderne oder b\u00f6hmische Innenr\u00e4ume geeignet ist.<\/span><\/li>\n<li class=\"tw-data-text tw-text-large tw-ta\" dir=\"ltr\" tabindex=\"-1\" role=\"text\" data-placeholder=\"Traducci\u00f3n\" data-ved=\"2ahUKEwjlnL3e-6aTAxXeQEEAHeZ6OpsQ3ewLegQIDBAW\" aria-label=\"Texto traducido: Lampe las Tom Brown.\nLeselampe \u201eTom\u201c, H\u00f6he 180 cm, konischer brauner Keramiksockel und ecrufarbener zylindrischer Schirm.\nEs wurde zur Dekoration entwickelt und bietet eine schlanke Silhouette und ein warmes Finish, das f\u00fcr moderne oder b\u00f6hmische Innenr\u00e4ume geeignet ist.\nLeicht (1,08 kg) und einfach zu verstauen; Mehrwert: fotogene \u00c4sthetik, strukturierte Oberfl\u00e4che und perfekt zur Hervorhebung einer Leseecke oder als Akzentbeleuchtung.\"><span class=\"Y2IQFc\" lang=\"de\">Leicht (1,08 kg) und einfach zu verstauen; Mehrwert: fotogene \u00c4sthetik, strukturierte Oberfl\u00e4che und perfekt zur Hervorhebung einer Leseecke oder als Akzentbeleuchtung.<\/span><\/li>\n<\/ul>\n","protected":false},"excerpt":{"rendered":"<p>Leselampe \u201eTom\u201c, H\u00f6he 180 cm, konischer brauner Keramiksockel und ecrufarbener zylindrischer Schirm. Es wurde zur Dekoration entwickelt und bietet eine schlanke Silhouette und ein warmes Finish, das f\u00fcr moderne oder b\u00f6hmische Innenr\u00e4ume geeignet ist. Leicht (1,08 kg) und einfach zu verstauen; Mehrwert: fotogene \u00c4sthetik, strukturierte Oberfl\u00e4che und perfekt zur Hervorhebung einer Leseecke oder als Akzentbeleuchtung.<\/p>\n","protected":false},"featured_media":89491,"template":"","meta":[],"product_brand":[],"product_cat":[341,261],"product_tag":[],"class_list":{"0":"post-89490","1":"product","2":"type-product","3":"status-publish","4":"has-post-thumbnail","6":"product_cat-lampen","7":"product_cat-dekoration","9":"first","10":"instock","11":"shipping-taxable","12":"product-type-simple"},"yoast_head":"<!-- This site is optimized with the Yoast SEO plugin v27.2 - https:\/\/yoast.com\/product\/yoast-seo-wordpress\/ -->\n<title>Lampe las Tom Brown. | mueble4you<\/title>\n<meta name=\"robots\" content=\"index, follow, max-snippet:-1, max-image-preview:large, max-video-preview:-1\" \/>\n<link rel=\"canonical\" href=\"https:\/\/mueble4you.com\/de\/productos\/lamp-lect-tom-marron\/\" \/>\n<meta property=\"og:locale\" content=\"de_DE\" \/>\n<meta property=\"og:type\" content=\"article\" \/>\n<meta property=\"og:title\" content=\"Lampe las Tom Brown. | mueble4you\" \/>\n<meta property=\"og:description\" content=\"Leselampe \u201eTom\u201c, H\u00f6he 180 cm, konischer brauner Keramiksockel und ecrufarbener zylindrischer Schirm. Es wurde zur Dekoration entwickelt und bietet eine schlanke Silhouette und ein warmes Finish, das f\u00fcr moderne oder b\u00f6hmische Innenr\u00e4ume geeignet ist. Leicht (1,08 kg) und einfach zu verstauen; Mehrwert: fotogene \u00c4sthetik, strukturierte Oberfl\u00e4che und perfekt zur Hervorhebung einer Leseecke oder als Akzentbeleuchtung.\" \/>\n<meta property=\"og:url\" content=\"https:\/\/mueble4you.com\/de\/productos\/lamp-lect-tom-marron\/\" \/>\n<meta property=\"og:site_name\" content=\"mueble4you\" \/>\n<meta property=\"article:modified_time\" content=\"2026-03-17T13:37:33+00:00\" \/>\n<meta property=\"og:image\" content=\"https:\/\/mueble4you.com\/wp-content\/uploads\/2026\/03\/171109.jpg\" \/>\n\t<meta property=\"og:image:width\" content=\"2000\" \/>\n\t<meta property=\"og:image:height\" content=\"2000\" \/>\n\t<meta property=\"og:image:type\" content=\"image\/jpeg\" \/>\n<meta name=\"twitter:card\" content=\"summary_large_image\" \/>\n<script type=\"application\/ld+json\" class=\"yoast-schema-graph\">{\"@context\":\"https:\/\/schema.org\",\"@graph\":[{\"@type\":\"WebPage\",\"@id\":\"https:\/\/mueble4you.com\/de\/productos\/lamp-lect-tom-marron\/\",\"url\":\"https:\/\/mueble4you.com\/de\/productos\/lamp-lect-tom-marron\/\",\"name\":\"Lampe las Tom Brown. | mueble4you\",\"isPartOf\":{\"@id\":\"https:\/\/mueble4you.com\/#website\"},\"primaryImageOfPage\":{\"@id\":\"https:\/\/mueble4you.com\/de\/productos\/lamp-lect-tom-marron\/#primaryimage\"},\"image\":{\"@id\":\"https:\/\/mueble4you.com\/de\/productos\/lamp-lect-tom-marron\/#primaryimage\"},\"thumbnailUrl\":\"https:\/\/mueble4you.com\/wp-content\/uploads\/2026\/03\/171109.jpg\",\"datePublished\":\"2026-03-12T12:18:39+00:00\",\"dateModified\":\"2026-03-17T13:37:33+00:00\",\"breadcrumb\":{\"@id\":\"https:\/\/mueble4you.com\/de\/productos\/lamp-lect-tom-marron\/#breadcrumb\"},\"inLanguage\":\"de\",\"potentialAction\":[{\"@type\":\"ReadAction\",\"target\":[\"https:\/\/mueble4you.com\/de\/productos\/lamp-lect-tom-marron\/\"]}]},{\"@type\":\"ImageObject\",\"inLanguage\":\"de\",\"@id\":\"https:\/\/mueble4you.com\/de\/productos\/lamp-lect-tom-marron\/#primaryimage\",\"url\":\"https:\/\/mueble4you.com\/wp-content\/uploads\/2026\/03\/171109.jpg\",\"contentUrl\":\"https:\/\/mueble4you.com\/wp-content\/uploads\/2026\/03\/171109.jpg\",\"width\":2000,\"height\":2000},{\"@type\":\"BreadcrumbList\",\"@id\":\"https:\/\/mueble4you.com\/de\/productos\/lamp-lect-tom-marron\/#breadcrumb\",\"itemListElement\":[{\"@type\":\"ListItem\",\"position\":1,\"name\":\"Portada\",\"item\":\"https:\/\/mueble4you.com\/de\/\"},{\"@type\":\"ListItem\",\"position\":2,\"name\":\"Productos\",\"item\":\"https:\/\/mueble4you.com\/productos\/\"},{\"@type\":\"ListItem\",\"position\":3,\"name\":\"Lampe las Tom Brown.\"}]},{\"@type\":\"WebSite\",\"@id\":\"https:\/\/mueble4you.com\/#website\",\"url\":\"https:\/\/mueble4you.com\/\",\"name\":\"mueble4you\",\"description\":\"M\u00f6bel in Teneriffa\",\"potentialAction\":[{\"@type\":\"SearchAction\",\"target\":{\"@type\":\"EntryPoint\",\"urlTemplate\":\"https:\/\/mueble4you.com\/?s={search_term_string}\"},\"query-input\":{\"@type\":\"PropertyValueSpecification\",\"valueRequired\":true,\"valueName\":\"search_term_string\"}}],\"inLanguage\":\"de\"}]}<\/script>\n<!-- \/ Yoast SEO plugin. -->","yoast_head_json":{"title":"Lampe las Tom Brown. | mueble4you","robots":{"index":"index","follow":"follow","max-snippet":"max-snippet:-1","max-image-preview":"max-image-preview:large","max-video-preview":"max-video-preview:-1"},"canonical":"https:\/\/mueble4you.com\/de\/productos\/lamp-lect-tom-marron\/","og_locale":"de_DE","og_type":"article","og_title":"Lampe las Tom Brown. | mueble4you","og_description":"Leselampe \u201eTom\u201c, H\u00f6he 180 cm, konischer brauner Keramiksockel und ecrufarbener zylindrischer Schirm. Es wurde zur Dekoration entwickelt und bietet eine schlanke Silhouette und ein warmes Finish, das f\u00fcr moderne oder b\u00f6hmische Innenr\u00e4ume geeignet ist. Leicht (1,08 kg) und einfach zu verstauen; Mehrwert: fotogene \u00c4sthetik, strukturierte Oberfl\u00e4che und perfekt zur Hervorhebung einer Leseecke oder als Akzentbeleuchtung.","og_url":"https:\/\/mueble4you.com\/de\/productos\/lamp-lect-tom-marron\/","og_site_name":"mueble4you","article_modified_time":"2026-03-17T13:37:33+00:00","og_image":[{"width":2000,"height":2000,"url":"https:\/\/mueble4you.com\/wp-content\/uploads\/2026\/03\/171109.jpg","type":"image\/jpeg"}],"twitter_card":"summary_large_image","schema":{"@context":"https:\/\/schema.org","@graph":[{"@type":"WebPage","@id":"https:\/\/mueble4you.com\/de\/productos\/lamp-lect-tom-marron\/","url":"https:\/\/mueble4you.com\/de\/productos\/lamp-lect-tom-marron\/","name":"Lampe las Tom Brown. | mueble4you","isPartOf":{"@id":"https:\/\/mueble4you.com\/#website"},"primaryImageOfPage":{"@id":"https:\/\/mueble4you.com\/de\/productos\/lamp-lect-tom-marron\/#primaryimage"},"image":{"@id":"https:\/\/mueble4you.com\/de\/productos\/lamp-lect-tom-marron\/#primaryimage"},"thumbnailUrl":"https:\/\/mueble4you.com\/wp-content\/uploads\/2026\/03\/171109.jpg","datePublished":"2026-03-12T12:18:39+00:00","dateModified":"2026-03-17T13:37:33+00:00","breadcrumb":{"@id":"https:\/\/mueble4you.com\/de\/productos\/lamp-lect-tom-marron\/#breadcrumb"},"inLanguage":"de","potentialAction":[{"@type":"ReadAction","target":["https:\/\/mueble4you.com\/de\/productos\/lamp-lect-tom-marron\/"]}]},{"@type":"ImageObject","inLanguage":"de","@id":"https:\/\/mueble4you.com\/de\/productos\/lamp-lect-tom-marron\/#primaryimage","url":"https:\/\/mueble4you.com\/wp-content\/uploads\/2026\/03\/171109.jpg","contentUrl":"https:\/\/mueble4you.com\/wp-content\/uploads\/2026\/03\/171109.jpg","width":2000,"height":2000},{"@type":"BreadcrumbList","@id":"https:\/\/mueble4you.com\/de\/productos\/lamp-lect-tom-marron\/#breadcrumb","itemListElement":[{"@type":"ListItem","position":1,"name":"Portada","item":"https:\/\/mueble4you.com\/de\/"},{"@type":"ListItem","position":2,"name":"Productos","item":"https:\/\/mueble4you.com\/productos\/"},{"@type":"ListItem","position":3,"name":"Lampe las Tom Brown."}]},{"@type":"WebSite","@id":"https:\/\/mueble4you.com\/#website","url":"https:\/\/mueble4you.com\/","name":"mueble4you","description":"M\u00f6bel in Teneriffa","potentialAction":[{"@type":"SearchAction","target":{"@type":"EntryPoint","urlTemplate":"https:\/\/mueble4you.com\/?s={search_term_string}"},"query-input":{"@type":"PropertyValueSpecification","valueRequired":true,"valueName":"search_term_string"}}],"inLanguage":"de"}]}},"_links":{"self":[{"href":"https:\/\/mueble4you.com\/de\/wp-json\/wp\/v2\/product\/89490","targetHints":{"allow":["GET"]}}],"collection":[{"href":"https:\/\/mueble4you.com\/de\/wp-json\/wp\/v2\/product"}],"about":[{"href":"https:\/\/mueble4you.com\/de\/wp-json\/wp\/v2\/types\/product"}],"wp:featuredmedia":[{"embeddable":true,"href":"https:\/\/mueble4you.com\/de\/wp-json\/wp\/v2\/media\/89491"}],"wp:attachment":[{"href":"https:\/\/mueble4you.com\/de\/wp-json\/wp\/v2\/media?parent=89490"}],"wp:term":[{"taxonomy":"product_brand","embeddable":true,"href":"https:\/\/mueble4you.com\/de\/wp-json\/wp\/v2\/product_brand?post=89490"},{"taxonomy":"product_cat","embeddable":true,"href":"https:\/\/mueble4you.com\/de\/wp-json\/wp\/v2\/product_cat?post=89490"},{"taxonomy":"product_tag","embeddable":true,"href":"https:\/\/mueble4you.com\/de\/wp-json\/wp\/v2\/product_tag?post=89490"}],"curies":[{"name":"wp","href":"https:\/\/api.w.org\/{rel}","templated":true}]}}