{"id":89447,"date":"2026-03-12T11:52:21","date_gmt":"2026-03-12T11:52:21","guid":{"rendered":"https:\/\/mueble4you.com\/productos\/jarron-vaga-h90-majorelle\/"},"modified":"2026-03-17T15:38:46","modified_gmt":"2026-03-17T15:38:46","slug":"jarron-vaga-h90-majorelle","status":"publish","type":"product","link":"https:\/\/mueble4you.com\/de\/productos\/jarron-vaga-h90-majorelle\/","title":{"rendered":"Vaga Vase H90 Majorelle."},"content":{"rendered":"<ul>\n<li id=\"tw-target-text\" class=\"tw-data-text tw-text-large tw-ta\" dir=\"ltr\" tabindex=\"-1\" role=\"text\" data-placeholder=\"Traducci\u00f3n\" data-ved=\"2ahUKEwjlnL3e-6aTAxXeQEEAHeZ6OpsQ3ewLegQIDBAW\" aria-label=\"Texto traducido: Vaga Vase H90 Majorelle.\nDekorative Vase H90 cm aus Majorelle-Blauharz \u2013 ein hohes und schlankes St\u00fcck mit starker optischer Wirkung.\nAufgrund seines gro\u00dfen Formats ist es leicht (7,7 kg) und erleichtert die Logistik und Bereitstellung im Gesch\u00e4ft.\nStrukturierte Oberfl\u00e4che und gl\u00e4nzendes Finish, die f\u00fcr Relief und Modernit\u00e4t sorgen.\"><span class=\"Y2IQFc\" lang=\"de\">Dekorative Vase H90 cm aus Majorelle-Blauharz \u2013 ein hohes und schlankes St\u00fcck mit starker optischer Wirkung.<\/span><\/li>\n<li class=\"tw-data-text tw-text-large tw-ta\" dir=\"ltr\" tabindex=\"-1\" role=\"text\" data-placeholder=\"Traducci\u00f3n\" data-ved=\"2ahUKEwjlnL3e-6aTAxXeQEEAHeZ6OpsQ3ewLegQIDBAW\" aria-label=\"Texto traducido: Vaga Vase H90 Majorelle.\nDekorative Vase H90 cm aus Majorelle-Blauharz \u2013 ein hohes und schlankes St\u00fcck mit starker optischer Wirkung.\nAufgrund seines gro\u00dfen Formats ist es leicht (7,7 kg) und erleichtert die Logistik und Bereitstellung im Gesch\u00e4ft.\nStrukturierte Oberfl\u00e4che und gl\u00e4nzendes Finish, die f\u00fcr Relief und Modernit\u00e4t sorgen.\"><span class=\"Y2IQFc\" lang=\"de\">Aufgrund seines gro\u00dfen Formats ist es leicht (7,7 kg) und erleichtert die Logistik und Bereitstellung im Gesch\u00e4ft. <\/span><\/li>\n<li class=\"tw-data-text tw-text-large tw-ta\" dir=\"ltr\" tabindex=\"-1\" role=\"text\" data-placeholder=\"Traducci\u00f3n\" data-ved=\"2ahUKEwjlnL3e-6aTAxXeQEEAHeZ6OpsQ3ewLegQIDBAW\" aria-label=\"Texto traducido: Vaga Vase H90 Majorelle.\nDekorative Vase H90 cm aus Majorelle-Blauharz \u2013 ein hohes und schlankes St\u00fcck mit starker optischer Wirkung.\nAufgrund seines gro\u00dfen Formats ist es leicht (7,7 kg) und erleichtert die Logistik und Bereitstellung im Gesch\u00e4ft.\nStrukturierte Oberfl\u00e4che und gl\u00e4nzendes Finish, die f\u00fcr Relief und Modernit\u00e4t sorgen.\"><span class=\"Y2IQFc\" lang=\"de\">Strukturierte Oberfl\u00e4che und gl\u00e4nzendes Finish, die f\u00fcr Relief und Modernit\u00e4t sorgen.<\/span><\/li>\n<\/ul>\n","protected":false},"excerpt":{"rendered":"<p>Dekorative Vase H90 cm aus Majorelle-Blauharz \u2013 ein hohes und schlankes St\u00fcck mit starker optischer Wirkung. Aufgrund seines gro\u00dfen Formats ist es leicht (7,7 kg) und erleichtert die Logistik und Bereitstellung im Gesch\u00e4ft. Strukturierte Oberfl\u00e4che und gl\u00e4nzendes Finish, die f\u00fcr Relief und Modernit\u00e4t sorgen.<\/p>\n","protected":false},"featured_media":89448,"template":"","meta":[],"product_brand":[],"product_cat":[346,261],"product_tag":[],"class_list":{"0":"post-89447","1":"product","2":"type-product","3":"status-publish","4":"has-post-thumbnail","6":"product_cat-vasen","7":"product_cat-dekoration","9":"first","10":"instock","11":"shipping-taxable","12":"product-type-simple"},"yoast_head":"<!-- This site is optimized with the Yoast SEO plugin v27.2 - https:\/\/yoast.com\/product\/yoast-seo-wordpress\/ -->\n<title>Vaga Vase H90 Majorelle. | mueble4you<\/title>\n<meta name=\"robots\" content=\"index, follow, max-snippet:-1, max-image-preview:large, max-video-preview:-1\" \/>\n<link rel=\"canonical\" href=\"https:\/\/mueble4you.com\/de\/productos\/jarron-vaga-h90-majorelle\/\" \/>\n<meta property=\"og:locale\" content=\"de_DE\" \/>\n<meta property=\"og:type\" content=\"article\" \/>\n<meta property=\"og:title\" content=\"Vaga Vase H90 Majorelle. | mueble4you\" \/>\n<meta property=\"og:description\" content=\"Dekorative Vase H90 cm aus Majorelle-Blauharz \u2013 ein hohes und schlankes St\u00fcck mit starker optischer Wirkung. Aufgrund seines gro\u00dfen Formats ist es leicht (7,7 kg) und erleichtert die Logistik und Bereitstellung im Gesch\u00e4ft. Strukturierte Oberfl\u00e4che und gl\u00e4nzendes Finish, die f\u00fcr Relief und Modernit\u00e4t sorgen.\" \/>\n<meta property=\"og:url\" content=\"https:\/\/mueble4you.com\/de\/productos\/jarron-vaga-h90-majorelle\/\" \/>\n<meta property=\"og:site_name\" content=\"mueble4you\" \/>\n<meta property=\"article:modified_time\" content=\"2026-03-17T15:38:46+00:00\" \/>\n<meta property=\"og:image\" content=\"https:\/\/mueble4you.com\/wp-content\/uploads\/2026\/03\/171242.jpg\" \/>\n\t<meta property=\"og:image:width\" content=\"1999\" \/>\n\t<meta property=\"og:image:height\" content=\"1999\" \/>\n\t<meta property=\"og:image:type\" content=\"image\/jpeg\" \/>\n<meta name=\"twitter:card\" content=\"summary_large_image\" \/>\n<script type=\"application\/ld+json\" class=\"yoast-schema-graph\">{\"@context\":\"https:\/\/schema.org\",\"@graph\":[{\"@type\":\"WebPage\",\"@id\":\"https:\/\/mueble4you.com\/de\/productos\/jarron-vaga-h90-majorelle\/\",\"url\":\"https:\/\/mueble4you.com\/de\/productos\/jarron-vaga-h90-majorelle\/\",\"name\":\"Vaga Vase H90 Majorelle. | mueble4you\",\"isPartOf\":{\"@id\":\"https:\/\/mueble4you.com\/#website\"},\"primaryImageOfPage\":{\"@id\":\"https:\/\/mueble4you.com\/de\/productos\/jarron-vaga-h90-majorelle\/#primaryimage\"},\"image\":{\"@id\":\"https:\/\/mueble4you.com\/de\/productos\/jarron-vaga-h90-majorelle\/#primaryimage\"},\"thumbnailUrl\":\"https:\/\/mueble4you.com\/wp-content\/uploads\/2026\/03\/171242.jpg\",\"datePublished\":\"2026-03-12T11:52:21+00:00\",\"dateModified\":\"2026-03-17T15:38:46+00:00\",\"breadcrumb\":{\"@id\":\"https:\/\/mueble4you.com\/de\/productos\/jarron-vaga-h90-majorelle\/#breadcrumb\"},\"inLanguage\":\"de\",\"potentialAction\":[{\"@type\":\"ReadAction\",\"target\":[\"https:\/\/mueble4you.com\/de\/productos\/jarron-vaga-h90-majorelle\/\"]}]},{\"@type\":\"ImageObject\",\"inLanguage\":\"de\",\"@id\":\"https:\/\/mueble4you.com\/de\/productos\/jarron-vaga-h90-majorelle\/#primaryimage\",\"url\":\"https:\/\/mueble4you.com\/wp-content\/uploads\/2026\/03\/171242.jpg\",\"contentUrl\":\"https:\/\/mueble4you.com\/wp-content\/uploads\/2026\/03\/171242.jpg\",\"width\":1999,\"height\":1999},{\"@type\":\"BreadcrumbList\",\"@id\":\"https:\/\/mueble4you.com\/de\/productos\/jarron-vaga-h90-majorelle\/#breadcrumb\",\"itemListElement\":[{\"@type\":\"ListItem\",\"position\":1,\"name\":\"Portada\",\"item\":\"https:\/\/mueble4you.com\/de\/\"},{\"@type\":\"ListItem\",\"position\":2,\"name\":\"Productos\",\"item\":\"https:\/\/mueble4you.com\/productos\/\"},{\"@type\":\"ListItem\",\"position\":3,\"name\":\"Vaga Vase H90 Majorelle.\"}]},{\"@type\":\"WebSite\",\"@id\":\"https:\/\/mueble4you.com\/#website\",\"url\":\"https:\/\/mueble4you.com\/\",\"name\":\"mueble4you\",\"description\":\"M\u00f6bel in Teneriffa\",\"potentialAction\":[{\"@type\":\"SearchAction\",\"target\":{\"@type\":\"EntryPoint\",\"urlTemplate\":\"https:\/\/mueble4you.com\/?s={search_term_string}\"},\"query-input\":{\"@type\":\"PropertyValueSpecification\",\"valueRequired\":true,\"valueName\":\"search_term_string\"}}],\"inLanguage\":\"de\"}]}<\/script>\n<!-- \/ Yoast SEO plugin. -->","yoast_head_json":{"title":"Vaga Vase H90 Majorelle. | mueble4you","robots":{"index":"index","follow":"follow","max-snippet":"max-snippet:-1","max-image-preview":"max-image-preview:large","max-video-preview":"max-video-preview:-1"},"canonical":"https:\/\/mueble4you.com\/de\/productos\/jarron-vaga-h90-majorelle\/","og_locale":"de_DE","og_type":"article","og_title":"Vaga Vase H90 Majorelle. | mueble4you","og_description":"Dekorative Vase H90 cm aus Majorelle-Blauharz \u2013 ein hohes und schlankes St\u00fcck mit starker optischer Wirkung. Aufgrund seines gro\u00dfen Formats ist es leicht (7,7 kg) und erleichtert die Logistik und Bereitstellung im Gesch\u00e4ft. Strukturierte Oberfl\u00e4che und gl\u00e4nzendes Finish, die f\u00fcr Relief und Modernit\u00e4t sorgen.","og_url":"https:\/\/mueble4you.com\/de\/productos\/jarron-vaga-h90-majorelle\/","og_site_name":"mueble4you","article_modified_time":"2026-03-17T15:38:46+00:00","og_image":[{"width":1999,"height":1999,"url":"https:\/\/mueble4you.com\/wp-content\/uploads\/2026\/03\/171242.jpg","type":"image\/jpeg"}],"twitter_card":"summary_large_image","schema":{"@context":"https:\/\/schema.org","@graph":[{"@type":"WebPage","@id":"https:\/\/mueble4you.com\/de\/productos\/jarron-vaga-h90-majorelle\/","url":"https:\/\/mueble4you.com\/de\/productos\/jarron-vaga-h90-majorelle\/","name":"Vaga Vase H90 Majorelle. | mueble4you","isPartOf":{"@id":"https:\/\/mueble4you.com\/#website"},"primaryImageOfPage":{"@id":"https:\/\/mueble4you.com\/de\/productos\/jarron-vaga-h90-majorelle\/#primaryimage"},"image":{"@id":"https:\/\/mueble4you.com\/de\/productos\/jarron-vaga-h90-majorelle\/#primaryimage"},"thumbnailUrl":"https:\/\/mueble4you.com\/wp-content\/uploads\/2026\/03\/171242.jpg","datePublished":"2026-03-12T11:52:21+00:00","dateModified":"2026-03-17T15:38:46+00:00","breadcrumb":{"@id":"https:\/\/mueble4you.com\/de\/productos\/jarron-vaga-h90-majorelle\/#breadcrumb"},"inLanguage":"de","potentialAction":[{"@type":"ReadAction","target":["https:\/\/mueble4you.com\/de\/productos\/jarron-vaga-h90-majorelle\/"]}]},{"@type":"ImageObject","inLanguage":"de","@id":"https:\/\/mueble4you.com\/de\/productos\/jarron-vaga-h90-majorelle\/#primaryimage","url":"https:\/\/mueble4you.com\/wp-content\/uploads\/2026\/03\/171242.jpg","contentUrl":"https:\/\/mueble4you.com\/wp-content\/uploads\/2026\/03\/171242.jpg","width":1999,"height":1999},{"@type":"BreadcrumbList","@id":"https:\/\/mueble4you.com\/de\/productos\/jarron-vaga-h90-majorelle\/#breadcrumb","itemListElement":[{"@type":"ListItem","position":1,"name":"Portada","item":"https:\/\/mueble4you.com\/de\/"},{"@type":"ListItem","position":2,"name":"Productos","item":"https:\/\/mueble4you.com\/productos\/"},{"@type":"ListItem","position":3,"name":"Vaga Vase H90 Majorelle."}]},{"@type":"WebSite","@id":"https:\/\/mueble4you.com\/#website","url":"https:\/\/mueble4you.com\/","name":"mueble4you","description":"M\u00f6bel in Teneriffa","potentialAction":[{"@type":"SearchAction","target":{"@type":"EntryPoint","urlTemplate":"https:\/\/mueble4you.com\/?s={search_term_string}"},"query-input":{"@type":"PropertyValueSpecification","valueRequired":true,"valueName":"search_term_string"}}],"inLanguage":"de"}]}},"_links":{"self":[{"href":"https:\/\/mueble4you.com\/de\/wp-json\/wp\/v2\/product\/89447","targetHints":{"allow":["GET"]}}],"collection":[{"href":"https:\/\/mueble4you.com\/de\/wp-json\/wp\/v2\/product"}],"about":[{"href":"https:\/\/mueble4you.com\/de\/wp-json\/wp\/v2\/types\/product"}],"wp:featuredmedia":[{"embeddable":true,"href":"https:\/\/mueble4you.com\/de\/wp-json\/wp\/v2\/media\/89448"}],"wp:attachment":[{"href":"https:\/\/mueble4you.com\/de\/wp-json\/wp\/v2\/media?parent=89447"}],"wp:term":[{"taxonomy":"product_brand","embeddable":true,"href":"https:\/\/mueble4you.com\/de\/wp-json\/wp\/v2\/product_brand?post=89447"},{"taxonomy":"product_cat","embeddable":true,"href":"https:\/\/mueble4you.com\/de\/wp-json\/wp\/v2\/product_cat?post=89447"},{"taxonomy":"product_tag","embeddable":true,"href":"https:\/\/mueble4you.com\/de\/wp-json\/wp\/v2\/product_tag?post=89447"}],"curies":[{"name":"wp","href":"https:\/\/api.w.org\/{rel}","templated":true}]}}