{"id":89436,"date":"2026-03-12T11:47:42","date_gmt":"2026-03-12T11:47:42","guid":{"rendered":"https:\/\/mueble4you.com\/productos\/jarron-vaga-h70-ocre\/"},"modified":"2026-03-17T15:52:19","modified_gmt":"2026-03-17T15:52:19","slug":"jarron-vaga-h70-ocre","status":"publish","type":"product","link":"https:\/\/mueble4you.com\/de\/productos\/jarron-vaga-h70-ocre\/","title":{"rendered":"Vase Vaga H70 Ocker."},"content":{"rendered":"<div id=\"tw-container\" class=\"nev7se\" data-cp=\"1\" data-nnttsvi=\"1\" data-sletp=\"false\" data-sm=\"1\" data-ssbp=\"true\" data-sugg-time=\"500\" data-sugg-url=\"https:\/\/clients1.google.com\/complete\/search\" data-uilc=\"es\" data-vil=\",af,af-ZA,am,am-ET,ar-EG,ar-AE,ar-KW,ar-QA,ar,ar-IL,ar-JO,ar-LB,ar-PS,az,az-AZ,bg,bg-BG,bn,bn-BD,bn-IN,ca,ca-es,cs,cs-CZ,de,de-DE,de-CH,de-AT,de-LI,en,en-US,en-CA,en-AU,en-NZ,en-GB,en-IN,en-KE,en-TZ,en-NG,en-GH,en-PH,en-ZA,es,es-ES,es-AR,es-UY,es-419,es-BO,es-CL,es-CR,es-CO,es-DO,es-EC,es-GT,es-HN,es-NI,es-PA,es-PE,es-PR,es-PY,es-SV,es-VE,es-MX,es-US,eu,eu-ES,fi,fi-FI,fr,fr-FR,fr-CH,fr-BE,gl,gl-ES,gu,gu-IN,he,he-IL,iw,iw-IL,hu,hu-HU,hy,hy-AM,id,id-ID,is,is-IS,it,it-IT,it-CH,ja,ja-JP,jv,jv-ID,ka,ka-GE,km,km-KH,kn,kn-IN,ko,ko-KR,la,lo,lo-LA,lv,lv-LV,ml,ml-IN,mr,mr-IN,ms,ms-MY,nl,nl-NL,nb,nb-NO,ne,ne-NP,pl,pl-PL,pt,pt-BR,pt-PT,ro,ro-RO,ru,ru-RU,si-LK,sk,sk-SK,sr,sr-RS,su,su-ID,sv,sv-SE,sw,sw-TZ,sw-KE,ta,ta-IN,ta-SG,ta-LK,ta-MY,te,te-IN,tr,tr-TR,ur,ur-PK,ur-IN,yue,yue-HK,yue-Hant-HK,zh-HK,zh,zh-CN,zh-cmn,zh-cmn-CN,zh-Hans,zh-Hans-CN,zh-cmn-Hans,zh-cmn-Hans-CN,cmn-CN,cmn-Hans,cmn-Hans-CN,zh-TW,zh-Hant-TW,cmn-TW,cmn-Hant-TW,zh-cmn-TW,zh-cmn-Hant-TW,zu,zu-ZA,hi,hi-IN,tl,tl-PH,pa,pa-IN\">\n<div>\n<div>\n<div id=\"tw-ob\" class=\"tw-src-ltr\">\n<div class=\"oSioSc\">\n<div id=\"tw-target\">\n<div id=\"kAz1tf\" class=\"g9WsWb PZPZlf\" data-attrid=\"tw-targetArea\" data-entityname=\"Google Translate\">\n<div id=\"tw-target-text-container\" class=\"tw-ta-container tw-nfl\" tabindex=\"0\" role=\"text\">\n<ul>\n<li id=\"tw-target-text\" class=\"tw-data-text tw-text-large tw-ta\" dir=\"ltr\" tabindex=\"-1\" role=\"text\" data-placeholder=\"Traducci\u00f3n\" data-ved=\"2ahUKEwjlnL3e-6aTAxXeQEEAHeZ6OpsQ3ewLegQIDBAW\" aria-label=\"Texto traducido: Vase Vase H70 Ocker.\nGro\u00dfe dekorative Vase 'VAGA' aus ockerfarbenem Harz (H\u00f6he 70 cm), mit gewelltem und modernem Design.\nLeicht (4,5 kg) und widerstandsf\u00e4hig, l\u00e4sst es sich problemlos in zeitgen\u00f6ssische Dekorationskataloge und in Verkaufsstellen integrieren, die auf der Suche nach auff\u00e4lligen St\u00fccken ohne die Zerbrechlichkeit von Glas sind.\nDas synthetische Material erm\u00f6glicht vielf\u00e4ltige Innenausstattungen (Boden, Konsole, Couchtisch) und eine vereinfachte Aufbewahrung.\nMehrwert: strukturiertes, mattes Finish und schlanke Silhouette, die optisch ansprechend ist.\"><span class=\"Y2IQFc\" lang=\"de\">Gro\u00dfe dekorative Vase &#8218;VAGA&#8216; aus ockerfarbenem Harz (H\u00f6he 70 cm), mit gewelltem und modernem Design. <\/span><\/li>\n<li class=\"tw-data-text tw-text-large tw-ta\" dir=\"ltr\" tabindex=\"-1\" role=\"text\" data-placeholder=\"Traducci\u00f3n\" data-ved=\"2ahUKEwjlnL3e-6aTAxXeQEEAHeZ6OpsQ3ewLegQIDBAW\" aria-label=\"Texto traducido: Vase Vase H70 Ocker.\nGro\u00dfe dekorative Vase 'VAGA' aus ockerfarbenem Harz (H\u00f6he 70 cm), mit gewelltem und modernem Design.\nLeicht (4,5 kg) und widerstandsf\u00e4hig, l\u00e4sst es sich problemlos in zeitgen\u00f6ssische Dekorationskataloge und in Verkaufsstellen integrieren, die auf der Suche nach auff\u00e4lligen St\u00fccken ohne die Zerbrechlichkeit von Glas sind.\nDas synthetische Material erm\u00f6glicht vielf\u00e4ltige Innenausstattungen (Boden, Konsole, Couchtisch) und eine vereinfachte Aufbewahrung.\nMehrwert: strukturiertes, mattes Finish und schlanke Silhouette, die optisch ansprechend ist.\"><span class=\"Y2IQFc\" lang=\"de\">Leicht (4,5 kg) und widerstandsf\u00e4hig, l\u00e4sst es sich problemlos in zeitgen\u00f6ssische Dekorationskataloge und in Verkaufsstellen integrieren, die auf der Suche nach auff\u00e4lligen St\u00fccken ohne die Zerbrechlichkeit von Glas sind. <\/span><\/li>\n<li class=\"tw-data-text tw-text-large tw-ta\" dir=\"ltr\" tabindex=\"-1\" role=\"text\" data-placeholder=\"Traducci\u00f3n\" data-ved=\"2ahUKEwjlnL3e-6aTAxXeQEEAHeZ6OpsQ3ewLegQIDBAW\" aria-label=\"Texto traducido: Vase Vase H70 Ocker.\nGro\u00dfe dekorative Vase 'VAGA' aus ockerfarbenem Harz (H\u00f6he 70 cm), mit gewelltem und modernem Design.\nLeicht (4,5 kg) und widerstandsf\u00e4hig, l\u00e4sst es sich problemlos in zeitgen\u00f6ssische Dekorationskataloge und in Verkaufsstellen integrieren, die auf der Suche nach auff\u00e4lligen St\u00fccken ohne die Zerbrechlichkeit von Glas sind.\nDas synthetische Material erm\u00f6glicht vielf\u00e4ltige Innenausstattungen (Boden, Konsole, Couchtisch) und eine vereinfachte Aufbewahrung.\nMehrwert: strukturiertes, mattes Finish und schlanke Silhouette, die optisch ansprechend ist.\"><span class=\"Y2IQFc\" lang=\"de\">Das synthetische Material erm\u00f6glicht vielf\u00e4ltige Innenausstattungen (Boden, Konsole, Couchtisch) und eine vereinfachte Aufbewahrung. <\/span><\/li>\n<li class=\"tw-data-text tw-text-large tw-ta\" dir=\"ltr\" tabindex=\"-1\" role=\"text\" data-placeholder=\"Traducci\u00f3n\" data-ved=\"2ahUKEwjlnL3e-6aTAxXeQEEAHeZ6OpsQ3ewLegQIDBAW\" aria-label=\"Texto traducido: Vase Vase H70 Ocker.\nGro\u00dfe dekorative Vase 'VAGA' aus ockerfarbenem Harz (H\u00f6he 70 cm), mit gewelltem und modernem Design.\nLeicht (4,5 kg) und widerstandsf\u00e4hig, l\u00e4sst es sich problemlos in zeitgen\u00f6ssische Dekorationskataloge und in Verkaufsstellen integrieren, die auf der Suche nach auff\u00e4lligen St\u00fccken ohne die Zerbrechlichkeit von Glas sind.\nDas synthetische Material erm\u00f6glicht vielf\u00e4ltige Innenausstattungen (Boden, Konsole, Couchtisch) und eine vereinfachte Aufbewahrung.\nMehrwert: strukturiertes, mattes Finish und schlanke Silhouette, die optisch ansprechend ist.\"><span class=\"Y2IQFc\" lang=\"de\">Mehrwert: strukturiertes, mattes Finish und schlanke Silhouette, die optisch ansprechend ist.<\/span><\/li>\n<\/ul>\n<\/div>\n<div id=\"tw-target-rmn-container\" class=\"tw-target-rmn tw-ta-container tw-nfl\" tabindex=\"-1\" role=\"text\">\n<pre id=\"tw-target-rmn\" class=\"tw-data-placeholder tw-text-small tw-ta\" dir=\"ltr\" tabindex=\"-1\" role=\"text\" data-placeholder=\"\"><\/pre>\n<\/div>\n<div class=\"iYB33c\">\n<div id=\"tw-tmenu\" class=\"tw-menu\"><\/div>\n<\/div>\n<\/div>\n<\/div>\n<\/div>\n<\/div>\n<div id=\"tw-images\">\n<div id=\"tw-container\" class=\"nev7se\" data-cp=\"1\" data-nnttsvi=\"1\" data-sletp=\"false\" data-sm=\"1\" data-ssbp=\"true\" data-sugg-time=\"500\" data-sugg-url=\"https:\/\/clients1.google.com\/complete\/search\" data-uilc=\"es\" data-vil=\",af,af-ZA,am,am-ET,ar-EG,ar-AE,ar-KW,ar-QA,ar,ar-IL,ar-JO,ar-LB,ar-PS,az,az-AZ,bg,bg-BG,bn,bn-BD,bn-IN,ca,ca-es,cs,cs-CZ,de,de-DE,de-CH,de-AT,de-LI,en,en-US,en-CA,en-AU,en-NZ,en-GB,en-IN,en-KE,en-TZ,en-NG,en-GH,en-PH,en-ZA,es,es-ES,es-AR,es-UY,es-419,es-BO,es-CL,es-CR,es-CO,es-DO,es-EC,es-GT,es-HN,es-NI,es-PA,es-PE,es-PR,es-PY,es-SV,es-VE,es-MX,es-US,eu,eu-ES,fi,fi-FI,fr,fr-FR,fr-CH,fr-BE,gl,gl-ES,gu,gu-IN,he,he-IL,iw,iw-IL,hu,hu-HU,hy,hy-AM,id,id-ID,is,is-IS,it,it-IT,it-CH,ja,ja-JP,jv,jv-ID,ka,ka-GE,km,km-KH,kn,kn-IN,ko,ko-KR,la,lo,lo-LA,lv,lv-LV,ml,ml-IN,mr,mr-IN,ms,ms-MY,nl,nl-NL,nb,nb-NO,ne,ne-NP,pl,pl-PL,pt,pt-BR,pt-PT,ro,ro-RO,ru,ru-RU,si-LK,sk,sk-SK,sr,sr-RS,su,su-ID,sv,sv-SE,sw,sw-TZ,sw-KE,ta,ta-IN,ta-SG,ta-LK,ta-MY,te,te-IN,tr,tr-TR,ur,ur-PK,ur-IN,yue,yue-HK,yue-Hant-HK,zh-HK,zh,zh-CN,zh-cmn,zh-cmn-CN,zh-Hans,zh-Hans-CN,zh-cmn-Hans,zh-cmn-Hans-CN,cmn-CN,cmn-Hans,cmn-Hans-CN,zh-TW,zh-Hant-TW,cmn-TW,cmn-Hant-TW,zh-cmn-TW,zh-cmn-Hant-TW,zu,zu-ZA,hi,hi-IN,tl,tl-PH,pa,pa-IN\">\n<div>\n<div>\n<div id=\"tw-ob\" class=\"tw-src-ltr\">\n<div class=\"oSioSc\">\n<div id=\"tw-target\">\n<div id=\"kAz1tf\" class=\"g9WsWb PZPZlf\" data-attrid=\"tw-targetArea\" data-entityname=\"Google Translate\">\n<div id=\"tw-target-text-container\" class=\"tw-ta-container tw-nfl\" tabindex=\"0\" role=\"text\">\n<h4 id=\"tw-target-text\" class=\"tw-data-text tw-text-large tw-ta\" dir=\"ltr\" tabindex=\"-1\" role=\"text\" data-placeholder=\"Traducci\u00f3n\" data-ved=\"2ahUKEwjlnL3e-6aTAxXeQEEAHeZ6OpsQ3ewLegQIDBAW\" aria-label=\"Texto traducido: Vase Vase H70 Ocker.\nGro\u00dfe dekorative Vase 'VAGA' aus ockerfarbenem Harz (H\u00f6he 70 cm), mit gewelltem und modernem Design.\nLeicht (4,5 kg) und widerstandsf\u00e4hig, l\u00e4sst es sich problemlos in zeitgen\u00f6ssische Dekorationskataloge und in Verkaufsstellen integrieren, die auf der Suche nach auff\u00e4lligen St\u00fccken ohne die Zerbrechlichkeit von Glas sind.\nDas synthetische Material erm\u00f6glicht vielf\u00e4ltige Innenausstattungen (Boden, Konsole, Couchtisch) und eine vereinfachte Aufbewahrung.\nMehrwert: strukturiertes, mattes Finish und schlanke Silhouette, die optisch ansprechend ist.\"><\/h4>\n<\/div>\n<\/div>\n<\/div>\n<\/div>\n<\/div>\n<\/div>\n<\/div>\n<\/div>\n<\/div>\n<\/div>\n<\/div>\n<\/div>\n","protected":false},"excerpt":{"rendered":"<p>Gro\u00dfe dekorative Vase &#8218;VAGA&#8216; aus ockerfarbenem Harz (H\u00f6he 70 cm), mit gewelltem und modernem Design. Leicht (4,5 kg) und widerstandsf\u00e4hig, l\u00e4sst es sich problemlos in zeitgen\u00f6ssische Dekorationskataloge und in Verkaufsstellen integrieren, die auf der Suche nach auff\u00e4lligen St\u00fccken ohne die Zerbrechlichkeit von Glas sind. Das synthetische Material erm\u00f6glicht vielf\u00e4ltige Innenausstattungen (Boden, Konsole, Couchtisch) und eine [&#8230;]\n","protected":false},"featured_media":89437,"template":"","meta":[],"product_brand":[],"product_cat":[346,261],"product_tag":[],"class_list":{"0":"post-89436","1":"product","2":"type-product","3":"status-publish","4":"has-post-thumbnail","6":"product_cat-vasen","7":"product_cat-dekoration","9":"first","10":"instock","11":"shipping-taxable","12":"product-type-simple"},"yoast_head":"<!-- This site is optimized with the Yoast SEO plugin v27.2 - https:\/\/yoast.com\/product\/yoast-seo-wordpress\/ -->\n<title>Vase Vaga H70 Ocker. | mueble4you<\/title>\n<meta name=\"robots\" content=\"index, follow, max-snippet:-1, max-image-preview:large, max-video-preview:-1\" \/>\n<link rel=\"canonical\" href=\"https:\/\/mueble4you.com\/de\/productos\/jarron-vaga-h70-ocre\/\" \/>\n<meta property=\"og:locale\" content=\"de_DE\" \/>\n<meta property=\"og:type\" content=\"article\" \/>\n<meta property=\"og:title\" content=\"Vase Vaga H70 Ocker. | mueble4you\" \/>\n<meta property=\"og:description\" content=\"Gro\u00dfe dekorative Vase &#8218;VAGA&#8216; aus ockerfarbenem Harz (H\u00f6he 70 cm), mit gewelltem und modernem Design. Leicht (4,5 kg) und widerstandsf\u00e4hig, l\u00e4sst es sich problemlos in zeitgen\u00f6ssische Dekorationskataloge und in Verkaufsstellen integrieren, die auf der Suche nach auff\u00e4lligen St\u00fccken ohne die Zerbrechlichkeit von Glas sind. Das synthetische Material erm\u00f6glicht vielf\u00e4ltige Innenausstattungen (Boden, Konsole, Couchtisch) und eine [...]\" \/>\n<meta property=\"og:url\" content=\"https:\/\/mueble4you.com\/de\/productos\/jarron-vaga-h70-ocre\/\" \/>\n<meta property=\"og:site_name\" content=\"mueble4you\" \/>\n<meta property=\"article:modified_time\" content=\"2026-03-17T15:52:19+00:00\" \/>\n<meta property=\"og:image\" content=\"https:\/\/mueble4you.com\/wp-content\/uploads\/2026\/03\/171243.jpg\" \/>\n\t<meta property=\"og:image:width\" content=\"2000\" \/>\n\t<meta property=\"og:image:height\" content=\"2000\" \/>\n\t<meta property=\"og:image:type\" content=\"image\/jpeg\" \/>\n<meta name=\"twitter:card\" content=\"summary_large_image\" \/>\n<script type=\"application\/ld+json\" class=\"yoast-schema-graph\">{\"@context\":\"https:\/\/schema.org\",\"@graph\":[{\"@type\":\"WebPage\",\"@id\":\"https:\/\/mueble4you.com\/de\/productos\/jarron-vaga-h70-ocre\/\",\"url\":\"https:\/\/mueble4you.com\/de\/productos\/jarron-vaga-h70-ocre\/\",\"name\":\"Vase Vaga H70 Ocker. | mueble4you\",\"isPartOf\":{\"@id\":\"https:\/\/mueble4you.com\/#website\"},\"primaryImageOfPage\":{\"@id\":\"https:\/\/mueble4you.com\/de\/productos\/jarron-vaga-h70-ocre\/#primaryimage\"},\"image\":{\"@id\":\"https:\/\/mueble4you.com\/de\/productos\/jarron-vaga-h70-ocre\/#primaryimage\"},\"thumbnailUrl\":\"https:\/\/mueble4you.com\/wp-content\/uploads\/2026\/03\/171243.jpg\",\"datePublished\":\"2026-03-12T11:47:42+00:00\",\"dateModified\":\"2026-03-17T15:52:19+00:00\",\"breadcrumb\":{\"@id\":\"https:\/\/mueble4you.com\/de\/productos\/jarron-vaga-h70-ocre\/#breadcrumb\"},\"inLanguage\":\"de\",\"potentialAction\":[{\"@type\":\"ReadAction\",\"target\":[\"https:\/\/mueble4you.com\/de\/productos\/jarron-vaga-h70-ocre\/\"]}]},{\"@type\":\"ImageObject\",\"inLanguage\":\"de\",\"@id\":\"https:\/\/mueble4you.com\/de\/productos\/jarron-vaga-h70-ocre\/#primaryimage\",\"url\":\"https:\/\/mueble4you.com\/wp-content\/uploads\/2026\/03\/171243.jpg\",\"contentUrl\":\"https:\/\/mueble4you.com\/wp-content\/uploads\/2026\/03\/171243.jpg\",\"width\":2000,\"height\":2000},{\"@type\":\"BreadcrumbList\",\"@id\":\"https:\/\/mueble4you.com\/de\/productos\/jarron-vaga-h70-ocre\/#breadcrumb\",\"itemListElement\":[{\"@type\":\"ListItem\",\"position\":1,\"name\":\"Portada\",\"item\":\"https:\/\/mueble4you.com\/de\/\"},{\"@type\":\"ListItem\",\"position\":2,\"name\":\"Productos\",\"item\":\"https:\/\/mueble4you.com\/productos\/\"},{\"@type\":\"ListItem\",\"position\":3,\"name\":\"Vase Vaga H70 Ocker.\"}]},{\"@type\":\"WebSite\",\"@id\":\"https:\/\/mueble4you.com\/#website\",\"url\":\"https:\/\/mueble4you.com\/\",\"name\":\"mueble4you\",\"description\":\"M\u00f6bel in Teneriffa\",\"potentialAction\":[{\"@type\":\"SearchAction\",\"target\":{\"@type\":\"EntryPoint\",\"urlTemplate\":\"https:\/\/mueble4you.com\/?s={search_term_string}\"},\"query-input\":{\"@type\":\"PropertyValueSpecification\",\"valueRequired\":true,\"valueName\":\"search_term_string\"}}],\"inLanguage\":\"de\"}]}<\/script>\n<!-- \/ Yoast SEO plugin. -->","yoast_head_json":{"title":"Vase Vaga H70 Ocker. | mueble4you","robots":{"index":"index","follow":"follow","max-snippet":"max-snippet:-1","max-image-preview":"max-image-preview:large","max-video-preview":"max-video-preview:-1"},"canonical":"https:\/\/mueble4you.com\/de\/productos\/jarron-vaga-h70-ocre\/","og_locale":"de_DE","og_type":"article","og_title":"Vase Vaga H70 Ocker. | mueble4you","og_description":"Gro\u00dfe dekorative Vase &#8218;VAGA&#8216; aus ockerfarbenem Harz (H\u00f6he 70 cm), mit gewelltem und modernem Design. Leicht (4,5 kg) und widerstandsf\u00e4hig, l\u00e4sst es sich problemlos in zeitgen\u00f6ssische Dekorationskataloge und in Verkaufsstellen integrieren, die auf der Suche nach auff\u00e4lligen St\u00fccken ohne die Zerbrechlichkeit von Glas sind. Das synthetische Material erm\u00f6glicht vielf\u00e4ltige Innenausstattungen (Boden, Konsole, Couchtisch) und eine [...]","og_url":"https:\/\/mueble4you.com\/de\/productos\/jarron-vaga-h70-ocre\/","og_site_name":"mueble4you","article_modified_time":"2026-03-17T15:52:19+00:00","og_image":[{"width":2000,"height":2000,"url":"https:\/\/mueble4you.com\/wp-content\/uploads\/2026\/03\/171243.jpg","type":"image\/jpeg"}],"twitter_card":"summary_large_image","schema":{"@context":"https:\/\/schema.org","@graph":[{"@type":"WebPage","@id":"https:\/\/mueble4you.com\/de\/productos\/jarron-vaga-h70-ocre\/","url":"https:\/\/mueble4you.com\/de\/productos\/jarron-vaga-h70-ocre\/","name":"Vase Vaga H70 Ocker. | mueble4you","isPartOf":{"@id":"https:\/\/mueble4you.com\/#website"},"primaryImageOfPage":{"@id":"https:\/\/mueble4you.com\/de\/productos\/jarron-vaga-h70-ocre\/#primaryimage"},"image":{"@id":"https:\/\/mueble4you.com\/de\/productos\/jarron-vaga-h70-ocre\/#primaryimage"},"thumbnailUrl":"https:\/\/mueble4you.com\/wp-content\/uploads\/2026\/03\/171243.jpg","datePublished":"2026-03-12T11:47:42+00:00","dateModified":"2026-03-17T15:52:19+00:00","breadcrumb":{"@id":"https:\/\/mueble4you.com\/de\/productos\/jarron-vaga-h70-ocre\/#breadcrumb"},"inLanguage":"de","potentialAction":[{"@type":"ReadAction","target":["https:\/\/mueble4you.com\/de\/productos\/jarron-vaga-h70-ocre\/"]}]},{"@type":"ImageObject","inLanguage":"de","@id":"https:\/\/mueble4you.com\/de\/productos\/jarron-vaga-h70-ocre\/#primaryimage","url":"https:\/\/mueble4you.com\/wp-content\/uploads\/2026\/03\/171243.jpg","contentUrl":"https:\/\/mueble4you.com\/wp-content\/uploads\/2026\/03\/171243.jpg","width":2000,"height":2000},{"@type":"BreadcrumbList","@id":"https:\/\/mueble4you.com\/de\/productos\/jarron-vaga-h70-ocre\/#breadcrumb","itemListElement":[{"@type":"ListItem","position":1,"name":"Portada","item":"https:\/\/mueble4you.com\/de\/"},{"@type":"ListItem","position":2,"name":"Productos","item":"https:\/\/mueble4you.com\/productos\/"},{"@type":"ListItem","position":3,"name":"Vase Vaga H70 Ocker."}]},{"@type":"WebSite","@id":"https:\/\/mueble4you.com\/#website","url":"https:\/\/mueble4you.com\/","name":"mueble4you","description":"M\u00f6bel in Teneriffa","potentialAction":[{"@type":"SearchAction","target":{"@type":"EntryPoint","urlTemplate":"https:\/\/mueble4you.com\/?s={search_term_string}"},"query-input":{"@type":"PropertyValueSpecification","valueRequired":true,"valueName":"search_term_string"}}],"inLanguage":"de"}]}},"_links":{"self":[{"href":"https:\/\/mueble4you.com\/de\/wp-json\/wp\/v2\/product\/89436","targetHints":{"allow":["GET"]}}],"collection":[{"href":"https:\/\/mueble4you.com\/de\/wp-json\/wp\/v2\/product"}],"about":[{"href":"https:\/\/mueble4you.com\/de\/wp-json\/wp\/v2\/types\/product"}],"wp:featuredmedia":[{"embeddable":true,"href":"https:\/\/mueble4you.com\/de\/wp-json\/wp\/v2\/media\/89437"}],"wp:attachment":[{"href":"https:\/\/mueble4you.com\/de\/wp-json\/wp\/v2\/media?parent=89436"}],"wp:term":[{"taxonomy":"product_brand","embeddable":true,"href":"https:\/\/mueble4you.com\/de\/wp-json\/wp\/v2\/product_brand?post=89436"},{"taxonomy":"product_cat","embeddable":true,"href":"https:\/\/mueble4you.com\/de\/wp-json\/wp\/v2\/product_cat?post=89436"},{"taxonomy":"product_tag","embeddable":true,"href":"https:\/\/mueble4you.com\/de\/wp-json\/wp\/v2\/product_tag?post=89436"}],"curies":[{"name":"wp","href":"https:\/\/api.w.org\/{rel}","templated":true}]}}