{"id":89403,"date":"2026-03-11T16:03:09","date_gmt":"2026-03-11T16:03:09","guid":{"rendered":"https:\/\/mueble4you.com\/productos\/maxi-tania-brique\/"},"modified":"2026-03-18T15:03:56","modified_gmt":"2026-03-18T15:03:56","slug":"maxi-tania-brique","status":"publish","type":"product","link":"https:\/\/mueble4you.com\/de\/productos\/maxi-tania-brique\/","title":{"rendered":"Maxitania Brique."},"content":{"rendered":"<ul>\n<li id=\"tw-target-text\" class=\"tw-data-text tw-text-large tw-ta\" dir=\"ltr\" tabindex=\"-1\" role=\"text\" data-placeholder=\"Traducci\u00f3n\" data-ved=\"2ahUKEwjmpOTf2qmTAxVcZ0EAHVIgD34Q3ewLegQIDBAW\" aria-label=\"Texto traducido: Maxitania Brique.\nGro\u00dfe Dekoblume \u201eMaxi Tania\u201c aus ziegelfarbenem EVA, H\u00f6he 113 cm.\nEntwickelt f\u00fcr wartungsfreie Kompositionen, bietet es eine starke visuelle Wirkung und ist gleichzeitig leicht (150 g) und einfach zu versenden.\nVerformungsbest\u00e4ndiges synthetisches Material, geeignet f\u00fcr Ladenauslagen, Schaufenster und Produktfotografie.\nMehrwert: gro\u00dfes fotogenes Format, trendige Farbe und kein Pflegeaufwand \u2013 ideal als Erg\u00e4nzung zu einem Premium-Sortiment an Kunstblumen.\"><span class=\"Y2IQFc\" lang=\"de\">Gro\u00dfe Dekoblume \u201eMaxi Tania\u201c aus ziegelfarbenem EVA, H\u00f6he 113 cm.<\/span><\/li>\n<li class=\"tw-data-text tw-text-large tw-ta\" dir=\"ltr\" tabindex=\"-1\" role=\"text\" data-placeholder=\"Traducci\u00f3n\" data-ved=\"2ahUKEwjmpOTf2qmTAxVcZ0EAHVIgD34Q3ewLegQIDBAW\" aria-label=\"Texto traducido: Maxitania Brique.\nGro\u00dfe Dekoblume \u201eMaxi Tania\u201c aus ziegelfarbenem EVA, H\u00f6he 113 cm.\nEntwickelt f\u00fcr wartungsfreie Kompositionen, bietet es eine starke visuelle Wirkung und ist gleichzeitig leicht (150 g) und einfach zu versenden.\nVerformungsbest\u00e4ndiges synthetisches Material, geeignet f\u00fcr Ladenauslagen, Schaufenster und Produktfotografie.\nMehrwert: gro\u00dfes fotogenes Format, trendige Farbe und kein Pflegeaufwand \u2013 ideal als Erg\u00e4nzung zu einem Premium-Sortiment an Kunstblumen.\"><span class=\"Y2IQFc\" lang=\"de\">Entwickelt f\u00fcr wartungsfreie Kompositionen, bietet es eine starke visuelle Wirkung und ist gleichzeitig leicht (150 g) und einfach zu versenden. <\/span><\/li>\n<li class=\"tw-data-text tw-text-large tw-ta\" dir=\"ltr\" tabindex=\"-1\" role=\"text\" data-placeholder=\"Traducci\u00f3n\" data-ved=\"2ahUKEwjmpOTf2qmTAxVcZ0EAHVIgD34Q3ewLegQIDBAW\" aria-label=\"Texto traducido: Maxitania Brique.\nGro\u00dfe Dekoblume \u201eMaxi Tania\u201c aus ziegelfarbenem EVA, H\u00f6he 113 cm.\nEntwickelt f\u00fcr wartungsfreie Kompositionen, bietet es eine starke visuelle Wirkung und ist gleichzeitig leicht (150 g) und einfach zu versenden.\nVerformungsbest\u00e4ndiges synthetisches Material, geeignet f\u00fcr Ladenauslagen, Schaufenster und Produktfotografie.\nMehrwert: gro\u00dfes fotogenes Format, trendige Farbe und kein Pflegeaufwand \u2013 ideal als Erg\u00e4nzung zu einem Premium-Sortiment an Kunstblumen.\"><span class=\"Y2IQFc\" lang=\"de\">Verformungsbest\u00e4ndiges synthetisches Material, geeignet f\u00fcr Ladenauslagen, Schaufenster und Produktfotografie. <\/span><\/li>\n<li class=\"tw-data-text tw-text-large tw-ta\" dir=\"ltr\" tabindex=\"-1\" role=\"text\" data-placeholder=\"Traducci\u00f3n\" data-ved=\"2ahUKEwjmpOTf2qmTAxVcZ0EAHVIgD34Q3ewLegQIDBAW\" aria-label=\"Texto traducido: Maxitania Brique.\nGro\u00dfe Dekoblume \u201eMaxi Tania\u201c aus ziegelfarbenem EVA, H\u00f6he 113 cm.\nEntwickelt f\u00fcr wartungsfreie Kompositionen, bietet es eine starke visuelle Wirkung und ist gleichzeitig leicht (150 g) und einfach zu versenden.\nVerformungsbest\u00e4ndiges synthetisches Material, geeignet f\u00fcr Ladenauslagen, Schaufenster und Produktfotografie.\nMehrwert: gro\u00dfes fotogenes Format, trendige Farbe und kein Pflegeaufwand \u2013 ideal als Erg\u00e4nzung zu einem Premium-Sortiment an Kunstblumen.\"><span class=\"Y2IQFc\" lang=\"de\">Mehrwert: gro\u00dfes fotogenes Format, trendige Farbe und kein Pflegeaufwand \u2013 ideal als Erg\u00e4nzung zu einem Premium-Sortiment an Kunstblumen.<\/span><\/li>\n<\/ul>\n","protected":false},"excerpt":{"rendered":"<p>Gro\u00dfe Dekoblume \u201eMaxi Tania\u201c aus ziegelfarbenem EVA, H\u00f6he 113 cm. Entwickelt f\u00fcr wartungsfreie Kompositionen, bietet es eine starke visuelle Wirkung und ist gleichzeitig leicht (150 g) und einfach zu versenden. Verformungsbest\u00e4ndiges synthetisches Material, geeignet f\u00fcr Ladenauslagen, Schaufenster und Produktfotografie. Mehrwert: gro\u00dfes fotogenes Format, trendige Farbe und kein Pflegeaufwand \u2013 ideal als Erg\u00e4nzung zu einem Premium-Sortiment [&#8230;]\n","protected":false},"featured_media":89404,"template":"","meta":[],"product_brand":[],"product_cat":[597,261],"product_tag":[],"class_list":{"0":"post-89403","1":"product","2":"type-product","3":"status-publish","4":"has-post-thumbnail","6":"product_cat-blumen-und-pflanzen","7":"product_cat-dekoration","9":"first","10":"instock","11":"shipping-taxable","12":"product-type-simple"},"yoast_head":"<!-- This site is optimized with the Yoast SEO plugin v27.2 - https:\/\/yoast.com\/product\/yoast-seo-wordpress\/ -->\n<title>Maxitania Brique. | mueble4you<\/title>\n<meta name=\"robots\" content=\"index, follow, max-snippet:-1, max-image-preview:large, max-video-preview:-1\" \/>\n<link rel=\"canonical\" href=\"https:\/\/mueble4you.com\/de\/productos\/maxi-tania-brique\/\" \/>\n<meta property=\"og:locale\" content=\"de_DE\" \/>\n<meta property=\"og:type\" content=\"article\" \/>\n<meta property=\"og:title\" content=\"Maxitania Brique. | mueble4you\" \/>\n<meta property=\"og:description\" content=\"Gro\u00dfe Dekoblume \u201eMaxi Tania\u201c aus ziegelfarbenem EVA, H\u00f6he 113 cm. Entwickelt f\u00fcr wartungsfreie Kompositionen, bietet es eine starke visuelle Wirkung und ist gleichzeitig leicht (150 g) und einfach zu versenden. Verformungsbest\u00e4ndiges synthetisches Material, geeignet f\u00fcr Ladenauslagen, Schaufenster und Produktfotografie. Mehrwert: gro\u00dfes fotogenes Format, trendige Farbe und kein Pflegeaufwand \u2013 ideal als Erg\u00e4nzung zu einem Premium-Sortiment [...]\" \/>\n<meta property=\"og:url\" content=\"https:\/\/mueble4you.com\/de\/productos\/maxi-tania-brique\/\" \/>\n<meta property=\"og:site_name\" content=\"mueble4you\" \/>\n<meta property=\"article:modified_time\" content=\"2026-03-18T15:03:56+00:00\" \/>\n<meta property=\"og:image\" content=\"https:\/\/mueble4you.com\/wp-content\/uploads\/2026\/03\/171370.jpg\" \/>\n\t<meta property=\"og:image:width\" content=\"2000\" \/>\n\t<meta property=\"og:image:height\" content=\"2000\" \/>\n\t<meta property=\"og:image:type\" content=\"image\/jpeg\" \/>\n<meta name=\"twitter:card\" content=\"summary_large_image\" \/>\n<script type=\"application\/ld+json\" class=\"yoast-schema-graph\">{\"@context\":\"https:\/\/schema.org\",\"@graph\":[{\"@type\":\"WebPage\",\"@id\":\"https:\/\/mueble4you.com\/de\/productos\/maxi-tania-brique\/\",\"url\":\"https:\/\/mueble4you.com\/de\/productos\/maxi-tania-brique\/\",\"name\":\"Maxitania Brique. | mueble4you\",\"isPartOf\":{\"@id\":\"https:\/\/mueble4you.com\/#website\"},\"primaryImageOfPage\":{\"@id\":\"https:\/\/mueble4you.com\/de\/productos\/maxi-tania-brique\/#primaryimage\"},\"image\":{\"@id\":\"https:\/\/mueble4you.com\/de\/productos\/maxi-tania-brique\/#primaryimage\"},\"thumbnailUrl\":\"https:\/\/mueble4you.com\/wp-content\/uploads\/2026\/03\/171370.jpg\",\"datePublished\":\"2026-03-11T16:03:09+00:00\",\"dateModified\":\"2026-03-18T15:03:56+00:00\",\"breadcrumb\":{\"@id\":\"https:\/\/mueble4you.com\/de\/productos\/maxi-tania-brique\/#breadcrumb\"},\"inLanguage\":\"de\",\"potentialAction\":[{\"@type\":\"ReadAction\",\"target\":[\"https:\/\/mueble4you.com\/de\/productos\/maxi-tania-brique\/\"]}]},{\"@type\":\"ImageObject\",\"inLanguage\":\"de\",\"@id\":\"https:\/\/mueble4you.com\/de\/productos\/maxi-tania-brique\/#primaryimage\",\"url\":\"https:\/\/mueble4you.com\/wp-content\/uploads\/2026\/03\/171370.jpg\",\"contentUrl\":\"https:\/\/mueble4you.com\/wp-content\/uploads\/2026\/03\/171370.jpg\",\"width\":2000,\"height\":2000},{\"@type\":\"BreadcrumbList\",\"@id\":\"https:\/\/mueble4you.com\/de\/productos\/maxi-tania-brique\/#breadcrumb\",\"itemListElement\":[{\"@type\":\"ListItem\",\"position\":1,\"name\":\"Portada\",\"item\":\"https:\/\/mueble4you.com\/de\/\"},{\"@type\":\"ListItem\",\"position\":2,\"name\":\"Productos\",\"item\":\"https:\/\/mueble4you.com\/productos\/\"},{\"@type\":\"ListItem\",\"position\":3,\"name\":\"Maxitania Brique.\"}]},{\"@type\":\"WebSite\",\"@id\":\"https:\/\/mueble4you.com\/#website\",\"url\":\"https:\/\/mueble4you.com\/\",\"name\":\"mueble4you\",\"description\":\"M\u00f6bel in Teneriffa\",\"potentialAction\":[{\"@type\":\"SearchAction\",\"target\":{\"@type\":\"EntryPoint\",\"urlTemplate\":\"https:\/\/mueble4you.com\/?s={search_term_string}\"},\"query-input\":{\"@type\":\"PropertyValueSpecification\",\"valueRequired\":true,\"valueName\":\"search_term_string\"}}],\"inLanguage\":\"de\"}]}<\/script>\n<!-- \/ Yoast SEO plugin. -->","yoast_head_json":{"title":"Maxitania Brique. | mueble4you","robots":{"index":"index","follow":"follow","max-snippet":"max-snippet:-1","max-image-preview":"max-image-preview:large","max-video-preview":"max-video-preview:-1"},"canonical":"https:\/\/mueble4you.com\/de\/productos\/maxi-tania-brique\/","og_locale":"de_DE","og_type":"article","og_title":"Maxitania Brique. | mueble4you","og_description":"Gro\u00dfe Dekoblume \u201eMaxi Tania\u201c aus ziegelfarbenem EVA, H\u00f6he 113 cm. Entwickelt f\u00fcr wartungsfreie Kompositionen, bietet es eine starke visuelle Wirkung und ist gleichzeitig leicht (150 g) und einfach zu versenden. Verformungsbest\u00e4ndiges synthetisches Material, geeignet f\u00fcr Ladenauslagen, Schaufenster und Produktfotografie. Mehrwert: gro\u00dfes fotogenes Format, trendige Farbe und kein Pflegeaufwand \u2013 ideal als Erg\u00e4nzung zu einem Premium-Sortiment [...]","og_url":"https:\/\/mueble4you.com\/de\/productos\/maxi-tania-brique\/","og_site_name":"mueble4you","article_modified_time":"2026-03-18T15:03:56+00:00","og_image":[{"width":2000,"height":2000,"url":"https:\/\/mueble4you.com\/wp-content\/uploads\/2026\/03\/171370.jpg","type":"image\/jpeg"}],"twitter_card":"summary_large_image","schema":{"@context":"https:\/\/schema.org","@graph":[{"@type":"WebPage","@id":"https:\/\/mueble4you.com\/de\/productos\/maxi-tania-brique\/","url":"https:\/\/mueble4you.com\/de\/productos\/maxi-tania-brique\/","name":"Maxitania Brique. | mueble4you","isPartOf":{"@id":"https:\/\/mueble4you.com\/#website"},"primaryImageOfPage":{"@id":"https:\/\/mueble4you.com\/de\/productos\/maxi-tania-brique\/#primaryimage"},"image":{"@id":"https:\/\/mueble4you.com\/de\/productos\/maxi-tania-brique\/#primaryimage"},"thumbnailUrl":"https:\/\/mueble4you.com\/wp-content\/uploads\/2026\/03\/171370.jpg","datePublished":"2026-03-11T16:03:09+00:00","dateModified":"2026-03-18T15:03:56+00:00","breadcrumb":{"@id":"https:\/\/mueble4you.com\/de\/productos\/maxi-tania-brique\/#breadcrumb"},"inLanguage":"de","potentialAction":[{"@type":"ReadAction","target":["https:\/\/mueble4you.com\/de\/productos\/maxi-tania-brique\/"]}]},{"@type":"ImageObject","inLanguage":"de","@id":"https:\/\/mueble4you.com\/de\/productos\/maxi-tania-brique\/#primaryimage","url":"https:\/\/mueble4you.com\/wp-content\/uploads\/2026\/03\/171370.jpg","contentUrl":"https:\/\/mueble4you.com\/wp-content\/uploads\/2026\/03\/171370.jpg","width":2000,"height":2000},{"@type":"BreadcrumbList","@id":"https:\/\/mueble4you.com\/de\/productos\/maxi-tania-brique\/#breadcrumb","itemListElement":[{"@type":"ListItem","position":1,"name":"Portada","item":"https:\/\/mueble4you.com\/de\/"},{"@type":"ListItem","position":2,"name":"Productos","item":"https:\/\/mueble4you.com\/productos\/"},{"@type":"ListItem","position":3,"name":"Maxitania Brique."}]},{"@type":"WebSite","@id":"https:\/\/mueble4you.com\/#website","url":"https:\/\/mueble4you.com\/","name":"mueble4you","description":"M\u00f6bel in Teneriffa","potentialAction":[{"@type":"SearchAction","target":{"@type":"EntryPoint","urlTemplate":"https:\/\/mueble4you.com\/?s={search_term_string}"},"query-input":{"@type":"PropertyValueSpecification","valueRequired":true,"valueName":"search_term_string"}}],"inLanguage":"de"}]}},"_links":{"self":[{"href":"https:\/\/mueble4you.com\/de\/wp-json\/wp\/v2\/product\/89403","targetHints":{"allow":["GET"]}}],"collection":[{"href":"https:\/\/mueble4you.com\/de\/wp-json\/wp\/v2\/product"}],"about":[{"href":"https:\/\/mueble4you.com\/de\/wp-json\/wp\/v2\/types\/product"}],"wp:featuredmedia":[{"embeddable":true,"href":"https:\/\/mueble4you.com\/de\/wp-json\/wp\/v2\/media\/89404"}],"wp:attachment":[{"href":"https:\/\/mueble4you.com\/de\/wp-json\/wp\/v2\/media?parent=89403"}],"wp:term":[{"taxonomy":"product_brand","embeddable":true,"href":"https:\/\/mueble4you.com\/de\/wp-json\/wp\/v2\/product_brand?post=89403"},{"taxonomy":"product_cat","embeddable":true,"href":"https:\/\/mueble4you.com\/de\/wp-json\/wp\/v2\/product_cat?post=89403"},{"taxonomy":"product_tag","embeddable":true,"href":"https:\/\/mueble4you.com\/de\/wp-json\/wp\/v2\/product_tag?post=89403"}],"curies":[{"name":"wp","href":"https:\/\/api.w.org\/{rel}","templated":true}]}}