{"id":89393,"date":"2026-03-11T16:00:11","date_gmt":"2026-03-11T16:00:11","guid":{"rendered":"https:\/\/mueble4you.com\/productos\/flores-maxi-ava-sunset\/"},"modified":"2026-03-11T16:00:11","modified_gmt":"2026-03-11T16:00:11","slug":"flores-maxi-ava-sunset","status":"publish","type":"product","link":"https:\/\/mueble4you.com\/de\/productos\/flores-maxi-ava-sunset\/","title":{"rendered":"Flores maxi ava sunset"},"content":{"rendered":"<ul>\n<li>Gran flor decorativa &#8218;Maxi Ava Sunset&#8216; de fuerte impacto visual, ideal para enriquecer una gama de flores artificiales premium.<\/li>\n<li>Dimensiones generosas (H120 x L45 x An.70 cm) adecuadas para escaparates, composiciones XXL o ambientaciones para eventos.<\/li>\n<li>Aspecto fotog\u00e9nico: p\u00e9talos amplios en tonos naranja y coral que captan la atenci\u00f3n.<\/li>\n<li>Valor a\u00f1adido para los distribuidores: alta atracci\u00f3n visual, alternativa sin mantenimiento a la flor cortada, facilita las compras impulsivas y la creaci\u00f3n de ramos espectaculares.<\/li>\n<\/ul>\n","protected":false},"excerpt":{"rendered":"<p>Gran flor decorativa &#8218;Maxi Ava Sunset&#8216; de fuerte impacto visual, ideal para enriquecer una gama de flores artificiales premium. Dimensiones generosas (H120 x L45 x An.70 cm) adecuadas para escaparates, composiciones XXL o ambientaciones para eventos. Aspecto fotog\u00e9nico: p\u00e9talos amplios en tonos naranja y coral que captan la atenci\u00f3n. Valor a\u00f1adido para los distribuidores: alta [&#8230;]\n","protected":false},"featured_media":89394,"template":"","meta":[],"product_brand":[],"product_cat":[597,261],"product_tag":[],"class_list":{"0":"post-89393","1":"product","2":"type-product","3":"status-publish","4":"has-post-thumbnail","6":"product_cat-blumen-und-pflanzen","7":"product_cat-dekoration","9":"first","10":"instock","11":"shipping-taxable","12":"product-type-simple"},"yoast_head":"<!-- This site is optimized with the Yoast SEO plugin v27.2 - https:\/\/yoast.com\/product\/yoast-seo-wordpress\/ -->\n<title>Flores maxi ava sunset | mueble4you<\/title>\n<meta name=\"robots\" content=\"index, follow, max-snippet:-1, max-image-preview:large, max-video-preview:-1\" \/>\n<link rel=\"canonical\" href=\"https:\/\/mueble4you.com\/de\/productos\/flores-maxi-ava-sunset\/\" \/>\n<meta property=\"og:locale\" content=\"de_DE\" \/>\n<meta property=\"og:type\" content=\"article\" \/>\n<meta property=\"og:title\" content=\"Flores maxi ava sunset | mueble4you\" \/>\n<meta property=\"og:description\" content=\"Gran flor decorativa &#8218;Maxi Ava Sunset&#8216; de fuerte impacto visual, ideal para enriquecer una gama de flores artificiales premium. Dimensiones generosas (H120 x L45 x An.70 cm) adecuadas para escaparates, composiciones XXL o ambientaciones para eventos. Aspecto fotog\u00e9nico: p\u00e9talos amplios en tonos naranja y coral que captan la atenci\u00f3n. Valor a\u00f1adido para los distribuidores: alta [...]\" \/>\n<meta property=\"og:url\" content=\"https:\/\/mueble4you.com\/de\/productos\/flores-maxi-ava-sunset\/\" \/>\n<meta property=\"og:site_name\" content=\"mueble4you\" \/>\n<meta name=\"twitter:card\" content=\"summary_large_image\" \/>\n<script type=\"application\/ld+json\" class=\"yoast-schema-graph\">{\"@context\":\"https:\/\/schema.org\",\"@graph\":[{\"@type\":\"WebPage\",\"@id\":\"https:\/\/mueble4you.com\/de\/productos\/flores-maxi-ava-sunset\/\",\"url\":\"https:\/\/mueble4you.com\/de\/productos\/flores-maxi-ava-sunset\/\",\"name\":\"Flores maxi ava sunset | mueble4you\",\"isPartOf\":{\"@id\":\"https:\/\/mueble4you.com\/#website\"},\"primaryImageOfPage\":{\"@id\":\"https:\/\/mueble4you.com\/de\/productos\/flores-maxi-ava-sunset\/#primaryimage\"},\"image\":{\"@id\":\"https:\/\/mueble4you.com\/de\/productos\/flores-maxi-ava-sunset\/#primaryimage\"},\"thumbnailUrl\":\"https:\/\/mueble4you.com\/wp-content\/uploads\/2026\/03\/171375.jpg\",\"datePublished\":\"2026-03-11T16:00:11+00:00\",\"breadcrumb\":{\"@id\":\"https:\/\/mueble4you.com\/de\/productos\/flores-maxi-ava-sunset\/#breadcrumb\"},\"inLanguage\":\"de\",\"potentialAction\":[{\"@type\":\"ReadAction\",\"target\":[\"https:\/\/mueble4you.com\/de\/productos\/flores-maxi-ava-sunset\/\"]}]},{\"@type\":\"ImageObject\",\"inLanguage\":\"de\",\"@id\":\"https:\/\/mueble4you.com\/de\/productos\/flores-maxi-ava-sunset\/#primaryimage\",\"url\":\"https:\/\/mueble4you.com\/wp-content\/uploads\/2026\/03\/171375.jpg\",\"contentUrl\":\"https:\/\/mueble4you.com\/wp-content\/uploads\/2026\/03\/171375.jpg\",\"width\":2000,\"height\":2000},{\"@type\":\"BreadcrumbList\",\"@id\":\"https:\/\/mueble4you.com\/de\/productos\/flores-maxi-ava-sunset\/#breadcrumb\",\"itemListElement\":[{\"@type\":\"ListItem\",\"position\":1,\"name\":\"Portada\",\"item\":\"https:\/\/mueble4you.com\/de\/\"},{\"@type\":\"ListItem\",\"position\":2,\"name\":\"Productos\",\"item\":\"https:\/\/mueble4you.com\/productos\/\"},{\"@type\":\"ListItem\",\"position\":3,\"name\":\"Flores maxi ava sunset\"}]},{\"@type\":\"WebSite\",\"@id\":\"https:\/\/mueble4you.com\/#website\",\"url\":\"https:\/\/mueble4you.com\/\",\"name\":\"mueble4you\",\"description\":\"M\u00f6bel in Teneriffa\",\"potentialAction\":[{\"@type\":\"SearchAction\",\"target\":{\"@type\":\"EntryPoint\",\"urlTemplate\":\"https:\/\/mueble4you.com\/?s={search_term_string}\"},\"query-input\":{\"@type\":\"PropertyValueSpecification\",\"valueRequired\":true,\"valueName\":\"search_term_string\"}}],\"inLanguage\":\"de\"}]}<\/script>\n<!-- \/ Yoast SEO plugin. -->","yoast_head_json":{"title":"Flores maxi ava sunset | mueble4you","robots":{"index":"index","follow":"follow","max-snippet":"max-snippet:-1","max-image-preview":"max-image-preview:large","max-video-preview":"max-video-preview:-1"},"canonical":"https:\/\/mueble4you.com\/de\/productos\/flores-maxi-ava-sunset\/","og_locale":"de_DE","og_type":"article","og_title":"Flores maxi ava sunset | mueble4you","og_description":"Gran flor decorativa &#8218;Maxi Ava Sunset&#8216; de fuerte impacto visual, ideal para enriquecer una gama de flores artificiales premium. Dimensiones generosas (H120 x L45 x An.70 cm) adecuadas para escaparates, composiciones XXL o ambientaciones para eventos. Aspecto fotog\u00e9nico: p\u00e9talos amplios en tonos naranja y coral que captan la atenci\u00f3n. Valor a\u00f1adido para los distribuidores: alta [...]","og_url":"https:\/\/mueble4you.com\/de\/productos\/flores-maxi-ava-sunset\/","og_site_name":"mueble4you","twitter_card":"summary_large_image","schema":{"@context":"https:\/\/schema.org","@graph":[{"@type":"WebPage","@id":"https:\/\/mueble4you.com\/de\/productos\/flores-maxi-ava-sunset\/","url":"https:\/\/mueble4you.com\/de\/productos\/flores-maxi-ava-sunset\/","name":"Flores maxi ava sunset | mueble4you","isPartOf":{"@id":"https:\/\/mueble4you.com\/#website"},"primaryImageOfPage":{"@id":"https:\/\/mueble4you.com\/de\/productos\/flores-maxi-ava-sunset\/#primaryimage"},"image":{"@id":"https:\/\/mueble4you.com\/de\/productos\/flores-maxi-ava-sunset\/#primaryimage"},"thumbnailUrl":"https:\/\/mueble4you.com\/wp-content\/uploads\/2026\/03\/171375.jpg","datePublished":"2026-03-11T16:00:11+00:00","breadcrumb":{"@id":"https:\/\/mueble4you.com\/de\/productos\/flores-maxi-ava-sunset\/#breadcrumb"},"inLanguage":"de","potentialAction":[{"@type":"ReadAction","target":["https:\/\/mueble4you.com\/de\/productos\/flores-maxi-ava-sunset\/"]}]},{"@type":"ImageObject","inLanguage":"de","@id":"https:\/\/mueble4you.com\/de\/productos\/flores-maxi-ava-sunset\/#primaryimage","url":"https:\/\/mueble4you.com\/wp-content\/uploads\/2026\/03\/171375.jpg","contentUrl":"https:\/\/mueble4you.com\/wp-content\/uploads\/2026\/03\/171375.jpg","width":2000,"height":2000},{"@type":"BreadcrumbList","@id":"https:\/\/mueble4you.com\/de\/productos\/flores-maxi-ava-sunset\/#breadcrumb","itemListElement":[{"@type":"ListItem","position":1,"name":"Portada","item":"https:\/\/mueble4you.com\/de\/"},{"@type":"ListItem","position":2,"name":"Productos","item":"https:\/\/mueble4you.com\/productos\/"},{"@type":"ListItem","position":3,"name":"Flores maxi ava sunset"}]},{"@type":"WebSite","@id":"https:\/\/mueble4you.com\/#website","url":"https:\/\/mueble4you.com\/","name":"mueble4you","description":"M\u00f6bel in Teneriffa","potentialAction":[{"@type":"SearchAction","target":{"@type":"EntryPoint","urlTemplate":"https:\/\/mueble4you.com\/?s={search_term_string}"},"query-input":{"@type":"PropertyValueSpecification","valueRequired":true,"valueName":"search_term_string"}}],"inLanguage":"de"}]}},"_links":{"self":[{"href":"https:\/\/mueble4you.com\/de\/wp-json\/wp\/v2\/product\/89393","targetHints":{"allow":["GET"]}}],"collection":[{"href":"https:\/\/mueble4you.com\/de\/wp-json\/wp\/v2\/product"}],"about":[{"href":"https:\/\/mueble4you.com\/de\/wp-json\/wp\/v2\/types\/product"}],"wp:featuredmedia":[{"embeddable":true,"href":"https:\/\/mueble4you.com\/de\/wp-json\/wp\/v2\/media\/89394"}],"wp:attachment":[{"href":"https:\/\/mueble4you.com\/de\/wp-json\/wp\/v2\/media?parent=89393"}],"wp:term":[{"taxonomy":"product_brand","embeddable":true,"href":"https:\/\/mueble4you.com\/de\/wp-json\/wp\/v2\/product_brand?post=89393"},{"taxonomy":"product_cat","embeddable":true,"href":"https:\/\/mueble4you.com\/de\/wp-json\/wp\/v2\/product_cat?post=89393"},{"taxonomy":"product_tag","embeddable":true,"href":"https:\/\/mueble4you.com\/de\/wp-json\/wp\/v2\/product_tag?post=89393"}],"curies":[{"name":"wp","href":"https:\/\/api.w.org\/{rel}","templated":true}]}}