{"id":89361,"date":"2026-03-10T11:55:25","date_gmt":"2026-03-10T11:55:25","guid":{"rendered":"https:\/\/mueble4you.com\/productos\/taburete-bar-cassandre-azul\/"},"modified":"2026-03-10T11:55:25","modified_gmt":"2026-03-10T11:55:25","slug":"taburete-bar-cassandre-azul","status":"publish","type":"product","link":"https:\/\/mueble4you.com\/de\/productos\/taburete-bar-cassandre-azul\/","title":{"rendered":"Taburete bar cassandre azul"},"content":{"rendered":"<ul>\n<li>Taburete de bar Cassandre en polipropileno te\u00f1ido en masa, dise\u00f1ado para uso interior y exteriores cubiertos.<\/li>\n<li>Dimensiones compactas (L51 x P37 x H103 cm) que facilitan su inclusi\u00f3n en cat\u00e1logos y la gesti\u00f3n log\u00edstica.<\/li>\n<li>Apilable y ligero (5 kg) para un almacenamiento optimizado y manipulaci\u00f3n sencilla.<\/li>\n<li>Est\u00e9tica contempor\u00e1nea de l\u00edneas sobrias, adecuado para caf\u00e9s, restaurantes y tiendas de decoraci\u00f3n que buscan un asiento resistente, f\u00e1cil de mantener y disponible en colores de tendencia.<\/li>\n<li>\n<div class=\"col-6\">Altura: 103 cm<\/div>\n<div class=\"col-6\"><i class=\"fa-solid fa-ruler-horizontal\"><\/i>Ancho: 37 cm<\/div>\n<div class=\"col-6\"><i class=\"fa-solid fa-ruler-combined\"><\/i>Profundidad: 51 cm<\/div>\n<div class=\"col-6\"><i class=\"fa-solid fa-weight-hanging\"><\/i>Peso: 5,00 kg<\/div>\n<div class=\"col-6\"><i class=\"fas fa-border-style\"><\/i>Materiales : polipropileno<\/div>\n<div class=\"col-6\"><i class=\"fa-solid fa-palette\"><\/i>Colores : azul petr\u00f3leo<\/div>\n<\/li>\n<\/ul>\n","protected":false},"excerpt":{"rendered":"<p>Taburete de bar Cassandre en polipropileno te\u00f1ido en masa, dise\u00f1ado para uso interior y exteriores cubiertos. Dimensiones compactas (L51 x P37 x H103 cm) que facilitan su inclusi\u00f3n en cat\u00e1logos y la gesti\u00f3n log\u00edstica. Apilable y ligero (5 kg) para un almacenamiento optimizado y manipulaci\u00f3n sencilla. Est\u00e9tica contempor\u00e1nea de l\u00edneas sobrias, adecuado para caf\u00e9s, restaurantes [&#8230;]\n","protected":false},"featured_media":89362,"template":"","meta":[],"product_brand":[],"product_cat":[268,485],"product_tag":[],"class_list":{"0":"post-89361","1":"product","2":"type-product","3":"status-publish","4":"has-post-thumbnail","6":"product_cat-esszimmer","7":"product_cat-schemel","9":"first","10":"instock","11":"shipping-taxable","12":"product-type-simple"},"yoast_head":"<!-- This site is optimized with the Yoast SEO plugin v27.2 - https:\/\/yoast.com\/product\/yoast-seo-wordpress\/ -->\n<title>Taburete bar cassandre azul | mueble4you<\/title>\n<meta name=\"robots\" content=\"index, follow, max-snippet:-1, max-image-preview:large, max-video-preview:-1\" \/>\n<link rel=\"canonical\" href=\"https:\/\/mueble4you.com\/de\/productos\/taburete-bar-cassandre-azul\/\" \/>\n<meta property=\"og:locale\" content=\"de_DE\" \/>\n<meta property=\"og:type\" content=\"article\" \/>\n<meta property=\"og:title\" content=\"Taburete bar cassandre azul | mueble4you\" \/>\n<meta property=\"og:description\" content=\"Taburete de bar Cassandre en polipropileno te\u00f1ido en masa, dise\u00f1ado para uso interior y exteriores cubiertos. Dimensiones compactas (L51 x P37 x H103 cm) que facilitan su inclusi\u00f3n en cat\u00e1logos y la gesti\u00f3n log\u00edstica. Apilable y ligero (5 kg) para un almacenamiento optimizado y manipulaci\u00f3n sencilla. Est\u00e9tica contempor\u00e1nea de l\u00edneas sobrias, adecuado para caf\u00e9s, restaurantes [...]\" \/>\n<meta property=\"og:url\" content=\"https:\/\/mueble4you.com\/de\/productos\/taburete-bar-cassandre-azul\/\" \/>\n<meta property=\"og:site_name\" content=\"mueble4you\" \/>\n<meta name=\"twitter:card\" content=\"summary_large_image\" \/>\n<script type=\"application\/ld+json\" class=\"yoast-schema-graph\">{\"@context\":\"https:\/\/schema.org\",\"@graph\":[{\"@type\":\"WebPage\",\"@id\":\"https:\/\/mueble4you.com\/de\/productos\/taburete-bar-cassandre-azul\/\",\"url\":\"https:\/\/mueble4you.com\/de\/productos\/taburete-bar-cassandre-azul\/\",\"name\":\"Taburete bar cassandre azul | mueble4you\",\"isPartOf\":{\"@id\":\"https:\/\/mueble4you.com\/#website\"},\"primaryImageOfPage\":{\"@id\":\"https:\/\/mueble4you.com\/de\/productos\/taburete-bar-cassandre-azul\/#primaryimage\"},\"image\":{\"@id\":\"https:\/\/mueble4you.com\/de\/productos\/taburete-bar-cassandre-azul\/#primaryimage\"},\"thumbnailUrl\":\"https:\/\/mueble4you.com\/wp-content\/uploads\/2026\/03\/171230-1.jpg\",\"datePublished\":\"2026-03-10T11:55:25+00:00\",\"breadcrumb\":{\"@id\":\"https:\/\/mueble4you.com\/de\/productos\/taburete-bar-cassandre-azul\/#breadcrumb\"},\"inLanguage\":\"de\",\"potentialAction\":[{\"@type\":\"ReadAction\",\"target\":[\"https:\/\/mueble4you.com\/de\/productos\/taburete-bar-cassandre-azul\/\"]}]},{\"@type\":\"ImageObject\",\"inLanguage\":\"de\",\"@id\":\"https:\/\/mueble4you.com\/de\/productos\/taburete-bar-cassandre-azul\/#primaryimage\",\"url\":\"https:\/\/mueble4you.com\/wp-content\/uploads\/2026\/03\/171230-1.jpg\",\"contentUrl\":\"https:\/\/mueble4you.com\/wp-content\/uploads\/2026\/03\/171230-1.jpg\",\"width\":2000,\"height\":1500},{\"@type\":\"BreadcrumbList\",\"@id\":\"https:\/\/mueble4you.com\/de\/productos\/taburete-bar-cassandre-azul\/#breadcrumb\",\"itemListElement\":[{\"@type\":\"ListItem\",\"position\":1,\"name\":\"Portada\",\"item\":\"https:\/\/mueble4you.com\/de\/\"},{\"@type\":\"ListItem\",\"position\":2,\"name\":\"Productos\",\"item\":\"https:\/\/mueble4you.com\/productos\/\"},{\"@type\":\"ListItem\",\"position\":3,\"name\":\"Taburete bar cassandre azul\"}]},{\"@type\":\"WebSite\",\"@id\":\"https:\/\/mueble4you.com\/#website\",\"url\":\"https:\/\/mueble4you.com\/\",\"name\":\"mueble4you\",\"description\":\"M\u00f6bel in Teneriffa\",\"potentialAction\":[{\"@type\":\"SearchAction\",\"target\":{\"@type\":\"EntryPoint\",\"urlTemplate\":\"https:\/\/mueble4you.com\/?s={search_term_string}\"},\"query-input\":{\"@type\":\"PropertyValueSpecification\",\"valueRequired\":true,\"valueName\":\"search_term_string\"}}],\"inLanguage\":\"de\"}]}<\/script>\n<!-- \/ Yoast SEO plugin. -->","yoast_head_json":{"title":"Taburete bar cassandre azul | mueble4you","robots":{"index":"index","follow":"follow","max-snippet":"max-snippet:-1","max-image-preview":"max-image-preview:large","max-video-preview":"max-video-preview:-1"},"canonical":"https:\/\/mueble4you.com\/de\/productos\/taburete-bar-cassandre-azul\/","og_locale":"de_DE","og_type":"article","og_title":"Taburete bar cassandre azul | mueble4you","og_description":"Taburete de bar Cassandre en polipropileno te\u00f1ido en masa, dise\u00f1ado para uso interior y exteriores cubiertos. Dimensiones compactas (L51 x P37 x H103 cm) que facilitan su inclusi\u00f3n en cat\u00e1logos y la gesti\u00f3n log\u00edstica. Apilable y ligero (5 kg) para un almacenamiento optimizado y manipulaci\u00f3n sencilla. Est\u00e9tica contempor\u00e1nea de l\u00edneas sobrias, adecuado para caf\u00e9s, restaurantes [...]","og_url":"https:\/\/mueble4you.com\/de\/productos\/taburete-bar-cassandre-azul\/","og_site_name":"mueble4you","twitter_card":"summary_large_image","schema":{"@context":"https:\/\/schema.org","@graph":[{"@type":"WebPage","@id":"https:\/\/mueble4you.com\/de\/productos\/taburete-bar-cassandre-azul\/","url":"https:\/\/mueble4you.com\/de\/productos\/taburete-bar-cassandre-azul\/","name":"Taburete bar cassandre azul | mueble4you","isPartOf":{"@id":"https:\/\/mueble4you.com\/#website"},"primaryImageOfPage":{"@id":"https:\/\/mueble4you.com\/de\/productos\/taburete-bar-cassandre-azul\/#primaryimage"},"image":{"@id":"https:\/\/mueble4you.com\/de\/productos\/taburete-bar-cassandre-azul\/#primaryimage"},"thumbnailUrl":"https:\/\/mueble4you.com\/wp-content\/uploads\/2026\/03\/171230-1.jpg","datePublished":"2026-03-10T11:55:25+00:00","breadcrumb":{"@id":"https:\/\/mueble4you.com\/de\/productos\/taburete-bar-cassandre-azul\/#breadcrumb"},"inLanguage":"de","potentialAction":[{"@type":"ReadAction","target":["https:\/\/mueble4you.com\/de\/productos\/taburete-bar-cassandre-azul\/"]}]},{"@type":"ImageObject","inLanguage":"de","@id":"https:\/\/mueble4you.com\/de\/productos\/taburete-bar-cassandre-azul\/#primaryimage","url":"https:\/\/mueble4you.com\/wp-content\/uploads\/2026\/03\/171230-1.jpg","contentUrl":"https:\/\/mueble4you.com\/wp-content\/uploads\/2026\/03\/171230-1.jpg","width":2000,"height":1500},{"@type":"BreadcrumbList","@id":"https:\/\/mueble4you.com\/de\/productos\/taburete-bar-cassandre-azul\/#breadcrumb","itemListElement":[{"@type":"ListItem","position":1,"name":"Portada","item":"https:\/\/mueble4you.com\/de\/"},{"@type":"ListItem","position":2,"name":"Productos","item":"https:\/\/mueble4you.com\/productos\/"},{"@type":"ListItem","position":3,"name":"Taburete bar cassandre azul"}]},{"@type":"WebSite","@id":"https:\/\/mueble4you.com\/#website","url":"https:\/\/mueble4you.com\/","name":"mueble4you","description":"M\u00f6bel in Teneriffa","potentialAction":[{"@type":"SearchAction","target":{"@type":"EntryPoint","urlTemplate":"https:\/\/mueble4you.com\/?s={search_term_string}"},"query-input":{"@type":"PropertyValueSpecification","valueRequired":true,"valueName":"search_term_string"}}],"inLanguage":"de"}]}},"_links":{"self":[{"href":"https:\/\/mueble4you.com\/de\/wp-json\/wp\/v2\/product\/89361","targetHints":{"allow":["GET"]}}],"collection":[{"href":"https:\/\/mueble4you.com\/de\/wp-json\/wp\/v2\/product"}],"about":[{"href":"https:\/\/mueble4you.com\/de\/wp-json\/wp\/v2\/types\/product"}],"wp:featuredmedia":[{"embeddable":true,"href":"https:\/\/mueble4you.com\/de\/wp-json\/wp\/v2\/media\/89362"}],"wp:attachment":[{"href":"https:\/\/mueble4you.com\/de\/wp-json\/wp\/v2\/media?parent=89361"}],"wp:term":[{"taxonomy":"product_brand","embeddable":true,"href":"https:\/\/mueble4you.com\/de\/wp-json\/wp\/v2\/product_brand?post=89361"},{"taxonomy":"product_cat","embeddable":true,"href":"https:\/\/mueble4you.com\/de\/wp-json\/wp\/v2\/product_cat?post=89361"},{"taxonomy":"product_tag","embeddable":true,"href":"https:\/\/mueble4you.com\/de\/wp-json\/wp\/v2\/product_tag?post=89361"}],"curies":[{"name":"wp","href":"https:\/\/api.w.org\/{rel}","templated":true}]}}