{"id":88781,"date":"2026-02-03T13:07:45","date_gmt":"2026-02-03T13:07:45","guid":{"rendered":"https:\/\/mueble4you.com\/productos\/aparador-120-azul-dorado\/"},"modified":"2026-02-13T15:37:41","modified_gmt":"2026-02-13T15:37:41","slug":"aparador-120-azul-dorado","status":"publish","type":"product","link":"https:\/\/mueble4you.com\/de\/productos\/aparador-120-azul-dorado\/","title":{"rendered":"SIDEBOARD 120 BLAU\/GOLD."},"content":{"rendered":"<h4 id=\"tw-target-text\" class=\"tw-data-text tw-text-large tw-ta\" dir=\"ltr\" tabindex=\"-1\" role=\"text\" data-placeholder=\"Traducci\u00f3n\" data-ved=\"2ahUKEwjoqIzF5NaSAxVyZqQEHYfREJcQ3ewLegQIDBAW\" aria-label=\"Texto traducido: SIDEBOARD 120 BLAU\/GOLD.\nDiese Kommode oder Anreihkommode ist aus Mangoholz gefertigt und verf\u00fcgt \u00fcber 9 Schubladen. Es ist handbemalt mit goldenen Illustrationen, die orientalische Szenen zeigen. Jede Schublade verf\u00fcgt \u00fcber einen zentralen Metallgriff. Die Basis des M\u00f6bels verf\u00fcgt \u00fcber einen geformten Sockel, der leicht hervorsteht und ihm ein eleganteres und festeres Finish verleiht, das dem Gesamtdesign Stabilit\u00e4t und Pr\u00e4senz verleiht. Es ist ein St\u00fcck mit viel Charakter, ideal f\u00fcr die Dekoration von R\u00e4umen im Boh\u00e8me-, Vintage- oder exotischen Stil.\n\n\u25cf H\u00f6he: 90 cm.\n\n\u25cf L\u00e4nge: 120 cm.\n\n\u25cf Breite: 55 cm.\n\n\u25cf Material: Mangoholz\n\n\u25cf Farbe: Blau.\n\n\u25cf Gewicht: 55 kg.\"><span class=\"Y2IQFc\" lang=\"de\">Diese Kommode oder Anreihkommode ist aus Mangoholz gefertigt und verf\u00fcgt \u00fcber 9 Schubladen.<\/span><\/h4>\n<h4 class=\"tw-data-text tw-text-large tw-ta\" dir=\"ltr\" tabindex=\"-1\" role=\"text\" data-placeholder=\"Traducci\u00f3n\" data-ved=\"2ahUKEwjoqIzF5NaSAxVyZqQEHYfREJcQ3ewLegQIDBAW\" aria-label=\"Texto traducido: SIDEBOARD 120 BLAU\/GOLD.\nDiese Kommode oder Anreihkommode ist aus Mangoholz gefertigt und verf\u00fcgt \u00fcber 9 Schubladen. Es ist handbemalt mit goldenen Illustrationen, die orientalische Szenen zeigen. Jede Schublade verf\u00fcgt \u00fcber einen zentralen Metallgriff. Die Basis des M\u00f6bels verf\u00fcgt \u00fcber einen geformten Sockel, der leicht hervorsteht und ihm ein eleganteres und festeres Finish verleiht, das dem Gesamtdesign Stabilit\u00e4t und Pr\u00e4senz verleiht. Es ist ein St\u00fcck mit viel Charakter, ideal f\u00fcr die Dekoration von R\u00e4umen im Boh\u00e8me-, Vintage- oder exotischen Stil.\n\n\u25cf H\u00f6he: 90 cm.\n\n\u25cf L\u00e4nge: 120 cm.\n\n\u25cf Breite: 55 cm.\n\n\u25cf Material: Mangoholz\n\n\u25cf Farbe: Blau.\n\n\u25cf Gewicht: 55 kg.\"><span class=\"Y2IQFc\" lang=\"de\"> Es ist handbemalt mit goldenen Illustrationen, die orientalische Szenen zeigen. <\/span><\/h4>\n<h4 class=\"tw-data-text tw-text-large tw-ta\" dir=\"ltr\" tabindex=\"-1\" role=\"text\" data-placeholder=\"Traducci\u00f3n\" data-ved=\"2ahUKEwjoqIzF5NaSAxVyZqQEHYfREJcQ3ewLegQIDBAW\" aria-label=\"Texto traducido: SIDEBOARD 120 BLAU\/GOLD.\nDiese Kommode oder Anreihkommode ist aus Mangoholz gefertigt und verf\u00fcgt \u00fcber 9 Schubladen. Es ist handbemalt mit goldenen Illustrationen, die orientalische Szenen zeigen. Jede Schublade verf\u00fcgt \u00fcber einen zentralen Metallgriff. Die Basis des M\u00f6bels verf\u00fcgt \u00fcber einen geformten Sockel, der leicht hervorsteht und ihm ein eleganteres und festeres Finish verleiht, das dem Gesamtdesign Stabilit\u00e4t und Pr\u00e4senz verleiht. Es ist ein St\u00fcck mit viel Charakter, ideal f\u00fcr die Dekoration von R\u00e4umen im Boh\u00e8me-, Vintage- oder exotischen Stil.\n\n\u25cf H\u00f6he: 90 cm.\n\n\u25cf L\u00e4nge: 120 cm.\n\n\u25cf Breite: 55 cm.\n\n\u25cf Material: Mangoholz\n\n\u25cf Farbe: Blau.\n\n\u25cf Gewicht: 55 kg.\"><span class=\"Y2IQFc\" lang=\"de\">Jede Schublade verf\u00fcgt \u00fcber einen zentralen Metallgriff.<\/span><\/h4>\n<h4 class=\"tw-data-text tw-text-large tw-ta\" dir=\"ltr\" tabindex=\"-1\" role=\"text\" data-placeholder=\"Traducci\u00f3n\" data-ved=\"2ahUKEwjoqIzF5NaSAxVyZqQEHYfREJcQ3ewLegQIDBAW\" aria-label=\"Texto traducido: SIDEBOARD 120 BLAU\/GOLD.\nDiese Kommode oder Anreihkommode ist aus Mangoholz gefertigt und verf\u00fcgt \u00fcber 9 Schubladen. Es ist handbemalt mit goldenen Illustrationen, die orientalische Szenen zeigen. Jede Schublade verf\u00fcgt \u00fcber einen zentralen Metallgriff. Die Basis des M\u00f6bels verf\u00fcgt \u00fcber einen geformten Sockel, der leicht hervorsteht und ihm ein eleganteres und festeres Finish verleiht, das dem Gesamtdesign Stabilit\u00e4t und Pr\u00e4senz verleiht. Es ist ein St\u00fcck mit viel Charakter, ideal f\u00fcr die Dekoration von R\u00e4umen im Boh\u00e8me-, Vintage- oder exotischen Stil.\n\n\u25cf H\u00f6he: 90 cm.\n\n\u25cf L\u00e4nge: 120 cm.\n\n\u25cf Breite: 55 cm.\n\n\u25cf Material: Mangoholz\n\n\u25cf Farbe: Blau.\n\n\u25cf Gewicht: 55 kg.\"><span class=\"Y2IQFc\" lang=\"de\"> Die Basis des M\u00f6bels verf\u00fcgt \u00fcber einen geformten Sockel, der leicht hervorsteht und ihm ein eleganteres und festeres Finish verleiht, das dem Gesamtdesign Stabilit\u00e4t und Pr\u00e4senz verleiht. <\/span><\/h4>\n<h4 class=\"tw-data-text tw-text-large tw-ta\" dir=\"ltr\" tabindex=\"-1\" role=\"text\" data-placeholder=\"Traducci\u00f3n\" data-ved=\"2ahUKEwjoqIzF5NaSAxVyZqQEHYfREJcQ3ewLegQIDBAW\" aria-label=\"Texto traducido: SIDEBOARD 120 BLAU\/GOLD.\nDiese Kommode oder Anreihkommode ist aus Mangoholz gefertigt und verf\u00fcgt \u00fcber 9 Schubladen. Es ist handbemalt mit goldenen Illustrationen, die orientalische Szenen zeigen. Jede Schublade verf\u00fcgt \u00fcber einen zentralen Metallgriff. Die Basis des M\u00f6bels verf\u00fcgt \u00fcber einen geformten Sockel, der leicht hervorsteht und ihm ein eleganteres und festeres Finish verleiht, das dem Gesamtdesign Stabilit\u00e4t und Pr\u00e4senz verleiht. Es ist ein St\u00fcck mit viel Charakter, ideal f\u00fcr die Dekoration von R\u00e4umen im Boh\u00e8me-, Vintage- oder exotischen Stil.\n\n\u25cf H\u00f6he: 90 cm.\n\n\u25cf L\u00e4nge: 120 cm.\n\n\u25cf Breite: 55 cm.\n\n\u25cf Material: Mangoholz\n\n\u25cf Farbe: Blau.\n\n\u25cf Gewicht: 55 kg.\"><span class=\"Y2IQFc\" lang=\"de\">Es ist ein St\u00fcck mit viel Charakter, ideal f\u00fcr die Dekoration von R\u00e4umen im Boh\u00e8me-, Vintage- oder exotischen Stil.<\/span><\/h4>\n<h4 class=\"tw-data-text tw-text-large tw-ta\" dir=\"ltr\" tabindex=\"-1\" role=\"text\" data-placeholder=\"Traducci\u00f3n\" data-ved=\"2ahUKEwjoqIzF5NaSAxVyZqQEHYfREJcQ3ewLegQIDBAW\" aria-label=\"Texto traducido: SIDEBOARD 120 BLAU\/GOLD.\nDiese Kommode oder Anreihkommode ist aus Mangoholz gefertigt und verf\u00fcgt \u00fcber 9 Schubladen. Es ist handbemalt mit goldenen Illustrationen, die orientalische Szenen zeigen. Jede Schublade verf\u00fcgt \u00fcber einen zentralen Metallgriff. Die Basis des M\u00f6bels verf\u00fcgt \u00fcber einen geformten Sockel, der leicht hervorsteht und ihm ein eleganteres und festeres Finish verleiht, das dem Gesamtdesign Stabilit\u00e4t und Pr\u00e4senz verleiht. Es ist ein St\u00fcck mit viel Charakter, ideal f\u00fcr die Dekoration von R\u00e4umen im Boh\u00e8me-, Vintage- oder exotischen Stil.\n\n\u25cf H\u00f6he: 90 cm.\n\n\u25cf L\u00e4nge: 120 cm.\n\n\u25cf Breite: 55 cm.\n\n\u25cf Material: Mangoholz\n\n\u25cf Farbe: Blau.\n\n\u25cf Gewicht: 55 kg.\"><span class=\"Y2IQFc\" lang=\"de\">\u25cf H\u00f6he: 90 cm. \u25cf L\u00e4nge: 120 cm. \u25cf Breite: 55 cm.<\/span><\/h4>\n<h4 class=\"tw-data-text tw-text-large tw-ta\" dir=\"ltr\" tabindex=\"-1\" role=\"text\" data-placeholder=\"Traducci\u00f3n\" data-ved=\"2ahUKEwjoqIzF5NaSAxVyZqQEHYfREJcQ3ewLegQIDBAW\" aria-label=\"Texto traducido: SIDEBOARD 120 BLAU\/GOLD.\nDiese Kommode oder Anreihkommode ist aus Mangoholz gefertigt und verf\u00fcgt \u00fcber 9 Schubladen. Es ist handbemalt mit goldenen Illustrationen, die orientalische Szenen zeigen. Jede Schublade verf\u00fcgt \u00fcber einen zentralen Metallgriff. Die Basis des M\u00f6bels verf\u00fcgt \u00fcber einen geformten Sockel, der leicht hervorsteht und ihm ein eleganteres und festeres Finish verleiht, das dem Gesamtdesign Stabilit\u00e4t und Pr\u00e4senz verleiht. Es ist ein St\u00fcck mit viel Charakter, ideal f\u00fcr die Dekoration von R\u00e4umen im Boh\u00e8me-, Vintage- oder exotischen Stil.\n\n\u25cf H\u00f6he: 90 cm.\n\n\u25cf L\u00e4nge: 120 cm.\n\n\u25cf Breite: 55 cm.\n\n\u25cf Material: Mangoholz\n\n\u25cf Farbe: Blau.\n\n\u25cf Gewicht: 55 kg.\"><span class=\"Y2IQFc\" lang=\"de\">\u25cf Material: Mangoholz <\/span><\/h4>\n<h4 class=\"tw-data-text tw-text-large tw-ta\" dir=\"ltr\" tabindex=\"-1\" role=\"text\" data-placeholder=\"Traducci\u00f3n\" data-ved=\"2ahUKEwjoqIzF5NaSAxVyZqQEHYfREJcQ3ewLegQIDBAW\" aria-label=\"Texto traducido: SIDEBOARD 120 BLAU\/GOLD.\nDiese Kommode oder Anreihkommode ist aus Mangoholz gefertigt und verf\u00fcgt \u00fcber 9 Schubladen. Es ist handbemalt mit goldenen Illustrationen, die orientalische Szenen zeigen. Jede Schublade verf\u00fcgt \u00fcber einen zentralen Metallgriff. Die Basis des M\u00f6bels verf\u00fcgt \u00fcber einen geformten Sockel, der leicht hervorsteht und ihm ein eleganteres und festeres Finish verleiht, das dem Gesamtdesign Stabilit\u00e4t und Pr\u00e4senz verleiht. Es ist ein St\u00fcck mit viel Charakter, ideal f\u00fcr die Dekoration von R\u00e4umen im Boh\u00e8me-, Vintage- oder exotischen Stil.\n\n\u25cf H\u00f6he: 90 cm.\n\n\u25cf L\u00e4nge: 120 cm.\n\n\u25cf Breite: 55 cm.\n\n\u25cf Material: Mangoholz\n\n\u25cf Farbe: Blau.\n\n\u25cf Gewicht: 55 kg.\"><span class=\"Y2IQFc\" lang=\"de\">\u25cf <\/span><span class=\"Y2IQFc\" lang=\"de\">Farbe: Blau.\u00a0<\/span><\/h4>\n","protected":false},"excerpt":{"rendered":"<p>Diese Kommode oder Anreihkommode ist aus Mangoholz gefertigt und verf\u00fcgt \u00fcber 9 Schubladen. Es ist handbemalt mit goldenen Illustrationen, die orientalische Szenen zeigen. Jede Schublade verf\u00fcgt \u00fcber einen zentralen Metallgriff. Die Basis des M\u00f6bels verf\u00fcgt \u00fcber einen geformten Sockel, der leicht hervorsteht und ihm ein eleganteres und festeres Finish verleiht, das dem Gesamtdesign Stabilit\u00e4t und [&#8230;]\n","protected":false},"featured_media":88782,"template":"","meta":[],"product_brand":[],"product_cat":[571,283,500,272],"product_tag":[],"class_list":{"0":"post-88781","1":"product","2":"type-product","3":"status-publish","4":"has-post-thumbnail","6":"product_cat-kommode","7":"product_cat-schlafzimmermobel","8":"product_cat-sideboards-de","9":"product_cat-wohnzimmer","11":"first","12":"instock","13":"shipping-taxable","14":"product-type-simple"},"yoast_head":"<!-- This site is optimized with the Yoast SEO plugin v27.3 - https:\/\/yoast.com\/product\/yoast-seo-wordpress\/ -->\n<title>SIDEBOARD 120 BLAU\/GOLD. | mueble4you<\/title>\n<meta name=\"robots\" content=\"index, follow, max-snippet:-1, max-image-preview:large, max-video-preview:-1\" \/>\n<link rel=\"canonical\" href=\"https:\/\/mueble4you.com\/de\/productos\/aparador-120-azul-dorado\/\" \/>\n<meta property=\"og:locale\" content=\"de_DE\" \/>\n<meta property=\"og:type\" content=\"article\" \/>\n<meta property=\"og:title\" content=\"SIDEBOARD 120 BLAU\/GOLD. | mueble4you\" \/>\n<meta property=\"og:description\" content=\"Diese Kommode oder Anreihkommode ist aus Mangoholz gefertigt und verf\u00fcgt \u00fcber 9 Schubladen. Es ist handbemalt mit goldenen Illustrationen, die orientalische Szenen zeigen. Jede Schublade verf\u00fcgt \u00fcber einen zentralen Metallgriff. Die Basis des M\u00f6bels verf\u00fcgt \u00fcber einen geformten Sockel, der leicht hervorsteht und ihm ein eleganteres und festeres Finish verleiht, das dem Gesamtdesign Stabilit\u00e4t und [...]\" \/>\n<meta property=\"og:url\" content=\"https:\/\/mueble4you.com\/de\/productos\/aparador-120-azul-dorado\/\" \/>\n<meta property=\"og:site_name\" content=\"mueble4you\" \/>\n<meta property=\"article:modified_time\" content=\"2026-02-13T15:37:41+00:00\" \/>\n<meta property=\"og:image\" content=\"https:\/\/mueble4you.com\/wp-content\/uploads\/2026\/02\/2264_1-Copy.jpg\" \/>\n\t<meta property=\"og:image:width\" content=\"1024\" \/>\n\t<meta property=\"og:image:height\" content=\"760\" \/>\n\t<meta property=\"og:image:type\" content=\"image\/jpeg\" \/>\n<meta name=\"twitter:card\" content=\"summary_large_image\" \/>\n<script type=\"application\/ld+json\" class=\"yoast-schema-graph\">{\"@context\":\"https:\\\/\\\/schema.org\",\"@graph\":[{\"@type\":\"WebPage\",\"@id\":\"https:\\\/\\\/mueble4you.com\\\/de\\\/productos\\\/aparador-120-azul-dorado\\\/\",\"url\":\"https:\\\/\\\/mueble4you.com\\\/de\\\/productos\\\/aparador-120-azul-dorado\\\/\",\"name\":\"SIDEBOARD 120 BLAU\\\/GOLD. | mueble4you\",\"isPartOf\":{\"@id\":\"https:\\\/\\\/mueble4you.com\\\/#website\"},\"primaryImageOfPage\":{\"@id\":\"https:\\\/\\\/mueble4you.com\\\/de\\\/productos\\\/aparador-120-azul-dorado\\\/#primaryimage\"},\"image\":{\"@id\":\"https:\\\/\\\/mueble4you.com\\\/de\\\/productos\\\/aparador-120-azul-dorado\\\/#primaryimage\"},\"thumbnailUrl\":\"https:\\\/\\\/mueble4you.com\\\/wp-content\\\/uploads\\\/2026\\\/02\\\/2264_1-Copy.jpg\",\"datePublished\":\"2026-02-03T13:07:45+00:00\",\"dateModified\":\"2026-02-13T15:37:41+00:00\",\"breadcrumb\":{\"@id\":\"https:\\\/\\\/mueble4you.com\\\/de\\\/productos\\\/aparador-120-azul-dorado\\\/#breadcrumb\"},\"inLanguage\":\"de\",\"potentialAction\":[{\"@type\":\"ReadAction\",\"target\":[\"https:\\\/\\\/mueble4you.com\\\/de\\\/productos\\\/aparador-120-azul-dorado\\\/\"]}]},{\"@type\":\"ImageObject\",\"inLanguage\":\"de\",\"@id\":\"https:\\\/\\\/mueble4you.com\\\/de\\\/productos\\\/aparador-120-azul-dorado\\\/#primaryimage\",\"url\":\"https:\\\/\\\/mueble4you.com\\\/wp-content\\\/uploads\\\/2026\\\/02\\\/2264_1-Copy.jpg\",\"contentUrl\":\"https:\\\/\\\/mueble4you.com\\\/wp-content\\\/uploads\\\/2026\\\/02\\\/2264_1-Copy.jpg\",\"width\":1024,\"height\":760},{\"@type\":\"BreadcrumbList\",\"@id\":\"https:\\\/\\\/mueble4you.com\\\/de\\\/productos\\\/aparador-120-azul-dorado\\\/#breadcrumb\",\"itemListElement\":[{\"@type\":\"ListItem\",\"position\":1,\"name\":\"Portada\",\"item\":\"https:\\\/\\\/mueble4you.com\\\/de\\\/\"},{\"@type\":\"ListItem\",\"position\":2,\"name\":\"Productos\",\"item\":\"https:\\\/\\\/mueble4you.com\\\/productos\\\/\"},{\"@type\":\"ListItem\",\"position\":3,\"name\":\"SIDEBOARD 120 BLAU\\\/GOLD.\"}]},{\"@type\":\"WebSite\",\"@id\":\"https:\\\/\\\/mueble4you.com\\\/#website\",\"url\":\"https:\\\/\\\/mueble4you.com\\\/\",\"name\":\"mueble4you\",\"description\":\"M\u00f6bel in Teneriffa\",\"potentialAction\":[{\"@type\":\"SearchAction\",\"target\":{\"@type\":\"EntryPoint\",\"urlTemplate\":\"https:\\\/\\\/mueble4you.com\\\/?s={search_term_string}\"},\"query-input\":{\"@type\":\"PropertyValueSpecification\",\"valueRequired\":true,\"valueName\":\"search_term_string\"}}],\"inLanguage\":\"de\"}]}<\/script>\n<!-- \/ Yoast SEO plugin. -->","yoast_head_json":{"title":"SIDEBOARD 120 BLAU\/GOLD. | mueble4you","robots":{"index":"index","follow":"follow","max-snippet":"max-snippet:-1","max-image-preview":"max-image-preview:large","max-video-preview":"max-video-preview:-1"},"canonical":"https:\/\/mueble4you.com\/de\/productos\/aparador-120-azul-dorado\/","og_locale":"de_DE","og_type":"article","og_title":"SIDEBOARD 120 BLAU\/GOLD. | mueble4you","og_description":"Diese Kommode oder Anreihkommode ist aus Mangoholz gefertigt und verf\u00fcgt \u00fcber 9 Schubladen. Es ist handbemalt mit goldenen Illustrationen, die orientalische Szenen zeigen. Jede Schublade verf\u00fcgt \u00fcber einen zentralen Metallgriff. Die Basis des M\u00f6bels verf\u00fcgt \u00fcber einen geformten Sockel, der leicht hervorsteht und ihm ein eleganteres und festeres Finish verleiht, das dem Gesamtdesign Stabilit\u00e4t und [...]","og_url":"https:\/\/mueble4you.com\/de\/productos\/aparador-120-azul-dorado\/","og_site_name":"mueble4you","article_modified_time":"2026-02-13T15:37:41+00:00","og_image":[{"width":1024,"height":760,"url":"https:\/\/mueble4you.com\/wp-content\/uploads\/2026\/02\/2264_1-Copy.jpg","type":"image\/jpeg"}],"twitter_card":"summary_large_image","schema":{"@context":"https:\/\/schema.org","@graph":[{"@type":"WebPage","@id":"https:\/\/mueble4you.com\/de\/productos\/aparador-120-azul-dorado\/","url":"https:\/\/mueble4you.com\/de\/productos\/aparador-120-azul-dorado\/","name":"SIDEBOARD 120 BLAU\/GOLD. | mueble4you","isPartOf":{"@id":"https:\/\/mueble4you.com\/#website"},"primaryImageOfPage":{"@id":"https:\/\/mueble4you.com\/de\/productos\/aparador-120-azul-dorado\/#primaryimage"},"image":{"@id":"https:\/\/mueble4you.com\/de\/productos\/aparador-120-azul-dorado\/#primaryimage"},"thumbnailUrl":"https:\/\/mueble4you.com\/wp-content\/uploads\/2026\/02\/2264_1-Copy.jpg","datePublished":"2026-02-03T13:07:45+00:00","dateModified":"2026-02-13T15:37:41+00:00","breadcrumb":{"@id":"https:\/\/mueble4you.com\/de\/productos\/aparador-120-azul-dorado\/#breadcrumb"},"inLanguage":"de","potentialAction":[{"@type":"ReadAction","target":["https:\/\/mueble4you.com\/de\/productos\/aparador-120-azul-dorado\/"]}]},{"@type":"ImageObject","inLanguage":"de","@id":"https:\/\/mueble4you.com\/de\/productos\/aparador-120-azul-dorado\/#primaryimage","url":"https:\/\/mueble4you.com\/wp-content\/uploads\/2026\/02\/2264_1-Copy.jpg","contentUrl":"https:\/\/mueble4you.com\/wp-content\/uploads\/2026\/02\/2264_1-Copy.jpg","width":1024,"height":760},{"@type":"BreadcrumbList","@id":"https:\/\/mueble4you.com\/de\/productos\/aparador-120-azul-dorado\/#breadcrumb","itemListElement":[{"@type":"ListItem","position":1,"name":"Portada","item":"https:\/\/mueble4you.com\/de\/"},{"@type":"ListItem","position":2,"name":"Productos","item":"https:\/\/mueble4you.com\/productos\/"},{"@type":"ListItem","position":3,"name":"SIDEBOARD 120 BLAU\/GOLD."}]},{"@type":"WebSite","@id":"https:\/\/mueble4you.com\/#website","url":"https:\/\/mueble4you.com\/","name":"mueble4you","description":"M\u00f6bel in Teneriffa","potentialAction":[{"@type":"SearchAction","target":{"@type":"EntryPoint","urlTemplate":"https:\/\/mueble4you.com\/?s={search_term_string}"},"query-input":{"@type":"PropertyValueSpecification","valueRequired":true,"valueName":"search_term_string"}}],"inLanguage":"de"}]}},"_links":{"self":[{"href":"https:\/\/mueble4you.com\/de\/wp-json\/wp\/v2\/product\/88781","targetHints":{"allow":["GET"]}}],"collection":[{"href":"https:\/\/mueble4you.com\/de\/wp-json\/wp\/v2\/product"}],"about":[{"href":"https:\/\/mueble4you.com\/de\/wp-json\/wp\/v2\/types\/product"}],"wp:featuredmedia":[{"embeddable":true,"href":"https:\/\/mueble4you.com\/de\/wp-json\/wp\/v2\/media\/88782"}],"wp:attachment":[{"href":"https:\/\/mueble4you.com\/de\/wp-json\/wp\/v2\/media?parent=88781"}],"wp:term":[{"taxonomy":"product_brand","embeddable":true,"href":"https:\/\/mueble4you.com\/de\/wp-json\/wp\/v2\/product_brand?post=88781"},{"taxonomy":"product_cat","embeddable":true,"href":"https:\/\/mueble4you.com\/de\/wp-json\/wp\/v2\/product_cat?post=88781"},{"taxonomy":"product_tag","embeddable":true,"href":"https:\/\/mueble4you.com\/de\/wp-json\/wp\/v2\/product_tag?post=88781"}],"curies":[{"name":"wp","href":"https:\/\/api.w.org\/{rel}","templated":true}]}}