{"id":88705,"date":"2026-02-04T15:32:20","date_gmt":"2026-02-04T15:32:20","guid":{"rendered":"https:\/\/mueble4you.com\/productos\/bancada-tapizada-heaven-160x200-beige-pata-v21-niq\/"},"modified":"2026-02-04T16:10:27","modified_gmt":"2026-02-04T16:10:27","slug":"bancada-tapizada-heaven-160x200-beige-pata-v21-niq","status":"publish","type":"product","link":"https:\/\/mueble4you.com\/de\/productos\/bancada-tapizada-heaven-160x200-beige-pata-v21-niq\/","title":{"rendered":"HEAVEN Polsterbank 160&#215;200 Beige V21 NIQ Beine."},"content":{"rendered":"<ul>\n<li>Die Polsterbank Heaven bietet eine elegante und vielseitige M\u00f6glichkeit, Ihr Zuhause zu bereichern.<\/li>\n<li>Sie besticht durch ihr attraktives und modernes Design und ist aus hochwertigen Materialien gefertigt.<\/li>\n<li>Verwandeln Sie Ihr Schlafzimmer mit Heaven in eine Wohlf\u00fchloase.<\/li>\n<li>Auf Anfrage in verschiedenen Gr\u00f6\u00dfen, Farben und Polsteroptionen erh\u00e4ltlich.<\/li>\n<\/ul>\n","protected":false},"excerpt":{"rendered":"<p>Die Polsterbank Heaven bietet eine elegante und vielseitige M\u00f6glichkeit, Ihr Zuhause zu bereichern. Sie besticht durch ihr attraktives und modernes Design und ist aus hochwertigen Materialien gefertigt. Verwandeln Sie Ihr Schlafzimmer mit Heaven in eine Wohlf\u00fchloase. Auf Anfrage in verschiedenen Gr\u00f6\u00dfen, Farben und Polsteroptionen erh\u00e4ltlich.<\/p>\n","protected":false},"featured_media":88706,"template":"","meta":[],"product_brand":[],"product_cat":[270,269],"product_tag":[],"class_list":{"0":"post-88705","1":"product","2":"type-product","3":"status-publish","4":"has-post-thumbnail","6":"product_cat-betten-und-zubehor","7":"product_cat-schlafzimmer","9":"first","10":"instock","11":"shipping-taxable","12":"product-type-simple"},"yoast_head":"<!-- This site is optimized with the Yoast SEO plugin v27.2 - https:\/\/yoast.com\/product\/yoast-seo-wordpress\/ -->\n<title>HEAVEN Polsterbank 160x200 Beige V21 NIQ Beine. | mueble4you<\/title>\n<meta name=\"robots\" content=\"index, follow, max-snippet:-1, max-image-preview:large, max-video-preview:-1\" \/>\n<link rel=\"canonical\" href=\"https:\/\/mueble4you.com\/de\/productos\/bancada-tapizada-heaven-160x200-beige-pata-v21-niq\/\" \/>\n<meta property=\"og:locale\" content=\"de_DE\" \/>\n<meta property=\"og:type\" content=\"article\" \/>\n<meta property=\"og:title\" content=\"HEAVEN Polsterbank 160x200 Beige V21 NIQ Beine. | mueble4you\" \/>\n<meta property=\"og:description\" content=\"Die Polsterbank Heaven bietet eine elegante und vielseitige M\u00f6glichkeit, Ihr Zuhause zu bereichern. Sie besticht durch ihr attraktives und modernes Design und ist aus hochwertigen Materialien gefertigt. Verwandeln Sie Ihr Schlafzimmer mit Heaven in eine Wohlf\u00fchloase. Auf Anfrage in verschiedenen Gr\u00f6\u00dfen, Farben und Polsteroptionen erh\u00e4ltlich.\" \/>\n<meta property=\"og:url\" content=\"https:\/\/mueble4you.com\/de\/productos\/bancada-tapizada-heaven-160x200-beige-pata-v21-niq\/\" \/>\n<meta property=\"og:site_name\" content=\"mueble4you\" \/>\n<meta property=\"article:modified_time\" content=\"2026-02-04T16:10:27+00:00\" \/>\n<meta property=\"og:image\" content=\"https:\/\/mueble4you.com\/wp-content\/uploads\/2026\/02\/Heven-150-V21-Padded-150-Line-050-V12-Line-070-V12.jpg\" \/>\n\t<meta property=\"og:image:width\" content=\"900\" \/>\n\t<meta property=\"og:image:height\" content=\"600\" \/>\n\t<meta property=\"og:image:type\" content=\"image\/jpeg\" \/>\n<meta name=\"twitter:card\" content=\"summary_large_image\" \/>\n<script type=\"application\/ld+json\" class=\"yoast-schema-graph\">{\"@context\":\"https:\/\/schema.org\",\"@graph\":[{\"@type\":\"WebPage\",\"@id\":\"https:\/\/mueble4you.com\/de\/productos\/bancada-tapizada-heaven-160x200-beige-pata-v21-niq\/\",\"url\":\"https:\/\/mueble4you.com\/de\/productos\/bancada-tapizada-heaven-160x200-beige-pata-v21-niq\/\",\"name\":\"HEAVEN Polsterbank 160x200 Beige V21 NIQ Beine. | mueble4you\",\"isPartOf\":{\"@id\":\"https:\/\/mueble4you.com\/#website\"},\"primaryImageOfPage\":{\"@id\":\"https:\/\/mueble4you.com\/de\/productos\/bancada-tapizada-heaven-160x200-beige-pata-v21-niq\/#primaryimage\"},\"image\":{\"@id\":\"https:\/\/mueble4you.com\/de\/productos\/bancada-tapizada-heaven-160x200-beige-pata-v21-niq\/#primaryimage\"},\"thumbnailUrl\":\"https:\/\/mueble4you.com\/wp-content\/uploads\/2026\/02\/Heven-150-V21-Padded-150-Line-050-V12-Line-070-V12.jpg\",\"datePublished\":\"2026-02-04T15:32:20+00:00\",\"dateModified\":\"2026-02-04T16:10:27+00:00\",\"breadcrumb\":{\"@id\":\"https:\/\/mueble4you.com\/de\/productos\/bancada-tapizada-heaven-160x200-beige-pata-v21-niq\/#breadcrumb\"},\"inLanguage\":\"de\",\"potentialAction\":[{\"@type\":\"ReadAction\",\"target\":[\"https:\/\/mueble4you.com\/de\/productos\/bancada-tapizada-heaven-160x200-beige-pata-v21-niq\/\"]}]},{\"@type\":\"ImageObject\",\"inLanguage\":\"de\",\"@id\":\"https:\/\/mueble4you.com\/de\/productos\/bancada-tapizada-heaven-160x200-beige-pata-v21-niq\/#primaryimage\",\"url\":\"https:\/\/mueble4you.com\/wp-content\/uploads\/2026\/02\/Heven-150-V21-Padded-150-Line-050-V12-Line-070-V12.jpg\",\"contentUrl\":\"https:\/\/mueble4you.com\/wp-content\/uploads\/2026\/02\/Heven-150-V21-Padded-150-Line-050-V12-Line-070-V12.jpg\",\"width\":900,\"height\":600},{\"@type\":\"BreadcrumbList\",\"@id\":\"https:\/\/mueble4you.com\/de\/productos\/bancada-tapizada-heaven-160x200-beige-pata-v21-niq\/#breadcrumb\",\"itemListElement\":[{\"@type\":\"ListItem\",\"position\":1,\"name\":\"Portada\",\"item\":\"https:\/\/mueble4you.com\/de\/\"},{\"@type\":\"ListItem\",\"position\":2,\"name\":\"Productos\",\"item\":\"https:\/\/mueble4you.com\/productos\/\"},{\"@type\":\"ListItem\",\"position\":3,\"name\":\"HEAVEN Polsterbank 160&#215;200 Beige V21 NIQ Beine.\"}]},{\"@type\":\"WebSite\",\"@id\":\"https:\/\/mueble4you.com\/#website\",\"url\":\"https:\/\/mueble4you.com\/\",\"name\":\"mueble4you\",\"description\":\"M\u00f6bel in Teneriffa\",\"potentialAction\":[{\"@type\":\"SearchAction\",\"target\":{\"@type\":\"EntryPoint\",\"urlTemplate\":\"https:\/\/mueble4you.com\/?s={search_term_string}\"},\"query-input\":{\"@type\":\"PropertyValueSpecification\",\"valueRequired\":true,\"valueName\":\"search_term_string\"}}],\"inLanguage\":\"de\"}]}<\/script>\n<!-- \/ Yoast SEO plugin. -->","yoast_head_json":{"title":"HEAVEN Polsterbank 160x200 Beige V21 NIQ Beine. | mueble4you","robots":{"index":"index","follow":"follow","max-snippet":"max-snippet:-1","max-image-preview":"max-image-preview:large","max-video-preview":"max-video-preview:-1"},"canonical":"https:\/\/mueble4you.com\/de\/productos\/bancada-tapizada-heaven-160x200-beige-pata-v21-niq\/","og_locale":"de_DE","og_type":"article","og_title":"HEAVEN Polsterbank 160x200 Beige V21 NIQ Beine. | mueble4you","og_description":"Die Polsterbank Heaven bietet eine elegante und vielseitige M\u00f6glichkeit, Ihr Zuhause zu bereichern. Sie besticht durch ihr attraktives und modernes Design und ist aus hochwertigen Materialien gefertigt. Verwandeln Sie Ihr Schlafzimmer mit Heaven in eine Wohlf\u00fchloase. Auf Anfrage in verschiedenen Gr\u00f6\u00dfen, Farben und Polsteroptionen erh\u00e4ltlich.","og_url":"https:\/\/mueble4you.com\/de\/productos\/bancada-tapizada-heaven-160x200-beige-pata-v21-niq\/","og_site_name":"mueble4you","article_modified_time":"2026-02-04T16:10:27+00:00","og_image":[{"width":900,"height":600,"url":"https:\/\/mueble4you.com\/wp-content\/uploads\/2026\/02\/Heven-150-V21-Padded-150-Line-050-V12-Line-070-V12.jpg","type":"image\/jpeg"}],"twitter_card":"summary_large_image","schema":{"@context":"https:\/\/schema.org","@graph":[{"@type":"WebPage","@id":"https:\/\/mueble4you.com\/de\/productos\/bancada-tapizada-heaven-160x200-beige-pata-v21-niq\/","url":"https:\/\/mueble4you.com\/de\/productos\/bancada-tapizada-heaven-160x200-beige-pata-v21-niq\/","name":"HEAVEN Polsterbank 160x200 Beige V21 NIQ Beine. | mueble4you","isPartOf":{"@id":"https:\/\/mueble4you.com\/#website"},"primaryImageOfPage":{"@id":"https:\/\/mueble4you.com\/de\/productos\/bancada-tapizada-heaven-160x200-beige-pata-v21-niq\/#primaryimage"},"image":{"@id":"https:\/\/mueble4you.com\/de\/productos\/bancada-tapizada-heaven-160x200-beige-pata-v21-niq\/#primaryimage"},"thumbnailUrl":"https:\/\/mueble4you.com\/wp-content\/uploads\/2026\/02\/Heven-150-V21-Padded-150-Line-050-V12-Line-070-V12.jpg","datePublished":"2026-02-04T15:32:20+00:00","dateModified":"2026-02-04T16:10:27+00:00","breadcrumb":{"@id":"https:\/\/mueble4you.com\/de\/productos\/bancada-tapizada-heaven-160x200-beige-pata-v21-niq\/#breadcrumb"},"inLanguage":"de","potentialAction":[{"@type":"ReadAction","target":["https:\/\/mueble4you.com\/de\/productos\/bancada-tapizada-heaven-160x200-beige-pata-v21-niq\/"]}]},{"@type":"ImageObject","inLanguage":"de","@id":"https:\/\/mueble4you.com\/de\/productos\/bancada-tapizada-heaven-160x200-beige-pata-v21-niq\/#primaryimage","url":"https:\/\/mueble4you.com\/wp-content\/uploads\/2026\/02\/Heven-150-V21-Padded-150-Line-050-V12-Line-070-V12.jpg","contentUrl":"https:\/\/mueble4you.com\/wp-content\/uploads\/2026\/02\/Heven-150-V21-Padded-150-Line-050-V12-Line-070-V12.jpg","width":900,"height":600},{"@type":"BreadcrumbList","@id":"https:\/\/mueble4you.com\/de\/productos\/bancada-tapizada-heaven-160x200-beige-pata-v21-niq\/#breadcrumb","itemListElement":[{"@type":"ListItem","position":1,"name":"Portada","item":"https:\/\/mueble4you.com\/de\/"},{"@type":"ListItem","position":2,"name":"Productos","item":"https:\/\/mueble4you.com\/productos\/"},{"@type":"ListItem","position":3,"name":"HEAVEN Polsterbank 160&#215;200 Beige V21 NIQ Beine."}]},{"@type":"WebSite","@id":"https:\/\/mueble4you.com\/#website","url":"https:\/\/mueble4you.com\/","name":"mueble4you","description":"M\u00f6bel in Teneriffa","potentialAction":[{"@type":"SearchAction","target":{"@type":"EntryPoint","urlTemplate":"https:\/\/mueble4you.com\/?s={search_term_string}"},"query-input":{"@type":"PropertyValueSpecification","valueRequired":true,"valueName":"search_term_string"}}],"inLanguage":"de"}]}},"_links":{"self":[{"href":"https:\/\/mueble4you.com\/de\/wp-json\/wp\/v2\/product\/88705","targetHints":{"allow":["GET"]}}],"collection":[{"href":"https:\/\/mueble4you.com\/de\/wp-json\/wp\/v2\/product"}],"about":[{"href":"https:\/\/mueble4you.com\/de\/wp-json\/wp\/v2\/types\/product"}],"wp:featuredmedia":[{"embeddable":true,"href":"https:\/\/mueble4you.com\/de\/wp-json\/wp\/v2\/media\/88706"}],"wp:attachment":[{"href":"https:\/\/mueble4you.com\/de\/wp-json\/wp\/v2\/media?parent=88705"}],"wp:term":[{"taxonomy":"product_brand","embeddable":true,"href":"https:\/\/mueble4you.com\/de\/wp-json\/wp\/v2\/product_brand?post=88705"},{"taxonomy":"product_cat","embeddable":true,"href":"https:\/\/mueble4you.com\/de\/wp-json\/wp\/v2\/product_cat?post=88705"},{"taxonomy":"product_tag","embeddable":true,"href":"https:\/\/mueble4you.com\/de\/wp-json\/wp\/v2\/product_tag?post=88705"}],"curies":[{"name":"wp","href":"https:\/\/api.w.org\/{rel}","templated":true}]}}