{"id":88629,"date":"2026-02-03T13:26:56","date_gmt":"2026-02-03T13:26:56","guid":{"rendered":"https:\/\/mueble4you.com\/productos\/sillon-kelheim\/"},"modified":"2026-02-11T11:39:58","modified_gmt":"2026-02-11T11:39:58","slug":"sillon-kelheim","status":"publish","type":"product","link":"https:\/\/mueble4you.com\/de\/productos\/sillon-kelheim\/","title":{"rendered":"KELHEIM-SESSEL."},"content":{"rendered":"<h4 id=\"tw-target-text\" class=\"tw-data-text tw-text-large tw-ta\" dir=\"ltr\" tabindex=\"-1\" role=\"text\" data-placeholder=\"Traducci\u00f3n\" aria-label=\"Texto traducido: KELHEIM-SESSEL.\nArt-D\u00e9co-inspiriert und modern im Stil, bequem und komfortabel, besteht es aus einem Kissen aus gr\u00fcnem Samt und einer R\u00fcckenlehne mit geometrischem Formdruck. Die Ausf\u00fchrungen des Sessels in Holz und Stahl setzen auf die elegante Kombination von Schwarz- und Goldt\u00f6nen.\n\nBreite: 73 cm, Tiefe: 83 cm, H\u00f6he: 80 cm.\nMaterial Kiefernholz, Gummibaumholz, Samt.\nFarbe gr\u00fcn\" data-ved=\"2ahUKEwiux5X7qNGSAxVuNPsDHZnsCHYQ3ewLegQIEBAW\"><span class=\"Y2IQFc\" lang=\"de\">Art-D\u00e9co-inspiriert und modern im Stil, bequem und komfortabel, besteht es aus einem Kissen aus gr\u00fcnem Samt und einer R\u00fcckenlehne mit geometrischem Formdruck. Die Ausf\u00fchrungen des Sessels in Holz und Stahl setzen auf die elegante Kombination von Schwarz- und Goldt\u00f6nen. <\/span><\/h4>\n<h4 class=\"tw-data-text tw-text-large tw-ta\" dir=\"ltr\" tabindex=\"-1\" role=\"text\" data-placeholder=\"Traducci\u00f3n\" aria-label=\"Texto traducido: KELHEIM-SESSEL.\nArt-D\u00e9co-inspiriert und modern im Stil, bequem und komfortabel, besteht es aus einem Kissen aus gr\u00fcnem Samt und einer R\u00fcckenlehne mit geometrischem Formdruck. Die Ausf\u00fchrungen des Sessels in Holz und Stahl setzen auf die elegante Kombination von Schwarz- und Goldt\u00f6nen.\n\nBreite: 73 cm, Tiefe: 83 cm, H\u00f6he: 80 cm.\nMaterial Kiefernholz, Gummibaumholz, Samt.\nFarbe gr\u00fcn\" data-ved=\"2ahUKEwiux5X7qNGSAxVuNPsDHZnsCHYQ3ewLegQIEBAW\"><span class=\"Y2IQFc\" lang=\"de\">Breite: 73 cm, Tiefe: 83 cm, H\u00f6he: 80 cm. <\/span><\/h4>\n<h4 class=\"tw-data-text tw-text-large tw-ta\" dir=\"ltr\" tabindex=\"-1\" role=\"text\" data-placeholder=\"Traducci\u00f3n\" aria-label=\"Texto traducido: KELHEIM-SESSEL.\nArt-D\u00e9co-inspiriert und modern im Stil, bequem und komfortabel, besteht es aus einem Kissen aus gr\u00fcnem Samt und einer R\u00fcckenlehne mit geometrischem Formdruck. Die Ausf\u00fchrungen des Sessels in Holz und Stahl setzen auf die elegante Kombination von Schwarz- und Goldt\u00f6nen.\n\nBreite: 73 cm, Tiefe: 83 cm, H\u00f6he: 80 cm.\nMaterial Kiefernholz, Gummibaumholz, Samt.\nFarbe gr\u00fcn\" data-ved=\"2ahUKEwiux5X7qNGSAxVuNPsDHZnsCHYQ3ewLegQIEBAW\"><span class=\"Y2IQFc\" lang=\"de\">Material Kiefernholz, Gummibaumholz, Samt.<\/span><\/h4>\n<h4 class=\"tw-data-text tw-text-large tw-ta\" dir=\"ltr\" tabindex=\"-1\" role=\"text\" data-placeholder=\"Traducci\u00f3n\" aria-label=\"Texto traducido: KELHEIM-SESSEL.\nArt-D\u00e9co-inspiriert und modern im Stil, bequem und komfortabel, besteht es aus einem Kissen aus gr\u00fcnem Samt und einer R\u00fcckenlehne mit geometrischem Formdruck. Die Ausf\u00fchrungen des Sessels in Holz und Stahl setzen auf die elegante Kombination von Schwarz- und Goldt\u00f6nen.\n\nBreite: 73 cm, Tiefe: 83 cm, H\u00f6he: 80 cm.\nMaterial Kiefernholz, Gummibaumholz, Samt.\nFarbe gr\u00fcn\" data-ved=\"2ahUKEwiux5X7qNGSAxVuNPsDHZnsCHYQ3ewLegQIEBAW\"><span class=\"Y2IQFc\" lang=\"de\">Farbe gr\u00fcn<\/span><\/h4>\n","protected":false},"excerpt":{"rendered":"<p>Art-D\u00e9co-inspiriert und modern im Stil, bequem und komfortabel, besteht es aus einem Kissen aus gr\u00fcnem Samt und einer R\u00fcckenlehne mit geometrischem Formdruck. Die Ausf\u00fchrungen des Sessels in Holz und Stahl setzen auf die elegante Kombination von Schwarz- und Goldt\u00f6nen. Breite: 73 cm, Tiefe: 83 cm, H\u00f6he: 80 cm. Material Kiefernholz, Gummibaumholz, Samt. Farbe gr\u00fcn<\/p>\n","protected":false},"featured_media":88638,"template":"","meta":[],"product_brand":[],"product_cat":[365,272],"product_tag":[],"class_list":{"0":"post-88629","1":"product","2":"type-product","3":"status-publish","4":"has-post-thumbnail","6":"product_cat-sessel","7":"product_cat-wohnzimmer","9":"first","10":"instock","11":"shipping-taxable","12":"product-type-simple"},"yoast_head":"<!-- This site is optimized with the Yoast SEO plugin v27.2 - https:\/\/yoast.com\/product\/yoast-seo-wordpress\/ -->\n<title>KELHEIM-SESSEL. | mueble4you<\/title>\n<meta name=\"robots\" content=\"index, follow, max-snippet:-1, max-image-preview:large, max-video-preview:-1\" \/>\n<link rel=\"canonical\" href=\"https:\/\/mueble4you.com\/de\/productos\/sillon-kelheim\/\" \/>\n<meta property=\"og:locale\" content=\"de_DE\" \/>\n<meta property=\"og:type\" content=\"article\" \/>\n<meta property=\"og:title\" content=\"KELHEIM-SESSEL. | mueble4you\" \/>\n<meta property=\"og:description\" content=\"Art-D\u00e9co-inspiriert und modern im Stil, bequem und komfortabel, besteht es aus einem Kissen aus gr\u00fcnem Samt und einer R\u00fcckenlehne mit geometrischem Formdruck. Die Ausf\u00fchrungen des Sessels in Holz und Stahl setzen auf die elegante Kombination von Schwarz- und Goldt\u00f6nen. Breite: 73 cm, Tiefe: 83 cm, H\u00f6he: 80 cm. Material Kiefernholz, Gummibaumholz, Samt. Farbe gr\u00fcn\" \/>\n<meta property=\"og:url\" content=\"https:\/\/mueble4you.com\/de\/productos\/sillon-kelheim\/\" \/>\n<meta property=\"og:site_name\" content=\"mueble4you\" \/>\n<meta property=\"article:modified_time\" content=\"2026-02-11T11:39:58+00:00\" \/>\n<meta property=\"og:image\" content=\"https:\/\/mueble4you.com\/wp-content\/uploads\/2026\/02\/Sin-titulo20.jpg\" \/>\n\t<meta property=\"og:image:width\" content=\"1433\" \/>\n\t<meta property=\"og:image:height\" content=\"1005\" \/>\n\t<meta property=\"og:image:type\" content=\"image\/jpeg\" \/>\n<meta name=\"twitter:card\" content=\"summary_large_image\" \/>\n<script type=\"application\/ld+json\" class=\"yoast-schema-graph\">{\"@context\":\"https:\/\/schema.org\",\"@graph\":[{\"@type\":\"WebPage\",\"@id\":\"https:\/\/mueble4you.com\/de\/productos\/sillon-kelheim\/\",\"url\":\"https:\/\/mueble4you.com\/de\/productos\/sillon-kelheim\/\",\"name\":\"KELHEIM-SESSEL. | mueble4you\",\"isPartOf\":{\"@id\":\"https:\/\/mueble4you.com\/#website\"},\"primaryImageOfPage\":{\"@id\":\"https:\/\/mueble4you.com\/de\/productos\/sillon-kelheim\/#primaryimage\"},\"image\":{\"@id\":\"https:\/\/mueble4you.com\/de\/productos\/sillon-kelheim\/#primaryimage\"},\"thumbnailUrl\":\"https:\/\/mueble4you.com\/wp-content\/uploads\/2026\/02\/Sin-titulo20.jpg\",\"datePublished\":\"2026-02-03T13:26:56+00:00\",\"dateModified\":\"2026-02-11T11:39:58+00:00\",\"breadcrumb\":{\"@id\":\"https:\/\/mueble4you.com\/de\/productos\/sillon-kelheim\/#breadcrumb\"},\"inLanguage\":\"de\",\"potentialAction\":[{\"@type\":\"ReadAction\",\"target\":[\"https:\/\/mueble4you.com\/de\/productos\/sillon-kelheim\/\"]}]},{\"@type\":\"ImageObject\",\"inLanguage\":\"de\",\"@id\":\"https:\/\/mueble4you.com\/de\/productos\/sillon-kelheim\/#primaryimage\",\"url\":\"https:\/\/mueble4you.com\/wp-content\/uploads\/2026\/02\/Sin-titulo20.jpg\",\"contentUrl\":\"https:\/\/mueble4you.com\/wp-content\/uploads\/2026\/02\/Sin-titulo20.jpg\",\"width\":1433,\"height\":1005},{\"@type\":\"BreadcrumbList\",\"@id\":\"https:\/\/mueble4you.com\/de\/productos\/sillon-kelheim\/#breadcrumb\",\"itemListElement\":[{\"@type\":\"ListItem\",\"position\":1,\"name\":\"Portada\",\"item\":\"https:\/\/mueble4you.com\/de\/\"},{\"@type\":\"ListItem\",\"position\":2,\"name\":\"Productos\",\"item\":\"https:\/\/mueble4you.com\/productos\/\"},{\"@type\":\"ListItem\",\"position\":3,\"name\":\"KELHEIM-SESSEL.\"}]},{\"@type\":\"WebSite\",\"@id\":\"https:\/\/mueble4you.com\/#website\",\"url\":\"https:\/\/mueble4you.com\/\",\"name\":\"mueble4you\",\"description\":\"M\u00f6bel in Teneriffa\",\"potentialAction\":[{\"@type\":\"SearchAction\",\"target\":{\"@type\":\"EntryPoint\",\"urlTemplate\":\"https:\/\/mueble4you.com\/?s={search_term_string}\"},\"query-input\":{\"@type\":\"PropertyValueSpecification\",\"valueRequired\":true,\"valueName\":\"search_term_string\"}}],\"inLanguage\":\"de\"}]}<\/script>\n<!-- \/ Yoast SEO plugin. -->","yoast_head_json":{"title":"KELHEIM-SESSEL. | mueble4you","robots":{"index":"index","follow":"follow","max-snippet":"max-snippet:-1","max-image-preview":"max-image-preview:large","max-video-preview":"max-video-preview:-1"},"canonical":"https:\/\/mueble4you.com\/de\/productos\/sillon-kelheim\/","og_locale":"de_DE","og_type":"article","og_title":"KELHEIM-SESSEL. | mueble4you","og_description":"Art-D\u00e9co-inspiriert und modern im Stil, bequem und komfortabel, besteht es aus einem Kissen aus gr\u00fcnem Samt und einer R\u00fcckenlehne mit geometrischem Formdruck. Die Ausf\u00fchrungen des Sessels in Holz und Stahl setzen auf die elegante Kombination von Schwarz- und Goldt\u00f6nen. Breite: 73 cm, Tiefe: 83 cm, H\u00f6he: 80 cm. Material Kiefernholz, Gummibaumholz, Samt. Farbe gr\u00fcn","og_url":"https:\/\/mueble4you.com\/de\/productos\/sillon-kelheim\/","og_site_name":"mueble4you","article_modified_time":"2026-02-11T11:39:58+00:00","og_image":[{"width":1433,"height":1005,"url":"https:\/\/mueble4you.com\/wp-content\/uploads\/2026\/02\/Sin-titulo20.jpg","type":"image\/jpeg"}],"twitter_card":"summary_large_image","schema":{"@context":"https:\/\/schema.org","@graph":[{"@type":"WebPage","@id":"https:\/\/mueble4you.com\/de\/productos\/sillon-kelheim\/","url":"https:\/\/mueble4you.com\/de\/productos\/sillon-kelheim\/","name":"KELHEIM-SESSEL. | mueble4you","isPartOf":{"@id":"https:\/\/mueble4you.com\/#website"},"primaryImageOfPage":{"@id":"https:\/\/mueble4you.com\/de\/productos\/sillon-kelheim\/#primaryimage"},"image":{"@id":"https:\/\/mueble4you.com\/de\/productos\/sillon-kelheim\/#primaryimage"},"thumbnailUrl":"https:\/\/mueble4you.com\/wp-content\/uploads\/2026\/02\/Sin-titulo20.jpg","datePublished":"2026-02-03T13:26:56+00:00","dateModified":"2026-02-11T11:39:58+00:00","breadcrumb":{"@id":"https:\/\/mueble4you.com\/de\/productos\/sillon-kelheim\/#breadcrumb"},"inLanguage":"de","potentialAction":[{"@type":"ReadAction","target":["https:\/\/mueble4you.com\/de\/productos\/sillon-kelheim\/"]}]},{"@type":"ImageObject","inLanguage":"de","@id":"https:\/\/mueble4you.com\/de\/productos\/sillon-kelheim\/#primaryimage","url":"https:\/\/mueble4you.com\/wp-content\/uploads\/2026\/02\/Sin-titulo20.jpg","contentUrl":"https:\/\/mueble4you.com\/wp-content\/uploads\/2026\/02\/Sin-titulo20.jpg","width":1433,"height":1005},{"@type":"BreadcrumbList","@id":"https:\/\/mueble4you.com\/de\/productos\/sillon-kelheim\/#breadcrumb","itemListElement":[{"@type":"ListItem","position":1,"name":"Portada","item":"https:\/\/mueble4you.com\/de\/"},{"@type":"ListItem","position":2,"name":"Productos","item":"https:\/\/mueble4you.com\/productos\/"},{"@type":"ListItem","position":3,"name":"KELHEIM-SESSEL."}]},{"@type":"WebSite","@id":"https:\/\/mueble4you.com\/#website","url":"https:\/\/mueble4you.com\/","name":"mueble4you","description":"M\u00f6bel in Teneriffa","potentialAction":[{"@type":"SearchAction","target":{"@type":"EntryPoint","urlTemplate":"https:\/\/mueble4you.com\/?s={search_term_string}"},"query-input":{"@type":"PropertyValueSpecification","valueRequired":true,"valueName":"search_term_string"}}],"inLanguage":"de"}]}},"_links":{"self":[{"href":"https:\/\/mueble4you.com\/de\/wp-json\/wp\/v2\/product\/88629","targetHints":{"allow":["GET"]}}],"collection":[{"href":"https:\/\/mueble4you.com\/de\/wp-json\/wp\/v2\/product"}],"about":[{"href":"https:\/\/mueble4you.com\/de\/wp-json\/wp\/v2\/types\/product"}],"wp:featuredmedia":[{"embeddable":true,"href":"https:\/\/mueble4you.com\/de\/wp-json\/wp\/v2\/media\/88638"}],"wp:attachment":[{"href":"https:\/\/mueble4you.com\/de\/wp-json\/wp\/v2\/media?parent=88629"}],"wp:term":[{"taxonomy":"product_brand","embeddable":true,"href":"https:\/\/mueble4you.com\/de\/wp-json\/wp\/v2\/product_brand?post=88629"},{"taxonomy":"product_cat","embeddable":true,"href":"https:\/\/mueble4you.com\/de\/wp-json\/wp\/v2\/product_cat?post=88629"},{"taxonomy":"product_tag","embeddable":true,"href":"https:\/\/mueble4you.com\/de\/wp-json\/wp\/v2\/product_tag?post=88629"}],"curies":[{"name":"wp","href":"https:\/\/api.w.org\/{rel}","templated":true}]}}