{"id":88602,"date":"2026-02-03T12:32:07","date_gmt":"2026-02-03T12:32:07","guid":{"rendered":"https:\/\/mueble4you.com\/productos\/mesa-comedor-180x90\/"},"modified":"2026-02-13T15:59:37","modified_gmt":"2026-02-13T15:59:37","slug":"mesa-comedor-180x90","status":"publish","type":"product","link":"https:\/\/mueble4you.com\/de\/productos\/mesa-comedor-180x90\/","title":{"rendered":"ESSTISCH 180X90."},"content":{"rendered":"<ul>\n<li id=\"tw-target-text\" class=\"tw-data-text tw-text-large tw-ta\" dir=\"ltr\" tabindex=\"-1\" role=\"text\" data-placeholder=\"Traducci\u00f3n\" data-ved=\"2ahUKEwjoqIzF5NaSAxVyZqQEHYfREJcQ3ewLegQIDBAW\" aria-label=\"Texto traducido: ESSTISCH 180X90.\nESSTISCH AUS AKAZIENHOLZ UND METALLGESTELL. (ABDECKUNGSST\u00c4RKE 35 mm).\nDIE KANTEN DES TISCHS SIND UNREGELM\u00c4SSIG, WAS ANZEIGT, DASS SIE NICHT EINE PERFEKT GERADE UND EINHEITLICHE LINIE FOLGEN. Diese Unregelm\u00e4\u00dfigkeiten verleihen dem Design des Tisches einen Hauch von Rustikalit\u00e4t und Authentizit\u00e4t.\nABMESSUNGEN: 78 cm hoch x 180 cm breit x 90 cm tief.\nFARBE: NAT\u00dcRLICHE FARBE UND SCHWARZE BASIS.\"><span class=\"Y2IQFc\" lang=\"de\">ESSTISCH AUS AKAZIENHOLZ UND METALLGESTELL. <\/span><\/li>\n<li class=\"tw-data-text tw-text-large tw-ta\" dir=\"ltr\" tabindex=\"-1\" role=\"text\" data-placeholder=\"Traducci\u00f3n\" data-ved=\"2ahUKEwjoqIzF5NaSAxVyZqQEHYfREJcQ3ewLegQIDBAW\" aria-label=\"Texto traducido: ESSTISCH 180X90.\nESSTISCH AUS AKAZIENHOLZ UND METALLGESTELL. (ABDECKUNGSST\u00c4RKE 35 mm).\nDIE KANTEN DES TISCHS SIND UNREGELM\u00c4SSIG, WAS ANZEIGT, DASS SIE NICHT EINE PERFEKT GERADE UND EINHEITLICHE LINIE FOLGEN. Diese Unregelm\u00e4\u00dfigkeiten verleihen dem Design des Tisches einen Hauch von Rustikalit\u00e4t und Authentizit\u00e4t.\nABMESSUNGEN: 78 cm hoch x 180 cm breit x 90 cm tief.\nFARBE: NAT\u00dcRLICHE FARBE UND SCHWARZE BASIS.\"><span class=\"Y2IQFc\" lang=\"de\">(ABDECKUNGSST\u00c4RKE 35 mm). <\/span><\/li>\n<li class=\"tw-data-text tw-text-large tw-ta\" dir=\"ltr\" tabindex=\"-1\" role=\"text\" data-placeholder=\"Traducci\u00f3n\" data-ved=\"2ahUKEwjoqIzF5NaSAxVyZqQEHYfREJcQ3ewLegQIDBAW\" aria-label=\"Texto traducido: ESSTISCH 180X90.\nESSTISCH AUS AKAZIENHOLZ UND METALLGESTELL. (ABDECKUNGSST\u00c4RKE 35 mm).\nDIE KANTEN DES TISCHS SIND UNREGELM\u00c4SSIG, WAS ANZEIGT, DASS SIE NICHT EINE PERFEKT GERADE UND EINHEITLICHE LINIE FOLGEN. Diese Unregelm\u00e4\u00dfigkeiten verleihen dem Design des Tisches einen Hauch von Rustikalit\u00e4t und Authentizit\u00e4t.\nABMESSUNGEN: 78 cm hoch x 180 cm breit x 90 cm tief.\nFARBE: NAT\u00dcRLICHE FARBE UND SCHWARZE BASIS.\"><span class=\"Y2IQFc\" lang=\"de\">DIE KANTEN DES TISCHS SIND UNREGELM\u00c4SSIG, WAS ANZEIGT, DASS SIE NICHT EINE PERFEKT GERADE UND EINHEITLICHE LINIE FOLGEN. <\/span><\/li>\n<li class=\"tw-data-text tw-text-large tw-ta\" dir=\"ltr\" tabindex=\"-1\" role=\"text\" data-placeholder=\"Traducci\u00f3n\" data-ved=\"2ahUKEwjoqIzF5NaSAxVyZqQEHYfREJcQ3ewLegQIDBAW\" aria-label=\"Texto traducido: ESSTISCH 180X90.\nESSTISCH AUS AKAZIENHOLZ UND METALLGESTELL. (ABDECKUNGSST\u00c4RKE 35 mm).\nDIE KANTEN DES TISCHS SIND UNREGELM\u00c4SSIG, WAS ANZEIGT, DASS SIE NICHT EINE PERFEKT GERADE UND EINHEITLICHE LINIE FOLGEN. Diese Unregelm\u00e4\u00dfigkeiten verleihen dem Design des Tisches einen Hauch von Rustikalit\u00e4t und Authentizit\u00e4t.\nABMESSUNGEN: 78 cm hoch x 180 cm breit x 90 cm tief.\nFARBE: NAT\u00dcRLICHE FARBE UND SCHWARZE BASIS.\"><span class=\"Y2IQFc\" lang=\"de\">Diese Unregelm\u00e4\u00dfigkeiten verleihen dem Design des Tisches einen Hauch von Rustikalit\u00e4t und Authentizit\u00e4t. <\/span><\/li>\n<li class=\"tw-data-text tw-text-large tw-ta\" dir=\"ltr\" tabindex=\"-1\" role=\"text\" data-placeholder=\"Traducci\u00f3n\" data-ved=\"2ahUKEwjoqIzF5NaSAxVyZqQEHYfREJcQ3ewLegQIDBAW\" aria-label=\"Texto traducido: ESSTISCH 180X90.\nESSTISCH AUS AKAZIENHOLZ UND METALLGESTELL. (ABDECKUNGSST\u00c4RKE 35 mm).\nDIE KANTEN DES TISCHS SIND UNREGELM\u00c4SSIG, WAS ANZEIGT, DASS SIE NICHT EINE PERFEKT GERADE UND EINHEITLICHE LINIE FOLGEN. Diese Unregelm\u00e4\u00dfigkeiten verleihen dem Design des Tisches einen Hauch von Rustikalit\u00e4t und Authentizit\u00e4t.\nABMESSUNGEN: 78 cm hoch x 180 cm breit x 90 cm tief.\nFARBE: NAT\u00dcRLICHE FARBE UND SCHWARZE BASIS.\"><span class=\"Y2IQFc\" lang=\"de\">ABMESSUNGEN: 78 cm hoch x 180 cm breit x 90 cm tief. FARBE: NAT\u00dcRLICHE FARBE UND SCHWARZE BASIS.<\/span><\/li>\n<\/ul>\n","protected":false},"excerpt":{"rendered":"<p>ESSTISCH AUS AKAZIENHOLZ UND METALLGESTELL. (ABDECKUNGSST\u00c4RKE 35 mm). DIE KANTEN DES TISCHS SIND UNREGELM\u00c4SSIG, WAS ANZEIGT, DASS SIE NICHT EINE PERFEKT GERADE UND EINHEITLICHE LINIE FOLGEN. Diese Unregelm\u00e4\u00dfigkeiten verleihen dem Design des Tisches einen Hauch von Rustikalit\u00e4t und Authentizit\u00e4t. ABMESSUNGEN: 78 cm hoch x 180 cm breit x 90 cm tief. FARBE: NAT\u00dcRLICHE FARBE UND [&#8230;]\n","protected":false},"featured_media":88603,"template":"","meta":[],"product_brand":[],"product_cat":[349,268],"product_tag":[],"class_list":{"0":"post-88602","1":"product","2":"type-product","3":"status-publish","4":"has-post-thumbnail","6":"product_cat-esstische","7":"product_cat-esszimmer","9":"first","10":"instock","11":"shipping-taxable","12":"product-type-simple"},"yoast_head":"<!-- This site is optimized with the Yoast SEO plugin v27.2 - https:\/\/yoast.com\/product\/yoast-seo-wordpress\/ -->\n<title>ESSTISCH 180X90. | mueble4you<\/title>\n<meta name=\"robots\" content=\"index, follow, max-snippet:-1, max-image-preview:large, max-video-preview:-1\" \/>\n<link rel=\"canonical\" href=\"https:\/\/mueble4you.com\/de\/productos\/mesa-comedor-180x90\/\" \/>\n<meta property=\"og:locale\" content=\"de_DE\" \/>\n<meta property=\"og:type\" content=\"article\" \/>\n<meta property=\"og:title\" content=\"ESSTISCH 180X90. | mueble4you\" \/>\n<meta property=\"og:description\" content=\"ESSTISCH AUS AKAZIENHOLZ UND METALLGESTELL. (ABDECKUNGSST\u00c4RKE 35 mm). DIE KANTEN DES TISCHS SIND UNREGELM\u00c4SSIG, WAS ANZEIGT, DASS SIE NICHT EINE PERFEKT GERADE UND EINHEITLICHE LINIE FOLGEN. Diese Unregelm\u00e4\u00dfigkeiten verleihen dem Design des Tisches einen Hauch von Rustikalit\u00e4t und Authentizit\u00e4t. ABMESSUNGEN: 78 cm hoch x 180 cm breit x 90 cm tief. FARBE: NAT\u00dcRLICHE FARBE UND [...]\" \/>\n<meta property=\"og:url\" content=\"https:\/\/mueble4you.com\/de\/productos\/mesa-comedor-180x90\/\" \/>\n<meta property=\"og:site_name\" content=\"mueble4you\" \/>\n<meta property=\"article:modified_time\" content=\"2026-02-13T15:59:37+00:00\" \/>\n<meta property=\"og:image\" content=\"https:\/\/mueble4you.com\/wp-content\/uploads\/2026\/02\/6084_1-Copy.jpg\" \/>\n\t<meta property=\"og:image:width\" content=\"1024\" \/>\n\t<meta property=\"og:image:height\" content=\"768\" \/>\n\t<meta property=\"og:image:type\" content=\"image\/jpeg\" \/>\n<meta name=\"twitter:card\" content=\"summary_large_image\" \/>\n<script type=\"application\/ld+json\" class=\"yoast-schema-graph\">{\"@context\":\"https:\/\/schema.org\",\"@graph\":[{\"@type\":\"WebPage\",\"@id\":\"https:\/\/mueble4you.com\/de\/productos\/mesa-comedor-180x90\/\",\"url\":\"https:\/\/mueble4you.com\/de\/productos\/mesa-comedor-180x90\/\",\"name\":\"ESSTISCH 180X90. | mueble4you\",\"isPartOf\":{\"@id\":\"https:\/\/mueble4you.com\/#website\"},\"primaryImageOfPage\":{\"@id\":\"https:\/\/mueble4you.com\/de\/productos\/mesa-comedor-180x90\/#primaryimage\"},\"image\":{\"@id\":\"https:\/\/mueble4you.com\/de\/productos\/mesa-comedor-180x90\/#primaryimage\"},\"thumbnailUrl\":\"https:\/\/mueble4you.com\/wp-content\/uploads\/2026\/02\/6084_1-Copy.jpg\",\"datePublished\":\"2026-02-03T12:32:07+00:00\",\"dateModified\":\"2026-02-13T15:59:37+00:00\",\"breadcrumb\":{\"@id\":\"https:\/\/mueble4you.com\/de\/productos\/mesa-comedor-180x90\/#breadcrumb\"},\"inLanguage\":\"de\",\"potentialAction\":[{\"@type\":\"ReadAction\",\"target\":[\"https:\/\/mueble4you.com\/de\/productos\/mesa-comedor-180x90\/\"]}]},{\"@type\":\"ImageObject\",\"inLanguage\":\"de\",\"@id\":\"https:\/\/mueble4you.com\/de\/productos\/mesa-comedor-180x90\/#primaryimage\",\"url\":\"https:\/\/mueble4you.com\/wp-content\/uploads\/2026\/02\/6084_1-Copy.jpg\",\"contentUrl\":\"https:\/\/mueble4you.com\/wp-content\/uploads\/2026\/02\/6084_1-Copy.jpg\",\"width\":1024,\"height\":768},{\"@type\":\"BreadcrumbList\",\"@id\":\"https:\/\/mueble4you.com\/de\/productos\/mesa-comedor-180x90\/#breadcrumb\",\"itemListElement\":[{\"@type\":\"ListItem\",\"position\":1,\"name\":\"Portada\",\"item\":\"https:\/\/mueble4you.com\/de\/\"},{\"@type\":\"ListItem\",\"position\":2,\"name\":\"Productos\",\"item\":\"https:\/\/mueble4you.com\/productos\/\"},{\"@type\":\"ListItem\",\"position\":3,\"name\":\"ESSTISCH 180X90.\"}]},{\"@type\":\"WebSite\",\"@id\":\"https:\/\/mueble4you.com\/#website\",\"url\":\"https:\/\/mueble4you.com\/\",\"name\":\"mueble4you\",\"description\":\"M\u00f6bel in Teneriffa\",\"potentialAction\":[{\"@type\":\"SearchAction\",\"target\":{\"@type\":\"EntryPoint\",\"urlTemplate\":\"https:\/\/mueble4you.com\/?s={search_term_string}\"},\"query-input\":{\"@type\":\"PropertyValueSpecification\",\"valueRequired\":true,\"valueName\":\"search_term_string\"}}],\"inLanguage\":\"de\"}]}<\/script>\n<!-- \/ Yoast SEO plugin. -->","yoast_head_json":{"title":"ESSTISCH 180X90. | mueble4you","robots":{"index":"index","follow":"follow","max-snippet":"max-snippet:-1","max-image-preview":"max-image-preview:large","max-video-preview":"max-video-preview:-1"},"canonical":"https:\/\/mueble4you.com\/de\/productos\/mesa-comedor-180x90\/","og_locale":"de_DE","og_type":"article","og_title":"ESSTISCH 180X90. | mueble4you","og_description":"ESSTISCH AUS AKAZIENHOLZ UND METALLGESTELL. (ABDECKUNGSST\u00c4RKE 35 mm). DIE KANTEN DES TISCHS SIND UNREGELM\u00c4SSIG, WAS ANZEIGT, DASS SIE NICHT EINE PERFEKT GERADE UND EINHEITLICHE LINIE FOLGEN. Diese Unregelm\u00e4\u00dfigkeiten verleihen dem Design des Tisches einen Hauch von Rustikalit\u00e4t und Authentizit\u00e4t. ABMESSUNGEN: 78 cm hoch x 180 cm breit x 90 cm tief. FARBE: NAT\u00dcRLICHE FARBE UND [...]","og_url":"https:\/\/mueble4you.com\/de\/productos\/mesa-comedor-180x90\/","og_site_name":"mueble4you","article_modified_time":"2026-02-13T15:59:37+00:00","og_image":[{"width":1024,"height":768,"url":"https:\/\/mueble4you.com\/wp-content\/uploads\/2026\/02\/6084_1-Copy.jpg","type":"image\/jpeg"}],"twitter_card":"summary_large_image","schema":{"@context":"https:\/\/schema.org","@graph":[{"@type":"WebPage","@id":"https:\/\/mueble4you.com\/de\/productos\/mesa-comedor-180x90\/","url":"https:\/\/mueble4you.com\/de\/productos\/mesa-comedor-180x90\/","name":"ESSTISCH 180X90. | mueble4you","isPartOf":{"@id":"https:\/\/mueble4you.com\/#website"},"primaryImageOfPage":{"@id":"https:\/\/mueble4you.com\/de\/productos\/mesa-comedor-180x90\/#primaryimage"},"image":{"@id":"https:\/\/mueble4you.com\/de\/productos\/mesa-comedor-180x90\/#primaryimage"},"thumbnailUrl":"https:\/\/mueble4you.com\/wp-content\/uploads\/2026\/02\/6084_1-Copy.jpg","datePublished":"2026-02-03T12:32:07+00:00","dateModified":"2026-02-13T15:59:37+00:00","breadcrumb":{"@id":"https:\/\/mueble4you.com\/de\/productos\/mesa-comedor-180x90\/#breadcrumb"},"inLanguage":"de","potentialAction":[{"@type":"ReadAction","target":["https:\/\/mueble4you.com\/de\/productos\/mesa-comedor-180x90\/"]}]},{"@type":"ImageObject","inLanguage":"de","@id":"https:\/\/mueble4you.com\/de\/productos\/mesa-comedor-180x90\/#primaryimage","url":"https:\/\/mueble4you.com\/wp-content\/uploads\/2026\/02\/6084_1-Copy.jpg","contentUrl":"https:\/\/mueble4you.com\/wp-content\/uploads\/2026\/02\/6084_1-Copy.jpg","width":1024,"height":768},{"@type":"BreadcrumbList","@id":"https:\/\/mueble4you.com\/de\/productos\/mesa-comedor-180x90\/#breadcrumb","itemListElement":[{"@type":"ListItem","position":1,"name":"Portada","item":"https:\/\/mueble4you.com\/de\/"},{"@type":"ListItem","position":2,"name":"Productos","item":"https:\/\/mueble4you.com\/productos\/"},{"@type":"ListItem","position":3,"name":"ESSTISCH 180X90."}]},{"@type":"WebSite","@id":"https:\/\/mueble4you.com\/#website","url":"https:\/\/mueble4you.com\/","name":"mueble4you","description":"M\u00f6bel in Teneriffa","potentialAction":[{"@type":"SearchAction","target":{"@type":"EntryPoint","urlTemplate":"https:\/\/mueble4you.com\/?s={search_term_string}"},"query-input":{"@type":"PropertyValueSpecification","valueRequired":true,"valueName":"search_term_string"}}],"inLanguage":"de"}]}},"_links":{"self":[{"href":"https:\/\/mueble4you.com\/de\/wp-json\/wp\/v2\/product\/88602","targetHints":{"allow":["GET"]}}],"collection":[{"href":"https:\/\/mueble4you.com\/de\/wp-json\/wp\/v2\/product"}],"about":[{"href":"https:\/\/mueble4you.com\/de\/wp-json\/wp\/v2\/types\/product"}],"wp:featuredmedia":[{"embeddable":true,"href":"https:\/\/mueble4you.com\/de\/wp-json\/wp\/v2\/media\/88603"}],"wp:attachment":[{"href":"https:\/\/mueble4you.com\/de\/wp-json\/wp\/v2\/media?parent=88602"}],"wp:term":[{"taxonomy":"product_brand","embeddable":true,"href":"https:\/\/mueble4you.com\/de\/wp-json\/wp\/v2\/product_brand?post=88602"},{"taxonomy":"product_cat","embeddable":true,"href":"https:\/\/mueble4you.com\/de\/wp-json\/wp\/v2\/product_cat?post=88602"},{"taxonomy":"product_tag","embeddable":true,"href":"https:\/\/mueble4you.com\/de\/wp-json\/wp\/v2\/product_tag?post=88602"}],"curies":[{"name":"wp","href":"https:\/\/api.w.org\/{rel}","templated":true}]}}