{"id":88467,"date":"2026-01-22T16:25:29","date_gmt":"2026-01-22T16:25:29","guid":{"rendered":"https:\/\/mueble4you.com\/productos\/mesa-auxiliar-geisingen\/"},"modified":"2026-01-27T15:33:19","modified_gmt":"2026-01-27T15:33:19","slug":"mesa-auxiliar-geisingen","status":"publish","type":"product","link":"https:\/\/mueble4you.com\/de\/productos\/mesa-auxiliar-geisingen\/","title":{"rendered":"GEISINGEN BEISTELLTISCH."},"content":{"rendered":"<ul>\n<li>Der Beistelltisch Geisingen vereint eleganten Edelstahl mit silberfarbener Oberfl\u00e4che und hellbraunem Kunstleder.<\/li>\n<li>Sein zylindrisches Design und die weiche Oberfl\u00e4che verleihen ihm eine moderne und zugleich elegante Ausstrahlung.<\/li>\n<li>Ob als dekoratives oder funktionales Accessoire \u2013 dieses M\u00f6belst\u00fcck besticht durch seine Vielseitigkeit und seine edle Pr\u00e4senz. Breite: 42 cm, Tiefe: 46 cm, H\u00f6he: 66 cm.<\/li>\n<\/ul>\n","protected":false},"excerpt":{"rendered":"<p>Der Beistelltisch Geisingen vereint eleganten Edelstahl mit silberfarbener Oberfl\u00e4che und hellbraunem Kunstleder. Sein zylindrisches Design und die weiche Oberfl\u00e4che verleihen ihm eine moderne und zugleich elegante Ausstrahlung. Ob als dekoratives oder funktionales Accessoire \u2013 dieses M\u00f6belst\u00fcck besticht durch seine Vielseitigkeit und seine edle Pr\u00e4senz. Breite: 42 cm, Tiefe: 46 cm, H\u00f6he: 66 cm.<\/p>\n","protected":false},"featured_media":88468,"template":"","meta":[],"product_brand":[],"product_cat":[460,272],"product_tag":[],"class_list":{"0":"post-88467","1":"product","2":"type-product","3":"status-publish","4":"has-post-thumbnail","6":"product_cat-eck-oder-hilfstisch","7":"product_cat-wohnzimmer","9":"first","10":"instock","11":"shipping-taxable","12":"product-type-simple"},"yoast_head":"<!-- This site is optimized with the Yoast SEO plugin v27.3 - https:\/\/yoast.com\/product\/yoast-seo-wordpress\/ -->\n<title>GEISINGEN BEISTELLTISCH. | mueble4you<\/title>\n<meta name=\"robots\" content=\"index, follow, max-snippet:-1, max-image-preview:large, max-video-preview:-1\" \/>\n<link rel=\"canonical\" href=\"https:\/\/mueble4you.com\/de\/productos\/mesa-auxiliar-geisingen\/\" \/>\n<meta property=\"og:locale\" content=\"de_DE\" \/>\n<meta property=\"og:type\" content=\"article\" \/>\n<meta property=\"og:title\" content=\"GEISINGEN BEISTELLTISCH. | mueble4you\" \/>\n<meta property=\"og:description\" content=\"Der Beistelltisch Geisingen vereint eleganten Edelstahl mit silberfarbener Oberfl\u00e4che und hellbraunem Kunstleder. Sein zylindrisches Design und die weiche Oberfl\u00e4che verleihen ihm eine moderne und zugleich elegante Ausstrahlung. Ob als dekoratives oder funktionales Accessoire \u2013 dieses M\u00f6belst\u00fcck besticht durch seine Vielseitigkeit und seine edle Pr\u00e4senz. Breite: 42 cm, Tiefe: 46 cm, H\u00f6he: 66 cm.\" \/>\n<meta property=\"og:url\" content=\"https:\/\/mueble4you.com\/de\/productos\/mesa-auxiliar-geisingen\/\" \/>\n<meta property=\"og:site_name\" content=\"mueble4you\" \/>\n<meta property=\"article:modified_time\" content=\"2026-01-27T15:33:19+00:00\" \/>\n<meta property=\"og:image\" content=\"https:\/\/mueble4you.com\/wp-content\/uploads\/2026\/01\/mesa-auxiliar-geisingen-vical-35286-44789469.jpg\" \/>\n\t<meta property=\"og:image:width\" content=\"1920\" \/>\n\t<meta property=\"og:image:height\" content=\"1920\" \/>\n\t<meta property=\"og:image:type\" content=\"image\/jpeg\" \/>\n<meta name=\"twitter:card\" content=\"summary_large_image\" \/>\n<script type=\"application\/ld+json\" class=\"yoast-schema-graph\">{\"@context\":\"https:\\\/\\\/schema.org\",\"@graph\":[{\"@type\":\"WebPage\",\"@id\":\"https:\\\/\\\/mueble4you.com\\\/de\\\/productos\\\/mesa-auxiliar-geisingen\\\/\",\"url\":\"https:\\\/\\\/mueble4you.com\\\/de\\\/productos\\\/mesa-auxiliar-geisingen\\\/\",\"name\":\"GEISINGEN BEISTELLTISCH. | mueble4you\",\"isPartOf\":{\"@id\":\"https:\\\/\\\/mueble4you.com\\\/#website\"},\"primaryImageOfPage\":{\"@id\":\"https:\\\/\\\/mueble4you.com\\\/de\\\/productos\\\/mesa-auxiliar-geisingen\\\/#primaryimage\"},\"image\":{\"@id\":\"https:\\\/\\\/mueble4you.com\\\/de\\\/productos\\\/mesa-auxiliar-geisingen\\\/#primaryimage\"},\"thumbnailUrl\":\"https:\\\/\\\/mueble4you.com\\\/wp-content\\\/uploads\\\/2026\\\/01\\\/mesa-auxiliar-geisingen-vical-35286-44789469.jpg\",\"datePublished\":\"2026-01-22T16:25:29+00:00\",\"dateModified\":\"2026-01-27T15:33:19+00:00\",\"breadcrumb\":{\"@id\":\"https:\\\/\\\/mueble4you.com\\\/de\\\/productos\\\/mesa-auxiliar-geisingen\\\/#breadcrumb\"},\"inLanguage\":\"de\",\"potentialAction\":[{\"@type\":\"ReadAction\",\"target\":[\"https:\\\/\\\/mueble4you.com\\\/de\\\/productos\\\/mesa-auxiliar-geisingen\\\/\"]}]},{\"@type\":\"ImageObject\",\"inLanguage\":\"de\",\"@id\":\"https:\\\/\\\/mueble4you.com\\\/de\\\/productos\\\/mesa-auxiliar-geisingen\\\/#primaryimage\",\"url\":\"https:\\\/\\\/mueble4you.com\\\/wp-content\\\/uploads\\\/2026\\\/01\\\/mesa-auxiliar-geisingen-vical-35286-44789469.jpg\",\"contentUrl\":\"https:\\\/\\\/mueble4you.com\\\/wp-content\\\/uploads\\\/2026\\\/01\\\/mesa-auxiliar-geisingen-vical-35286-44789469.jpg\",\"width\":1920,\"height\":1920},{\"@type\":\"BreadcrumbList\",\"@id\":\"https:\\\/\\\/mueble4you.com\\\/de\\\/productos\\\/mesa-auxiliar-geisingen\\\/#breadcrumb\",\"itemListElement\":[{\"@type\":\"ListItem\",\"position\":1,\"name\":\"Portada\",\"item\":\"https:\\\/\\\/mueble4you.com\\\/de\\\/\"},{\"@type\":\"ListItem\",\"position\":2,\"name\":\"Productos\",\"item\":\"https:\\\/\\\/mueble4you.com\\\/productos\\\/\"},{\"@type\":\"ListItem\",\"position\":3,\"name\":\"GEISINGEN BEISTELLTISCH.\"}]},{\"@type\":\"WebSite\",\"@id\":\"https:\\\/\\\/mueble4you.com\\\/#website\",\"url\":\"https:\\\/\\\/mueble4you.com\\\/\",\"name\":\"mueble4you\",\"description\":\"M\u00f6bel in Teneriffa\",\"potentialAction\":[{\"@type\":\"SearchAction\",\"target\":{\"@type\":\"EntryPoint\",\"urlTemplate\":\"https:\\\/\\\/mueble4you.com\\\/?s={search_term_string}\"},\"query-input\":{\"@type\":\"PropertyValueSpecification\",\"valueRequired\":true,\"valueName\":\"search_term_string\"}}],\"inLanguage\":\"de\"}]}<\/script>\n<!-- \/ Yoast SEO plugin. -->","yoast_head_json":{"title":"GEISINGEN BEISTELLTISCH. | mueble4you","robots":{"index":"index","follow":"follow","max-snippet":"max-snippet:-1","max-image-preview":"max-image-preview:large","max-video-preview":"max-video-preview:-1"},"canonical":"https:\/\/mueble4you.com\/de\/productos\/mesa-auxiliar-geisingen\/","og_locale":"de_DE","og_type":"article","og_title":"GEISINGEN BEISTELLTISCH. | mueble4you","og_description":"Der Beistelltisch Geisingen vereint eleganten Edelstahl mit silberfarbener Oberfl\u00e4che und hellbraunem Kunstleder. Sein zylindrisches Design und die weiche Oberfl\u00e4che verleihen ihm eine moderne und zugleich elegante Ausstrahlung. Ob als dekoratives oder funktionales Accessoire \u2013 dieses M\u00f6belst\u00fcck besticht durch seine Vielseitigkeit und seine edle Pr\u00e4senz. Breite: 42 cm, Tiefe: 46 cm, H\u00f6he: 66 cm.","og_url":"https:\/\/mueble4you.com\/de\/productos\/mesa-auxiliar-geisingen\/","og_site_name":"mueble4you","article_modified_time":"2026-01-27T15:33:19+00:00","og_image":[{"width":1920,"height":1920,"url":"https:\/\/mueble4you.com\/wp-content\/uploads\/2026\/01\/mesa-auxiliar-geisingen-vical-35286-44789469.jpg","type":"image\/jpeg"}],"twitter_card":"summary_large_image","schema":{"@context":"https:\/\/schema.org","@graph":[{"@type":"WebPage","@id":"https:\/\/mueble4you.com\/de\/productos\/mesa-auxiliar-geisingen\/","url":"https:\/\/mueble4you.com\/de\/productos\/mesa-auxiliar-geisingen\/","name":"GEISINGEN BEISTELLTISCH. | mueble4you","isPartOf":{"@id":"https:\/\/mueble4you.com\/#website"},"primaryImageOfPage":{"@id":"https:\/\/mueble4you.com\/de\/productos\/mesa-auxiliar-geisingen\/#primaryimage"},"image":{"@id":"https:\/\/mueble4you.com\/de\/productos\/mesa-auxiliar-geisingen\/#primaryimage"},"thumbnailUrl":"https:\/\/mueble4you.com\/wp-content\/uploads\/2026\/01\/mesa-auxiliar-geisingen-vical-35286-44789469.jpg","datePublished":"2026-01-22T16:25:29+00:00","dateModified":"2026-01-27T15:33:19+00:00","breadcrumb":{"@id":"https:\/\/mueble4you.com\/de\/productos\/mesa-auxiliar-geisingen\/#breadcrumb"},"inLanguage":"de","potentialAction":[{"@type":"ReadAction","target":["https:\/\/mueble4you.com\/de\/productos\/mesa-auxiliar-geisingen\/"]}]},{"@type":"ImageObject","inLanguage":"de","@id":"https:\/\/mueble4you.com\/de\/productos\/mesa-auxiliar-geisingen\/#primaryimage","url":"https:\/\/mueble4you.com\/wp-content\/uploads\/2026\/01\/mesa-auxiliar-geisingen-vical-35286-44789469.jpg","contentUrl":"https:\/\/mueble4you.com\/wp-content\/uploads\/2026\/01\/mesa-auxiliar-geisingen-vical-35286-44789469.jpg","width":1920,"height":1920},{"@type":"BreadcrumbList","@id":"https:\/\/mueble4you.com\/de\/productos\/mesa-auxiliar-geisingen\/#breadcrumb","itemListElement":[{"@type":"ListItem","position":1,"name":"Portada","item":"https:\/\/mueble4you.com\/de\/"},{"@type":"ListItem","position":2,"name":"Productos","item":"https:\/\/mueble4you.com\/productos\/"},{"@type":"ListItem","position":3,"name":"GEISINGEN BEISTELLTISCH."}]},{"@type":"WebSite","@id":"https:\/\/mueble4you.com\/#website","url":"https:\/\/mueble4you.com\/","name":"mueble4you","description":"M\u00f6bel in Teneriffa","potentialAction":[{"@type":"SearchAction","target":{"@type":"EntryPoint","urlTemplate":"https:\/\/mueble4you.com\/?s={search_term_string}"},"query-input":{"@type":"PropertyValueSpecification","valueRequired":true,"valueName":"search_term_string"}}],"inLanguage":"de"}]}},"_links":{"self":[{"href":"https:\/\/mueble4you.com\/de\/wp-json\/wp\/v2\/product\/88467","targetHints":{"allow":["GET"]}}],"collection":[{"href":"https:\/\/mueble4you.com\/de\/wp-json\/wp\/v2\/product"}],"about":[{"href":"https:\/\/mueble4you.com\/de\/wp-json\/wp\/v2\/types\/product"}],"wp:featuredmedia":[{"embeddable":true,"href":"https:\/\/mueble4you.com\/de\/wp-json\/wp\/v2\/media\/88468"}],"wp:attachment":[{"href":"https:\/\/mueble4you.com\/de\/wp-json\/wp\/v2\/media?parent=88467"}],"wp:term":[{"taxonomy":"product_brand","embeddable":true,"href":"https:\/\/mueble4you.com\/de\/wp-json\/wp\/v2\/product_brand?post=88467"},{"taxonomy":"product_cat","embeddable":true,"href":"https:\/\/mueble4you.com\/de\/wp-json\/wp\/v2\/product_cat?post=88467"},{"taxonomy":"product_tag","embeddable":true,"href":"https:\/\/mueble4you.com\/de\/wp-json\/wp\/v2\/product_tag?post=88467"}],"curies":[{"name":"wp","href":"https:\/\/api.w.org\/{rel}","templated":true}]}}