{"id":88447,"date":"2026-01-22T16:19:09","date_gmt":"2026-01-22T16:19:09","guid":{"rendered":"https:\/\/mueble4you.com\/?post_type=product&#038;p=88447"},"modified":"2026-01-27T15:41:44","modified_gmt":"2026-01-27T15:41:44","slug":"mesa-comedor-lezey-200x100","status":"publish","type":"product","link":"https:\/\/mueble4you.com\/de\/productos\/mesa-comedor-lezey-200x100\/","title":{"rendered":"LEZEY ESSTISCH 200 x 100 cm"},"content":{"rendered":"<ul>\n<li>Der Esstisch Lezey ist ein Meisterwerk aus Marmor und Stahl.<\/li>\n<li>Seine wei\u00dfe Oberfl\u00e4che mit goldenen Akzenten strahlt puren Luxus aus.<\/li>\n<li>Dieser ovale Esstisch aus Marmor und Gold ist ideal f\u00fcr alle, die ein M\u00f6belst\u00fcck suchen, das sowohl zum Gespr\u00e4ch anregt als auch zum gemeinsamen Essen einl\u00e4dt.<\/li>\n<li>Breite: 200 cm, Tiefe: 100 cm, H\u00f6he: 76 cm.<\/li>\n<\/ul>\n","protected":false},"excerpt":{"rendered":"<p>Der Esstisch Lezey ist ein Meisterwerk aus Marmor und Stahl. Seine wei\u00dfe Oberfl\u00e4che mit goldenen Akzenten strahlt puren Luxus aus. Dieser ovale Esstisch aus Marmor und Gold ist ideal f\u00fcr alle, die ein M\u00f6belst\u00fcck suchen, das sowohl zum Gespr\u00e4ch anregt als auch zum gemeinsamen Essen einl\u00e4dt. Breite: 200 cm, Tiefe: 100 cm, H\u00f6he: 76 cm.<\/p>\n","protected":false},"featured_media":88452,"template":"","meta":[],"product_brand":[],"product_cat":[349,268],"product_tag":[],"class_list":{"0":"post-88447","1":"product","2":"type-product","3":"status-publish","4":"has-post-thumbnail","6":"product_cat-esstische","7":"product_cat-esszimmer","9":"first","10":"instock","11":"shipping-taxable","12":"product-type-simple"},"yoast_head":"<!-- This site is optimized with the Yoast SEO plugin v27.2 - https:\/\/yoast.com\/product\/yoast-seo-wordpress\/ -->\n<title>LEZEY ESSTISCH 200 x 100 cm | mueble4you<\/title>\n<meta name=\"robots\" content=\"index, follow, max-snippet:-1, max-image-preview:large, max-video-preview:-1\" \/>\n<link rel=\"canonical\" href=\"https:\/\/mueble4you.com\/de\/productos\/mesa-comedor-lezey-200x100\/\" \/>\n<meta property=\"og:locale\" content=\"de_DE\" \/>\n<meta property=\"og:type\" content=\"article\" \/>\n<meta property=\"og:title\" content=\"LEZEY ESSTISCH 200 x 100 cm | mueble4you\" \/>\n<meta property=\"og:description\" content=\"Der Esstisch Lezey ist ein Meisterwerk aus Marmor und Stahl. Seine wei\u00dfe Oberfl\u00e4che mit goldenen Akzenten strahlt puren Luxus aus. Dieser ovale Esstisch aus Marmor und Gold ist ideal f\u00fcr alle, die ein M\u00f6belst\u00fcck suchen, das sowohl zum Gespr\u00e4ch anregt als auch zum gemeinsamen Essen einl\u00e4dt. Breite: 200 cm, Tiefe: 100 cm, H\u00f6he: 76 cm.\" \/>\n<meta property=\"og:url\" content=\"https:\/\/mueble4you.com\/de\/productos\/mesa-comedor-lezey-200x100\/\" \/>\n<meta property=\"og:site_name\" content=\"mueble4you\" \/>\n<meta property=\"article:modified_time\" content=\"2026-01-27T15:41:44+00:00\" \/>\n<meta property=\"og:image\" content=\"https:\/\/mueble4you.com\/wp-content\/uploads\/2026\/01\/mesa-comedor-lezey-vical-26791-44795185.jpg\" \/>\n\t<meta property=\"og:image:width\" content=\"1920\" \/>\n\t<meta property=\"og:image:height\" content=\"1920\" \/>\n\t<meta property=\"og:image:type\" content=\"image\/jpeg\" \/>\n<meta name=\"twitter:card\" content=\"summary_large_image\" \/>\n<script type=\"application\/ld+json\" class=\"yoast-schema-graph\">{\"@context\":\"https:\/\/schema.org\",\"@graph\":[{\"@type\":\"WebPage\",\"@id\":\"https:\/\/mueble4you.com\/de\/productos\/mesa-comedor-lezey-200x100\/\",\"url\":\"https:\/\/mueble4you.com\/de\/productos\/mesa-comedor-lezey-200x100\/\",\"name\":\"LEZEY ESSTISCH 200 x 100 cm | mueble4you\",\"isPartOf\":{\"@id\":\"https:\/\/mueble4you.com\/#website\"},\"primaryImageOfPage\":{\"@id\":\"https:\/\/mueble4you.com\/de\/productos\/mesa-comedor-lezey-200x100\/#primaryimage\"},\"image\":{\"@id\":\"https:\/\/mueble4you.com\/de\/productos\/mesa-comedor-lezey-200x100\/#primaryimage\"},\"thumbnailUrl\":\"https:\/\/mueble4you.com\/wp-content\/uploads\/2026\/01\/mesa-comedor-lezey-vical-26791-44795185.jpg\",\"datePublished\":\"2026-01-22T16:19:09+00:00\",\"dateModified\":\"2026-01-27T15:41:44+00:00\",\"breadcrumb\":{\"@id\":\"https:\/\/mueble4you.com\/de\/productos\/mesa-comedor-lezey-200x100\/#breadcrumb\"},\"inLanguage\":\"de\",\"potentialAction\":[{\"@type\":\"ReadAction\",\"target\":[\"https:\/\/mueble4you.com\/de\/productos\/mesa-comedor-lezey-200x100\/\"]}]},{\"@type\":\"ImageObject\",\"inLanguage\":\"de\",\"@id\":\"https:\/\/mueble4you.com\/de\/productos\/mesa-comedor-lezey-200x100\/#primaryimage\",\"url\":\"https:\/\/mueble4you.com\/wp-content\/uploads\/2026\/01\/mesa-comedor-lezey-vical-26791-44795185.jpg\",\"contentUrl\":\"https:\/\/mueble4you.com\/wp-content\/uploads\/2026\/01\/mesa-comedor-lezey-vical-26791-44795185.jpg\",\"width\":1920,\"height\":1920},{\"@type\":\"BreadcrumbList\",\"@id\":\"https:\/\/mueble4you.com\/de\/productos\/mesa-comedor-lezey-200x100\/#breadcrumb\",\"itemListElement\":[{\"@type\":\"ListItem\",\"position\":1,\"name\":\"Portada\",\"item\":\"https:\/\/mueble4you.com\/de\/\"},{\"@type\":\"ListItem\",\"position\":2,\"name\":\"Productos\",\"item\":\"https:\/\/mueble4you.com\/productos\/\"},{\"@type\":\"ListItem\",\"position\":3,\"name\":\"LEZEY ESSTISCH 200 x 100 cm\"}]},{\"@type\":\"WebSite\",\"@id\":\"https:\/\/mueble4you.com\/#website\",\"url\":\"https:\/\/mueble4you.com\/\",\"name\":\"mueble4you\",\"description\":\"M\u00f6bel in Teneriffa\",\"potentialAction\":[{\"@type\":\"SearchAction\",\"target\":{\"@type\":\"EntryPoint\",\"urlTemplate\":\"https:\/\/mueble4you.com\/?s={search_term_string}\"},\"query-input\":{\"@type\":\"PropertyValueSpecification\",\"valueRequired\":true,\"valueName\":\"search_term_string\"}}],\"inLanguage\":\"de\"}]}<\/script>\n<!-- \/ Yoast SEO plugin. -->","yoast_head_json":{"title":"LEZEY ESSTISCH 200 x 100 cm | mueble4you","robots":{"index":"index","follow":"follow","max-snippet":"max-snippet:-1","max-image-preview":"max-image-preview:large","max-video-preview":"max-video-preview:-1"},"canonical":"https:\/\/mueble4you.com\/de\/productos\/mesa-comedor-lezey-200x100\/","og_locale":"de_DE","og_type":"article","og_title":"LEZEY ESSTISCH 200 x 100 cm | mueble4you","og_description":"Der Esstisch Lezey ist ein Meisterwerk aus Marmor und Stahl. Seine wei\u00dfe Oberfl\u00e4che mit goldenen Akzenten strahlt puren Luxus aus. Dieser ovale Esstisch aus Marmor und Gold ist ideal f\u00fcr alle, die ein M\u00f6belst\u00fcck suchen, das sowohl zum Gespr\u00e4ch anregt als auch zum gemeinsamen Essen einl\u00e4dt. Breite: 200 cm, Tiefe: 100 cm, H\u00f6he: 76 cm.","og_url":"https:\/\/mueble4you.com\/de\/productos\/mesa-comedor-lezey-200x100\/","og_site_name":"mueble4you","article_modified_time":"2026-01-27T15:41:44+00:00","og_image":[{"width":1920,"height":1920,"url":"https:\/\/mueble4you.com\/wp-content\/uploads\/2026\/01\/mesa-comedor-lezey-vical-26791-44795185.jpg","type":"image\/jpeg"}],"twitter_card":"summary_large_image","schema":{"@context":"https:\/\/schema.org","@graph":[{"@type":"WebPage","@id":"https:\/\/mueble4you.com\/de\/productos\/mesa-comedor-lezey-200x100\/","url":"https:\/\/mueble4you.com\/de\/productos\/mesa-comedor-lezey-200x100\/","name":"LEZEY ESSTISCH 200 x 100 cm | mueble4you","isPartOf":{"@id":"https:\/\/mueble4you.com\/#website"},"primaryImageOfPage":{"@id":"https:\/\/mueble4you.com\/de\/productos\/mesa-comedor-lezey-200x100\/#primaryimage"},"image":{"@id":"https:\/\/mueble4you.com\/de\/productos\/mesa-comedor-lezey-200x100\/#primaryimage"},"thumbnailUrl":"https:\/\/mueble4you.com\/wp-content\/uploads\/2026\/01\/mesa-comedor-lezey-vical-26791-44795185.jpg","datePublished":"2026-01-22T16:19:09+00:00","dateModified":"2026-01-27T15:41:44+00:00","breadcrumb":{"@id":"https:\/\/mueble4you.com\/de\/productos\/mesa-comedor-lezey-200x100\/#breadcrumb"},"inLanguage":"de","potentialAction":[{"@type":"ReadAction","target":["https:\/\/mueble4you.com\/de\/productos\/mesa-comedor-lezey-200x100\/"]}]},{"@type":"ImageObject","inLanguage":"de","@id":"https:\/\/mueble4you.com\/de\/productos\/mesa-comedor-lezey-200x100\/#primaryimage","url":"https:\/\/mueble4you.com\/wp-content\/uploads\/2026\/01\/mesa-comedor-lezey-vical-26791-44795185.jpg","contentUrl":"https:\/\/mueble4you.com\/wp-content\/uploads\/2026\/01\/mesa-comedor-lezey-vical-26791-44795185.jpg","width":1920,"height":1920},{"@type":"BreadcrumbList","@id":"https:\/\/mueble4you.com\/de\/productos\/mesa-comedor-lezey-200x100\/#breadcrumb","itemListElement":[{"@type":"ListItem","position":1,"name":"Portada","item":"https:\/\/mueble4you.com\/de\/"},{"@type":"ListItem","position":2,"name":"Productos","item":"https:\/\/mueble4you.com\/productos\/"},{"@type":"ListItem","position":3,"name":"LEZEY ESSTISCH 200 x 100 cm"}]},{"@type":"WebSite","@id":"https:\/\/mueble4you.com\/#website","url":"https:\/\/mueble4you.com\/","name":"mueble4you","description":"M\u00f6bel in Teneriffa","potentialAction":[{"@type":"SearchAction","target":{"@type":"EntryPoint","urlTemplate":"https:\/\/mueble4you.com\/?s={search_term_string}"},"query-input":{"@type":"PropertyValueSpecification","valueRequired":true,"valueName":"search_term_string"}}],"inLanguage":"de"}]}},"_links":{"self":[{"href":"https:\/\/mueble4you.com\/de\/wp-json\/wp\/v2\/product\/88447","targetHints":{"allow":["GET"]}}],"collection":[{"href":"https:\/\/mueble4you.com\/de\/wp-json\/wp\/v2\/product"}],"about":[{"href":"https:\/\/mueble4you.com\/de\/wp-json\/wp\/v2\/types\/product"}],"wp:featuredmedia":[{"embeddable":true,"href":"https:\/\/mueble4you.com\/de\/wp-json\/wp\/v2\/media\/88452"}],"wp:attachment":[{"href":"https:\/\/mueble4you.com\/de\/wp-json\/wp\/v2\/media?parent=88447"}],"wp:term":[{"taxonomy":"product_brand","embeddable":true,"href":"https:\/\/mueble4you.com\/de\/wp-json\/wp\/v2\/product_brand?post=88447"},{"taxonomy":"product_cat","embeddable":true,"href":"https:\/\/mueble4you.com\/de\/wp-json\/wp\/v2\/product_cat?post=88447"},{"taxonomy":"product_tag","embeddable":true,"href":"https:\/\/mueble4you.com\/de\/wp-json\/wp\/v2\/product_tag?post=88447"}],"curies":[{"name":"wp","href":"https:\/\/api.w.org\/{rel}","templated":true}]}}