{"id":88429,"date":"2026-01-22T13:27:02","date_gmt":"2026-01-22T13:27:02","guid":{"rendered":"https:\/\/mueble4you.com\/productos\/pack16-cubiertos-bronte-oro-satin-sur4\/"},"modified":"2026-01-27T15:58:32","modified_gmt":"2026-01-27T15:58:32","slug":"pack16-cubiertos-bronte-oro-satin-sur4","status":"publish","type":"product","link":"https:\/\/mueble4you.com\/de\/productos\/pack16-cubiertos-bronte-oro-satin-sur4\/","title":{"rendered":"16-teiliges Bronte Gold Satin Besteckset (SUR4)."},"content":{"rendered":"<ul>\n<li>16-teiliges Besteckset.<\/li>\n<li><span style=\"color: rgb(85, 85, 85); font-size: 14.4px;\">Besteht aus 4 Gabeln, 4 Messern, 4 L\u00f6ffeln und 4 Dessertl\u00f6ffeln.<\/span><\/li>\n<li><span style=\"color: rgb(85, 85, 85); font-size: 14.4px;\">Hergestellt aus Edelstahl (Messer: 13\/0 Stahl; Gabel, L\u00f6ffel, Dessertl\u00f6ffel: 18\/8 Stahl). Satinierte Goldoberfl\u00e4che. Die Farbe wurde mittels PVD-Technologie aufgebracht.<\/span><\/li>\n<li><span style=\"color: rgb(85, 85, 85); font-size: 14.4px;\"> Lebensmittelecht. Handw\u00e4sche oder sp\u00fclmaschinenfest. <\/span><\/li>\n<li><span style=\"color: rgb(85, 85, 85); font-size: 14.4px;\">Wir empfehlen, das Besteck mit einem weichen, nicht scheuernden Tuch abzutrocknen, um Fleckenbildung zu vermeiden. <\/span><\/li>\n<li><span style=\"color: rgb(85, 85, 85); font-size: 14.4px;\">Abweichungen in Form und Farbe sind auf die handgefertigte Natur des Produkts zur\u00fcckzuf\u00fchren.<\/span><\/li>\n<\/ul>\n","protected":false},"excerpt":{"rendered":"<p>16-teiliges Besteckset. Besteht aus 4 Gabeln, 4 Messern, 4 L\u00f6ffeln und 4 Dessertl\u00f6ffeln. Hergestellt aus Edelstahl (Messer: 13\/0 Stahl; Gabel, L\u00f6ffel, Dessertl\u00f6ffel: 18\/8 Stahl). Satinierte Goldoberfl\u00e4che. Die Farbe wurde mittels PVD-Technologie aufgebracht. Lebensmittelecht. Handw\u00e4sche oder sp\u00fclmaschinenfest. Wir empfehlen, das Besteck mit einem weichen, nicht scheuernden Tuch abzutrocknen, um Fleckenbildung zu vermeiden. Abweichungen in Form und [&#8230;]\n","protected":false},"featured_media":88430,"template":"","meta":[],"product_brand":[],"product_cat":[618,603],"product_tag":[],"class_list":{"0":"post-88429","1":"product","2":"type-product","3":"status-publish","4":"has-post-thumbnail","6":"product_cat-besteck","7":"product_cat-haushalt","9":"first","10":"instock","11":"shipping-taxable","12":"product-type-simple"},"yoast_head":"<!-- This site is optimized with the Yoast SEO plugin v27.2 - https:\/\/yoast.com\/product\/yoast-seo-wordpress\/ -->\n<title>16-teiliges Bronte Gold Satin Besteckset (SUR4). | mueble4you<\/title>\n<meta name=\"robots\" content=\"index, follow, max-snippet:-1, max-image-preview:large, max-video-preview:-1\" \/>\n<link rel=\"canonical\" href=\"https:\/\/mueble4you.com\/de\/productos\/pack16-cubiertos-bronte-oro-satin-sur4\/\" \/>\n<meta property=\"og:locale\" content=\"de_DE\" \/>\n<meta property=\"og:type\" content=\"article\" \/>\n<meta property=\"og:title\" content=\"16-teiliges Bronte Gold Satin Besteckset (SUR4). | mueble4you\" \/>\n<meta property=\"og:description\" content=\"16-teiliges Besteckset. Besteht aus 4 Gabeln, 4 Messern, 4 L\u00f6ffeln und 4 Dessertl\u00f6ffeln. Hergestellt aus Edelstahl (Messer: 13\/0 Stahl; Gabel, L\u00f6ffel, Dessertl\u00f6ffel: 18\/8 Stahl). Satinierte Goldoberfl\u00e4che. Die Farbe wurde mittels PVD-Technologie aufgebracht. Lebensmittelecht. Handw\u00e4sche oder sp\u00fclmaschinenfest. Wir empfehlen, das Besteck mit einem weichen, nicht scheuernden Tuch abzutrocknen, um Fleckenbildung zu vermeiden. Abweichungen in Form und [...]\" \/>\n<meta property=\"og:url\" content=\"https:\/\/mueble4you.com\/de\/productos\/pack16-cubiertos-bronte-oro-satin-sur4\/\" \/>\n<meta property=\"og:site_name\" content=\"mueble4you\" \/>\n<meta property=\"article:modified_time\" content=\"2026-01-27T15:58:32+00:00\" \/>\n<meta property=\"og:image\" content=\"https:\/\/mueble4you.com\/wp-content\/uploads\/2026\/01\/Sin-titulo-7.jpg\" \/>\n\t<meta property=\"og:image:width\" content=\"1414\" \/>\n\t<meta property=\"og:image:height\" content=\"872\" \/>\n\t<meta property=\"og:image:type\" content=\"image\/jpeg\" \/>\n<meta name=\"twitter:card\" content=\"summary_large_image\" \/>\n<script type=\"application\/ld+json\" class=\"yoast-schema-graph\">{\"@context\":\"https:\/\/schema.org\",\"@graph\":[{\"@type\":\"WebPage\",\"@id\":\"https:\/\/mueble4you.com\/de\/productos\/pack16-cubiertos-bronte-oro-satin-sur4\/\",\"url\":\"https:\/\/mueble4you.com\/de\/productos\/pack16-cubiertos-bronte-oro-satin-sur4\/\",\"name\":\"16-teiliges Bronte Gold Satin Besteckset (SUR4). | mueble4you\",\"isPartOf\":{\"@id\":\"https:\/\/mueble4you.com\/#website\"},\"primaryImageOfPage\":{\"@id\":\"https:\/\/mueble4you.com\/de\/productos\/pack16-cubiertos-bronte-oro-satin-sur4\/#primaryimage\"},\"image\":{\"@id\":\"https:\/\/mueble4you.com\/de\/productos\/pack16-cubiertos-bronte-oro-satin-sur4\/#primaryimage\"},\"thumbnailUrl\":\"https:\/\/mueble4you.com\/wp-content\/uploads\/2026\/01\/Sin-titulo-7.jpg\",\"datePublished\":\"2026-01-22T13:27:02+00:00\",\"dateModified\":\"2026-01-27T15:58:32+00:00\",\"breadcrumb\":{\"@id\":\"https:\/\/mueble4you.com\/de\/productos\/pack16-cubiertos-bronte-oro-satin-sur4\/#breadcrumb\"},\"inLanguage\":\"de\",\"potentialAction\":[{\"@type\":\"ReadAction\",\"target\":[\"https:\/\/mueble4you.com\/de\/productos\/pack16-cubiertos-bronte-oro-satin-sur4\/\"]}]},{\"@type\":\"ImageObject\",\"inLanguage\":\"de\",\"@id\":\"https:\/\/mueble4you.com\/de\/productos\/pack16-cubiertos-bronte-oro-satin-sur4\/#primaryimage\",\"url\":\"https:\/\/mueble4you.com\/wp-content\/uploads\/2026\/01\/Sin-titulo-7.jpg\",\"contentUrl\":\"https:\/\/mueble4you.com\/wp-content\/uploads\/2026\/01\/Sin-titulo-7.jpg\",\"width\":1414,\"height\":872},{\"@type\":\"BreadcrumbList\",\"@id\":\"https:\/\/mueble4you.com\/de\/productos\/pack16-cubiertos-bronte-oro-satin-sur4\/#breadcrumb\",\"itemListElement\":[{\"@type\":\"ListItem\",\"position\":1,\"name\":\"Portada\",\"item\":\"https:\/\/mueble4you.com\/de\/\"},{\"@type\":\"ListItem\",\"position\":2,\"name\":\"Productos\",\"item\":\"https:\/\/mueble4you.com\/productos\/\"},{\"@type\":\"ListItem\",\"position\":3,\"name\":\"16-teiliges Bronte Gold Satin Besteckset (SUR4).\"}]},{\"@type\":\"WebSite\",\"@id\":\"https:\/\/mueble4you.com\/#website\",\"url\":\"https:\/\/mueble4you.com\/\",\"name\":\"mueble4you\",\"description\":\"M\u00f6bel in Teneriffa\",\"potentialAction\":[{\"@type\":\"SearchAction\",\"target\":{\"@type\":\"EntryPoint\",\"urlTemplate\":\"https:\/\/mueble4you.com\/?s={search_term_string}\"},\"query-input\":{\"@type\":\"PropertyValueSpecification\",\"valueRequired\":true,\"valueName\":\"search_term_string\"}}],\"inLanguage\":\"de\"}]}<\/script>\n<!-- \/ Yoast SEO plugin. -->","yoast_head_json":{"title":"16-teiliges Bronte Gold Satin Besteckset (SUR4). | mueble4you","robots":{"index":"index","follow":"follow","max-snippet":"max-snippet:-1","max-image-preview":"max-image-preview:large","max-video-preview":"max-video-preview:-1"},"canonical":"https:\/\/mueble4you.com\/de\/productos\/pack16-cubiertos-bronte-oro-satin-sur4\/","og_locale":"de_DE","og_type":"article","og_title":"16-teiliges Bronte Gold Satin Besteckset (SUR4). | mueble4you","og_description":"16-teiliges Besteckset. Besteht aus 4 Gabeln, 4 Messern, 4 L\u00f6ffeln und 4 Dessertl\u00f6ffeln. Hergestellt aus Edelstahl (Messer: 13\/0 Stahl; Gabel, L\u00f6ffel, Dessertl\u00f6ffel: 18\/8 Stahl). Satinierte Goldoberfl\u00e4che. Die Farbe wurde mittels PVD-Technologie aufgebracht. Lebensmittelecht. Handw\u00e4sche oder sp\u00fclmaschinenfest. Wir empfehlen, das Besteck mit einem weichen, nicht scheuernden Tuch abzutrocknen, um Fleckenbildung zu vermeiden. Abweichungen in Form und [...]","og_url":"https:\/\/mueble4you.com\/de\/productos\/pack16-cubiertos-bronte-oro-satin-sur4\/","og_site_name":"mueble4you","article_modified_time":"2026-01-27T15:58:32+00:00","og_image":[{"width":1414,"height":872,"url":"https:\/\/mueble4you.com\/wp-content\/uploads\/2026\/01\/Sin-titulo-7.jpg","type":"image\/jpeg"}],"twitter_card":"summary_large_image","schema":{"@context":"https:\/\/schema.org","@graph":[{"@type":"WebPage","@id":"https:\/\/mueble4you.com\/de\/productos\/pack16-cubiertos-bronte-oro-satin-sur4\/","url":"https:\/\/mueble4you.com\/de\/productos\/pack16-cubiertos-bronte-oro-satin-sur4\/","name":"16-teiliges Bronte Gold Satin Besteckset (SUR4). | mueble4you","isPartOf":{"@id":"https:\/\/mueble4you.com\/#website"},"primaryImageOfPage":{"@id":"https:\/\/mueble4you.com\/de\/productos\/pack16-cubiertos-bronte-oro-satin-sur4\/#primaryimage"},"image":{"@id":"https:\/\/mueble4you.com\/de\/productos\/pack16-cubiertos-bronte-oro-satin-sur4\/#primaryimage"},"thumbnailUrl":"https:\/\/mueble4you.com\/wp-content\/uploads\/2026\/01\/Sin-titulo-7.jpg","datePublished":"2026-01-22T13:27:02+00:00","dateModified":"2026-01-27T15:58:32+00:00","breadcrumb":{"@id":"https:\/\/mueble4you.com\/de\/productos\/pack16-cubiertos-bronte-oro-satin-sur4\/#breadcrumb"},"inLanguage":"de","potentialAction":[{"@type":"ReadAction","target":["https:\/\/mueble4you.com\/de\/productos\/pack16-cubiertos-bronte-oro-satin-sur4\/"]}]},{"@type":"ImageObject","inLanguage":"de","@id":"https:\/\/mueble4you.com\/de\/productos\/pack16-cubiertos-bronte-oro-satin-sur4\/#primaryimage","url":"https:\/\/mueble4you.com\/wp-content\/uploads\/2026\/01\/Sin-titulo-7.jpg","contentUrl":"https:\/\/mueble4you.com\/wp-content\/uploads\/2026\/01\/Sin-titulo-7.jpg","width":1414,"height":872},{"@type":"BreadcrumbList","@id":"https:\/\/mueble4you.com\/de\/productos\/pack16-cubiertos-bronte-oro-satin-sur4\/#breadcrumb","itemListElement":[{"@type":"ListItem","position":1,"name":"Portada","item":"https:\/\/mueble4you.com\/de\/"},{"@type":"ListItem","position":2,"name":"Productos","item":"https:\/\/mueble4you.com\/productos\/"},{"@type":"ListItem","position":3,"name":"16-teiliges Bronte Gold Satin Besteckset (SUR4)."}]},{"@type":"WebSite","@id":"https:\/\/mueble4you.com\/#website","url":"https:\/\/mueble4you.com\/","name":"mueble4you","description":"M\u00f6bel in Teneriffa","potentialAction":[{"@type":"SearchAction","target":{"@type":"EntryPoint","urlTemplate":"https:\/\/mueble4you.com\/?s={search_term_string}"},"query-input":{"@type":"PropertyValueSpecification","valueRequired":true,"valueName":"search_term_string"}}],"inLanguage":"de"}]}},"_links":{"self":[{"href":"https:\/\/mueble4you.com\/de\/wp-json\/wp\/v2\/product\/88429","targetHints":{"allow":["GET"]}}],"collection":[{"href":"https:\/\/mueble4you.com\/de\/wp-json\/wp\/v2\/product"}],"about":[{"href":"https:\/\/mueble4you.com\/de\/wp-json\/wp\/v2\/types\/product"}],"wp:featuredmedia":[{"embeddable":true,"href":"https:\/\/mueble4you.com\/de\/wp-json\/wp\/v2\/media\/88430"}],"wp:attachment":[{"href":"https:\/\/mueble4you.com\/de\/wp-json\/wp\/v2\/media?parent=88429"}],"wp:term":[{"taxonomy":"product_brand","embeddable":true,"href":"https:\/\/mueble4you.com\/de\/wp-json\/wp\/v2\/product_brand?post=88429"},{"taxonomy":"product_cat","embeddable":true,"href":"https:\/\/mueble4you.com\/de\/wp-json\/wp\/v2\/product_cat?post=88429"},{"taxonomy":"product_tag","embeddable":true,"href":"https:\/\/mueble4you.com\/de\/wp-json\/wp\/v2\/product_tag?post=88429"}],"curies":[{"name":"wp","href":"https:\/\/api.w.org\/{rel}","templated":true}]}}