{"id":88394,"date":"2026-01-21T15:32:13","date_gmt":"2026-01-21T15:32:13","guid":{"rendered":"https:\/\/mueble4you.com\/productos\/lampara-mesa-led-etna-h38\/"},"modified":"2026-01-30T10:56:03","modified_gmt":"2026-01-30T10:56:03","slug":"lampara-mesa-led-etna-h38","status":"publish","type":"product","link":"https:\/\/mueble4you.com\/de\/productos\/lampara-mesa-led-etna-h38\/","title":{"rendered":"Lampe de table LED ETNA H38."},"content":{"rendered":"<ul>\n<li>Disponible en noir, vert sauge et blanc.<\/li>\n<li>Structure en m\u00e9tal rev\u00eatu de poudre \u00e9poxy, lampe LED, batterie rechargeable avec c\u00e2ble USB de 1 m\u00e8tre inclus.<\/li>\n<li>Interrupteur tactile marche\/arr\u00eat.<\/li>\n<li>Utilisation int\u00e9rieure et ext\u00e9rieure, indice de protection IP54.<\/li>\n<\/ul>\n","protected":false},"excerpt":{"rendered":"<p>Disponible en noir, vert sauge et blanc. Structure en m\u00e9tal rev\u00eatu de poudre \u00e9poxy, lampe LED, batterie rechargeable avec c\u00e2ble USB de 1 m\u00e8tre inclus. Interrupteur tactile marche\/arr\u00eat. Utilisation int\u00e9rieure et ext\u00e9rieure, indice de protection IP54.<\/p>\n","protected":false},"featured_media":88395,"template":"","meta":[],"product_brand":[],"product_cat":[341,261],"product_tag":[],"class_list":{"0":"post-88394","1":"product","2":"type-product","3":"status-publish","4":"has-post-thumbnail","6":"product_cat-lampen","7":"product_cat-dekoration","9":"first","10":"instock","11":"shipping-taxable","12":"product-type-simple"},"yoast_head":"<!-- This site is optimized with the Yoast SEO plugin v27.3 - https:\/\/yoast.com\/product\/yoast-seo-wordpress\/ -->\n<title>Lampe de table LED ETNA H38. | mueble4you<\/title>\n<meta name=\"robots\" content=\"index, follow, max-snippet:-1, max-image-preview:large, max-video-preview:-1\" \/>\n<link rel=\"canonical\" href=\"https:\/\/mueble4you.com\/de\/productos\/lampara-mesa-led-etna-h38\/\" \/>\n<meta property=\"og:locale\" content=\"de_DE\" \/>\n<meta property=\"og:type\" content=\"article\" \/>\n<meta property=\"og:title\" content=\"Lampe de table LED ETNA H38. | mueble4you\" \/>\n<meta property=\"og:description\" content=\"Disponible en noir, vert sauge et blanc. Structure en m\u00e9tal rev\u00eatu de poudre \u00e9poxy, lampe LED, batterie rechargeable avec c\u00e2ble USB de 1 m\u00e8tre inclus. Interrupteur tactile marche\/arr\u00eat. Utilisation int\u00e9rieure et ext\u00e9rieure, indice de protection IP54.\" \/>\n<meta property=\"og:url\" content=\"https:\/\/mueble4you.com\/de\/productos\/lampara-mesa-led-etna-h38\/\" \/>\n<meta property=\"og:site_name\" content=\"mueble4you\" \/>\n<meta property=\"article:modified_time\" content=\"2026-01-30T10:56:03+00:00\" \/>\n<meta property=\"og:image\" content=\"https:\/\/mueble4you.com\/wp-content\/uploads\/2026\/01\/0827484-pm3_-lampada_tav__led_etna_nero_h38_1738555861.jpg\" \/>\n\t<meta property=\"og:image:width\" content=\"533\" \/>\n\t<meta property=\"og:image:height\" content=\"800\" \/>\n\t<meta property=\"og:image:type\" content=\"image\/jpeg\" \/>\n<meta name=\"twitter:card\" content=\"summary_large_image\" \/>\n<script type=\"application\/ld+json\" class=\"yoast-schema-graph\">{\"@context\":\"https:\\\/\\\/schema.org\",\"@graph\":[{\"@type\":\"WebPage\",\"@id\":\"https:\\\/\\\/mueble4you.com\\\/de\\\/productos\\\/lampara-mesa-led-etna-h38\\\/\",\"url\":\"https:\\\/\\\/mueble4you.com\\\/de\\\/productos\\\/lampara-mesa-led-etna-h38\\\/\",\"name\":\"Lampe de table LED ETNA H38. | mueble4you\",\"isPartOf\":{\"@id\":\"https:\\\/\\\/mueble4you.com\\\/#website\"},\"primaryImageOfPage\":{\"@id\":\"https:\\\/\\\/mueble4you.com\\\/de\\\/productos\\\/lampara-mesa-led-etna-h38\\\/#primaryimage\"},\"image\":{\"@id\":\"https:\\\/\\\/mueble4you.com\\\/de\\\/productos\\\/lampara-mesa-led-etna-h38\\\/#primaryimage\"},\"thumbnailUrl\":\"https:\\\/\\\/mueble4you.com\\\/wp-content\\\/uploads\\\/2026\\\/01\\\/0827484-pm3_-lampada_tav__led_etna_nero_h38_1738555861.jpg\",\"datePublished\":\"2026-01-21T15:32:13+00:00\",\"dateModified\":\"2026-01-30T10:56:03+00:00\",\"breadcrumb\":{\"@id\":\"https:\\\/\\\/mueble4you.com\\\/de\\\/productos\\\/lampara-mesa-led-etna-h38\\\/#breadcrumb\"},\"inLanguage\":\"de\",\"potentialAction\":[{\"@type\":\"ReadAction\",\"target\":[\"https:\\\/\\\/mueble4you.com\\\/de\\\/productos\\\/lampara-mesa-led-etna-h38\\\/\"]}]},{\"@type\":\"ImageObject\",\"inLanguage\":\"de\",\"@id\":\"https:\\\/\\\/mueble4you.com\\\/de\\\/productos\\\/lampara-mesa-led-etna-h38\\\/#primaryimage\",\"url\":\"https:\\\/\\\/mueble4you.com\\\/wp-content\\\/uploads\\\/2026\\\/01\\\/0827484-pm3_-lampada_tav__led_etna_nero_h38_1738555861.jpg\",\"contentUrl\":\"https:\\\/\\\/mueble4you.com\\\/wp-content\\\/uploads\\\/2026\\\/01\\\/0827484-pm3_-lampada_tav__led_etna_nero_h38_1738555861.jpg\",\"width\":533,\"height\":800},{\"@type\":\"BreadcrumbList\",\"@id\":\"https:\\\/\\\/mueble4you.com\\\/de\\\/productos\\\/lampara-mesa-led-etna-h38\\\/#breadcrumb\",\"itemListElement\":[{\"@type\":\"ListItem\",\"position\":1,\"name\":\"Portada\",\"item\":\"https:\\\/\\\/mueble4you.com\\\/de\\\/\"},{\"@type\":\"ListItem\",\"position\":2,\"name\":\"Productos\",\"item\":\"https:\\\/\\\/mueble4you.com\\\/productos\\\/\"},{\"@type\":\"ListItem\",\"position\":3,\"name\":\"Lampe de table LED ETNA H38.\"}]},{\"@type\":\"WebSite\",\"@id\":\"https:\\\/\\\/mueble4you.com\\\/#website\",\"url\":\"https:\\\/\\\/mueble4you.com\\\/\",\"name\":\"mueble4you\",\"description\":\"M\u00f6bel in Teneriffa\",\"potentialAction\":[{\"@type\":\"SearchAction\",\"target\":{\"@type\":\"EntryPoint\",\"urlTemplate\":\"https:\\\/\\\/mueble4you.com\\\/?s={search_term_string}\"},\"query-input\":{\"@type\":\"PropertyValueSpecification\",\"valueRequired\":true,\"valueName\":\"search_term_string\"}}],\"inLanguage\":\"de\"}]}<\/script>\n<!-- \/ Yoast SEO plugin. -->","yoast_head_json":{"title":"Lampe de table LED ETNA H38. | mueble4you","robots":{"index":"index","follow":"follow","max-snippet":"max-snippet:-1","max-image-preview":"max-image-preview:large","max-video-preview":"max-video-preview:-1"},"canonical":"https:\/\/mueble4you.com\/de\/productos\/lampara-mesa-led-etna-h38\/","og_locale":"de_DE","og_type":"article","og_title":"Lampe de table LED ETNA H38. | mueble4you","og_description":"Disponible en noir, vert sauge et blanc. Structure en m\u00e9tal rev\u00eatu de poudre \u00e9poxy, lampe LED, batterie rechargeable avec c\u00e2ble USB de 1 m\u00e8tre inclus. Interrupteur tactile marche\/arr\u00eat. Utilisation int\u00e9rieure et ext\u00e9rieure, indice de protection IP54.","og_url":"https:\/\/mueble4you.com\/de\/productos\/lampara-mesa-led-etna-h38\/","og_site_name":"mueble4you","article_modified_time":"2026-01-30T10:56:03+00:00","og_image":[{"width":533,"height":800,"url":"https:\/\/mueble4you.com\/wp-content\/uploads\/2026\/01\/0827484-pm3_-lampada_tav__led_etna_nero_h38_1738555861.jpg","type":"image\/jpeg"}],"twitter_card":"summary_large_image","schema":{"@context":"https:\/\/schema.org","@graph":[{"@type":"WebPage","@id":"https:\/\/mueble4you.com\/de\/productos\/lampara-mesa-led-etna-h38\/","url":"https:\/\/mueble4you.com\/de\/productos\/lampara-mesa-led-etna-h38\/","name":"Lampe de table LED ETNA H38. | mueble4you","isPartOf":{"@id":"https:\/\/mueble4you.com\/#website"},"primaryImageOfPage":{"@id":"https:\/\/mueble4you.com\/de\/productos\/lampara-mesa-led-etna-h38\/#primaryimage"},"image":{"@id":"https:\/\/mueble4you.com\/de\/productos\/lampara-mesa-led-etna-h38\/#primaryimage"},"thumbnailUrl":"https:\/\/mueble4you.com\/wp-content\/uploads\/2026\/01\/0827484-pm3_-lampada_tav__led_etna_nero_h38_1738555861.jpg","datePublished":"2026-01-21T15:32:13+00:00","dateModified":"2026-01-30T10:56:03+00:00","breadcrumb":{"@id":"https:\/\/mueble4you.com\/de\/productos\/lampara-mesa-led-etna-h38\/#breadcrumb"},"inLanguage":"de","potentialAction":[{"@type":"ReadAction","target":["https:\/\/mueble4you.com\/de\/productos\/lampara-mesa-led-etna-h38\/"]}]},{"@type":"ImageObject","inLanguage":"de","@id":"https:\/\/mueble4you.com\/de\/productos\/lampara-mesa-led-etna-h38\/#primaryimage","url":"https:\/\/mueble4you.com\/wp-content\/uploads\/2026\/01\/0827484-pm3_-lampada_tav__led_etna_nero_h38_1738555861.jpg","contentUrl":"https:\/\/mueble4you.com\/wp-content\/uploads\/2026\/01\/0827484-pm3_-lampada_tav__led_etna_nero_h38_1738555861.jpg","width":533,"height":800},{"@type":"BreadcrumbList","@id":"https:\/\/mueble4you.com\/de\/productos\/lampara-mesa-led-etna-h38\/#breadcrumb","itemListElement":[{"@type":"ListItem","position":1,"name":"Portada","item":"https:\/\/mueble4you.com\/de\/"},{"@type":"ListItem","position":2,"name":"Productos","item":"https:\/\/mueble4you.com\/productos\/"},{"@type":"ListItem","position":3,"name":"Lampe de table LED ETNA H38."}]},{"@type":"WebSite","@id":"https:\/\/mueble4you.com\/#website","url":"https:\/\/mueble4you.com\/","name":"mueble4you","description":"M\u00f6bel in Teneriffa","potentialAction":[{"@type":"SearchAction","target":{"@type":"EntryPoint","urlTemplate":"https:\/\/mueble4you.com\/?s={search_term_string}"},"query-input":{"@type":"PropertyValueSpecification","valueRequired":true,"valueName":"search_term_string"}}],"inLanguage":"de"}]}},"_links":{"self":[{"href":"https:\/\/mueble4you.com\/de\/wp-json\/wp\/v2\/product\/88394","targetHints":{"allow":["GET"]}}],"collection":[{"href":"https:\/\/mueble4you.com\/de\/wp-json\/wp\/v2\/product"}],"about":[{"href":"https:\/\/mueble4you.com\/de\/wp-json\/wp\/v2\/types\/product"}],"wp:featuredmedia":[{"embeddable":true,"href":"https:\/\/mueble4you.com\/de\/wp-json\/wp\/v2\/media\/88395"}],"wp:attachment":[{"href":"https:\/\/mueble4you.com\/de\/wp-json\/wp\/v2\/media?parent=88394"}],"wp:term":[{"taxonomy":"product_brand","embeddable":true,"href":"https:\/\/mueble4you.com\/de\/wp-json\/wp\/v2\/product_brand?post=88394"},{"taxonomy":"product_cat","embeddable":true,"href":"https:\/\/mueble4you.com\/de\/wp-json\/wp\/v2\/product_cat?post=88394"},{"taxonomy":"product_tag","embeddable":true,"href":"https:\/\/mueble4you.com\/de\/wp-json\/wp\/v2\/product_tag?post=88394"}],"curies":[{"name":"wp","href":"https:\/\/api.w.org\/{rel}","templated":true}]}}