{"id":88384,"date":"2026-01-21T13:32:27","date_gmt":"2026-01-21T13:32:27","guid":{"rendered":"https:\/\/mueble4you.com\/productos\/lampara-mesa-led-artika-h36\/"},"modified":"2026-01-30T11:03:12","modified_gmt":"2026-01-30T11:03:12","slug":"lampara-mesa-led-artika-h36","status":"publish","type":"product","link":"https:\/\/mueble4you.com\/de\/productos\/lampara-mesa-led-artika-h36\/","title":{"rendered":"ARTIKA H36 LED-Tischleuchte."},"content":{"rendered":"<ul>\n<li>Erh\u00e4ltlich in Braun, Wei\u00df und Schwarz.<\/li>\n<li>Metall und Kunststoff pulverbeschichtet.<\/li>\n<li>Warmwei\u00dfe LED-Lampe, wiederaufladbarer Akku mit wei\u00dfer Kunststoff-Ladestation und 0,8 m langem, wei\u00dfem USB-Kabel.<\/li>\n<li>Ber\u00fchrungsschalter zum Ein- und Ausschalten.<\/li>\n<li>F\u00fcr den Innen- und Au\u00dfenbereich geeignet, Schutzart IP54.<\/li>\n<\/ul>\n","protected":false},"excerpt":{"rendered":"<p>Erh\u00e4ltlich in Braun, Wei\u00df und Schwarz. Metall und Kunststoff pulverbeschichtet. Warmwei\u00dfe LED-Lampe, wiederaufladbarer Akku mit wei\u00dfer Kunststoff-Ladestation und 0,8 m langem, wei\u00dfem USB-Kabel. Ber\u00fchrungsschalter zum Ein- und Ausschalten. F\u00fcr den Innen- und Au\u00dfenbereich geeignet, Schutzart IP54.<\/p>\n","protected":false},"featured_media":88385,"template":"","meta":[],"product_brand":[],"product_cat":[341,261],"product_tag":[],"class_list":{"0":"post-88384","1":"product","2":"type-product","3":"status-publish","4":"has-post-thumbnail","6":"product_cat-lampen","7":"product_cat-dekoration","9":"first","10":"instock","11":"shipping-taxable","12":"product-type-simple"},"yoast_head":"<!-- This site is optimized with the Yoast SEO plugin v27.3 - https:\/\/yoast.com\/product\/yoast-seo-wordpress\/ -->\n<title>ARTIKA H36 LED-Tischleuchte. | mueble4you<\/title>\n<meta name=\"robots\" content=\"index, follow, max-snippet:-1, max-image-preview:large, max-video-preview:-1\" \/>\n<link rel=\"canonical\" href=\"https:\/\/mueble4you.com\/de\/productos\/lampara-mesa-led-artika-h36\/\" \/>\n<meta property=\"og:locale\" content=\"de_DE\" \/>\n<meta property=\"og:type\" content=\"article\" \/>\n<meta property=\"og:title\" content=\"ARTIKA H36 LED-Tischleuchte. | mueble4you\" \/>\n<meta property=\"og:description\" content=\"Erh\u00e4ltlich in Braun, Wei\u00df und Schwarz. Metall und Kunststoff pulverbeschichtet. Warmwei\u00dfe LED-Lampe, wiederaufladbarer Akku mit wei\u00dfer Kunststoff-Ladestation und 0,8 m langem, wei\u00dfem USB-Kabel. Ber\u00fchrungsschalter zum Ein- und Ausschalten. F\u00fcr den Innen- und Au\u00dfenbereich geeignet, Schutzart IP54.\" \/>\n<meta property=\"og:url\" content=\"https:\/\/mueble4you.com\/de\/productos\/lampara-mesa-led-artika-h36\/\" \/>\n<meta property=\"og:site_name\" content=\"mueble4you\" \/>\n<meta property=\"article:modified_time\" content=\"2026-01-30T11:03:12+00:00\" \/>\n<meta property=\"og:image\" content=\"https:\/\/mueble4you.com\/wp-content\/uploads\/2026\/01\/0827709-pf2_-lampada_tav__led_artika_marrone_h36_1738556064.jpg\" \/>\n\t<meta property=\"og:image:width\" content=\"510\" \/>\n\t<meta property=\"og:image:height\" content=\"800\" \/>\n\t<meta property=\"og:image:type\" content=\"image\/jpeg\" \/>\n<meta name=\"twitter:card\" content=\"summary_large_image\" \/>\n<script type=\"application\/ld+json\" class=\"yoast-schema-graph\">{\"@context\":\"https:\\\/\\\/schema.org\",\"@graph\":[{\"@type\":\"WebPage\",\"@id\":\"https:\\\/\\\/mueble4you.com\\\/de\\\/productos\\\/lampara-mesa-led-artika-h36\\\/\",\"url\":\"https:\\\/\\\/mueble4you.com\\\/de\\\/productos\\\/lampara-mesa-led-artika-h36\\\/\",\"name\":\"ARTIKA H36 LED-Tischleuchte. | mueble4you\",\"isPartOf\":{\"@id\":\"https:\\\/\\\/mueble4you.com\\\/#website\"},\"primaryImageOfPage\":{\"@id\":\"https:\\\/\\\/mueble4you.com\\\/de\\\/productos\\\/lampara-mesa-led-artika-h36\\\/#primaryimage\"},\"image\":{\"@id\":\"https:\\\/\\\/mueble4you.com\\\/de\\\/productos\\\/lampara-mesa-led-artika-h36\\\/#primaryimage\"},\"thumbnailUrl\":\"https:\\\/\\\/mueble4you.com\\\/wp-content\\\/uploads\\\/2026\\\/01\\\/0827709-pf2_-lampada_tav__led_artika_marrone_h36_1738556064.jpg\",\"datePublished\":\"2026-01-21T13:32:27+00:00\",\"dateModified\":\"2026-01-30T11:03:12+00:00\",\"breadcrumb\":{\"@id\":\"https:\\\/\\\/mueble4you.com\\\/de\\\/productos\\\/lampara-mesa-led-artika-h36\\\/#breadcrumb\"},\"inLanguage\":\"de\",\"potentialAction\":[{\"@type\":\"ReadAction\",\"target\":[\"https:\\\/\\\/mueble4you.com\\\/de\\\/productos\\\/lampara-mesa-led-artika-h36\\\/\"]}]},{\"@type\":\"ImageObject\",\"inLanguage\":\"de\",\"@id\":\"https:\\\/\\\/mueble4you.com\\\/de\\\/productos\\\/lampara-mesa-led-artika-h36\\\/#primaryimage\",\"url\":\"https:\\\/\\\/mueble4you.com\\\/wp-content\\\/uploads\\\/2026\\\/01\\\/0827709-pf2_-lampada_tav__led_artika_marrone_h36_1738556064.jpg\",\"contentUrl\":\"https:\\\/\\\/mueble4you.com\\\/wp-content\\\/uploads\\\/2026\\\/01\\\/0827709-pf2_-lampada_tav__led_artika_marrone_h36_1738556064.jpg\",\"width\":510,\"height\":800},{\"@type\":\"BreadcrumbList\",\"@id\":\"https:\\\/\\\/mueble4you.com\\\/de\\\/productos\\\/lampara-mesa-led-artika-h36\\\/#breadcrumb\",\"itemListElement\":[{\"@type\":\"ListItem\",\"position\":1,\"name\":\"Portada\",\"item\":\"https:\\\/\\\/mueble4you.com\\\/de\\\/\"},{\"@type\":\"ListItem\",\"position\":2,\"name\":\"Productos\",\"item\":\"https:\\\/\\\/mueble4you.com\\\/productos\\\/\"},{\"@type\":\"ListItem\",\"position\":3,\"name\":\"ARTIKA H36 LED-Tischleuchte.\"}]},{\"@type\":\"WebSite\",\"@id\":\"https:\\\/\\\/mueble4you.com\\\/#website\",\"url\":\"https:\\\/\\\/mueble4you.com\\\/\",\"name\":\"mueble4you\",\"description\":\"M\u00f6bel in Teneriffa\",\"potentialAction\":[{\"@type\":\"SearchAction\",\"target\":{\"@type\":\"EntryPoint\",\"urlTemplate\":\"https:\\\/\\\/mueble4you.com\\\/?s={search_term_string}\"},\"query-input\":{\"@type\":\"PropertyValueSpecification\",\"valueRequired\":true,\"valueName\":\"search_term_string\"}}],\"inLanguage\":\"de\"}]}<\/script>\n<!-- \/ Yoast SEO plugin. -->","yoast_head_json":{"title":"ARTIKA H36 LED-Tischleuchte. | mueble4you","robots":{"index":"index","follow":"follow","max-snippet":"max-snippet:-1","max-image-preview":"max-image-preview:large","max-video-preview":"max-video-preview:-1"},"canonical":"https:\/\/mueble4you.com\/de\/productos\/lampara-mesa-led-artika-h36\/","og_locale":"de_DE","og_type":"article","og_title":"ARTIKA H36 LED-Tischleuchte. | mueble4you","og_description":"Erh\u00e4ltlich in Braun, Wei\u00df und Schwarz. Metall und Kunststoff pulverbeschichtet. Warmwei\u00dfe LED-Lampe, wiederaufladbarer Akku mit wei\u00dfer Kunststoff-Ladestation und 0,8 m langem, wei\u00dfem USB-Kabel. Ber\u00fchrungsschalter zum Ein- und Ausschalten. F\u00fcr den Innen- und Au\u00dfenbereich geeignet, Schutzart IP54.","og_url":"https:\/\/mueble4you.com\/de\/productos\/lampara-mesa-led-artika-h36\/","og_site_name":"mueble4you","article_modified_time":"2026-01-30T11:03:12+00:00","og_image":[{"width":510,"height":800,"url":"https:\/\/mueble4you.com\/wp-content\/uploads\/2026\/01\/0827709-pf2_-lampada_tav__led_artika_marrone_h36_1738556064.jpg","type":"image\/jpeg"}],"twitter_card":"summary_large_image","schema":{"@context":"https:\/\/schema.org","@graph":[{"@type":"WebPage","@id":"https:\/\/mueble4you.com\/de\/productos\/lampara-mesa-led-artika-h36\/","url":"https:\/\/mueble4you.com\/de\/productos\/lampara-mesa-led-artika-h36\/","name":"ARTIKA H36 LED-Tischleuchte. | mueble4you","isPartOf":{"@id":"https:\/\/mueble4you.com\/#website"},"primaryImageOfPage":{"@id":"https:\/\/mueble4you.com\/de\/productos\/lampara-mesa-led-artika-h36\/#primaryimage"},"image":{"@id":"https:\/\/mueble4you.com\/de\/productos\/lampara-mesa-led-artika-h36\/#primaryimage"},"thumbnailUrl":"https:\/\/mueble4you.com\/wp-content\/uploads\/2026\/01\/0827709-pf2_-lampada_tav__led_artika_marrone_h36_1738556064.jpg","datePublished":"2026-01-21T13:32:27+00:00","dateModified":"2026-01-30T11:03:12+00:00","breadcrumb":{"@id":"https:\/\/mueble4you.com\/de\/productos\/lampara-mesa-led-artika-h36\/#breadcrumb"},"inLanguage":"de","potentialAction":[{"@type":"ReadAction","target":["https:\/\/mueble4you.com\/de\/productos\/lampara-mesa-led-artika-h36\/"]}]},{"@type":"ImageObject","inLanguage":"de","@id":"https:\/\/mueble4you.com\/de\/productos\/lampara-mesa-led-artika-h36\/#primaryimage","url":"https:\/\/mueble4you.com\/wp-content\/uploads\/2026\/01\/0827709-pf2_-lampada_tav__led_artika_marrone_h36_1738556064.jpg","contentUrl":"https:\/\/mueble4you.com\/wp-content\/uploads\/2026\/01\/0827709-pf2_-lampada_tav__led_artika_marrone_h36_1738556064.jpg","width":510,"height":800},{"@type":"BreadcrumbList","@id":"https:\/\/mueble4you.com\/de\/productos\/lampara-mesa-led-artika-h36\/#breadcrumb","itemListElement":[{"@type":"ListItem","position":1,"name":"Portada","item":"https:\/\/mueble4you.com\/de\/"},{"@type":"ListItem","position":2,"name":"Productos","item":"https:\/\/mueble4you.com\/productos\/"},{"@type":"ListItem","position":3,"name":"ARTIKA H36 LED-Tischleuchte."}]},{"@type":"WebSite","@id":"https:\/\/mueble4you.com\/#website","url":"https:\/\/mueble4you.com\/","name":"mueble4you","description":"M\u00f6bel in Teneriffa","potentialAction":[{"@type":"SearchAction","target":{"@type":"EntryPoint","urlTemplate":"https:\/\/mueble4you.com\/?s={search_term_string}"},"query-input":{"@type":"PropertyValueSpecification","valueRequired":true,"valueName":"search_term_string"}}],"inLanguage":"de"}]}},"_links":{"self":[{"href":"https:\/\/mueble4you.com\/de\/wp-json\/wp\/v2\/product\/88384","targetHints":{"allow":["GET"]}}],"collection":[{"href":"https:\/\/mueble4you.com\/de\/wp-json\/wp\/v2\/product"}],"about":[{"href":"https:\/\/mueble4you.com\/de\/wp-json\/wp\/v2\/types\/product"}],"wp:featuredmedia":[{"embeddable":true,"href":"https:\/\/mueble4you.com\/de\/wp-json\/wp\/v2\/media\/88385"}],"wp:attachment":[{"href":"https:\/\/mueble4you.com\/de\/wp-json\/wp\/v2\/media?parent=88384"}],"wp:term":[{"taxonomy":"product_brand","embeddable":true,"href":"https:\/\/mueble4you.com\/de\/wp-json\/wp\/v2\/product_brand?post=88384"},{"taxonomy":"product_cat","embeddable":true,"href":"https:\/\/mueble4you.com\/de\/wp-json\/wp\/v2\/product_cat?post=88384"},{"taxonomy":"product_tag","embeddable":true,"href":"https:\/\/mueble4you.com\/de\/wp-json\/wp\/v2\/product_tag?post=88384"}],"curies":[{"name":"wp","href":"https:\/\/api.w.org\/{rel}","templated":true}]}}