{"id":88243,"date":"2026-01-20T12:58:15","date_gmt":"2026-01-20T12:58:15","guid":{"rendered":"https:\/\/mueble4you.com\/productos\/florero-pina-marron-h375\/"},"modified":"2026-01-20T12:58:15","modified_gmt":"2026-01-20T12:58:15","slug":"florero-pina-marron-h375","status":"publish","type":"product","link":"https:\/\/mueble4you.com\/de\/productos\/florero-pina-marron-h375\/","title":{"rendered":"FLORERO PI\u00d1A MARR\u00d3N H37,5"},"content":{"rendered":"<ul>\n<li>C\u00c9RAMICA, IMPERMEABLE INTERNAMENTE.<\/li>\n<li>PRODUCTO HECHO A MANO.<\/li>\n<li>CUALQUIER VARIACI\u00d3N DE COLOR, TONO O IMPERFECCIONES DEBE CONSIDERARSE UNA CARACTER\u00cdSTICA \u00daNICA.<\/li>\n<\/ul>\n","protected":false},"excerpt":{"rendered":"<p>C\u00c9RAMICA, IMPERMEABLE INTERNAMENTE. PRODUCTO HECHO A MANO. CUALQUIER VARIACI\u00d3N DE COLOR, TONO O IMPERFECCIONES DEBE CONSIDERARSE UNA CARACTER\u00cdSTICA \u00daNICA.<\/p>\n","protected":false},"featured_media":88244,"template":"","meta":[],"product_brand":[],"product_cat":[346,261],"product_tag":[],"class_list":{"0":"post-88243","1":"product","2":"type-product","3":"status-publish","4":"has-post-thumbnail","6":"product_cat-vasen","7":"product_cat-dekoration","9":"first","10":"instock","11":"shipping-taxable","12":"product-type-simple"},"yoast_head":"<!-- This site is optimized with the Yoast SEO plugin v27.3 - https:\/\/yoast.com\/product\/yoast-seo-wordpress\/ -->\n<title>FLORERO PI\u00d1A MARR\u00d3N H37,5 | mueble4you<\/title>\n<meta name=\"robots\" content=\"index, follow, max-snippet:-1, max-image-preview:large, max-video-preview:-1\" \/>\n<link rel=\"canonical\" href=\"https:\/\/mueble4you.com\/de\/productos\/florero-pina-marron-h375\/\" \/>\n<meta property=\"og:locale\" content=\"de_DE\" \/>\n<meta property=\"og:type\" content=\"article\" \/>\n<meta property=\"og:title\" content=\"FLORERO PI\u00d1A MARR\u00d3N H37,5 | mueble4you\" \/>\n<meta property=\"og:description\" content=\"C\u00c9RAMICA, IMPERMEABLE INTERNAMENTE. PRODUCTO HECHO A MANO. CUALQUIER VARIACI\u00d3N DE COLOR, TONO O IMPERFECCIONES DEBE CONSIDERARSE UNA CARACTER\u00cdSTICA \u00daNICA.\" \/>\n<meta property=\"og:url\" content=\"https:\/\/mueble4you.com\/de\/productos\/florero-pina-marron-h375\/\" \/>\n<meta property=\"og:site_name\" content=\"mueble4you\" \/>\n<meta name=\"twitter:card\" content=\"summary_large_image\" \/>\n<script type=\"application\/ld+json\" class=\"yoast-schema-graph\">{\"@context\":\"https:\\\/\\\/schema.org\",\"@graph\":[{\"@type\":\"WebPage\",\"@id\":\"https:\\\/\\\/mueble4you.com\\\/de\\\/productos\\\/florero-pina-marron-h375\\\/\",\"url\":\"https:\\\/\\\/mueble4you.com\\\/de\\\/productos\\\/florero-pina-marron-h375\\\/\",\"name\":\"FLORERO PI\u00d1A MARR\u00d3N H37,5 | mueble4you\",\"isPartOf\":{\"@id\":\"https:\\\/\\\/mueble4you.com\\\/#website\"},\"primaryImageOfPage\":{\"@id\":\"https:\\\/\\\/mueble4you.com\\\/de\\\/productos\\\/florero-pina-marron-h375\\\/#primaryimage\"},\"image\":{\"@id\":\"https:\\\/\\\/mueble4you.com\\\/de\\\/productos\\\/florero-pina-marron-h375\\\/#primaryimage\"},\"thumbnailUrl\":\"https:\\\/\\\/mueble4you.com\\\/wp-content\\\/uploads\\\/2026\\\/01\\\/0502693_-vaso_pigna_marrone_h37_5_1738556296.jpg\",\"datePublished\":\"2026-01-20T12:58:15+00:00\",\"breadcrumb\":{\"@id\":\"https:\\\/\\\/mueble4you.com\\\/de\\\/productos\\\/florero-pina-marron-h375\\\/#breadcrumb\"},\"inLanguage\":\"de\",\"potentialAction\":[{\"@type\":\"ReadAction\",\"target\":[\"https:\\\/\\\/mueble4you.com\\\/de\\\/productos\\\/florero-pina-marron-h375\\\/\"]}]},{\"@type\":\"ImageObject\",\"inLanguage\":\"de\",\"@id\":\"https:\\\/\\\/mueble4you.com\\\/de\\\/productos\\\/florero-pina-marron-h375\\\/#primaryimage\",\"url\":\"https:\\\/\\\/mueble4you.com\\\/wp-content\\\/uploads\\\/2026\\\/01\\\/0502693_-vaso_pigna_marrone_h37_5_1738556296.jpg\",\"contentUrl\":\"https:\\\/\\\/mueble4you.com\\\/wp-content\\\/uploads\\\/2026\\\/01\\\/0502693_-vaso_pigna_marrone_h37_5_1738556296.jpg\",\"width\":740,\"height\":800},{\"@type\":\"BreadcrumbList\",\"@id\":\"https:\\\/\\\/mueble4you.com\\\/de\\\/productos\\\/florero-pina-marron-h375\\\/#breadcrumb\",\"itemListElement\":[{\"@type\":\"ListItem\",\"position\":1,\"name\":\"Portada\",\"item\":\"https:\\\/\\\/mueble4you.com\\\/de\\\/\"},{\"@type\":\"ListItem\",\"position\":2,\"name\":\"Productos\",\"item\":\"https:\\\/\\\/mueble4you.com\\\/productos\\\/\"},{\"@type\":\"ListItem\",\"position\":3,\"name\":\"FLORERO PI\u00d1A MARR\u00d3N H37,5\"}]},{\"@type\":\"WebSite\",\"@id\":\"https:\\\/\\\/mueble4you.com\\\/#website\",\"url\":\"https:\\\/\\\/mueble4you.com\\\/\",\"name\":\"mueble4you\",\"description\":\"M\u00f6bel in Teneriffa\",\"potentialAction\":[{\"@type\":\"SearchAction\",\"target\":{\"@type\":\"EntryPoint\",\"urlTemplate\":\"https:\\\/\\\/mueble4you.com\\\/?s={search_term_string}\"},\"query-input\":{\"@type\":\"PropertyValueSpecification\",\"valueRequired\":true,\"valueName\":\"search_term_string\"}}],\"inLanguage\":\"de\"}]}<\/script>\n<!-- \/ Yoast SEO plugin. -->","yoast_head_json":{"title":"FLORERO PI\u00d1A MARR\u00d3N H37,5 | mueble4you","robots":{"index":"index","follow":"follow","max-snippet":"max-snippet:-1","max-image-preview":"max-image-preview:large","max-video-preview":"max-video-preview:-1"},"canonical":"https:\/\/mueble4you.com\/de\/productos\/florero-pina-marron-h375\/","og_locale":"de_DE","og_type":"article","og_title":"FLORERO PI\u00d1A MARR\u00d3N H37,5 | mueble4you","og_description":"C\u00c9RAMICA, IMPERMEABLE INTERNAMENTE. PRODUCTO HECHO A MANO. CUALQUIER VARIACI\u00d3N DE COLOR, TONO O IMPERFECCIONES DEBE CONSIDERARSE UNA CARACTER\u00cdSTICA \u00daNICA.","og_url":"https:\/\/mueble4you.com\/de\/productos\/florero-pina-marron-h375\/","og_site_name":"mueble4you","twitter_card":"summary_large_image","schema":{"@context":"https:\/\/schema.org","@graph":[{"@type":"WebPage","@id":"https:\/\/mueble4you.com\/de\/productos\/florero-pina-marron-h375\/","url":"https:\/\/mueble4you.com\/de\/productos\/florero-pina-marron-h375\/","name":"FLORERO PI\u00d1A MARR\u00d3N H37,5 | mueble4you","isPartOf":{"@id":"https:\/\/mueble4you.com\/#website"},"primaryImageOfPage":{"@id":"https:\/\/mueble4you.com\/de\/productos\/florero-pina-marron-h375\/#primaryimage"},"image":{"@id":"https:\/\/mueble4you.com\/de\/productos\/florero-pina-marron-h375\/#primaryimage"},"thumbnailUrl":"https:\/\/mueble4you.com\/wp-content\/uploads\/2026\/01\/0502693_-vaso_pigna_marrone_h37_5_1738556296.jpg","datePublished":"2026-01-20T12:58:15+00:00","breadcrumb":{"@id":"https:\/\/mueble4you.com\/de\/productos\/florero-pina-marron-h375\/#breadcrumb"},"inLanguage":"de","potentialAction":[{"@type":"ReadAction","target":["https:\/\/mueble4you.com\/de\/productos\/florero-pina-marron-h375\/"]}]},{"@type":"ImageObject","inLanguage":"de","@id":"https:\/\/mueble4you.com\/de\/productos\/florero-pina-marron-h375\/#primaryimage","url":"https:\/\/mueble4you.com\/wp-content\/uploads\/2026\/01\/0502693_-vaso_pigna_marrone_h37_5_1738556296.jpg","contentUrl":"https:\/\/mueble4you.com\/wp-content\/uploads\/2026\/01\/0502693_-vaso_pigna_marrone_h37_5_1738556296.jpg","width":740,"height":800},{"@type":"BreadcrumbList","@id":"https:\/\/mueble4you.com\/de\/productos\/florero-pina-marron-h375\/#breadcrumb","itemListElement":[{"@type":"ListItem","position":1,"name":"Portada","item":"https:\/\/mueble4you.com\/de\/"},{"@type":"ListItem","position":2,"name":"Productos","item":"https:\/\/mueble4you.com\/productos\/"},{"@type":"ListItem","position":3,"name":"FLORERO PI\u00d1A MARR\u00d3N H37,5"}]},{"@type":"WebSite","@id":"https:\/\/mueble4you.com\/#website","url":"https:\/\/mueble4you.com\/","name":"mueble4you","description":"M\u00f6bel in Teneriffa","potentialAction":[{"@type":"SearchAction","target":{"@type":"EntryPoint","urlTemplate":"https:\/\/mueble4you.com\/?s={search_term_string}"},"query-input":{"@type":"PropertyValueSpecification","valueRequired":true,"valueName":"search_term_string"}}],"inLanguage":"de"}]}},"_links":{"self":[{"href":"https:\/\/mueble4you.com\/de\/wp-json\/wp\/v2\/product\/88243","targetHints":{"allow":["GET"]}}],"collection":[{"href":"https:\/\/mueble4you.com\/de\/wp-json\/wp\/v2\/product"}],"about":[{"href":"https:\/\/mueble4you.com\/de\/wp-json\/wp\/v2\/types\/product"}],"wp:featuredmedia":[{"embeddable":true,"href":"https:\/\/mueble4you.com\/de\/wp-json\/wp\/v2\/media\/88244"}],"wp:attachment":[{"href":"https:\/\/mueble4you.com\/de\/wp-json\/wp\/v2\/media?parent=88243"}],"wp:term":[{"taxonomy":"product_brand","embeddable":true,"href":"https:\/\/mueble4you.com\/de\/wp-json\/wp\/v2\/product_brand?post=88243"},{"taxonomy":"product_cat","embeddable":true,"href":"https:\/\/mueble4you.com\/de\/wp-json\/wp\/v2\/product_cat?post=88243"},{"taxonomy":"product_tag","embeddable":true,"href":"https:\/\/mueble4you.com\/de\/wp-json\/wp\/v2\/product_tag?post=88243"}],"curies":[{"name":"wp","href":"https:\/\/api.w.org\/{rel}","templated":true}]}}