{"id":87730,"date":"2026-01-15T15:50:34","date_gmt":"2026-01-15T15:50:34","guid":{"rendered":"https:\/\/mueble4you.com\/productos\/mesa-belmar-75x75-blanco-yk11\/"},"modified":"2026-01-15T15:50:34","modified_gmt":"2026-01-15T15:50:34","slug":"mesa-belmar-75x75-blanco-yk11","status":"publish","type":"product","link":"https:\/\/mueble4you.com\/de\/productos\/mesa-belmar-75x75-blanco-yk11\/","title":{"rendered":"MESA BELMAR 75X75 BLANCO YK11"},"content":{"rendered":"<ul>\n<li>TABLERO (CON LISTONES DE ALUMINIO BARNIZADOS EFECTO MADERA) Y PATA CENTRAL DE ALUMINIO BARNIZADO CON POLVO (POLI\u00c9STER).<\/li>\n<li><span style=\"color: #555555;\">BASE DE ACERO TRATADO PARA EXTERIOR (E-COATING) Y BARNIZADO CON POLVO (POLI\u00c9STER).<\/span><\/li>\n<li><span style=\"color: #555555;\">TORNILLER\u00cdA DE ACERO INOXIDABLE.<\/span><\/li>\n<li><span style=\"color: #555555;\">PIES AJUSTABLES.<\/span><\/li>\n<li>Dimensiones:75X75X 75h.<\/li>\n<\/ul>\n","protected":false},"excerpt":{"rendered":"<p>TABLERO (CON LISTONES DE ALUMINIO BARNIZADOS EFECTO MADERA) Y PATA CENTRAL DE ALUMINIO BARNIZADO CON POLVO (POLI\u00c9STER). BASE DE ACERO TRATADO PARA EXTERIOR (E-COATING) Y BARNIZADO CON POLVO (POLI\u00c9STER). TORNILLER\u00cdA DE ACERO INOXIDABLE. PIES AJUSTABLES. Dimensiones:75X75X 75h.<\/p>\n","protected":false},"featured_media":87731,"template":"","meta":[],"product_brand":[],"product_cat":[305,309],"product_tag":[],"class_list":{"0":"post-87730","1":"product","2":"type-product","3":"status-publish","4":"has-post-thumbnail","6":"product_cat-gartenmobel","7":"product_cat-sitz-und-liegemobel","9":"first","10":"instock","11":"shipping-taxable","12":"product-type-simple"},"yoast_head":"<!-- This site is optimized with the Yoast SEO plugin v27.2 - https:\/\/yoast.com\/product\/yoast-seo-wordpress\/ -->\n<title>MESA BELMAR 75X75 BLANCO YK11 | mueble4you<\/title>\n<meta name=\"robots\" content=\"index, follow, max-snippet:-1, max-image-preview:large, max-video-preview:-1\" \/>\n<link rel=\"canonical\" href=\"https:\/\/mueble4you.com\/de\/productos\/mesa-belmar-75x75-blanco-yk11\/\" \/>\n<meta property=\"og:locale\" content=\"de_DE\" \/>\n<meta property=\"og:type\" content=\"article\" \/>\n<meta property=\"og:title\" content=\"MESA BELMAR 75X75 BLANCO YK11 | mueble4you\" \/>\n<meta property=\"og:description\" content=\"TABLERO (CON LISTONES DE ALUMINIO BARNIZADOS EFECTO MADERA) Y PATA CENTRAL DE ALUMINIO BARNIZADO CON POLVO (POLI\u00c9STER). BASE DE ACERO TRATADO PARA EXTERIOR (E-COATING) Y BARNIZADO CON POLVO (POLI\u00c9STER). TORNILLER\u00cdA DE ACERO INOXIDABLE. PIES AJUSTABLES. Dimensiones:75X75X 75h.\" \/>\n<meta property=\"og:url\" content=\"https:\/\/mueble4you.com\/de\/productos\/mesa-belmar-75x75-blanco-yk11\/\" \/>\n<meta property=\"og:site_name\" content=\"mueble4you\" \/>\n<meta name=\"twitter:card\" content=\"summary_large_image\" \/>\n<script type=\"application\/ld+json\" class=\"yoast-schema-graph\">{\"@context\":\"https:\/\/schema.org\",\"@graph\":[{\"@type\":\"WebPage\",\"@id\":\"https:\/\/mueble4you.com\/de\/productos\/mesa-belmar-75x75-blanco-yk11\/\",\"url\":\"https:\/\/mueble4you.com\/de\/productos\/mesa-belmar-75x75-blanco-yk11\/\",\"name\":\"MESA BELMAR 75X75 BLANCO YK11 | mueble4you\",\"isPartOf\":{\"@id\":\"https:\/\/mueble4you.com\/#website\"},\"primaryImageOfPage\":{\"@id\":\"https:\/\/mueble4you.com\/de\/productos\/mesa-belmar-75x75-blanco-yk11\/#primaryimage\"},\"image\":{\"@id\":\"https:\/\/mueble4you.com\/de\/productos\/mesa-belmar-75x75-blanco-yk11\/#primaryimage\"},\"thumbnailUrl\":\"https:\/\/mueble4you.com\/wp-content\/uploads\/2026\/01\/0663793_-tavolo_belmar_75x75_bianco_yk11_1738556552.jpg\",\"datePublished\":\"2026-01-15T15:50:34+00:00\",\"breadcrumb\":{\"@id\":\"https:\/\/mueble4you.com\/de\/productos\/mesa-belmar-75x75-blanco-yk11\/#breadcrumb\"},\"inLanguage\":\"de\",\"potentialAction\":[{\"@type\":\"ReadAction\",\"target\":[\"https:\/\/mueble4you.com\/de\/productos\/mesa-belmar-75x75-blanco-yk11\/\"]}]},{\"@type\":\"ImageObject\",\"inLanguage\":\"de\",\"@id\":\"https:\/\/mueble4you.com\/de\/productos\/mesa-belmar-75x75-blanco-yk11\/#primaryimage\",\"url\":\"https:\/\/mueble4you.com\/wp-content\/uploads\/2026\/01\/0663793_-tavolo_belmar_75x75_bianco_yk11_1738556552.jpg\",\"contentUrl\":\"https:\/\/mueble4you.com\/wp-content\/uploads\/2026\/01\/0663793_-tavolo_belmar_75x75_bianco_yk11_1738556552.jpg\",\"width\":825,\"height\":800},{\"@type\":\"BreadcrumbList\",\"@id\":\"https:\/\/mueble4you.com\/de\/productos\/mesa-belmar-75x75-blanco-yk11\/#breadcrumb\",\"itemListElement\":[{\"@type\":\"ListItem\",\"position\":1,\"name\":\"Portada\",\"item\":\"https:\/\/mueble4you.com\/de\/\"},{\"@type\":\"ListItem\",\"position\":2,\"name\":\"Productos\",\"item\":\"https:\/\/mueble4you.com\/productos\/\"},{\"@type\":\"ListItem\",\"position\":3,\"name\":\"MESA BELMAR 75X75 BLANCO YK11\"}]},{\"@type\":\"WebSite\",\"@id\":\"https:\/\/mueble4you.com\/#website\",\"url\":\"https:\/\/mueble4you.com\/\",\"name\":\"mueble4you\",\"description\":\"M\u00f6bel in Teneriffa\",\"potentialAction\":[{\"@type\":\"SearchAction\",\"target\":{\"@type\":\"EntryPoint\",\"urlTemplate\":\"https:\/\/mueble4you.com\/?s={search_term_string}\"},\"query-input\":{\"@type\":\"PropertyValueSpecification\",\"valueRequired\":true,\"valueName\":\"search_term_string\"}}],\"inLanguage\":\"de\"}]}<\/script>\n<!-- \/ Yoast SEO plugin. -->","yoast_head_json":{"title":"MESA BELMAR 75X75 BLANCO YK11 | mueble4you","robots":{"index":"index","follow":"follow","max-snippet":"max-snippet:-1","max-image-preview":"max-image-preview:large","max-video-preview":"max-video-preview:-1"},"canonical":"https:\/\/mueble4you.com\/de\/productos\/mesa-belmar-75x75-blanco-yk11\/","og_locale":"de_DE","og_type":"article","og_title":"MESA BELMAR 75X75 BLANCO YK11 | mueble4you","og_description":"TABLERO (CON LISTONES DE ALUMINIO BARNIZADOS EFECTO MADERA) Y PATA CENTRAL DE ALUMINIO BARNIZADO CON POLVO (POLI\u00c9STER). BASE DE ACERO TRATADO PARA EXTERIOR (E-COATING) Y BARNIZADO CON POLVO (POLI\u00c9STER). TORNILLER\u00cdA DE ACERO INOXIDABLE. PIES AJUSTABLES. Dimensiones:75X75X 75h.","og_url":"https:\/\/mueble4you.com\/de\/productos\/mesa-belmar-75x75-blanco-yk11\/","og_site_name":"mueble4you","twitter_card":"summary_large_image","schema":{"@context":"https:\/\/schema.org","@graph":[{"@type":"WebPage","@id":"https:\/\/mueble4you.com\/de\/productos\/mesa-belmar-75x75-blanco-yk11\/","url":"https:\/\/mueble4you.com\/de\/productos\/mesa-belmar-75x75-blanco-yk11\/","name":"MESA BELMAR 75X75 BLANCO YK11 | mueble4you","isPartOf":{"@id":"https:\/\/mueble4you.com\/#website"},"primaryImageOfPage":{"@id":"https:\/\/mueble4you.com\/de\/productos\/mesa-belmar-75x75-blanco-yk11\/#primaryimage"},"image":{"@id":"https:\/\/mueble4you.com\/de\/productos\/mesa-belmar-75x75-blanco-yk11\/#primaryimage"},"thumbnailUrl":"https:\/\/mueble4you.com\/wp-content\/uploads\/2026\/01\/0663793_-tavolo_belmar_75x75_bianco_yk11_1738556552.jpg","datePublished":"2026-01-15T15:50:34+00:00","breadcrumb":{"@id":"https:\/\/mueble4you.com\/de\/productos\/mesa-belmar-75x75-blanco-yk11\/#breadcrumb"},"inLanguage":"de","potentialAction":[{"@type":"ReadAction","target":["https:\/\/mueble4you.com\/de\/productos\/mesa-belmar-75x75-blanco-yk11\/"]}]},{"@type":"ImageObject","inLanguage":"de","@id":"https:\/\/mueble4you.com\/de\/productos\/mesa-belmar-75x75-blanco-yk11\/#primaryimage","url":"https:\/\/mueble4you.com\/wp-content\/uploads\/2026\/01\/0663793_-tavolo_belmar_75x75_bianco_yk11_1738556552.jpg","contentUrl":"https:\/\/mueble4you.com\/wp-content\/uploads\/2026\/01\/0663793_-tavolo_belmar_75x75_bianco_yk11_1738556552.jpg","width":825,"height":800},{"@type":"BreadcrumbList","@id":"https:\/\/mueble4you.com\/de\/productos\/mesa-belmar-75x75-blanco-yk11\/#breadcrumb","itemListElement":[{"@type":"ListItem","position":1,"name":"Portada","item":"https:\/\/mueble4you.com\/de\/"},{"@type":"ListItem","position":2,"name":"Productos","item":"https:\/\/mueble4you.com\/productos\/"},{"@type":"ListItem","position":3,"name":"MESA BELMAR 75X75 BLANCO YK11"}]},{"@type":"WebSite","@id":"https:\/\/mueble4you.com\/#website","url":"https:\/\/mueble4you.com\/","name":"mueble4you","description":"M\u00f6bel in Teneriffa","potentialAction":[{"@type":"SearchAction","target":{"@type":"EntryPoint","urlTemplate":"https:\/\/mueble4you.com\/?s={search_term_string}"},"query-input":{"@type":"PropertyValueSpecification","valueRequired":true,"valueName":"search_term_string"}}],"inLanguage":"de"}]}},"_links":{"self":[{"href":"https:\/\/mueble4you.com\/de\/wp-json\/wp\/v2\/product\/87730","targetHints":{"allow":["GET"]}}],"collection":[{"href":"https:\/\/mueble4you.com\/de\/wp-json\/wp\/v2\/product"}],"about":[{"href":"https:\/\/mueble4you.com\/de\/wp-json\/wp\/v2\/types\/product"}],"wp:featuredmedia":[{"embeddable":true,"href":"https:\/\/mueble4you.com\/de\/wp-json\/wp\/v2\/media\/87731"}],"wp:attachment":[{"href":"https:\/\/mueble4you.com\/de\/wp-json\/wp\/v2\/media?parent=87730"}],"wp:term":[{"taxonomy":"product_brand","embeddable":true,"href":"https:\/\/mueble4you.com\/de\/wp-json\/wp\/v2\/product_brand?post=87730"},{"taxonomy":"product_cat","embeddable":true,"href":"https:\/\/mueble4you.com\/de\/wp-json\/wp\/v2\/product_cat?post=87730"},{"taxonomy":"product_tag","embeddable":true,"href":"https:\/\/mueble4you.com\/de\/wp-json\/wp\/v2\/product_tag?post=87730"}],"curies":[{"name":"wp","href":"https:\/\/api.w.org\/{rel}","templated":true}]}}