{"id":87521,"date":"2026-01-14T12:16:54","date_gmt":"2026-01-14T12:16:54","guid":{"rendered":"https:\/\/mueble4you.com\/productos\/mesa-ext-pascal-200-260x100-blanco\/"},"modified":"2026-01-14T12:16:54","modified_gmt":"2026-01-14T12:16:54","slug":"mesa-ext-pascal-200-260x100-blanco","status":"publish","type":"product","link":"https:\/\/mueble4you.com\/de\/productos\/mesa-ext-pascal-200-260x100-blanco\/","title":{"rendered":"MESA EXT. PASCAL 200-260X100 BLANCO"},"content":{"rendered":"<ul>\n<li>ESTRUCTURA DE ALUMINIO BARNIZADO CON POLVO (POLI\u00c9STER).<\/li>\n<li>TABLERO DE PIEDRA SINTERIZADA (PIEDRA NATURAL TRABAJADA A ALTAS TEMPERATURAS &#8211; ESPESOR 11MM) EXTENSIBLE CON EXTENSI\u00d3N AUTOM\u00c1TICA.<\/li>\n<li>TORNILLER\u00cdA DE ACERO INOXIDABLE.<\/li>\n<li>PIES AJUSTABLES.<\/li>\n<li><span class=\"detailprodCaratPnlTitle\">Medidas<\/span><span class=\"detailProductDescr\">200 &#8211; 260X100- 76h.<\/span><\/li>\n<\/ul>\n","protected":false},"excerpt":{"rendered":"<p>ESTRUCTURA DE ALUMINIO BARNIZADO CON POLVO (POLI\u00c9STER). TABLERO DE PIEDRA SINTERIZADA (PIEDRA NATURAL TRABAJADA A ALTAS TEMPERATURAS &#8211; ESPESOR 11MM) EXTENSIBLE CON EXTENSI\u00d3N AUTOM\u00c1TICA. TORNILLER\u00cdA DE ACERO INOXIDABLE. PIES AJUSTABLES. Medidas200 &#8211; 260X100- 76h.<\/p>\n","protected":false},"featured_media":87522,"template":"","meta":[],"product_brand":[],"product_cat":[305,309],"product_tag":[],"class_list":{"0":"post-87521","1":"product","2":"type-product","3":"status-publish","4":"has-post-thumbnail","6":"product_cat-gartenmobel","7":"product_cat-sitz-und-liegemobel","9":"first","10":"instock","11":"shipping-taxable","12":"product-type-simple"},"yoast_head":"<!-- This site is optimized with the Yoast SEO plugin v27.2 - https:\/\/yoast.com\/product\/yoast-seo-wordpress\/ -->\n<title>MESA EXT. PASCAL 200-260X100 BLANCO | mueble4you<\/title>\n<meta name=\"robots\" content=\"index, follow, max-snippet:-1, max-image-preview:large, max-video-preview:-1\" \/>\n<link rel=\"canonical\" href=\"https:\/\/mueble4you.com\/de\/productos\/mesa-ext-pascal-200-260x100-blanco\/\" \/>\n<meta property=\"og:locale\" content=\"de_DE\" \/>\n<meta property=\"og:type\" content=\"article\" \/>\n<meta property=\"og:title\" content=\"MESA EXT. PASCAL 200-260X100 BLANCO | mueble4you\" \/>\n<meta property=\"og:description\" content=\"ESTRUCTURA DE ALUMINIO BARNIZADO CON POLVO (POLI\u00c9STER). TABLERO DE PIEDRA SINTERIZADA (PIEDRA NATURAL TRABAJADA A ALTAS TEMPERATURAS &#8211; ESPESOR 11MM) EXTENSIBLE CON EXTENSI\u00d3N AUTOM\u00c1TICA. TORNILLER\u00cdA DE ACERO INOXIDABLE. PIES AJUSTABLES. Medidas200 &#8211; 260X100- 76h.\" \/>\n<meta property=\"og:url\" content=\"https:\/\/mueble4you.com\/de\/productos\/mesa-ext-pascal-200-260x100-blanco\/\" \/>\n<meta property=\"og:site_name\" content=\"mueble4you\" \/>\n<meta name=\"twitter:card\" content=\"summary_large_image\" \/>\n<script type=\"application\/ld+json\" class=\"yoast-schema-graph\">{\"@context\":\"https:\/\/schema.org\",\"@graph\":[{\"@type\":\"WebPage\",\"@id\":\"https:\/\/mueble4you.com\/de\/productos\/mesa-ext-pascal-200-260x100-blanco\/\",\"url\":\"https:\/\/mueble4you.com\/de\/productos\/mesa-ext-pascal-200-260x100-blanco\/\",\"name\":\"MESA EXT. PASCAL 200-260X100 BLANCO | mueble4you\",\"isPartOf\":{\"@id\":\"https:\/\/mueble4you.com\/#website\"},\"primaryImageOfPage\":{\"@id\":\"https:\/\/mueble4you.com\/de\/productos\/mesa-ext-pascal-200-260x100-blanco\/#primaryimage\"},\"image\":{\"@id\":\"https:\/\/mueble4you.com\/de\/productos\/mesa-ext-pascal-200-260x100-blanco\/#primaryimage\"},\"thumbnailUrl\":\"https:\/\/mueble4you.com\/wp-content\/uploads\/2026\/01\/Sin-titulo25.jpg\",\"datePublished\":\"2026-01-14T12:16:54+00:00\",\"breadcrumb\":{\"@id\":\"https:\/\/mueble4you.com\/de\/productos\/mesa-ext-pascal-200-260x100-blanco\/#breadcrumb\"},\"inLanguage\":\"de\",\"potentialAction\":[{\"@type\":\"ReadAction\",\"target\":[\"https:\/\/mueble4you.com\/de\/productos\/mesa-ext-pascal-200-260x100-blanco\/\"]}]},{\"@type\":\"ImageObject\",\"inLanguage\":\"de\",\"@id\":\"https:\/\/mueble4you.com\/de\/productos\/mesa-ext-pascal-200-260x100-blanco\/#primaryimage\",\"url\":\"https:\/\/mueble4you.com\/wp-content\/uploads\/2026\/01\/Sin-titulo25.jpg\",\"contentUrl\":\"https:\/\/mueble4you.com\/wp-content\/uploads\/2026\/01\/Sin-titulo25.jpg\",\"width\":662,\"height\":896},{\"@type\":\"BreadcrumbList\",\"@id\":\"https:\/\/mueble4you.com\/de\/productos\/mesa-ext-pascal-200-260x100-blanco\/#breadcrumb\",\"itemListElement\":[{\"@type\":\"ListItem\",\"position\":1,\"name\":\"Portada\",\"item\":\"https:\/\/mueble4you.com\/de\/\"},{\"@type\":\"ListItem\",\"position\":2,\"name\":\"Productos\",\"item\":\"https:\/\/mueble4you.com\/productos\/\"},{\"@type\":\"ListItem\",\"position\":3,\"name\":\"MESA EXT. PASCAL 200-260X100 BLANCO\"}]},{\"@type\":\"WebSite\",\"@id\":\"https:\/\/mueble4you.com\/#website\",\"url\":\"https:\/\/mueble4you.com\/\",\"name\":\"mueble4you\",\"description\":\"M\u00f6bel in Teneriffa\",\"potentialAction\":[{\"@type\":\"SearchAction\",\"target\":{\"@type\":\"EntryPoint\",\"urlTemplate\":\"https:\/\/mueble4you.com\/?s={search_term_string}\"},\"query-input\":{\"@type\":\"PropertyValueSpecification\",\"valueRequired\":true,\"valueName\":\"search_term_string\"}}],\"inLanguage\":\"de\"}]}<\/script>\n<!-- \/ Yoast SEO plugin. -->","yoast_head_json":{"title":"MESA EXT. PASCAL 200-260X100 BLANCO | mueble4you","robots":{"index":"index","follow":"follow","max-snippet":"max-snippet:-1","max-image-preview":"max-image-preview:large","max-video-preview":"max-video-preview:-1"},"canonical":"https:\/\/mueble4you.com\/de\/productos\/mesa-ext-pascal-200-260x100-blanco\/","og_locale":"de_DE","og_type":"article","og_title":"MESA EXT. PASCAL 200-260X100 BLANCO | mueble4you","og_description":"ESTRUCTURA DE ALUMINIO BARNIZADO CON POLVO (POLI\u00c9STER). TABLERO DE PIEDRA SINTERIZADA (PIEDRA NATURAL TRABAJADA A ALTAS TEMPERATURAS &#8211; ESPESOR 11MM) EXTENSIBLE CON EXTENSI\u00d3N AUTOM\u00c1TICA. TORNILLER\u00cdA DE ACERO INOXIDABLE. PIES AJUSTABLES. Medidas200 &#8211; 260X100- 76h.","og_url":"https:\/\/mueble4you.com\/de\/productos\/mesa-ext-pascal-200-260x100-blanco\/","og_site_name":"mueble4you","twitter_card":"summary_large_image","schema":{"@context":"https:\/\/schema.org","@graph":[{"@type":"WebPage","@id":"https:\/\/mueble4you.com\/de\/productos\/mesa-ext-pascal-200-260x100-blanco\/","url":"https:\/\/mueble4you.com\/de\/productos\/mesa-ext-pascal-200-260x100-blanco\/","name":"MESA EXT. PASCAL 200-260X100 BLANCO | mueble4you","isPartOf":{"@id":"https:\/\/mueble4you.com\/#website"},"primaryImageOfPage":{"@id":"https:\/\/mueble4you.com\/de\/productos\/mesa-ext-pascal-200-260x100-blanco\/#primaryimage"},"image":{"@id":"https:\/\/mueble4you.com\/de\/productos\/mesa-ext-pascal-200-260x100-blanco\/#primaryimage"},"thumbnailUrl":"https:\/\/mueble4you.com\/wp-content\/uploads\/2026\/01\/Sin-titulo25.jpg","datePublished":"2026-01-14T12:16:54+00:00","breadcrumb":{"@id":"https:\/\/mueble4you.com\/de\/productos\/mesa-ext-pascal-200-260x100-blanco\/#breadcrumb"},"inLanguage":"de","potentialAction":[{"@type":"ReadAction","target":["https:\/\/mueble4you.com\/de\/productos\/mesa-ext-pascal-200-260x100-blanco\/"]}]},{"@type":"ImageObject","inLanguage":"de","@id":"https:\/\/mueble4you.com\/de\/productos\/mesa-ext-pascal-200-260x100-blanco\/#primaryimage","url":"https:\/\/mueble4you.com\/wp-content\/uploads\/2026\/01\/Sin-titulo25.jpg","contentUrl":"https:\/\/mueble4you.com\/wp-content\/uploads\/2026\/01\/Sin-titulo25.jpg","width":662,"height":896},{"@type":"BreadcrumbList","@id":"https:\/\/mueble4you.com\/de\/productos\/mesa-ext-pascal-200-260x100-blanco\/#breadcrumb","itemListElement":[{"@type":"ListItem","position":1,"name":"Portada","item":"https:\/\/mueble4you.com\/de\/"},{"@type":"ListItem","position":2,"name":"Productos","item":"https:\/\/mueble4you.com\/productos\/"},{"@type":"ListItem","position":3,"name":"MESA EXT. PASCAL 200-260X100 BLANCO"}]},{"@type":"WebSite","@id":"https:\/\/mueble4you.com\/#website","url":"https:\/\/mueble4you.com\/","name":"mueble4you","description":"M\u00f6bel in Teneriffa","potentialAction":[{"@type":"SearchAction","target":{"@type":"EntryPoint","urlTemplate":"https:\/\/mueble4you.com\/?s={search_term_string}"},"query-input":{"@type":"PropertyValueSpecification","valueRequired":true,"valueName":"search_term_string"}}],"inLanguage":"de"}]}},"_links":{"self":[{"href":"https:\/\/mueble4you.com\/de\/wp-json\/wp\/v2\/product\/87521","targetHints":{"allow":["GET"]}}],"collection":[{"href":"https:\/\/mueble4you.com\/de\/wp-json\/wp\/v2\/product"}],"about":[{"href":"https:\/\/mueble4you.com\/de\/wp-json\/wp\/v2\/types\/product"}],"wp:featuredmedia":[{"embeddable":true,"href":"https:\/\/mueble4you.com\/de\/wp-json\/wp\/v2\/media\/87522"}],"wp:attachment":[{"href":"https:\/\/mueble4you.com\/de\/wp-json\/wp\/v2\/media?parent=87521"}],"wp:term":[{"taxonomy":"product_brand","embeddable":true,"href":"https:\/\/mueble4you.com\/de\/wp-json\/wp\/v2\/product_brand?post=87521"},{"taxonomy":"product_cat","embeddable":true,"href":"https:\/\/mueble4you.com\/de\/wp-json\/wp\/v2\/product_cat?post=87521"},{"taxonomy":"product_tag","embeddable":true,"href":"https:\/\/mueble4you.com\/de\/wp-json\/wp\/v2\/product_tag?post=87521"}],"curies":[{"name":"wp","href":"https:\/\/api.w.org\/{rel}","templated":true}]}}