{"id":87353,"date":"2026-01-13T12:40:07","date_gmt":"2026-01-13T12:40:07","guid":{"rendered":"https:\/\/mueble4you.com\/productos\/jarron-gatsby-amande-h74\/"},"modified":"2026-01-13T12:40:07","modified_gmt":"2026-01-13T12:40:07","slug":"jarron-gatsby-amande-h74","status":"publish","type":"product","link":"https:\/\/mueble4you.com\/de\/productos\/jarron-gatsby-amande-h74\/","title":{"rendered":"Jarron gatsby amande h74"},"content":{"rendered":"<ul>\n<li>Jarr\u00f3n decorativo de metal con acabado almendra, de 74 cm de altura, con un dise\u00f1o contempor\u00e1neo y elegante.<\/li>\n<li>Su silueta original, que combina formas geom\u00e9tricas redondeadas y c\u00f3nicas, aporta un toque moderno a cualquier gama de decoraci\u00f3n interior.<\/li>\n<li>Ligero pero robusto, se integra f\u00e1cilmente en un cat\u00e1logo dedicado a objetos decorativos modernos y realza los espacios con su estilo distintivo.<\/li>\n<\/ul>\n","protected":false},"excerpt":{"rendered":"<p>Jarr\u00f3n decorativo de metal con acabado almendra, de 74 cm de altura, con un dise\u00f1o contempor\u00e1neo y elegante. Su silueta original, que combina formas geom\u00e9tricas redondeadas y c\u00f3nicas, aporta un toque moderno a cualquier gama de decoraci\u00f3n interior. Ligero pero robusto, se integra f\u00e1cilmente en un cat\u00e1logo dedicado a objetos decorativos modernos y realza los [&#8230;]\n","protected":false},"featured_media":87354,"template":"","meta":[],"product_brand":[],"product_cat":[346,261],"product_tag":[],"class_list":{"0":"post-87353","1":"product","2":"type-product","3":"status-publish","4":"has-post-thumbnail","6":"product_cat-vasen","7":"product_cat-dekoration","9":"first","10":"instock","11":"shipping-taxable","12":"product-type-simple"},"yoast_head":"<!-- This site is optimized with the Yoast SEO plugin v27.2 - https:\/\/yoast.com\/product\/yoast-seo-wordpress\/ -->\n<title>Jarron gatsby amande h74 | mueble4you<\/title>\n<meta name=\"robots\" content=\"index, follow, max-snippet:-1, max-image-preview:large, max-video-preview:-1\" \/>\n<link rel=\"canonical\" href=\"https:\/\/mueble4you.com\/de\/productos\/jarron-gatsby-amande-h74\/\" \/>\n<meta property=\"og:locale\" content=\"de_DE\" \/>\n<meta property=\"og:type\" content=\"article\" \/>\n<meta property=\"og:title\" content=\"Jarron gatsby amande h74 | mueble4you\" \/>\n<meta property=\"og:description\" content=\"Jarr\u00f3n decorativo de metal con acabado almendra, de 74 cm de altura, con un dise\u00f1o contempor\u00e1neo y elegante. Su silueta original, que combina formas geom\u00e9tricas redondeadas y c\u00f3nicas, aporta un toque moderno a cualquier gama de decoraci\u00f3n interior. Ligero pero robusto, se integra f\u00e1cilmente en un cat\u00e1logo dedicado a objetos decorativos modernos y realza los [...]\" \/>\n<meta property=\"og:url\" content=\"https:\/\/mueble4you.com\/de\/productos\/jarron-gatsby-amande-h74\/\" \/>\n<meta property=\"og:site_name\" content=\"mueble4you\" \/>\n<meta name=\"twitter:card\" content=\"summary_large_image\" \/>\n<script type=\"application\/ld+json\" class=\"yoast-schema-graph\">{\"@context\":\"https:\/\/schema.org\",\"@graph\":[{\"@type\":\"WebPage\",\"@id\":\"https:\/\/mueble4you.com\/de\/productos\/jarron-gatsby-amande-h74\/\",\"url\":\"https:\/\/mueble4you.com\/de\/productos\/jarron-gatsby-amande-h74\/\",\"name\":\"Jarron gatsby amande h74 | mueble4you\",\"isPartOf\":{\"@id\":\"https:\/\/mueble4you.com\/#website\"},\"primaryImageOfPage\":{\"@id\":\"https:\/\/mueble4you.com\/de\/productos\/jarron-gatsby-amande-h74\/#primaryimage\"},\"image\":{\"@id\":\"https:\/\/mueble4you.com\/de\/productos\/jarron-gatsby-amande-h74\/#primaryimage\"},\"thumbnailUrl\":\"https:\/\/mueble4you.com\/wp-content\/uploads\/2026\/01\/169704.jpg\",\"datePublished\":\"2026-01-13T12:40:07+00:00\",\"breadcrumb\":{\"@id\":\"https:\/\/mueble4you.com\/de\/productos\/jarron-gatsby-amande-h74\/#breadcrumb\"},\"inLanguage\":\"de\",\"potentialAction\":[{\"@type\":\"ReadAction\",\"target\":[\"https:\/\/mueble4you.com\/de\/productos\/jarron-gatsby-amande-h74\/\"]}]},{\"@type\":\"ImageObject\",\"inLanguage\":\"de\",\"@id\":\"https:\/\/mueble4you.com\/de\/productos\/jarron-gatsby-amande-h74\/#primaryimage\",\"url\":\"https:\/\/mueble4you.com\/wp-content\/uploads\/2026\/01\/169704.jpg\",\"contentUrl\":\"https:\/\/mueble4you.com\/wp-content\/uploads\/2026\/01\/169704.jpg\",\"width\":1999,\"height\":1999},{\"@type\":\"BreadcrumbList\",\"@id\":\"https:\/\/mueble4you.com\/de\/productos\/jarron-gatsby-amande-h74\/#breadcrumb\",\"itemListElement\":[{\"@type\":\"ListItem\",\"position\":1,\"name\":\"Portada\",\"item\":\"https:\/\/mueble4you.com\/de\/\"},{\"@type\":\"ListItem\",\"position\":2,\"name\":\"Productos\",\"item\":\"https:\/\/mueble4you.com\/productos\/\"},{\"@type\":\"ListItem\",\"position\":3,\"name\":\"Jarron gatsby amande h74\"}]},{\"@type\":\"WebSite\",\"@id\":\"https:\/\/mueble4you.com\/#website\",\"url\":\"https:\/\/mueble4you.com\/\",\"name\":\"mueble4you\",\"description\":\"M\u00f6bel in Teneriffa\",\"potentialAction\":[{\"@type\":\"SearchAction\",\"target\":{\"@type\":\"EntryPoint\",\"urlTemplate\":\"https:\/\/mueble4you.com\/?s={search_term_string}\"},\"query-input\":{\"@type\":\"PropertyValueSpecification\",\"valueRequired\":true,\"valueName\":\"search_term_string\"}}],\"inLanguage\":\"de\"}]}<\/script>\n<!-- \/ Yoast SEO plugin. -->","yoast_head_json":{"title":"Jarron gatsby amande h74 | mueble4you","robots":{"index":"index","follow":"follow","max-snippet":"max-snippet:-1","max-image-preview":"max-image-preview:large","max-video-preview":"max-video-preview:-1"},"canonical":"https:\/\/mueble4you.com\/de\/productos\/jarron-gatsby-amande-h74\/","og_locale":"de_DE","og_type":"article","og_title":"Jarron gatsby amande h74 | mueble4you","og_description":"Jarr\u00f3n decorativo de metal con acabado almendra, de 74 cm de altura, con un dise\u00f1o contempor\u00e1neo y elegante. Su silueta original, que combina formas geom\u00e9tricas redondeadas y c\u00f3nicas, aporta un toque moderno a cualquier gama de decoraci\u00f3n interior. Ligero pero robusto, se integra f\u00e1cilmente en un cat\u00e1logo dedicado a objetos decorativos modernos y realza los [...]","og_url":"https:\/\/mueble4you.com\/de\/productos\/jarron-gatsby-amande-h74\/","og_site_name":"mueble4you","twitter_card":"summary_large_image","schema":{"@context":"https:\/\/schema.org","@graph":[{"@type":"WebPage","@id":"https:\/\/mueble4you.com\/de\/productos\/jarron-gatsby-amande-h74\/","url":"https:\/\/mueble4you.com\/de\/productos\/jarron-gatsby-amande-h74\/","name":"Jarron gatsby amande h74 | mueble4you","isPartOf":{"@id":"https:\/\/mueble4you.com\/#website"},"primaryImageOfPage":{"@id":"https:\/\/mueble4you.com\/de\/productos\/jarron-gatsby-amande-h74\/#primaryimage"},"image":{"@id":"https:\/\/mueble4you.com\/de\/productos\/jarron-gatsby-amande-h74\/#primaryimage"},"thumbnailUrl":"https:\/\/mueble4you.com\/wp-content\/uploads\/2026\/01\/169704.jpg","datePublished":"2026-01-13T12:40:07+00:00","breadcrumb":{"@id":"https:\/\/mueble4you.com\/de\/productos\/jarron-gatsby-amande-h74\/#breadcrumb"},"inLanguage":"de","potentialAction":[{"@type":"ReadAction","target":["https:\/\/mueble4you.com\/de\/productos\/jarron-gatsby-amande-h74\/"]}]},{"@type":"ImageObject","inLanguage":"de","@id":"https:\/\/mueble4you.com\/de\/productos\/jarron-gatsby-amande-h74\/#primaryimage","url":"https:\/\/mueble4you.com\/wp-content\/uploads\/2026\/01\/169704.jpg","contentUrl":"https:\/\/mueble4you.com\/wp-content\/uploads\/2026\/01\/169704.jpg","width":1999,"height":1999},{"@type":"BreadcrumbList","@id":"https:\/\/mueble4you.com\/de\/productos\/jarron-gatsby-amande-h74\/#breadcrumb","itemListElement":[{"@type":"ListItem","position":1,"name":"Portada","item":"https:\/\/mueble4you.com\/de\/"},{"@type":"ListItem","position":2,"name":"Productos","item":"https:\/\/mueble4you.com\/productos\/"},{"@type":"ListItem","position":3,"name":"Jarron gatsby amande h74"}]},{"@type":"WebSite","@id":"https:\/\/mueble4you.com\/#website","url":"https:\/\/mueble4you.com\/","name":"mueble4you","description":"M\u00f6bel in Teneriffa","potentialAction":[{"@type":"SearchAction","target":{"@type":"EntryPoint","urlTemplate":"https:\/\/mueble4you.com\/?s={search_term_string}"},"query-input":{"@type":"PropertyValueSpecification","valueRequired":true,"valueName":"search_term_string"}}],"inLanguage":"de"}]}},"_links":{"self":[{"href":"https:\/\/mueble4you.com\/de\/wp-json\/wp\/v2\/product\/87353","targetHints":{"allow":["GET"]}}],"collection":[{"href":"https:\/\/mueble4you.com\/de\/wp-json\/wp\/v2\/product"}],"about":[{"href":"https:\/\/mueble4you.com\/de\/wp-json\/wp\/v2\/types\/product"}],"wp:featuredmedia":[{"embeddable":true,"href":"https:\/\/mueble4you.com\/de\/wp-json\/wp\/v2\/media\/87354"}],"wp:attachment":[{"href":"https:\/\/mueble4you.com\/de\/wp-json\/wp\/v2\/media?parent=87353"}],"wp:term":[{"taxonomy":"product_brand","embeddable":true,"href":"https:\/\/mueble4you.com\/de\/wp-json\/wp\/v2\/product_brand?post=87353"},{"taxonomy":"product_cat","embeddable":true,"href":"https:\/\/mueble4you.com\/de\/wp-json\/wp\/v2\/product_cat?post=87353"},{"taxonomy":"product_tag","embeddable":true,"href":"https:\/\/mueble4you.com\/de\/wp-json\/wp\/v2\/product_tag?post=87353"}],"curies":[{"name":"wp","href":"https:\/\/api.w.org\/{rel}","templated":true}]}}