{"id":87298,"date":"2026-01-12T15:49:16","date_gmt":"2026-01-12T15:49:16","guid":{"rendered":"https:\/\/mueble4you.com\/productos\/cojin-isaline-40x60cm\/"},"modified":"2026-01-12T15:49:16","modified_gmt":"2026-01-12T15:49:16","slug":"cojin-isaline-40x60cm","status":"publish","type":"product","link":"https:\/\/mueble4you.com\/de\/productos\/cojin-isaline-40x60cm\/","title":{"rendered":"Cojin isaline 40x60cm"},"content":{"rendered":"<ul>\n<li>Coj\u00edn rectangular de 40&#215;60 cm, con funda 100% algod\u00f3n, ideal para enriquecer una colecci\u00f3n de cojines florales coloridos. Su patr\u00f3n floral multicolor sobre fondo azul verdoso aporta un toque decorativo fuerte y moderno.<\/li>\n<li>Ligero (700g) y f\u00e1cil de integrar en colecciones de textiles para el hogar, atrae a una clientela que busca confort y est\u00e9tica.<\/li>\n<\/ul>\n","protected":false},"excerpt":{"rendered":"<p>Coj\u00edn rectangular de 40&#215;60 cm, con funda 100% algod\u00f3n, ideal para enriquecer una colecci\u00f3n de cojines florales coloridos. Su patr\u00f3n floral multicolor sobre fondo azul verdoso aporta un toque decorativo fuerte y moderno. Ligero (700g) y f\u00e1cil de integrar en colecciones de textiles para el hogar, atrae a una clientela que busca confort y est\u00e9tica.<\/p>\n","protected":false},"featured_media":87299,"template":"","meta":[],"product_brand":[],"product_cat":[333,261],"product_tag":[],"class_list":{"0":"post-87298","1":"product","2":"type-product","3":"status-publish","4":"has-post-thumbnail","6":"product_cat-kissen","7":"product_cat-dekoration","9":"first","10":"instock","11":"shipping-taxable","12":"product-type-simple"},"yoast_head":"<!-- This site is optimized with the Yoast SEO plugin v27.2 - https:\/\/yoast.com\/product\/yoast-seo-wordpress\/ -->\n<title>Cojin isaline 40x60cm | mueble4you<\/title>\n<meta name=\"robots\" content=\"index, follow, max-snippet:-1, max-image-preview:large, max-video-preview:-1\" \/>\n<link rel=\"canonical\" href=\"https:\/\/mueble4you.com\/de\/productos\/cojin-isaline-40x60cm\/\" \/>\n<meta property=\"og:locale\" content=\"de_DE\" \/>\n<meta property=\"og:type\" content=\"article\" \/>\n<meta property=\"og:title\" content=\"Cojin isaline 40x60cm | mueble4you\" \/>\n<meta property=\"og:description\" content=\"Coj\u00edn rectangular de 40&#215;60 cm, con funda 100% algod\u00f3n, ideal para enriquecer una colecci\u00f3n de cojines florales coloridos. Su patr\u00f3n floral multicolor sobre fondo azul verdoso aporta un toque decorativo fuerte y moderno. Ligero (700g) y f\u00e1cil de integrar en colecciones de textiles para el hogar, atrae a una clientela que busca confort y est\u00e9tica.\" \/>\n<meta property=\"og:url\" content=\"https:\/\/mueble4you.com\/de\/productos\/cojin-isaline-40x60cm\/\" \/>\n<meta property=\"og:site_name\" content=\"mueble4you\" \/>\n<meta name=\"twitter:card\" content=\"summary_large_image\" \/>\n<script type=\"application\/ld+json\" class=\"yoast-schema-graph\">{\"@context\":\"https:\/\/schema.org\",\"@graph\":[{\"@type\":\"WebPage\",\"@id\":\"https:\/\/mueble4you.com\/de\/productos\/cojin-isaline-40x60cm\/\",\"url\":\"https:\/\/mueble4you.com\/de\/productos\/cojin-isaline-40x60cm\/\",\"name\":\"Cojin isaline 40x60cm | mueble4you\",\"isPartOf\":{\"@id\":\"https:\/\/mueble4you.com\/#website\"},\"primaryImageOfPage\":{\"@id\":\"https:\/\/mueble4you.com\/de\/productos\/cojin-isaline-40x60cm\/#primaryimage\"},\"image\":{\"@id\":\"https:\/\/mueble4you.com\/de\/productos\/cojin-isaline-40x60cm\/#primaryimage\"},\"thumbnailUrl\":\"https:\/\/mueble4you.com\/wp-content\/uploads\/2026\/01\/169586.jpg\",\"datePublished\":\"2026-01-12T15:49:16+00:00\",\"breadcrumb\":{\"@id\":\"https:\/\/mueble4you.com\/de\/productos\/cojin-isaline-40x60cm\/#breadcrumb\"},\"inLanguage\":\"de\",\"potentialAction\":[{\"@type\":\"ReadAction\",\"target\":[\"https:\/\/mueble4you.com\/de\/productos\/cojin-isaline-40x60cm\/\"]}]},{\"@type\":\"ImageObject\",\"inLanguage\":\"de\",\"@id\":\"https:\/\/mueble4you.com\/de\/productos\/cojin-isaline-40x60cm\/#primaryimage\",\"url\":\"https:\/\/mueble4you.com\/wp-content\/uploads\/2026\/01\/169586.jpg\",\"contentUrl\":\"https:\/\/mueble4you.com\/wp-content\/uploads\/2026\/01\/169586.jpg\",\"width\":2000,\"height\":2000},{\"@type\":\"BreadcrumbList\",\"@id\":\"https:\/\/mueble4you.com\/de\/productos\/cojin-isaline-40x60cm\/#breadcrumb\",\"itemListElement\":[{\"@type\":\"ListItem\",\"position\":1,\"name\":\"Portada\",\"item\":\"https:\/\/mueble4you.com\/de\/\"},{\"@type\":\"ListItem\",\"position\":2,\"name\":\"Productos\",\"item\":\"https:\/\/mueble4you.com\/productos\/\"},{\"@type\":\"ListItem\",\"position\":3,\"name\":\"Cojin isaline 40x60cm\"}]},{\"@type\":\"WebSite\",\"@id\":\"https:\/\/mueble4you.com\/#website\",\"url\":\"https:\/\/mueble4you.com\/\",\"name\":\"mueble4you\",\"description\":\"M\u00f6bel in Teneriffa\",\"potentialAction\":[{\"@type\":\"SearchAction\",\"target\":{\"@type\":\"EntryPoint\",\"urlTemplate\":\"https:\/\/mueble4you.com\/?s={search_term_string}\"},\"query-input\":{\"@type\":\"PropertyValueSpecification\",\"valueRequired\":true,\"valueName\":\"search_term_string\"}}],\"inLanguage\":\"de\"}]}<\/script>\n<!-- \/ Yoast SEO plugin. -->","yoast_head_json":{"title":"Cojin isaline 40x60cm | mueble4you","robots":{"index":"index","follow":"follow","max-snippet":"max-snippet:-1","max-image-preview":"max-image-preview:large","max-video-preview":"max-video-preview:-1"},"canonical":"https:\/\/mueble4you.com\/de\/productos\/cojin-isaline-40x60cm\/","og_locale":"de_DE","og_type":"article","og_title":"Cojin isaline 40x60cm | mueble4you","og_description":"Coj\u00edn rectangular de 40&#215;60 cm, con funda 100% algod\u00f3n, ideal para enriquecer una colecci\u00f3n de cojines florales coloridos. Su patr\u00f3n floral multicolor sobre fondo azul verdoso aporta un toque decorativo fuerte y moderno. Ligero (700g) y f\u00e1cil de integrar en colecciones de textiles para el hogar, atrae a una clientela que busca confort y est\u00e9tica.","og_url":"https:\/\/mueble4you.com\/de\/productos\/cojin-isaline-40x60cm\/","og_site_name":"mueble4you","twitter_card":"summary_large_image","schema":{"@context":"https:\/\/schema.org","@graph":[{"@type":"WebPage","@id":"https:\/\/mueble4you.com\/de\/productos\/cojin-isaline-40x60cm\/","url":"https:\/\/mueble4you.com\/de\/productos\/cojin-isaline-40x60cm\/","name":"Cojin isaline 40x60cm | mueble4you","isPartOf":{"@id":"https:\/\/mueble4you.com\/#website"},"primaryImageOfPage":{"@id":"https:\/\/mueble4you.com\/de\/productos\/cojin-isaline-40x60cm\/#primaryimage"},"image":{"@id":"https:\/\/mueble4you.com\/de\/productos\/cojin-isaline-40x60cm\/#primaryimage"},"thumbnailUrl":"https:\/\/mueble4you.com\/wp-content\/uploads\/2026\/01\/169586.jpg","datePublished":"2026-01-12T15:49:16+00:00","breadcrumb":{"@id":"https:\/\/mueble4you.com\/de\/productos\/cojin-isaline-40x60cm\/#breadcrumb"},"inLanguage":"de","potentialAction":[{"@type":"ReadAction","target":["https:\/\/mueble4you.com\/de\/productos\/cojin-isaline-40x60cm\/"]}]},{"@type":"ImageObject","inLanguage":"de","@id":"https:\/\/mueble4you.com\/de\/productos\/cojin-isaline-40x60cm\/#primaryimage","url":"https:\/\/mueble4you.com\/wp-content\/uploads\/2026\/01\/169586.jpg","contentUrl":"https:\/\/mueble4you.com\/wp-content\/uploads\/2026\/01\/169586.jpg","width":2000,"height":2000},{"@type":"BreadcrumbList","@id":"https:\/\/mueble4you.com\/de\/productos\/cojin-isaline-40x60cm\/#breadcrumb","itemListElement":[{"@type":"ListItem","position":1,"name":"Portada","item":"https:\/\/mueble4you.com\/de\/"},{"@type":"ListItem","position":2,"name":"Productos","item":"https:\/\/mueble4you.com\/productos\/"},{"@type":"ListItem","position":3,"name":"Cojin isaline 40x60cm"}]},{"@type":"WebSite","@id":"https:\/\/mueble4you.com\/#website","url":"https:\/\/mueble4you.com\/","name":"mueble4you","description":"M\u00f6bel in Teneriffa","potentialAction":[{"@type":"SearchAction","target":{"@type":"EntryPoint","urlTemplate":"https:\/\/mueble4you.com\/?s={search_term_string}"},"query-input":{"@type":"PropertyValueSpecification","valueRequired":true,"valueName":"search_term_string"}}],"inLanguage":"de"}]}},"_links":{"self":[{"href":"https:\/\/mueble4you.com\/de\/wp-json\/wp\/v2\/product\/87298","targetHints":{"allow":["GET"]}}],"collection":[{"href":"https:\/\/mueble4you.com\/de\/wp-json\/wp\/v2\/product"}],"about":[{"href":"https:\/\/mueble4you.com\/de\/wp-json\/wp\/v2\/types\/product"}],"wp:featuredmedia":[{"embeddable":true,"href":"https:\/\/mueble4you.com\/de\/wp-json\/wp\/v2\/media\/87299"}],"wp:attachment":[{"href":"https:\/\/mueble4you.com\/de\/wp-json\/wp\/v2\/media?parent=87298"}],"wp:term":[{"taxonomy":"product_brand","embeddable":true,"href":"https:\/\/mueble4you.com\/de\/wp-json\/wp\/v2\/product_brand?post=87298"},{"taxonomy":"product_cat","embeddable":true,"href":"https:\/\/mueble4you.com\/de\/wp-json\/wp\/v2\/product_cat?post=87298"},{"taxonomy":"product_tag","embeddable":true,"href":"https:\/\/mueble4you.com\/de\/wp-json\/wp\/v2\/product_tag?post=87298"}],"curies":[{"name":"wp","href":"https:\/\/api.w.org\/{rel}","templated":true}]}}