{"id":87277,"date":"2026-01-12T15:38:22","date_gmt":"2026-01-12T15:38:22","guid":{"rendered":"https:\/\/mueble4you.com\/productos\/lamp-kelly-azul\/"},"modified":"2026-01-12T15:38:22","modified_gmt":"2026-01-12T15:38:22","slug":"lamp-kelly-azul","status":"publish","type":"product","link":"https:\/\/mueble4you.com\/de\/productos\/lamp-kelly-azul\/","title":{"rendered":"Lamp kelly azul"},"content":{"rendered":"<ul>\n<li>La l\u00e1mpara de mesa &#8222;Kelly&#8220; en metal lacado azul presenta un dise\u00f1o moderno y compacto (21x26x21 cm).<\/li>\n<li><span style=\"color: #555555;\">Su tama\u00f1o pr\u00e1ctico y su color profundo atraen a una clientela que busca un toque contempor\u00e1neo y elegante para dormitorios u oficinas. <\/span><\/li>\n<li><span style=\"color: #555555;\">Este producto robusto es f\u00e1cil de integrar en una gama de iluminaci\u00f3n decorativa, ideal para enriquecer un cat\u00e1logo con una pieza que sea tanto funcional como est\u00e9tica.<\/span><\/li>\n<\/ul>\n","protected":false},"excerpt":{"rendered":"<p>La l\u00e1mpara de mesa &#8222;Kelly&#8220; en metal lacado azul presenta un dise\u00f1o moderno y compacto (21x26x21 cm). Su tama\u00f1o pr\u00e1ctico y su color profundo atraen a una clientela que busca un toque contempor\u00e1neo y elegante para dormitorios u oficinas. Este producto robusto es f\u00e1cil de integrar en una gama de iluminaci\u00f3n decorativa, ideal para enriquecer [&#8230;]\n","protected":false},"featured_media":87278,"template":"","meta":[],"product_brand":[],"product_cat":[341,261],"product_tag":[],"class_list":{"0":"post-87277","1":"product","2":"type-product","3":"status-publish","4":"has-post-thumbnail","6":"product_cat-lampen","7":"product_cat-dekoration","9":"first","10":"instock","11":"shipping-taxable","12":"product-type-simple"},"yoast_head":"<!-- This site is optimized with the Yoast SEO plugin v27.2 - https:\/\/yoast.com\/product\/yoast-seo-wordpress\/ -->\n<title>Lamp kelly azul | mueble4you<\/title>\n<meta name=\"robots\" content=\"index, follow, max-snippet:-1, max-image-preview:large, max-video-preview:-1\" \/>\n<link rel=\"canonical\" href=\"https:\/\/mueble4you.com\/de\/productos\/lamp-kelly-azul\/\" \/>\n<meta property=\"og:locale\" content=\"de_DE\" \/>\n<meta property=\"og:type\" content=\"article\" \/>\n<meta property=\"og:title\" content=\"Lamp kelly azul | mueble4you\" \/>\n<meta property=\"og:description\" content=\"La l\u00e1mpara de mesa &#8222;Kelly&#8220; en metal lacado azul presenta un dise\u00f1o moderno y compacto (21x26x21 cm). Su tama\u00f1o pr\u00e1ctico y su color profundo atraen a una clientela que busca un toque contempor\u00e1neo y elegante para dormitorios u oficinas. Este producto robusto es f\u00e1cil de integrar en una gama de iluminaci\u00f3n decorativa, ideal para enriquecer [...]\" \/>\n<meta property=\"og:url\" content=\"https:\/\/mueble4you.com\/de\/productos\/lamp-kelly-azul\/\" \/>\n<meta property=\"og:site_name\" content=\"mueble4you\" \/>\n<meta name=\"twitter:card\" content=\"summary_large_image\" \/>\n<script type=\"application\/ld+json\" class=\"yoast-schema-graph\">{\"@context\":\"https:\/\/schema.org\",\"@graph\":[{\"@type\":\"WebPage\",\"@id\":\"https:\/\/mueble4you.com\/de\/productos\/lamp-kelly-azul\/\",\"url\":\"https:\/\/mueble4you.com\/de\/productos\/lamp-kelly-azul\/\",\"name\":\"Lamp kelly azul | mueble4you\",\"isPartOf\":{\"@id\":\"https:\/\/mueble4you.com\/#website\"},\"primaryImageOfPage\":{\"@id\":\"https:\/\/mueble4you.com\/de\/productos\/lamp-kelly-azul\/#primaryimage\"},\"image\":{\"@id\":\"https:\/\/mueble4you.com\/de\/productos\/lamp-kelly-azul\/#primaryimage\"},\"thumbnailUrl\":\"https:\/\/mueble4you.com\/wp-content\/uploads\/2026\/01\/169344.jpg\",\"datePublished\":\"2026-01-12T15:38:22+00:00\",\"breadcrumb\":{\"@id\":\"https:\/\/mueble4you.com\/de\/productos\/lamp-kelly-azul\/#breadcrumb\"},\"inLanguage\":\"de\",\"potentialAction\":[{\"@type\":\"ReadAction\",\"target\":[\"https:\/\/mueble4you.com\/de\/productos\/lamp-kelly-azul\/\"]}]},{\"@type\":\"ImageObject\",\"inLanguage\":\"de\",\"@id\":\"https:\/\/mueble4you.com\/de\/productos\/lamp-kelly-azul\/#primaryimage\",\"url\":\"https:\/\/mueble4you.com\/wp-content\/uploads\/2026\/01\/169344.jpg\",\"contentUrl\":\"https:\/\/mueble4you.com\/wp-content\/uploads\/2026\/01\/169344.jpg\",\"width\":2000,\"height\":2000},{\"@type\":\"BreadcrumbList\",\"@id\":\"https:\/\/mueble4you.com\/de\/productos\/lamp-kelly-azul\/#breadcrumb\",\"itemListElement\":[{\"@type\":\"ListItem\",\"position\":1,\"name\":\"Portada\",\"item\":\"https:\/\/mueble4you.com\/de\/\"},{\"@type\":\"ListItem\",\"position\":2,\"name\":\"Productos\",\"item\":\"https:\/\/mueble4you.com\/productos\/\"},{\"@type\":\"ListItem\",\"position\":3,\"name\":\"Lamp kelly azul\"}]},{\"@type\":\"WebSite\",\"@id\":\"https:\/\/mueble4you.com\/#website\",\"url\":\"https:\/\/mueble4you.com\/\",\"name\":\"mueble4you\",\"description\":\"M\u00f6bel in Teneriffa\",\"potentialAction\":[{\"@type\":\"SearchAction\",\"target\":{\"@type\":\"EntryPoint\",\"urlTemplate\":\"https:\/\/mueble4you.com\/?s={search_term_string}\"},\"query-input\":{\"@type\":\"PropertyValueSpecification\",\"valueRequired\":true,\"valueName\":\"search_term_string\"}}],\"inLanguage\":\"de\"}]}<\/script>\n<!-- \/ Yoast SEO plugin. -->","yoast_head_json":{"title":"Lamp kelly azul | mueble4you","robots":{"index":"index","follow":"follow","max-snippet":"max-snippet:-1","max-image-preview":"max-image-preview:large","max-video-preview":"max-video-preview:-1"},"canonical":"https:\/\/mueble4you.com\/de\/productos\/lamp-kelly-azul\/","og_locale":"de_DE","og_type":"article","og_title":"Lamp kelly azul | mueble4you","og_description":"La l\u00e1mpara de mesa &#8222;Kelly&#8220; en metal lacado azul presenta un dise\u00f1o moderno y compacto (21x26x21 cm). Su tama\u00f1o pr\u00e1ctico y su color profundo atraen a una clientela que busca un toque contempor\u00e1neo y elegante para dormitorios u oficinas. Este producto robusto es f\u00e1cil de integrar en una gama de iluminaci\u00f3n decorativa, ideal para enriquecer [...]","og_url":"https:\/\/mueble4you.com\/de\/productos\/lamp-kelly-azul\/","og_site_name":"mueble4you","twitter_card":"summary_large_image","schema":{"@context":"https:\/\/schema.org","@graph":[{"@type":"WebPage","@id":"https:\/\/mueble4you.com\/de\/productos\/lamp-kelly-azul\/","url":"https:\/\/mueble4you.com\/de\/productos\/lamp-kelly-azul\/","name":"Lamp kelly azul | mueble4you","isPartOf":{"@id":"https:\/\/mueble4you.com\/#website"},"primaryImageOfPage":{"@id":"https:\/\/mueble4you.com\/de\/productos\/lamp-kelly-azul\/#primaryimage"},"image":{"@id":"https:\/\/mueble4you.com\/de\/productos\/lamp-kelly-azul\/#primaryimage"},"thumbnailUrl":"https:\/\/mueble4you.com\/wp-content\/uploads\/2026\/01\/169344.jpg","datePublished":"2026-01-12T15:38:22+00:00","breadcrumb":{"@id":"https:\/\/mueble4you.com\/de\/productos\/lamp-kelly-azul\/#breadcrumb"},"inLanguage":"de","potentialAction":[{"@type":"ReadAction","target":["https:\/\/mueble4you.com\/de\/productos\/lamp-kelly-azul\/"]}]},{"@type":"ImageObject","inLanguage":"de","@id":"https:\/\/mueble4you.com\/de\/productos\/lamp-kelly-azul\/#primaryimage","url":"https:\/\/mueble4you.com\/wp-content\/uploads\/2026\/01\/169344.jpg","contentUrl":"https:\/\/mueble4you.com\/wp-content\/uploads\/2026\/01\/169344.jpg","width":2000,"height":2000},{"@type":"BreadcrumbList","@id":"https:\/\/mueble4you.com\/de\/productos\/lamp-kelly-azul\/#breadcrumb","itemListElement":[{"@type":"ListItem","position":1,"name":"Portada","item":"https:\/\/mueble4you.com\/de\/"},{"@type":"ListItem","position":2,"name":"Productos","item":"https:\/\/mueble4you.com\/productos\/"},{"@type":"ListItem","position":3,"name":"Lamp kelly azul"}]},{"@type":"WebSite","@id":"https:\/\/mueble4you.com\/#website","url":"https:\/\/mueble4you.com\/","name":"mueble4you","description":"M\u00f6bel in Teneriffa","potentialAction":[{"@type":"SearchAction","target":{"@type":"EntryPoint","urlTemplate":"https:\/\/mueble4you.com\/?s={search_term_string}"},"query-input":{"@type":"PropertyValueSpecification","valueRequired":true,"valueName":"search_term_string"}}],"inLanguage":"de"}]}},"_links":{"self":[{"href":"https:\/\/mueble4you.com\/de\/wp-json\/wp\/v2\/product\/87277","targetHints":{"allow":["GET"]}}],"collection":[{"href":"https:\/\/mueble4you.com\/de\/wp-json\/wp\/v2\/product"}],"about":[{"href":"https:\/\/mueble4you.com\/de\/wp-json\/wp\/v2\/types\/product"}],"wp:featuredmedia":[{"embeddable":true,"href":"https:\/\/mueble4you.com\/de\/wp-json\/wp\/v2\/media\/87278"}],"wp:attachment":[{"href":"https:\/\/mueble4you.com\/de\/wp-json\/wp\/v2\/media?parent=87277"}],"wp:term":[{"taxonomy":"product_brand","embeddable":true,"href":"https:\/\/mueble4you.com\/de\/wp-json\/wp\/v2\/product_brand?post=87277"},{"taxonomy":"product_cat","embeddable":true,"href":"https:\/\/mueble4you.com\/de\/wp-json\/wp\/v2\/product_cat?post=87277"},{"taxonomy":"product_tag","embeddable":true,"href":"https:\/\/mueble4you.com\/de\/wp-json\/wp\/v2\/product_tag?post=87277"}],"curies":[{"name":"wp","href":"https:\/\/api.w.org\/{rel}","templated":true}]}}