{"id":87267,"date":"2026-01-12T15:35:12","date_gmt":"2026-01-12T15:35:12","guid":{"rendered":"https:\/\/mueble4you.com\/productos\/tortuga-email-marron\/"},"modified":"2026-01-12T15:35:12","modified_gmt":"2026-01-12T15:35:12","slug":"tortuga-email-marron","status":"publish","type":"product","link":"https:\/\/mueble4you.com\/de\/productos\/tortuga-email-marron\/","title":{"rendered":"Tortuga email marr\u00f3n."},"content":{"rendered":"<ul>\n<li>Esta figurita decorativa de cer\u00e1mica esmaltada en marr\u00f3n representa una tortuga.<\/li>\n<li>Con dimensiones generosas (30 x 23 x 11 cm), es un objeto ornamental ideal para enriquecer una gama de art\u00edculos de tem\u00e1tica animal o decorativos.<\/li>\n<li>Su aspecto brillante y sus detalles cuidados realzan el producto en escaparates y cat\u00e1logos, atrayendo a una clientela que busca autenticidad y encanto natural.<\/li>\n<\/ul>\n","protected":false},"excerpt":{"rendered":"<p>Esta figurita decorativa de cer\u00e1mica esmaltada en marr\u00f3n representa una tortuga. Con dimensiones generosas (30 x 23 x 11 cm), es un objeto ornamental ideal para enriquecer una gama de art\u00edculos de tem\u00e1tica animal o decorativos. Su aspecto brillante y sus detalles cuidados realzan el producto en escaparates y cat\u00e1logos, atrayendo a una clientela que [&#8230;]\n","protected":false},"featured_media":87268,"template":"","meta":[],"product_brand":[],"product_cat":[261,370],"product_tag":[],"class_list":{"0":"post-87267","1":"product","2":"type-product","3":"status-publish","4":"has-post-thumbnail","6":"product_cat-dekoration","7":"product_cat-wohnaccessoires-de","9":"first","10":"instock","11":"shipping-taxable","12":"product-type-simple"},"yoast_head":"<!-- This site is optimized with the Yoast SEO plugin v27.2 - https:\/\/yoast.com\/product\/yoast-seo-wordpress\/ -->\n<title>Tortuga email marr\u00f3n. | mueble4you<\/title>\n<meta name=\"robots\" content=\"index, follow, max-snippet:-1, max-image-preview:large, max-video-preview:-1\" \/>\n<link rel=\"canonical\" href=\"https:\/\/mueble4you.com\/de\/productos\/tortuga-email-marron\/\" \/>\n<meta property=\"og:locale\" content=\"de_DE\" \/>\n<meta property=\"og:type\" content=\"article\" \/>\n<meta property=\"og:title\" content=\"Tortuga email marr\u00f3n. | mueble4you\" \/>\n<meta property=\"og:description\" content=\"Esta figurita decorativa de cer\u00e1mica esmaltada en marr\u00f3n representa una tortuga. Con dimensiones generosas (30 x 23 x 11 cm), es un objeto ornamental ideal para enriquecer una gama de art\u00edculos de tem\u00e1tica animal o decorativos. Su aspecto brillante y sus detalles cuidados realzan el producto en escaparates y cat\u00e1logos, atrayendo a una clientela que [...]\" \/>\n<meta property=\"og:url\" content=\"https:\/\/mueble4you.com\/de\/productos\/tortuga-email-marron\/\" \/>\n<meta property=\"og:site_name\" content=\"mueble4you\" \/>\n<meta name=\"twitter:card\" content=\"summary_large_image\" \/>\n<script type=\"application\/ld+json\" class=\"yoast-schema-graph\">{\"@context\":\"https:\/\/schema.org\",\"@graph\":[{\"@type\":\"WebPage\",\"@id\":\"https:\/\/mueble4you.com\/de\/productos\/tortuga-email-marron\/\",\"url\":\"https:\/\/mueble4you.com\/de\/productos\/tortuga-email-marron\/\",\"name\":\"Tortuga email marr\u00f3n. | mueble4you\",\"isPartOf\":{\"@id\":\"https:\/\/mueble4you.com\/#website\"},\"primaryImageOfPage\":{\"@id\":\"https:\/\/mueble4you.com\/de\/productos\/tortuga-email-marron\/#primaryimage\"},\"image\":{\"@id\":\"https:\/\/mueble4you.com\/de\/productos\/tortuga-email-marron\/#primaryimage\"},\"thumbnailUrl\":\"https:\/\/mueble4you.com\/wp-content\/uploads\/2026\/01\/168853_1.jpg\",\"datePublished\":\"2026-01-12T15:35:12+00:00\",\"breadcrumb\":{\"@id\":\"https:\/\/mueble4you.com\/de\/productos\/tortuga-email-marron\/#breadcrumb\"},\"inLanguage\":\"de\",\"potentialAction\":[{\"@type\":\"ReadAction\",\"target\":[\"https:\/\/mueble4you.com\/de\/productos\/tortuga-email-marron\/\"]}]},{\"@type\":\"ImageObject\",\"inLanguage\":\"de\",\"@id\":\"https:\/\/mueble4you.com\/de\/productos\/tortuga-email-marron\/#primaryimage\",\"url\":\"https:\/\/mueble4you.com\/wp-content\/uploads\/2026\/01\/168853_1.jpg\",\"contentUrl\":\"https:\/\/mueble4you.com\/wp-content\/uploads\/2026\/01\/168853_1.jpg\",\"width\":2000,\"height\":2000},{\"@type\":\"BreadcrumbList\",\"@id\":\"https:\/\/mueble4you.com\/de\/productos\/tortuga-email-marron\/#breadcrumb\",\"itemListElement\":[{\"@type\":\"ListItem\",\"position\":1,\"name\":\"Portada\",\"item\":\"https:\/\/mueble4you.com\/de\/\"},{\"@type\":\"ListItem\",\"position\":2,\"name\":\"Productos\",\"item\":\"https:\/\/mueble4you.com\/productos\/\"},{\"@type\":\"ListItem\",\"position\":3,\"name\":\"Tortuga email marr\u00f3n.\"}]},{\"@type\":\"WebSite\",\"@id\":\"https:\/\/mueble4you.com\/#website\",\"url\":\"https:\/\/mueble4you.com\/\",\"name\":\"mueble4you\",\"description\":\"M\u00f6bel in Teneriffa\",\"potentialAction\":[{\"@type\":\"SearchAction\",\"target\":{\"@type\":\"EntryPoint\",\"urlTemplate\":\"https:\/\/mueble4you.com\/?s={search_term_string}\"},\"query-input\":{\"@type\":\"PropertyValueSpecification\",\"valueRequired\":true,\"valueName\":\"search_term_string\"}}],\"inLanguage\":\"de\"}]}<\/script>\n<!-- \/ Yoast SEO plugin. -->","yoast_head_json":{"title":"Tortuga email marr\u00f3n. | mueble4you","robots":{"index":"index","follow":"follow","max-snippet":"max-snippet:-1","max-image-preview":"max-image-preview:large","max-video-preview":"max-video-preview:-1"},"canonical":"https:\/\/mueble4you.com\/de\/productos\/tortuga-email-marron\/","og_locale":"de_DE","og_type":"article","og_title":"Tortuga email marr\u00f3n. | mueble4you","og_description":"Esta figurita decorativa de cer\u00e1mica esmaltada en marr\u00f3n representa una tortuga. Con dimensiones generosas (30 x 23 x 11 cm), es un objeto ornamental ideal para enriquecer una gama de art\u00edculos de tem\u00e1tica animal o decorativos. Su aspecto brillante y sus detalles cuidados realzan el producto en escaparates y cat\u00e1logos, atrayendo a una clientela que [...]","og_url":"https:\/\/mueble4you.com\/de\/productos\/tortuga-email-marron\/","og_site_name":"mueble4you","twitter_card":"summary_large_image","schema":{"@context":"https:\/\/schema.org","@graph":[{"@type":"WebPage","@id":"https:\/\/mueble4you.com\/de\/productos\/tortuga-email-marron\/","url":"https:\/\/mueble4you.com\/de\/productos\/tortuga-email-marron\/","name":"Tortuga email marr\u00f3n. | mueble4you","isPartOf":{"@id":"https:\/\/mueble4you.com\/#website"},"primaryImageOfPage":{"@id":"https:\/\/mueble4you.com\/de\/productos\/tortuga-email-marron\/#primaryimage"},"image":{"@id":"https:\/\/mueble4you.com\/de\/productos\/tortuga-email-marron\/#primaryimage"},"thumbnailUrl":"https:\/\/mueble4you.com\/wp-content\/uploads\/2026\/01\/168853_1.jpg","datePublished":"2026-01-12T15:35:12+00:00","breadcrumb":{"@id":"https:\/\/mueble4you.com\/de\/productos\/tortuga-email-marron\/#breadcrumb"},"inLanguage":"de","potentialAction":[{"@type":"ReadAction","target":["https:\/\/mueble4you.com\/de\/productos\/tortuga-email-marron\/"]}]},{"@type":"ImageObject","inLanguage":"de","@id":"https:\/\/mueble4you.com\/de\/productos\/tortuga-email-marron\/#primaryimage","url":"https:\/\/mueble4you.com\/wp-content\/uploads\/2026\/01\/168853_1.jpg","contentUrl":"https:\/\/mueble4you.com\/wp-content\/uploads\/2026\/01\/168853_1.jpg","width":2000,"height":2000},{"@type":"BreadcrumbList","@id":"https:\/\/mueble4you.com\/de\/productos\/tortuga-email-marron\/#breadcrumb","itemListElement":[{"@type":"ListItem","position":1,"name":"Portada","item":"https:\/\/mueble4you.com\/de\/"},{"@type":"ListItem","position":2,"name":"Productos","item":"https:\/\/mueble4you.com\/productos\/"},{"@type":"ListItem","position":3,"name":"Tortuga email marr\u00f3n."}]},{"@type":"WebSite","@id":"https:\/\/mueble4you.com\/#website","url":"https:\/\/mueble4you.com\/","name":"mueble4you","description":"M\u00f6bel in Teneriffa","potentialAction":[{"@type":"SearchAction","target":{"@type":"EntryPoint","urlTemplate":"https:\/\/mueble4you.com\/?s={search_term_string}"},"query-input":{"@type":"PropertyValueSpecification","valueRequired":true,"valueName":"search_term_string"}}],"inLanguage":"de"}]}},"_links":{"self":[{"href":"https:\/\/mueble4you.com\/de\/wp-json\/wp\/v2\/product\/87267","targetHints":{"allow":["GET"]}}],"collection":[{"href":"https:\/\/mueble4you.com\/de\/wp-json\/wp\/v2\/product"}],"about":[{"href":"https:\/\/mueble4you.com\/de\/wp-json\/wp\/v2\/types\/product"}],"wp:featuredmedia":[{"embeddable":true,"href":"https:\/\/mueble4you.com\/de\/wp-json\/wp\/v2\/media\/87268"}],"wp:attachment":[{"href":"https:\/\/mueble4you.com\/de\/wp-json\/wp\/v2\/media?parent=87267"}],"wp:term":[{"taxonomy":"product_brand","embeddable":true,"href":"https:\/\/mueble4you.com\/de\/wp-json\/wp\/v2\/product_brand?post=87267"},{"taxonomy":"product_cat","embeddable":true,"href":"https:\/\/mueble4you.com\/de\/wp-json\/wp\/v2\/product_cat?post=87267"},{"taxonomy":"product_tag","embeddable":true,"href":"https:\/\/mueble4you.com\/de\/wp-json\/wp\/v2\/product_tag?post=87267"}],"curies":[{"name":"wp","href":"https:\/\/api.w.org\/{rel}","templated":true}]}}