{"id":87165,"date":"2026-01-12T12:30:23","date_gmt":"2026-01-12T12:30:23","guid":{"rendered":"https:\/\/mueble4you.com\/productos\/set-de-mesa-bamboo-tiedie\/"},"modified":"2026-01-12T12:30:23","modified_gmt":"2026-01-12T12:30:23","slug":"set-de-mesa-bamboo-tiedie","status":"publish","type":"product","link":"https:\/\/mueble4you.com\/de\/productos\/set-de-mesa-bamboo-tiedie\/","title":{"rendered":"Set de mesa bamboo tie&#038;die"},"content":{"rendered":"<p>Mantel individual de bamb\u00fa natural te\u00f1ido con la t\u00e9cnica tie &amp; dye, que combina autenticidad y originalidad. Dimensiones pr\u00e1cticas (33 x 48 cm) para una protecci\u00f3n efectiva de las superficies. Ligero y resistente, este producto se integra f\u00e1cilmente en una gama de manteler\u00eda ecol\u00f3gica, atrayendo a una clientela preocupada por la est\u00e9tica y la sostenibilidad.<\/p>\n","protected":false},"excerpt":{"rendered":"<p>Mantel individual de bamb\u00fa natural te\u00f1ido con la t\u00e9cnica tie &amp; dye, que combina autenticidad y originalidad. Dimensiones pr\u00e1cticas (33 x 48 cm) para una protecci\u00f3n efectiva de las superficies. Ligero y resistente, este producto se integra f\u00e1cilmente en una gama de manteler\u00eda ecol\u00f3gica, atrayendo a una clientela preocupada por la est\u00e9tica y la sostenibilidad.<\/p>\n","protected":false},"featured_media":87166,"template":"","meta":[],"product_brand":[],"product_cat":[370,261],"product_tag":[],"class_list":{"0":"post-87165","1":"product","2":"type-product","3":"status-publish","4":"has-post-thumbnail","6":"product_cat-wohnaccessoires-de","7":"product_cat-dekoration","9":"first","10":"instock","11":"shipping-taxable","12":"product-type-simple"},"yoast_head":"<!-- This site is optimized with the Yoast SEO plugin v27.2 - https:\/\/yoast.com\/product\/yoast-seo-wordpress\/ -->\n<title>Set de mesa bamboo tie&amp;die | mueble4you<\/title>\n<meta name=\"robots\" content=\"index, follow, max-snippet:-1, max-image-preview:large, max-video-preview:-1\" \/>\n<link rel=\"canonical\" href=\"https:\/\/mueble4you.com\/de\/productos\/set-de-mesa-bamboo-tiedie\/\" \/>\n<meta property=\"og:locale\" content=\"de_DE\" \/>\n<meta property=\"og:type\" content=\"article\" \/>\n<meta property=\"og:title\" content=\"Set de mesa bamboo tie&amp;die | mueble4you\" \/>\n<meta property=\"og:description\" content=\"Mantel individual de bamb\u00fa natural te\u00f1ido con la t\u00e9cnica tie &amp; dye, que combina autenticidad y originalidad. Dimensiones pr\u00e1cticas (33 x 48 cm) para una protecci\u00f3n efectiva de las superficies. Ligero y resistente, este producto se integra f\u00e1cilmente en una gama de manteler\u00eda ecol\u00f3gica, atrayendo a una clientela preocupada por la est\u00e9tica y la sostenibilidad.\" \/>\n<meta property=\"og:url\" content=\"https:\/\/mueble4you.com\/de\/productos\/set-de-mesa-bamboo-tiedie\/\" \/>\n<meta property=\"og:site_name\" content=\"mueble4you\" \/>\n<meta name=\"twitter:card\" content=\"summary_large_image\" \/>\n<script type=\"application\/ld+json\" class=\"yoast-schema-graph\">{\"@context\":\"https:\/\/schema.org\",\"@graph\":[{\"@type\":\"WebPage\",\"@id\":\"https:\/\/mueble4you.com\/de\/productos\/set-de-mesa-bamboo-tiedie\/\",\"url\":\"https:\/\/mueble4you.com\/de\/productos\/set-de-mesa-bamboo-tiedie\/\",\"name\":\"Set de mesa bamboo tie&die | mueble4you\",\"isPartOf\":{\"@id\":\"https:\/\/mueble4you.com\/#website\"},\"primaryImageOfPage\":{\"@id\":\"https:\/\/mueble4you.com\/de\/productos\/set-de-mesa-bamboo-tiedie\/#primaryimage\"},\"image\":{\"@id\":\"https:\/\/mueble4you.com\/de\/productos\/set-de-mesa-bamboo-tiedie\/#primaryimage\"},\"thumbnailUrl\":\"https:\/\/mueble4you.com\/wp-content\/uploads\/2026\/01\/168442.jpg\",\"datePublished\":\"2026-01-12T12:30:23+00:00\",\"breadcrumb\":{\"@id\":\"https:\/\/mueble4you.com\/de\/productos\/set-de-mesa-bamboo-tiedie\/#breadcrumb\"},\"inLanguage\":\"de\",\"potentialAction\":[{\"@type\":\"ReadAction\",\"target\":[\"https:\/\/mueble4you.com\/de\/productos\/set-de-mesa-bamboo-tiedie\/\"]}]},{\"@type\":\"ImageObject\",\"inLanguage\":\"de\",\"@id\":\"https:\/\/mueble4you.com\/de\/productos\/set-de-mesa-bamboo-tiedie\/#primaryimage\",\"url\":\"https:\/\/mueble4you.com\/wp-content\/uploads\/2026\/01\/168442.jpg\",\"contentUrl\":\"https:\/\/mueble4you.com\/wp-content\/uploads\/2026\/01\/168442.jpg\",\"width\":2000,\"height\":2000},{\"@type\":\"BreadcrumbList\",\"@id\":\"https:\/\/mueble4you.com\/de\/productos\/set-de-mesa-bamboo-tiedie\/#breadcrumb\",\"itemListElement\":[{\"@type\":\"ListItem\",\"position\":1,\"name\":\"Portada\",\"item\":\"https:\/\/mueble4you.com\/de\/\"},{\"@type\":\"ListItem\",\"position\":2,\"name\":\"Productos\",\"item\":\"https:\/\/mueble4you.com\/productos\/\"},{\"@type\":\"ListItem\",\"position\":3,\"name\":\"Set de mesa bamboo tie&#038;die\"}]},{\"@type\":\"WebSite\",\"@id\":\"https:\/\/mueble4you.com\/#website\",\"url\":\"https:\/\/mueble4you.com\/\",\"name\":\"mueble4you\",\"description\":\"M\u00f6bel in Teneriffa\",\"potentialAction\":[{\"@type\":\"SearchAction\",\"target\":{\"@type\":\"EntryPoint\",\"urlTemplate\":\"https:\/\/mueble4you.com\/?s={search_term_string}\"},\"query-input\":{\"@type\":\"PropertyValueSpecification\",\"valueRequired\":true,\"valueName\":\"search_term_string\"}}],\"inLanguage\":\"de\"}]}<\/script>\n<!-- \/ Yoast SEO plugin. -->","yoast_head_json":{"title":"Set de mesa bamboo tie&die | mueble4you","robots":{"index":"index","follow":"follow","max-snippet":"max-snippet:-1","max-image-preview":"max-image-preview:large","max-video-preview":"max-video-preview:-1"},"canonical":"https:\/\/mueble4you.com\/de\/productos\/set-de-mesa-bamboo-tiedie\/","og_locale":"de_DE","og_type":"article","og_title":"Set de mesa bamboo tie&die | mueble4you","og_description":"Mantel individual de bamb\u00fa natural te\u00f1ido con la t\u00e9cnica tie &amp; dye, que combina autenticidad y originalidad. Dimensiones pr\u00e1cticas (33 x 48 cm) para una protecci\u00f3n efectiva de las superficies. Ligero y resistente, este producto se integra f\u00e1cilmente en una gama de manteler\u00eda ecol\u00f3gica, atrayendo a una clientela preocupada por la est\u00e9tica y la sostenibilidad.","og_url":"https:\/\/mueble4you.com\/de\/productos\/set-de-mesa-bamboo-tiedie\/","og_site_name":"mueble4you","twitter_card":"summary_large_image","schema":{"@context":"https:\/\/schema.org","@graph":[{"@type":"WebPage","@id":"https:\/\/mueble4you.com\/de\/productos\/set-de-mesa-bamboo-tiedie\/","url":"https:\/\/mueble4you.com\/de\/productos\/set-de-mesa-bamboo-tiedie\/","name":"Set de mesa bamboo tie&die | mueble4you","isPartOf":{"@id":"https:\/\/mueble4you.com\/#website"},"primaryImageOfPage":{"@id":"https:\/\/mueble4you.com\/de\/productos\/set-de-mesa-bamboo-tiedie\/#primaryimage"},"image":{"@id":"https:\/\/mueble4you.com\/de\/productos\/set-de-mesa-bamboo-tiedie\/#primaryimage"},"thumbnailUrl":"https:\/\/mueble4you.com\/wp-content\/uploads\/2026\/01\/168442.jpg","datePublished":"2026-01-12T12:30:23+00:00","breadcrumb":{"@id":"https:\/\/mueble4you.com\/de\/productos\/set-de-mesa-bamboo-tiedie\/#breadcrumb"},"inLanguage":"de","potentialAction":[{"@type":"ReadAction","target":["https:\/\/mueble4you.com\/de\/productos\/set-de-mesa-bamboo-tiedie\/"]}]},{"@type":"ImageObject","inLanguage":"de","@id":"https:\/\/mueble4you.com\/de\/productos\/set-de-mesa-bamboo-tiedie\/#primaryimage","url":"https:\/\/mueble4you.com\/wp-content\/uploads\/2026\/01\/168442.jpg","contentUrl":"https:\/\/mueble4you.com\/wp-content\/uploads\/2026\/01\/168442.jpg","width":2000,"height":2000},{"@type":"BreadcrumbList","@id":"https:\/\/mueble4you.com\/de\/productos\/set-de-mesa-bamboo-tiedie\/#breadcrumb","itemListElement":[{"@type":"ListItem","position":1,"name":"Portada","item":"https:\/\/mueble4you.com\/de\/"},{"@type":"ListItem","position":2,"name":"Productos","item":"https:\/\/mueble4you.com\/productos\/"},{"@type":"ListItem","position":3,"name":"Set de mesa bamboo tie&#038;die"}]},{"@type":"WebSite","@id":"https:\/\/mueble4you.com\/#website","url":"https:\/\/mueble4you.com\/","name":"mueble4you","description":"M\u00f6bel in Teneriffa","potentialAction":[{"@type":"SearchAction","target":{"@type":"EntryPoint","urlTemplate":"https:\/\/mueble4you.com\/?s={search_term_string}"},"query-input":{"@type":"PropertyValueSpecification","valueRequired":true,"valueName":"search_term_string"}}],"inLanguage":"de"}]}},"_links":{"self":[{"href":"https:\/\/mueble4you.com\/de\/wp-json\/wp\/v2\/product\/87165","targetHints":{"allow":["GET"]}}],"collection":[{"href":"https:\/\/mueble4you.com\/de\/wp-json\/wp\/v2\/product"}],"about":[{"href":"https:\/\/mueble4you.com\/de\/wp-json\/wp\/v2\/types\/product"}],"wp:featuredmedia":[{"embeddable":true,"href":"https:\/\/mueble4you.com\/de\/wp-json\/wp\/v2\/media\/87166"}],"wp:attachment":[{"href":"https:\/\/mueble4you.com\/de\/wp-json\/wp\/v2\/media?parent=87165"}],"wp:term":[{"taxonomy":"product_brand","embeddable":true,"href":"https:\/\/mueble4you.com\/de\/wp-json\/wp\/v2\/product_brand?post=87165"},{"taxonomy":"product_cat","embeddable":true,"href":"https:\/\/mueble4you.com\/de\/wp-json\/wp\/v2\/product_cat?post=87165"},{"taxonomy":"product_tag","embeddable":true,"href":"https:\/\/mueble4you.com\/de\/wp-json\/wp\/v2\/product_tag?post=87165"}],"curies":[{"name":"wp","href":"https:\/\/api.w.org\/{rel}","templated":true}]}}