{"id":87155,"date":"2026-01-12T11:36:35","date_gmt":"2026-01-12T11:36:35","guid":{"rendered":"https:\/\/mueble4you.com\/productos\/sillon-bess-rojo\/"},"modified":"2026-01-12T11:36:35","modified_gmt":"2026-01-12T11:36:35","slug":"sillon-bess-rojo","status":"publish","type":"product","link":"https:\/\/mueble4you.com\/de\/productos\/sillon-bess-rojo\/","title":{"rendered":"Sillon bess rojo"},"content":{"rendered":"<ul>\n<li>La silla Bess en tejido rojo profundo con estructura de madera ofrece un dise\u00f1o contempor\u00e1neo y un confort \u00f3ptimo.<\/li>\n<li>Sus dimensiones compactas (85x74x73 cm) facilitan su integraci\u00f3n en diversos espacios.<\/li>\n<li>Producto robusto y est\u00e9tico, ideal para enriquecer una gama de asientos modernos destinados a una clientela que busca confort y un estilo acogedor.<\/li>\n<\/ul>\n","protected":false},"excerpt":{"rendered":"<p>La silla Bess en tejido rojo profundo con estructura de madera ofrece un dise\u00f1o contempor\u00e1neo y un confort \u00f3ptimo. Sus dimensiones compactas (85x74x73 cm) facilitan su integraci\u00f3n en diversos espacios. Producto robusto y est\u00e9tico, ideal para enriquecer una gama de asientos modernos destinados a una clientela que busca confort y un estilo acogedor.<\/p>\n","protected":false},"featured_media":87156,"template":"","meta":[],"product_brand":[],"product_cat":[365,272],"product_tag":[],"class_list":{"0":"post-87155","1":"product","2":"type-product","3":"status-publish","4":"has-post-thumbnail","6":"product_cat-sessel","7":"product_cat-wohnzimmer","9":"first","10":"instock","11":"shipping-taxable","12":"product-type-simple"},"yoast_head":"<!-- This site is optimized with the Yoast SEO plugin v27.2 - https:\/\/yoast.com\/product\/yoast-seo-wordpress\/ -->\n<title>Sillon bess rojo | mueble4you<\/title>\n<meta name=\"robots\" content=\"index, follow, max-snippet:-1, max-image-preview:large, max-video-preview:-1\" \/>\n<link rel=\"canonical\" href=\"https:\/\/mueble4you.com\/de\/productos\/sillon-bess-rojo\/\" \/>\n<meta property=\"og:locale\" content=\"de_DE\" \/>\n<meta property=\"og:type\" content=\"article\" \/>\n<meta property=\"og:title\" content=\"Sillon bess rojo | mueble4you\" \/>\n<meta property=\"og:description\" content=\"La silla Bess en tejido rojo profundo con estructura de madera ofrece un dise\u00f1o contempor\u00e1neo y un confort \u00f3ptimo. Sus dimensiones compactas (85x74x73 cm) facilitan su integraci\u00f3n en diversos espacios. Producto robusto y est\u00e9tico, ideal para enriquecer una gama de asientos modernos destinados a una clientela que busca confort y un estilo acogedor.\" \/>\n<meta property=\"og:url\" content=\"https:\/\/mueble4you.com\/de\/productos\/sillon-bess-rojo\/\" \/>\n<meta property=\"og:site_name\" content=\"mueble4you\" \/>\n<meta name=\"twitter:card\" content=\"summary_large_image\" \/>\n<script type=\"application\/ld+json\" class=\"yoast-schema-graph\">{\"@context\":\"https:\/\/schema.org\",\"@graph\":[{\"@type\":\"WebPage\",\"@id\":\"https:\/\/mueble4you.com\/de\/productos\/sillon-bess-rojo\/\",\"url\":\"https:\/\/mueble4you.com\/de\/productos\/sillon-bess-rojo\/\",\"name\":\"Sillon bess rojo | mueble4you\",\"isPartOf\":{\"@id\":\"https:\/\/mueble4you.com\/#website\"},\"primaryImageOfPage\":{\"@id\":\"https:\/\/mueble4you.com\/de\/productos\/sillon-bess-rojo\/#primaryimage\"},\"image\":{\"@id\":\"https:\/\/mueble4you.com\/de\/productos\/sillon-bess-rojo\/#primaryimage\"},\"thumbnailUrl\":\"https:\/\/mueble4you.com\/wp-content\/uploads\/2026\/01\/167757.jpg\",\"datePublished\":\"2026-01-12T11:36:35+00:00\",\"breadcrumb\":{\"@id\":\"https:\/\/mueble4you.com\/de\/productos\/sillon-bess-rojo\/#breadcrumb\"},\"inLanguage\":\"de\",\"potentialAction\":[{\"@type\":\"ReadAction\",\"target\":[\"https:\/\/mueble4you.com\/de\/productos\/sillon-bess-rojo\/\"]}]},{\"@type\":\"ImageObject\",\"inLanguage\":\"de\",\"@id\":\"https:\/\/mueble4you.com\/de\/productos\/sillon-bess-rojo\/#primaryimage\",\"url\":\"https:\/\/mueble4you.com\/wp-content\/uploads\/2026\/01\/167757.jpg\",\"contentUrl\":\"https:\/\/mueble4you.com\/wp-content\/uploads\/2026\/01\/167757.jpg\",\"width\":2000,\"height\":2000},{\"@type\":\"BreadcrumbList\",\"@id\":\"https:\/\/mueble4you.com\/de\/productos\/sillon-bess-rojo\/#breadcrumb\",\"itemListElement\":[{\"@type\":\"ListItem\",\"position\":1,\"name\":\"Portada\",\"item\":\"https:\/\/mueble4you.com\/de\/\"},{\"@type\":\"ListItem\",\"position\":2,\"name\":\"Productos\",\"item\":\"https:\/\/mueble4you.com\/productos\/\"},{\"@type\":\"ListItem\",\"position\":3,\"name\":\"Sillon bess rojo\"}]},{\"@type\":\"WebSite\",\"@id\":\"https:\/\/mueble4you.com\/#website\",\"url\":\"https:\/\/mueble4you.com\/\",\"name\":\"mueble4you\",\"description\":\"M\u00f6bel in Teneriffa\",\"potentialAction\":[{\"@type\":\"SearchAction\",\"target\":{\"@type\":\"EntryPoint\",\"urlTemplate\":\"https:\/\/mueble4you.com\/?s={search_term_string}\"},\"query-input\":{\"@type\":\"PropertyValueSpecification\",\"valueRequired\":true,\"valueName\":\"search_term_string\"}}],\"inLanguage\":\"de\"}]}<\/script>\n<!-- \/ Yoast SEO plugin. -->","yoast_head_json":{"title":"Sillon bess rojo | mueble4you","robots":{"index":"index","follow":"follow","max-snippet":"max-snippet:-1","max-image-preview":"max-image-preview:large","max-video-preview":"max-video-preview:-1"},"canonical":"https:\/\/mueble4you.com\/de\/productos\/sillon-bess-rojo\/","og_locale":"de_DE","og_type":"article","og_title":"Sillon bess rojo | mueble4you","og_description":"La silla Bess en tejido rojo profundo con estructura de madera ofrece un dise\u00f1o contempor\u00e1neo y un confort \u00f3ptimo. Sus dimensiones compactas (85x74x73 cm) facilitan su integraci\u00f3n en diversos espacios. Producto robusto y est\u00e9tico, ideal para enriquecer una gama de asientos modernos destinados a una clientela que busca confort y un estilo acogedor.","og_url":"https:\/\/mueble4you.com\/de\/productos\/sillon-bess-rojo\/","og_site_name":"mueble4you","twitter_card":"summary_large_image","schema":{"@context":"https:\/\/schema.org","@graph":[{"@type":"WebPage","@id":"https:\/\/mueble4you.com\/de\/productos\/sillon-bess-rojo\/","url":"https:\/\/mueble4you.com\/de\/productos\/sillon-bess-rojo\/","name":"Sillon bess rojo | mueble4you","isPartOf":{"@id":"https:\/\/mueble4you.com\/#website"},"primaryImageOfPage":{"@id":"https:\/\/mueble4you.com\/de\/productos\/sillon-bess-rojo\/#primaryimage"},"image":{"@id":"https:\/\/mueble4you.com\/de\/productos\/sillon-bess-rojo\/#primaryimage"},"thumbnailUrl":"https:\/\/mueble4you.com\/wp-content\/uploads\/2026\/01\/167757.jpg","datePublished":"2026-01-12T11:36:35+00:00","breadcrumb":{"@id":"https:\/\/mueble4you.com\/de\/productos\/sillon-bess-rojo\/#breadcrumb"},"inLanguage":"de","potentialAction":[{"@type":"ReadAction","target":["https:\/\/mueble4you.com\/de\/productos\/sillon-bess-rojo\/"]}]},{"@type":"ImageObject","inLanguage":"de","@id":"https:\/\/mueble4you.com\/de\/productos\/sillon-bess-rojo\/#primaryimage","url":"https:\/\/mueble4you.com\/wp-content\/uploads\/2026\/01\/167757.jpg","contentUrl":"https:\/\/mueble4you.com\/wp-content\/uploads\/2026\/01\/167757.jpg","width":2000,"height":2000},{"@type":"BreadcrumbList","@id":"https:\/\/mueble4you.com\/de\/productos\/sillon-bess-rojo\/#breadcrumb","itemListElement":[{"@type":"ListItem","position":1,"name":"Portada","item":"https:\/\/mueble4you.com\/de\/"},{"@type":"ListItem","position":2,"name":"Productos","item":"https:\/\/mueble4you.com\/productos\/"},{"@type":"ListItem","position":3,"name":"Sillon bess rojo"}]},{"@type":"WebSite","@id":"https:\/\/mueble4you.com\/#website","url":"https:\/\/mueble4you.com\/","name":"mueble4you","description":"M\u00f6bel in Teneriffa","potentialAction":[{"@type":"SearchAction","target":{"@type":"EntryPoint","urlTemplate":"https:\/\/mueble4you.com\/?s={search_term_string}"},"query-input":{"@type":"PropertyValueSpecification","valueRequired":true,"valueName":"search_term_string"}}],"inLanguage":"de"}]}},"_links":{"self":[{"href":"https:\/\/mueble4you.com\/de\/wp-json\/wp\/v2\/product\/87155","targetHints":{"allow":["GET"]}}],"collection":[{"href":"https:\/\/mueble4you.com\/de\/wp-json\/wp\/v2\/product"}],"about":[{"href":"https:\/\/mueble4you.com\/de\/wp-json\/wp\/v2\/types\/product"}],"wp:featuredmedia":[{"embeddable":true,"href":"https:\/\/mueble4you.com\/de\/wp-json\/wp\/v2\/media\/87156"}],"wp:attachment":[{"href":"https:\/\/mueble4you.com\/de\/wp-json\/wp\/v2\/media?parent=87155"}],"wp:term":[{"taxonomy":"product_brand","embeddable":true,"href":"https:\/\/mueble4you.com\/de\/wp-json\/wp\/v2\/product_brand?post=87155"},{"taxonomy":"product_cat","embeddable":true,"href":"https:\/\/mueble4you.com\/de\/wp-json\/wp\/v2\/product_cat?post=87155"},{"taxonomy":"product_tag","embeddable":true,"href":"https:\/\/mueble4you.com\/de\/wp-json\/wp\/v2\/product_tag?post=87155"}],"curies":[{"name":"wp","href":"https:\/\/api.w.org\/{rel}","templated":true}]}}