{"id":87067,"date":"2026-01-09T13:26:43","date_gmt":"2026-01-09T13:26:43","guid":{"rendered":"https:\/\/mueble4you.com\/productos\/sillon-magnum-azul\/"},"modified":"2026-01-09T13:26:43","modified_gmt":"2026-01-09T13:26:43","slug":"sillon-magnum-azul","status":"publish","type":"product","link":"https:\/\/mueble4you.com\/de\/productos\/sillon-magnum-azul\/","title":{"rendered":"Sill\u00f3n magnum azul"},"content":{"rendered":"<ul>\n<li>La silla &#8222;Magnum&#8220; presenta un dise\u00f1o contempor\u00e1neo, tapizada en un tejido de poli\u00e9ster azul profundo, con espuma de alta densidad para un confort \u00f3ptimo.<\/li>\n<li>Su base de metal cromado asegura estabilidad y elegancia.<\/li>\n<li>Con dimensiones generosas (78x90x100 cm), es adecuada para diversos espacios de vida.<\/li>\n<li>Este producto es ideal para enriquecer una gama de asientos modernos, combinando estilo, confort y durabilidad.<\/li>\n<\/ul>\n","protected":false},"excerpt":{"rendered":"<p>La silla &#8222;Magnum&#8220; presenta un dise\u00f1o contempor\u00e1neo, tapizada en un tejido de poli\u00e9ster azul profundo, con espuma de alta densidad para un confort \u00f3ptimo. Su base de metal cromado asegura estabilidad y elegancia. Con dimensiones generosas (78x90x100 cm), es adecuada para diversos espacios de vida. Este producto es ideal para enriquecer una gama de asientos [&#8230;]\n","protected":false},"featured_media":87068,"template":"","meta":[],"product_brand":[],"product_cat":[365,272],"product_tag":[],"class_list":{"0":"post-87067","1":"product","2":"type-product","3":"status-publish","4":"has-post-thumbnail","6":"product_cat-sessel","7":"product_cat-wohnzimmer","9":"first","10":"instock","11":"shipping-taxable","12":"product-type-simple"},"yoast_head":"<!-- This site is optimized with the Yoast SEO plugin v27.2 - https:\/\/yoast.com\/product\/yoast-seo-wordpress\/ -->\n<title>Sill\u00f3n magnum azul | mueble4you<\/title>\n<meta name=\"robots\" content=\"index, follow, max-snippet:-1, max-image-preview:large, max-video-preview:-1\" \/>\n<link rel=\"canonical\" href=\"https:\/\/mueble4you.com\/de\/productos\/sillon-magnum-azul\/\" \/>\n<meta property=\"og:locale\" content=\"de_DE\" \/>\n<meta property=\"og:type\" content=\"article\" \/>\n<meta property=\"og:title\" content=\"Sill\u00f3n magnum azul | mueble4you\" \/>\n<meta property=\"og:description\" content=\"La silla &#8222;Magnum&#8220; presenta un dise\u00f1o contempor\u00e1neo, tapizada en un tejido de poli\u00e9ster azul profundo, con espuma de alta densidad para un confort \u00f3ptimo. Su base de metal cromado asegura estabilidad y elegancia. Con dimensiones generosas (78x90x100 cm), es adecuada para diversos espacios de vida. Este producto es ideal para enriquecer una gama de asientos [...]\" \/>\n<meta property=\"og:url\" content=\"https:\/\/mueble4you.com\/de\/productos\/sillon-magnum-azul\/\" \/>\n<meta property=\"og:site_name\" content=\"mueble4you\" \/>\n<meta name=\"twitter:card\" content=\"summary_large_image\" \/>\n<script type=\"application\/ld+json\" class=\"yoast-schema-graph\">{\"@context\":\"https:\/\/schema.org\",\"@graph\":[{\"@type\":\"WebPage\",\"@id\":\"https:\/\/mueble4you.com\/de\/productos\/sillon-magnum-azul\/\",\"url\":\"https:\/\/mueble4you.com\/de\/productos\/sillon-magnum-azul\/\",\"name\":\"Sill\u00f3n magnum azul | mueble4you\",\"isPartOf\":{\"@id\":\"https:\/\/mueble4you.com\/#website\"},\"primaryImageOfPage\":{\"@id\":\"https:\/\/mueble4you.com\/de\/productos\/sillon-magnum-azul\/#primaryimage\"},\"image\":{\"@id\":\"https:\/\/mueble4you.com\/de\/productos\/sillon-magnum-azul\/#primaryimage\"},\"thumbnailUrl\":\"https:\/\/mueble4you.com\/wp-content\/uploads\/2026\/01\/167019_3.jpg\",\"datePublished\":\"2026-01-09T13:26:43+00:00\",\"breadcrumb\":{\"@id\":\"https:\/\/mueble4you.com\/de\/productos\/sillon-magnum-azul\/#breadcrumb\"},\"inLanguage\":\"de\",\"potentialAction\":[{\"@type\":\"ReadAction\",\"target\":[\"https:\/\/mueble4you.com\/de\/productos\/sillon-magnum-azul\/\"]}]},{\"@type\":\"ImageObject\",\"inLanguage\":\"de\",\"@id\":\"https:\/\/mueble4you.com\/de\/productos\/sillon-magnum-azul\/#primaryimage\",\"url\":\"https:\/\/mueble4you.com\/wp-content\/uploads\/2026\/01\/167019_3.jpg\",\"contentUrl\":\"https:\/\/mueble4you.com\/wp-content\/uploads\/2026\/01\/167019_3.jpg\",\"width\":2000,\"height\":2000},{\"@type\":\"BreadcrumbList\",\"@id\":\"https:\/\/mueble4you.com\/de\/productos\/sillon-magnum-azul\/#breadcrumb\",\"itemListElement\":[{\"@type\":\"ListItem\",\"position\":1,\"name\":\"Portada\",\"item\":\"https:\/\/mueble4you.com\/de\/\"},{\"@type\":\"ListItem\",\"position\":2,\"name\":\"Productos\",\"item\":\"https:\/\/mueble4you.com\/productos\/\"},{\"@type\":\"ListItem\",\"position\":3,\"name\":\"Sill\u00f3n magnum azul\"}]},{\"@type\":\"WebSite\",\"@id\":\"https:\/\/mueble4you.com\/#website\",\"url\":\"https:\/\/mueble4you.com\/\",\"name\":\"mueble4you\",\"description\":\"M\u00f6bel in Teneriffa\",\"potentialAction\":[{\"@type\":\"SearchAction\",\"target\":{\"@type\":\"EntryPoint\",\"urlTemplate\":\"https:\/\/mueble4you.com\/?s={search_term_string}\"},\"query-input\":{\"@type\":\"PropertyValueSpecification\",\"valueRequired\":true,\"valueName\":\"search_term_string\"}}],\"inLanguage\":\"de\"}]}<\/script>\n<!-- \/ Yoast SEO plugin. -->","yoast_head_json":{"title":"Sill\u00f3n magnum azul | mueble4you","robots":{"index":"index","follow":"follow","max-snippet":"max-snippet:-1","max-image-preview":"max-image-preview:large","max-video-preview":"max-video-preview:-1"},"canonical":"https:\/\/mueble4you.com\/de\/productos\/sillon-magnum-azul\/","og_locale":"de_DE","og_type":"article","og_title":"Sill\u00f3n magnum azul | mueble4you","og_description":"La silla &#8222;Magnum&#8220; presenta un dise\u00f1o contempor\u00e1neo, tapizada en un tejido de poli\u00e9ster azul profundo, con espuma de alta densidad para un confort \u00f3ptimo. Su base de metal cromado asegura estabilidad y elegancia. Con dimensiones generosas (78x90x100 cm), es adecuada para diversos espacios de vida. Este producto es ideal para enriquecer una gama de asientos [...]","og_url":"https:\/\/mueble4you.com\/de\/productos\/sillon-magnum-azul\/","og_site_name":"mueble4you","twitter_card":"summary_large_image","schema":{"@context":"https:\/\/schema.org","@graph":[{"@type":"WebPage","@id":"https:\/\/mueble4you.com\/de\/productos\/sillon-magnum-azul\/","url":"https:\/\/mueble4you.com\/de\/productos\/sillon-magnum-azul\/","name":"Sill\u00f3n magnum azul | mueble4you","isPartOf":{"@id":"https:\/\/mueble4you.com\/#website"},"primaryImageOfPage":{"@id":"https:\/\/mueble4you.com\/de\/productos\/sillon-magnum-azul\/#primaryimage"},"image":{"@id":"https:\/\/mueble4you.com\/de\/productos\/sillon-magnum-azul\/#primaryimage"},"thumbnailUrl":"https:\/\/mueble4you.com\/wp-content\/uploads\/2026\/01\/167019_3.jpg","datePublished":"2026-01-09T13:26:43+00:00","breadcrumb":{"@id":"https:\/\/mueble4you.com\/de\/productos\/sillon-magnum-azul\/#breadcrumb"},"inLanguage":"de","potentialAction":[{"@type":"ReadAction","target":["https:\/\/mueble4you.com\/de\/productos\/sillon-magnum-azul\/"]}]},{"@type":"ImageObject","inLanguage":"de","@id":"https:\/\/mueble4you.com\/de\/productos\/sillon-magnum-azul\/#primaryimage","url":"https:\/\/mueble4you.com\/wp-content\/uploads\/2026\/01\/167019_3.jpg","contentUrl":"https:\/\/mueble4you.com\/wp-content\/uploads\/2026\/01\/167019_3.jpg","width":2000,"height":2000},{"@type":"BreadcrumbList","@id":"https:\/\/mueble4you.com\/de\/productos\/sillon-magnum-azul\/#breadcrumb","itemListElement":[{"@type":"ListItem","position":1,"name":"Portada","item":"https:\/\/mueble4you.com\/de\/"},{"@type":"ListItem","position":2,"name":"Productos","item":"https:\/\/mueble4you.com\/productos\/"},{"@type":"ListItem","position":3,"name":"Sill\u00f3n magnum azul"}]},{"@type":"WebSite","@id":"https:\/\/mueble4you.com\/#website","url":"https:\/\/mueble4you.com\/","name":"mueble4you","description":"M\u00f6bel in Teneriffa","potentialAction":[{"@type":"SearchAction","target":{"@type":"EntryPoint","urlTemplate":"https:\/\/mueble4you.com\/?s={search_term_string}"},"query-input":{"@type":"PropertyValueSpecification","valueRequired":true,"valueName":"search_term_string"}}],"inLanguage":"de"}]}},"_links":{"self":[{"href":"https:\/\/mueble4you.com\/de\/wp-json\/wp\/v2\/product\/87067","targetHints":{"allow":["GET"]}}],"collection":[{"href":"https:\/\/mueble4you.com\/de\/wp-json\/wp\/v2\/product"}],"about":[{"href":"https:\/\/mueble4you.com\/de\/wp-json\/wp\/v2\/types\/product"}],"wp:featuredmedia":[{"embeddable":true,"href":"https:\/\/mueble4you.com\/de\/wp-json\/wp\/v2\/media\/87068"}],"wp:attachment":[{"href":"https:\/\/mueble4you.com\/de\/wp-json\/wp\/v2\/media?parent=87067"}],"wp:term":[{"taxonomy":"product_brand","embeddable":true,"href":"https:\/\/mueble4you.com\/de\/wp-json\/wp\/v2\/product_brand?post=87067"},{"taxonomy":"product_cat","embeddable":true,"href":"https:\/\/mueble4you.com\/de\/wp-json\/wp\/v2\/product_cat?post=87067"},{"taxonomy":"product_tag","embeddable":true,"href":"https:\/\/mueble4you.com\/de\/wp-json\/wp\/v2\/product_tag?post=87067"}],"curies":[{"name":"wp","href":"https:\/\/api.w.org\/{rel}","templated":true}]}}