{"id":85934,"date":"2025-11-06T12:15:34","date_gmt":"2025-11-06T12:15:34","guid":{"rendered":"https:\/\/mueble4you.com\/productos\/roxane-sillonpuff-t-hand\/"},"modified":"2025-11-07T10:12:11","modified_gmt":"2025-11-07T10:12:11","slug":"roxane-sillonpuff-t-hand","status":"publish","type":"product","link":"https:\/\/mueble4you.com\/de\/productos\/roxane-sillonpuff-t-hand\/","title":{"rendered":"ROXANE Sessel + Hocker-Set."},"content":{"rendered":"<ul>\n<li>Ma\u00dfe: 113 x 100 x 92 cm.<\/li>\n<li>Auf Anfrage in verschiedenen Gr\u00f6\u00dfen, Farben und Stoffen erh\u00e4ltlich.<\/li>\n<\/ul>\n","protected":false},"excerpt":{"rendered":"<p>Ma\u00dfe: 113 x 100 x 92 cm. Auf Anfrage in verschiedenen Gr\u00f6\u00dfen, Farben und Stoffen erh\u00e4ltlich.<\/p>\n","protected":false},"featured_media":85925,"template":"","meta":[],"product_brand":[],"product_cat":[365,272],"product_tag":[],"class_list":{"0":"post-85934","1":"product","2":"type-product","3":"status-publish","4":"has-post-thumbnail","6":"product_cat-sessel","7":"product_cat-wohnzimmer","9":"first","10":"instock","11":"shipping-taxable","12":"product-type-simple"},"yoast_head":"<!-- This site is optimized with the Yoast SEO plugin v27.2 - https:\/\/yoast.com\/product\/yoast-seo-wordpress\/ -->\n<title>ROXANE Sessel + Hocker-Set. | mueble4you<\/title>\n<meta name=\"robots\" content=\"index, follow, max-snippet:-1, max-image-preview:large, max-video-preview:-1\" \/>\n<link rel=\"canonical\" href=\"https:\/\/mueble4you.com\/de\/productos\/roxane-sillonpuff-t-hand\/\" \/>\n<meta property=\"og:locale\" content=\"de_DE\" \/>\n<meta property=\"og:type\" content=\"article\" \/>\n<meta property=\"og:title\" content=\"ROXANE Sessel + Hocker-Set. | mueble4you\" \/>\n<meta property=\"og:description\" content=\"Ma\u00dfe: 113 x 100 x 92 cm. Auf Anfrage in verschiedenen Gr\u00f6\u00dfen, Farben und Stoffen erh\u00e4ltlich.\" \/>\n<meta property=\"og:url\" content=\"https:\/\/mueble4you.com\/de\/productos\/roxane-sillonpuff-t-hand\/\" \/>\n<meta property=\"og:site_name\" content=\"mueble4you\" \/>\n<meta property=\"article:modified_time\" content=\"2025-11-07T10:12:11+00:00\" \/>\n<meta property=\"og:image\" content=\"https:\/\/mueble4you.com\/wp-content\/uploads\/2025\/11\/IMG20251106111040-scaled.jpg\" \/>\n\t<meta property=\"og:image:width\" content=\"1920\" \/>\n\t<meta property=\"og:image:height\" content=\"2560\" \/>\n\t<meta property=\"og:image:type\" content=\"image\/jpeg\" \/>\n<meta name=\"twitter:card\" content=\"summary_large_image\" \/>\n<script type=\"application\/ld+json\" class=\"yoast-schema-graph\">{\"@context\":\"https:\/\/schema.org\",\"@graph\":[{\"@type\":\"WebPage\",\"@id\":\"https:\/\/mueble4you.com\/de\/productos\/roxane-sillonpuff-t-hand\/\",\"url\":\"https:\/\/mueble4you.com\/de\/productos\/roxane-sillonpuff-t-hand\/\",\"name\":\"ROXANE Sessel + Hocker-Set. | mueble4you\",\"isPartOf\":{\"@id\":\"https:\/\/mueble4you.com\/#website\"},\"primaryImageOfPage\":{\"@id\":\"https:\/\/mueble4you.com\/de\/productos\/roxane-sillonpuff-t-hand\/#primaryimage\"},\"image\":{\"@id\":\"https:\/\/mueble4you.com\/de\/productos\/roxane-sillonpuff-t-hand\/#primaryimage\"},\"thumbnailUrl\":\"https:\/\/mueble4you.com\/wp-content\/uploads\/2025\/11\/IMG20251106111040-scaled.jpg\",\"datePublished\":\"2025-11-06T12:15:34+00:00\",\"dateModified\":\"2025-11-07T10:12:11+00:00\",\"breadcrumb\":{\"@id\":\"https:\/\/mueble4you.com\/de\/productos\/roxane-sillonpuff-t-hand\/#breadcrumb\"},\"inLanguage\":\"de\",\"potentialAction\":[{\"@type\":\"ReadAction\",\"target\":[\"https:\/\/mueble4you.com\/de\/productos\/roxane-sillonpuff-t-hand\/\"]}]},{\"@type\":\"ImageObject\",\"inLanguage\":\"de\",\"@id\":\"https:\/\/mueble4you.com\/de\/productos\/roxane-sillonpuff-t-hand\/#primaryimage\",\"url\":\"https:\/\/mueble4you.com\/wp-content\/uploads\/2025\/11\/IMG20251106111040-scaled.jpg\",\"contentUrl\":\"https:\/\/mueble4you.com\/wp-content\/uploads\/2025\/11\/IMG20251106111040-scaled.jpg\",\"width\":1920,\"height\":2560},{\"@type\":\"BreadcrumbList\",\"@id\":\"https:\/\/mueble4you.com\/de\/productos\/roxane-sillonpuff-t-hand\/#breadcrumb\",\"itemListElement\":[{\"@type\":\"ListItem\",\"position\":1,\"name\":\"Portada\",\"item\":\"https:\/\/mueble4you.com\/de\/\"},{\"@type\":\"ListItem\",\"position\":2,\"name\":\"Productos\",\"item\":\"https:\/\/mueble4you.com\/productos\/\"},{\"@type\":\"ListItem\",\"position\":3,\"name\":\"ROXANE Sessel + Hocker-Set.\"}]},{\"@type\":\"WebSite\",\"@id\":\"https:\/\/mueble4you.com\/#website\",\"url\":\"https:\/\/mueble4you.com\/\",\"name\":\"mueble4you\",\"description\":\"M\u00f6bel in Teneriffa\",\"potentialAction\":[{\"@type\":\"SearchAction\",\"target\":{\"@type\":\"EntryPoint\",\"urlTemplate\":\"https:\/\/mueble4you.com\/?s={search_term_string}\"},\"query-input\":{\"@type\":\"PropertyValueSpecification\",\"valueRequired\":true,\"valueName\":\"search_term_string\"}}],\"inLanguage\":\"de\"}]}<\/script>\n<!-- \/ Yoast SEO plugin. -->","yoast_head_json":{"title":"ROXANE Sessel + Hocker-Set. | mueble4you","robots":{"index":"index","follow":"follow","max-snippet":"max-snippet:-1","max-image-preview":"max-image-preview:large","max-video-preview":"max-video-preview:-1"},"canonical":"https:\/\/mueble4you.com\/de\/productos\/roxane-sillonpuff-t-hand\/","og_locale":"de_DE","og_type":"article","og_title":"ROXANE Sessel + Hocker-Set. | mueble4you","og_description":"Ma\u00dfe: 113 x 100 x 92 cm. Auf Anfrage in verschiedenen Gr\u00f6\u00dfen, Farben und Stoffen erh\u00e4ltlich.","og_url":"https:\/\/mueble4you.com\/de\/productos\/roxane-sillonpuff-t-hand\/","og_site_name":"mueble4you","article_modified_time":"2025-11-07T10:12:11+00:00","og_image":[{"width":1920,"height":2560,"url":"https:\/\/mueble4you.com\/wp-content\/uploads\/2025\/11\/IMG20251106111040-scaled.jpg","type":"image\/jpeg"}],"twitter_card":"summary_large_image","schema":{"@context":"https:\/\/schema.org","@graph":[{"@type":"WebPage","@id":"https:\/\/mueble4you.com\/de\/productos\/roxane-sillonpuff-t-hand\/","url":"https:\/\/mueble4you.com\/de\/productos\/roxane-sillonpuff-t-hand\/","name":"ROXANE Sessel + Hocker-Set. | mueble4you","isPartOf":{"@id":"https:\/\/mueble4you.com\/#website"},"primaryImageOfPage":{"@id":"https:\/\/mueble4you.com\/de\/productos\/roxane-sillonpuff-t-hand\/#primaryimage"},"image":{"@id":"https:\/\/mueble4you.com\/de\/productos\/roxane-sillonpuff-t-hand\/#primaryimage"},"thumbnailUrl":"https:\/\/mueble4you.com\/wp-content\/uploads\/2025\/11\/IMG20251106111040-scaled.jpg","datePublished":"2025-11-06T12:15:34+00:00","dateModified":"2025-11-07T10:12:11+00:00","breadcrumb":{"@id":"https:\/\/mueble4you.com\/de\/productos\/roxane-sillonpuff-t-hand\/#breadcrumb"},"inLanguage":"de","potentialAction":[{"@type":"ReadAction","target":["https:\/\/mueble4you.com\/de\/productos\/roxane-sillonpuff-t-hand\/"]}]},{"@type":"ImageObject","inLanguage":"de","@id":"https:\/\/mueble4you.com\/de\/productos\/roxane-sillonpuff-t-hand\/#primaryimage","url":"https:\/\/mueble4you.com\/wp-content\/uploads\/2025\/11\/IMG20251106111040-scaled.jpg","contentUrl":"https:\/\/mueble4you.com\/wp-content\/uploads\/2025\/11\/IMG20251106111040-scaled.jpg","width":1920,"height":2560},{"@type":"BreadcrumbList","@id":"https:\/\/mueble4you.com\/de\/productos\/roxane-sillonpuff-t-hand\/#breadcrumb","itemListElement":[{"@type":"ListItem","position":1,"name":"Portada","item":"https:\/\/mueble4you.com\/de\/"},{"@type":"ListItem","position":2,"name":"Productos","item":"https:\/\/mueble4you.com\/productos\/"},{"@type":"ListItem","position":3,"name":"ROXANE Sessel + Hocker-Set."}]},{"@type":"WebSite","@id":"https:\/\/mueble4you.com\/#website","url":"https:\/\/mueble4you.com\/","name":"mueble4you","description":"M\u00f6bel in Teneriffa","potentialAction":[{"@type":"SearchAction","target":{"@type":"EntryPoint","urlTemplate":"https:\/\/mueble4you.com\/?s={search_term_string}"},"query-input":{"@type":"PropertyValueSpecification","valueRequired":true,"valueName":"search_term_string"}}],"inLanguage":"de"}]}},"_links":{"self":[{"href":"https:\/\/mueble4you.com\/de\/wp-json\/wp\/v2\/product\/85934","targetHints":{"allow":["GET"]}}],"collection":[{"href":"https:\/\/mueble4you.com\/de\/wp-json\/wp\/v2\/product"}],"about":[{"href":"https:\/\/mueble4you.com\/de\/wp-json\/wp\/v2\/types\/product"}],"wp:featuredmedia":[{"embeddable":true,"href":"https:\/\/mueble4you.com\/de\/wp-json\/wp\/v2\/media\/85925"}],"wp:attachment":[{"href":"https:\/\/mueble4you.com\/de\/wp-json\/wp\/v2\/media?parent=85934"}],"wp:term":[{"taxonomy":"product_brand","embeddable":true,"href":"https:\/\/mueble4you.com\/de\/wp-json\/wp\/v2\/product_brand?post=85934"},{"taxonomy":"product_cat","embeddable":true,"href":"https:\/\/mueble4you.com\/de\/wp-json\/wp\/v2\/product_cat?post=85934"},{"taxonomy":"product_tag","embeddable":true,"href":"https:\/\/mueble4you.com\/de\/wp-json\/wp\/v2\/product_tag?post=85934"}],"curies":[{"name":"wp","href":"https:\/\/api.w.org\/{rel}","templated":true}]}}