{"id":85918,"date":"2025-11-06T11:41:52","date_gmt":"2025-11-06T11:41:52","guid":{"rendered":"https:\/\/mueble4you.com\/productos\/oasis-chaisse-drch-t-club-07-34\/"},"modified":"2025-11-07T10:22:24","modified_gmt":"2025-11-07T10:22:24","slug":"oasis-chaisse-drch-t-club-07-34","status":"publish","type":"product","link":"https:\/\/mueble4you.com\/de\/productos\/oasis-chaisse-drch-t-club-07-34\/","title":{"rendered":"OASIS Chaiselongue rechts T.CLUB 07-34."},"content":{"rendered":"<ul>\n<li>Ma\u00dfe: 350 cm x 175 cm.<\/li>\n<li>Weitere Gr\u00f6\u00dfen, Farben und Stoffe auf Anfrage erh\u00e4ltlich.<\/li>\n<\/ul>\n","protected":false},"excerpt":{"rendered":"<p>Ma\u00dfe: 350 cm x 175 cm. Weitere Gr\u00f6\u00dfen, Farben und Stoffe auf Anfrage erh\u00e4ltlich.<\/p>\n","protected":false},"featured_media":85904,"template":"","meta":[],"product_brand":[],"product_cat":[537,273,272],"product_tag":[],"class_list":{"0":"post-85918","1":"product","2":"type-product","3":"status-publish","4":"has-post-thumbnail","6":"product_cat-chaiselongue","7":"product_cat-sofas-wohnzimmer","8":"product_cat-wohnzimmer","10":"first","11":"instock","12":"shipping-taxable","13":"product-type-simple"},"yoast_head":"<!-- This site is optimized with the Yoast SEO plugin v27.3 - https:\/\/yoast.com\/product\/yoast-seo-wordpress\/ -->\n<title>OASIS Chaiselongue rechts T.CLUB 07-34. | mueble4you<\/title>\n<meta name=\"robots\" content=\"index, follow, max-snippet:-1, max-image-preview:large, max-video-preview:-1\" \/>\n<link rel=\"canonical\" href=\"https:\/\/mueble4you.com\/de\/productos\/oasis-chaisse-drch-t-club-07-34\/\" \/>\n<meta property=\"og:locale\" content=\"de_DE\" \/>\n<meta property=\"og:type\" content=\"article\" \/>\n<meta property=\"og:title\" content=\"OASIS Chaiselongue rechts T.CLUB 07-34. | mueble4you\" \/>\n<meta property=\"og:description\" content=\"Ma\u00dfe: 350 cm x 175 cm. Weitere Gr\u00f6\u00dfen, Farben und Stoffe auf Anfrage erh\u00e4ltlich.\" \/>\n<meta property=\"og:url\" content=\"https:\/\/mueble4you.com\/de\/productos\/oasis-chaisse-drch-t-club-07-34\/\" \/>\n<meta property=\"og:site_name\" content=\"mueble4you\" \/>\n<meta property=\"article:modified_time\" content=\"2025-11-07T10:22:24+00:00\" \/>\n<meta property=\"og:image\" content=\"https:\/\/mueble4you.com\/wp-content\/uploads\/2025\/11\/IMG20251106110945-scaled.jpg\" \/>\n\t<meta property=\"og:image:width\" content=\"2560\" \/>\n\t<meta property=\"og:image:height\" content=\"1920\" \/>\n\t<meta property=\"og:image:type\" content=\"image\/jpeg\" \/>\n<meta name=\"twitter:card\" content=\"summary_large_image\" \/>\n<script type=\"application\/ld+json\" class=\"yoast-schema-graph\">{\"@context\":\"https:\\\/\\\/schema.org\",\"@graph\":[{\"@type\":\"WebPage\",\"@id\":\"https:\\\/\\\/mueble4you.com\\\/de\\\/productos\\\/oasis-chaisse-drch-t-club-07-34\\\/\",\"url\":\"https:\\\/\\\/mueble4you.com\\\/de\\\/productos\\\/oasis-chaisse-drch-t-club-07-34\\\/\",\"name\":\"OASIS Chaiselongue rechts T.CLUB 07-34. | mueble4you\",\"isPartOf\":{\"@id\":\"https:\\\/\\\/mueble4you.com\\\/#website\"},\"primaryImageOfPage\":{\"@id\":\"https:\\\/\\\/mueble4you.com\\\/de\\\/productos\\\/oasis-chaisse-drch-t-club-07-34\\\/#primaryimage\"},\"image\":{\"@id\":\"https:\\\/\\\/mueble4you.com\\\/de\\\/productos\\\/oasis-chaisse-drch-t-club-07-34\\\/#primaryimage\"},\"thumbnailUrl\":\"https:\\\/\\\/mueble4you.com\\\/wp-content\\\/uploads\\\/2025\\\/11\\\/IMG20251106110945-scaled.jpg\",\"datePublished\":\"2025-11-06T11:41:52+00:00\",\"dateModified\":\"2025-11-07T10:22:24+00:00\",\"breadcrumb\":{\"@id\":\"https:\\\/\\\/mueble4you.com\\\/de\\\/productos\\\/oasis-chaisse-drch-t-club-07-34\\\/#breadcrumb\"},\"inLanguage\":\"de\",\"potentialAction\":[{\"@type\":\"ReadAction\",\"target\":[\"https:\\\/\\\/mueble4you.com\\\/de\\\/productos\\\/oasis-chaisse-drch-t-club-07-34\\\/\"]}]},{\"@type\":\"ImageObject\",\"inLanguage\":\"de\",\"@id\":\"https:\\\/\\\/mueble4you.com\\\/de\\\/productos\\\/oasis-chaisse-drch-t-club-07-34\\\/#primaryimage\",\"url\":\"https:\\\/\\\/mueble4you.com\\\/wp-content\\\/uploads\\\/2025\\\/11\\\/IMG20251106110945-scaled.jpg\",\"contentUrl\":\"https:\\\/\\\/mueble4you.com\\\/wp-content\\\/uploads\\\/2025\\\/11\\\/IMG20251106110945-scaled.jpg\",\"width\":2560,\"height\":1920},{\"@type\":\"BreadcrumbList\",\"@id\":\"https:\\\/\\\/mueble4you.com\\\/de\\\/productos\\\/oasis-chaisse-drch-t-club-07-34\\\/#breadcrumb\",\"itemListElement\":[{\"@type\":\"ListItem\",\"position\":1,\"name\":\"Portada\",\"item\":\"https:\\\/\\\/mueble4you.com\\\/de\\\/\"},{\"@type\":\"ListItem\",\"position\":2,\"name\":\"Productos\",\"item\":\"https:\\\/\\\/mueble4you.com\\\/productos\\\/\"},{\"@type\":\"ListItem\",\"position\":3,\"name\":\"OASIS Chaiselongue rechts T.CLUB 07-34.\"}]},{\"@type\":\"WebSite\",\"@id\":\"https:\\\/\\\/mueble4you.com\\\/#website\",\"url\":\"https:\\\/\\\/mueble4you.com\\\/\",\"name\":\"mueble4you\",\"description\":\"M\u00f6bel in Teneriffa\",\"potentialAction\":[{\"@type\":\"SearchAction\",\"target\":{\"@type\":\"EntryPoint\",\"urlTemplate\":\"https:\\\/\\\/mueble4you.com\\\/?s={search_term_string}\"},\"query-input\":{\"@type\":\"PropertyValueSpecification\",\"valueRequired\":true,\"valueName\":\"search_term_string\"}}],\"inLanguage\":\"de\"}]}<\/script>\n<!-- \/ Yoast SEO plugin. -->","yoast_head_json":{"title":"OASIS Chaiselongue rechts T.CLUB 07-34. | mueble4you","robots":{"index":"index","follow":"follow","max-snippet":"max-snippet:-1","max-image-preview":"max-image-preview:large","max-video-preview":"max-video-preview:-1"},"canonical":"https:\/\/mueble4you.com\/de\/productos\/oasis-chaisse-drch-t-club-07-34\/","og_locale":"de_DE","og_type":"article","og_title":"OASIS Chaiselongue rechts T.CLUB 07-34. | mueble4you","og_description":"Ma\u00dfe: 350 cm x 175 cm. Weitere Gr\u00f6\u00dfen, Farben und Stoffe auf Anfrage erh\u00e4ltlich.","og_url":"https:\/\/mueble4you.com\/de\/productos\/oasis-chaisse-drch-t-club-07-34\/","og_site_name":"mueble4you","article_modified_time":"2025-11-07T10:22:24+00:00","og_image":[{"width":2560,"height":1920,"url":"https:\/\/mueble4you.com\/wp-content\/uploads\/2025\/11\/IMG20251106110945-scaled.jpg","type":"image\/jpeg"}],"twitter_card":"summary_large_image","schema":{"@context":"https:\/\/schema.org","@graph":[{"@type":"WebPage","@id":"https:\/\/mueble4you.com\/de\/productos\/oasis-chaisse-drch-t-club-07-34\/","url":"https:\/\/mueble4you.com\/de\/productos\/oasis-chaisse-drch-t-club-07-34\/","name":"OASIS Chaiselongue rechts T.CLUB 07-34. | mueble4you","isPartOf":{"@id":"https:\/\/mueble4you.com\/#website"},"primaryImageOfPage":{"@id":"https:\/\/mueble4you.com\/de\/productos\/oasis-chaisse-drch-t-club-07-34\/#primaryimage"},"image":{"@id":"https:\/\/mueble4you.com\/de\/productos\/oasis-chaisse-drch-t-club-07-34\/#primaryimage"},"thumbnailUrl":"https:\/\/mueble4you.com\/wp-content\/uploads\/2025\/11\/IMG20251106110945-scaled.jpg","datePublished":"2025-11-06T11:41:52+00:00","dateModified":"2025-11-07T10:22:24+00:00","breadcrumb":{"@id":"https:\/\/mueble4you.com\/de\/productos\/oasis-chaisse-drch-t-club-07-34\/#breadcrumb"},"inLanguage":"de","potentialAction":[{"@type":"ReadAction","target":["https:\/\/mueble4you.com\/de\/productos\/oasis-chaisse-drch-t-club-07-34\/"]}]},{"@type":"ImageObject","inLanguage":"de","@id":"https:\/\/mueble4you.com\/de\/productos\/oasis-chaisse-drch-t-club-07-34\/#primaryimage","url":"https:\/\/mueble4you.com\/wp-content\/uploads\/2025\/11\/IMG20251106110945-scaled.jpg","contentUrl":"https:\/\/mueble4you.com\/wp-content\/uploads\/2025\/11\/IMG20251106110945-scaled.jpg","width":2560,"height":1920},{"@type":"BreadcrumbList","@id":"https:\/\/mueble4you.com\/de\/productos\/oasis-chaisse-drch-t-club-07-34\/#breadcrumb","itemListElement":[{"@type":"ListItem","position":1,"name":"Portada","item":"https:\/\/mueble4you.com\/de\/"},{"@type":"ListItem","position":2,"name":"Productos","item":"https:\/\/mueble4you.com\/productos\/"},{"@type":"ListItem","position":3,"name":"OASIS Chaiselongue rechts T.CLUB 07-34."}]},{"@type":"WebSite","@id":"https:\/\/mueble4you.com\/#website","url":"https:\/\/mueble4you.com\/","name":"mueble4you","description":"M\u00f6bel in Teneriffa","potentialAction":[{"@type":"SearchAction","target":{"@type":"EntryPoint","urlTemplate":"https:\/\/mueble4you.com\/?s={search_term_string}"},"query-input":{"@type":"PropertyValueSpecification","valueRequired":true,"valueName":"search_term_string"}}],"inLanguage":"de"}]}},"_links":{"self":[{"href":"https:\/\/mueble4you.com\/de\/wp-json\/wp\/v2\/product\/85918","targetHints":{"allow":["GET"]}}],"collection":[{"href":"https:\/\/mueble4you.com\/de\/wp-json\/wp\/v2\/product"}],"about":[{"href":"https:\/\/mueble4you.com\/de\/wp-json\/wp\/v2\/types\/product"}],"wp:featuredmedia":[{"embeddable":true,"href":"https:\/\/mueble4you.com\/de\/wp-json\/wp\/v2\/media\/85904"}],"wp:attachment":[{"href":"https:\/\/mueble4you.com\/de\/wp-json\/wp\/v2\/media?parent=85918"}],"wp:term":[{"taxonomy":"product_brand","embeddable":true,"href":"https:\/\/mueble4you.com\/de\/wp-json\/wp\/v2\/product_brand?post=85918"},{"taxonomy":"product_cat","embeddable":true,"href":"https:\/\/mueble4you.com\/de\/wp-json\/wp\/v2\/product_cat?post=85918"},{"taxonomy":"product_tag","embeddable":true,"href":"https:\/\/mueble4you.com\/de\/wp-json\/wp\/v2\/product_tag?post=85918"}],"curies":[{"name":"wp","href":"https:\/\/api.w.org\/{rel}","templated":true}]}}