{"id":85790,"date":"2025-10-28T16:23:07","date_gmt":"2025-10-28T16:23:07","guid":{"rendered":"https:\/\/mueble4you.com\/productos\/aparador-190cm-marron-y-negro\/"},"modified":"2025-10-29T13:02:10","modified_gmt":"2025-10-29T13:02:10","slug":"aparador-190cm-marron-y-negro","status":"publish","type":"product","link":"https:\/\/mueble4you.com\/de\/productos\/aparador-190cm-marron-y-negro\/","title":{"rendered":"SIDEBOARD 190CM BRAUN UND SCHWARZ."},"content":{"rendered":"<h4 id=\"tw-target-text\" class=\"tw-data-text tw-text-large tw-ta\" dir=\"ltr\" tabindex=\"-1\" role=\"text\" data-placeholder=\"Traducci\u00f3n\" aria-label=\"Texto traducido: SIDEBOARD 190CM BRAUN UND SCHWARZ.\nDieses Sideboard zeichnet sich durch sein modernes Design und die harmonische Farbkombination aus. Die Struktur besteht aus massivem Mangoholz und weist eine nat\u00fcrliche Farboberfl\u00e4che auf, die die Maserung und Textur des Holzes hervorhebt. Die drei Vordert\u00fcren in Schwarz stehen im Kontrast zur Struktur und jede einzelne enth\u00e4lt ein Detail in Naturfarben, das mit dem Ganzen harmoniert. Dieses Design bietet nicht nur eine funktionale L\u00f6sung zur Aufbewahrung, sondern verleiht dem Raum auch einen Hauch von Stil und Pers\u00f6nlichkeit.\n\n\u25cf H\u00f6he: 93 cm.\n\n\u25cf L\u00e4nge: 190 cm.\n\n\u25cf Breite: 40 cm.\n\n\u25cf Material: Mangoholz.\n\n\u25cf Farbe: Naturschwarz.\" data-ved=\"2ahUKEwi1kICPtsmQAxWX2QIHHaW_CTcQ3ewLegQIFRAV\"><span class=\"Y2IQFc\" lang=\"de\"> Dieses Sideboard zeichnet sich durch sein modernes Design und die harmonische Farbkombination aus. <\/span><\/h4>\n<h4 class=\"tw-data-text tw-text-large tw-ta\" dir=\"ltr\" tabindex=\"-1\" role=\"text\" data-placeholder=\"Traducci\u00f3n\" aria-label=\"Texto traducido: SIDEBOARD 190CM BRAUN UND SCHWARZ.\nDieses Sideboard zeichnet sich durch sein modernes Design und die harmonische Farbkombination aus. Die Struktur besteht aus massivem Mangoholz und weist eine nat\u00fcrliche Farboberfl\u00e4che auf, die die Maserung und Textur des Holzes hervorhebt. Die drei Vordert\u00fcren in Schwarz stehen im Kontrast zur Struktur und jede einzelne enth\u00e4lt ein Detail in Naturfarben, das mit dem Ganzen harmoniert. Dieses Design bietet nicht nur eine funktionale L\u00f6sung zur Aufbewahrung, sondern verleiht dem Raum auch einen Hauch von Stil und Pers\u00f6nlichkeit.\n\n\u25cf H\u00f6he: 93 cm.\n\n\u25cf L\u00e4nge: 190 cm.\n\n\u25cf Breite: 40 cm.\n\n\u25cf Material: Mangoholz.\n\n\u25cf Farbe: Naturschwarz.\" data-ved=\"2ahUKEwi1kICPtsmQAxWX2QIHHaW_CTcQ3ewLegQIFRAV\"><span class=\"Y2IQFc\" lang=\"de\">Die Struktur besteht aus massivem Mangoholz und weist eine nat\u00fcrliche Farboberfl\u00e4che auf, die die Maserung und Textur des Holzes hervorhebt. <\/span><\/h4>\n<h4 class=\"tw-data-text tw-text-large tw-ta\" dir=\"ltr\" tabindex=\"-1\" role=\"text\" data-placeholder=\"Traducci\u00f3n\" aria-label=\"Texto traducido: SIDEBOARD 190CM BRAUN UND SCHWARZ.\nDieses Sideboard zeichnet sich durch sein modernes Design und die harmonische Farbkombination aus. Die Struktur besteht aus massivem Mangoholz und weist eine nat\u00fcrliche Farboberfl\u00e4che auf, die die Maserung und Textur des Holzes hervorhebt. Die drei Vordert\u00fcren in Schwarz stehen im Kontrast zur Struktur und jede einzelne enth\u00e4lt ein Detail in Naturfarben, das mit dem Ganzen harmoniert. Dieses Design bietet nicht nur eine funktionale L\u00f6sung zur Aufbewahrung, sondern verleiht dem Raum auch einen Hauch von Stil und Pers\u00f6nlichkeit.\n\n\u25cf H\u00f6he: 93 cm.\n\n\u25cf L\u00e4nge: 190 cm.\n\n\u25cf Breite: 40 cm.\n\n\u25cf Material: Mangoholz.\n\n\u25cf Farbe: Naturschwarz.\" data-ved=\"2ahUKEwi1kICPtsmQAxWX2QIHHaW_CTcQ3ewLegQIFRAV\"><span class=\"Y2IQFc\" lang=\"de\">Die drei Vordert\u00fcren in Schwarz stehen im Kontrast zur Struktur und jede einzelne enth\u00e4lt ein Detail in Naturfarben, das mit dem Ganzen harmoniert. <\/span><\/h4>\n<h4 class=\"tw-data-text tw-text-large tw-ta\" dir=\"ltr\" tabindex=\"-1\" role=\"text\" data-placeholder=\"Traducci\u00f3n\" aria-label=\"Texto traducido: SIDEBOARD 190CM BRAUN UND SCHWARZ.\nDieses Sideboard zeichnet sich durch sein modernes Design und die harmonische Farbkombination aus. Die Struktur besteht aus massivem Mangoholz und weist eine nat\u00fcrliche Farboberfl\u00e4che auf, die die Maserung und Textur des Holzes hervorhebt. Die drei Vordert\u00fcren in Schwarz stehen im Kontrast zur Struktur und jede einzelne enth\u00e4lt ein Detail in Naturfarben, das mit dem Ganzen harmoniert. Dieses Design bietet nicht nur eine funktionale L\u00f6sung zur Aufbewahrung, sondern verleiht dem Raum auch einen Hauch von Stil und Pers\u00f6nlichkeit.\n\n\u25cf H\u00f6he: 93 cm.\n\n\u25cf L\u00e4nge: 190 cm.\n\n\u25cf Breite: 40 cm.\n\n\u25cf Material: Mangoholz.\n\n\u25cf Farbe: Naturschwarz.\" data-ved=\"2ahUKEwi1kICPtsmQAxWX2QIHHaW_CTcQ3ewLegQIFRAV\"><span class=\"Y2IQFc\" lang=\"de\">Dieses Design bietet nicht nur eine funktionale L\u00f6sung zur Aufbewahrung, sondern verleiht dem Raum auch einen Hauch von Stil und Pers\u00f6nlichkeit. <\/span><\/h4>\n<h4 class=\"tw-data-text tw-text-large tw-ta\" dir=\"ltr\" tabindex=\"-1\" role=\"text\" data-placeholder=\"Traducci\u00f3n\" aria-label=\"Texto traducido: SIDEBOARD 190CM BRAUN UND SCHWARZ.\nDieses Sideboard zeichnet sich durch sein modernes Design und die harmonische Farbkombination aus. Die Struktur besteht aus massivem Mangoholz und weist eine nat\u00fcrliche Farboberfl\u00e4che auf, die die Maserung und Textur des Holzes hervorhebt. Die drei Vordert\u00fcren in Schwarz stehen im Kontrast zur Struktur und jede einzelne enth\u00e4lt ein Detail in Naturfarben, das mit dem Ganzen harmoniert. Dieses Design bietet nicht nur eine funktionale L\u00f6sung zur Aufbewahrung, sondern verleiht dem Raum auch einen Hauch von Stil und Pers\u00f6nlichkeit.\n\n\u25cf H\u00f6he: 93 cm.\n\n\u25cf L\u00e4nge: 190 cm.\n\n\u25cf Breite: 40 cm.\n\n\u25cf Material: Mangoholz.\n\n\u25cf Farbe: Naturschwarz.\" data-ved=\"2ahUKEwi1kICPtsmQAxWX2QIHHaW_CTcQ3ewLegQIFRAV\"><span class=\"Y2IQFc\" lang=\"de\">\u25cf H\u00f6he: 93 cm. \u25cf L\u00e4nge: 190 cm. \u25cf Breite: 40 cm. <\/span><\/h4>\n<h4 class=\"tw-data-text tw-text-large tw-ta\" dir=\"ltr\" tabindex=\"-1\" role=\"text\" data-placeholder=\"Traducci\u00f3n\" aria-label=\"Texto traducido: SIDEBOARD 190CM BRAUN UND SCHWARZ.\nDieses Sideboard zeichnet sich durch sein modernes Design und die harmonische Farbkombination aus. Die Struktur besteht aus massivem Mangoholz und weist eine nat\u00fcrliche Farboberfl\u00e4che auf, die die Maserung und Textur des Holzes hervorhebt. Die drei Vordert\u00fcren in Schwarz stehen im Kontrast zur Struktur und jede einzelne enth\u00e4lt ein Detail in Naturfarben, das mit dem Ganzen harmoniert. Dieses Design bietet nicht nur eine funktionale L\u00f6sung zur Aufbewahrung, sondern verleiht dem Raum auch einen Hauch von Stil und Pers\u00f6nlichkeit.\n\n\u25cf H\u00f6he: 93 cm.\n\n\u25cf L\u00e4nge: 190 cm.\n\n\u25cf Breite: 40 cm.\n\n\u25cf Material: Mangoholz.\n\n\u25cf Farbe: Naturschwarz.\" data-ved=\"2ahUKEwi1kICPtsmQAxWX2QIHHaW_CTcQ3ewLegQIFRAV\"><span class=\"Y2IQFc\" lang=\"de\">\u25cf Material: Mangoholz. <\/span><\/h4>\n<h4 class=\"tw-data-text tw-text-large tw-ta\" dir=\"ltr\" tabindex=\"-1\" role=\"text\" data-placeholder=\"Traducci\u00f3n\" aria-label=\"Texto traducido: SIDEBOARD 190CM BRAUN UND SCHWARZ.\nDieses Sideboard zeichnet sich durch sein modernes Design und die harmonische Farbkombination aus. Die Struktur besteht aus massivem Mangoholz und weist eine nat\u00fcrliche Farboberfl\u00e4che auf, die die Maserung und Textur des Holzes hervorhebt. Die drei Vordert\u00fcren in Schwarz stehen im Kontrast zur Struktur und jede einzelne enth\u00e4lt ein Detail in Naturfarben, das mit dem Ganzen harmoniert. Dieses Design bietet nicht nur eine funktionale L\u00f6sung zur Aufbewahrung, sondern verleiht dem Raum auch einen Hauch von Stil und Pers\u00f6nlichkeit.\n\n\u25cf H\u00f6he: 93 cm.\n\n\u25cf L\u00e4nge: 190 cm.\n\n\u25cf Breite: 40 cm.\n\n\u25cf Material: Mangoholz.\n\n\u25cf Farbe: Naturschwarz.\" data-ved=\"2ahUKEwi1kICPtsmQAxWX2QIHHaW_CTcQ3ewLegQIFRAV\"><span class=\"Y2IQFc\" lang=\"de\">\u25cf Farbe: Naturschwarz.<\/span><\/h4>\n","protected":false},"excerpt":{"rendered":"<p>Dieses Sideboard zeichnet sich durch sein modernes Design und die harmonische Farbkombination aus. Die Struktur besteht aus massivem Mangoholz und weist eine nat\u00fcrliche Farboberfl\u00e4che auf, die die Maserung und Textur des Holzes hervorhebt. Die drei Vordert\u00fcren in Schwarz stehen im Kontrast zur Struktur und jede einzelne enth\u00e4lt ein Detail in Naturfarben, das mit dem Ganzen [&#8230;]\n","protected":false},"featured_media":85766,"template":"","meta":[],"product_brand":[],"product_cat":[500,272],"product_tag":[],"class_list":{"0":"post-85790","1":"product","2":"type-product","3":"status-publish","4":"has-post-thumbnail","6":"product_cat-sideboards-de","7":"product_cat-wohnzimmer","9":"first","10":"instock","11":"shipping-taxable","12":"product-type-simple"},"yoast_head":"<!-- This site is optimized with the Yoast SEO plugin v27.3 - https:\/\/yoast.com\/product\/yoast-seo-wordpress\/ -->\n<title>SIDEBOARD 190CM BRAUN UND SCHWARZ. | mueble4you<\/title>\n<meta name=\"robots\" content=\"index, follow, max-snippet:-1, max-image-preview:large, max-video-preview:-1\" \/>\n<link rel=\"canonical\" href=\"https:\/\/mueble4you.com\/de\/productos\/aparador-190cm-marron-y-negro\/\" \/>\n<meta property=\"og:locale\" content=\"de_DE\" \/>\n<meta property=\"og:type\" content=\"article\" \/>\n<meta property=\"og:title\" content=\"SIDEBOARD 190CM BRAUN UND SCHWARZ. | mueble4you\" \/>\n<meta property=\"og:description\" content=\"Dieses Sideboard zeichnet sich durch sein modernes Design und die harmonische Farbkombination aus. Die Struktur besteht aus massivem Mangoholz und weist eine nat\u00fcrliche Farboberfl\u00e4che auf, die die Maserung und Textur des Holzes hervorhebt. Die drei Vordert\u00fcren in Schwarz stehen im Kontrast zur Struktur und jede einzelne enth\u00e4lt ein Detail in Naturfarben, das mit dem Ganzen [...]\" \/>\n<meta property=\"og:url\" content=\"https:\/\/mueble4you.com\/de\/productos\/aparador-190cm-marron-y-negro\/\" \/>\n<meta property=\"og:site_name\" content=\"mueble4you\" \/>\n<meta property=\"article:modified_time\" content=\"2025-10-29T13:02:10+00:00\" \/>\n<meta property=\"og:image\" content=\"https:\/\/mueble4you.com\/wp-content\/uploads\/2025\/10\/2207_2-Copy.jpg\" \/>\n\t<meta property=\"og:image:width\" content=\"1024\" \/>\n\t<meta property=\"og:image:height\" content=\"556\" \/>\n\t<meta property=\"og:image:type\" content=\"image\/jpeg\" \/>\n<meta name=\"twitter:card\" content=\"summary_large_image\" \/>\n<script type=\"application\/ld+json\" class=\"yoast-schema-graph\">{\"@context\":\"https:\\\/\\\/schema.org\",\"@graph\":[{\"@type\":\"WebPage\",\"@id\":\"https:\\\/\\\/mueble4you.com\\\/de\\\/productos\\\/aparador-190cm-marron-y-negro\\\/\",\"url\":\"https:\\\/\\\/mueble4you.com\\\/de\\\/productos\\\/aparador-190cm-marron-y-negro\\\/\",\"name\":\"SIDEBOARD 190CM BRAUN UND SCHWARZ. | mueble4you\",\"isPartOf\":{\"@id\":\"https:\\\/\\\/mueble4you.com\\\/#website\"},\"primaryImageOfPage\":{\"@id\":\"https:\\\/\\\/mueble4you.com\\\/de\\\/productos\\\/aparador-190cm-marron-y-negro\\\/#primaryimage\"},\"image\":{\"@id\":\"https:\\\/\\\/mueble4you.com\\\/de\\\/productos\\\/aparador-190cm-marron-y-negro\\\/#primaryimage\"},\"thumbnailUrl\":\"https:\\\/\\\/mueble4you.com\\\/wp-content\\\/uploads\\\/2025\\\/10\\\/2207_2-Copy.jpg\",\"datePublished\":\"2025-10-28T16:23:07+00:00\",\"dateModified\":\"2025-10-29T13:02:10+00:00\",\"breadcrumb\":{\"@id\":\"https:\\\/\\\/mueble4you.com\\\/de\\\/productos\\\/aparador-190cm-marron-y-negro\\\/#breadcrumb\"},\"inLanguage\":\"de\",\"potentialAction\":[{\"@type\":\"ReadAction\",\"target\":[\"https:\\\/\\\/mueble4you.com\\\/de\\\/productos\\\/aparador-190cm-marron-y-negro\\\/\"]}]},{\"@type\":\"ImageObject\",\"inLanguage\":\"de\",\"@id\":\"https:\\\/\\\/mueble4you.com\\\/de\\\/productos\\\/aparador-190cm-marron-y-negro\\\/#primaryimage\",\"url\":\"https:\\\/\\\/mueble4you.com\\\/wp-content\\\/uploads\\\/2025\\\/10\\\/2207_2-Copy.jpg\",\"contentUrl\":\"https:\\\/\\\/mueble4you.com\\\/wp-content\\\/uploads\\\/2025\\\/10\\\/2207_2-Copy.jpg\",\"width\":1024,\"height\":556},{\"@type\":\"BreadcrumbList\",\"@id\":\"https:\\\/\\\/mueble4you.com\\\/de\\\/productos\\\/aparador-190cm-marron-y-negro\\\/#breadcrumb\",\"itemListElement\":[{\"@type\":\"ListItem\",\"position\":1,\"name\":\"Portada\",\"item\":\"https:\\\/\\\/mueble4you.com\\\/de\\\/\"},{\"@type\":\"ListItem\",\"position\":2,\"name\":\"Productos\",\"item\":\"https:\\\/\\\/mueble4you.com\\\/productos\\\/\"},{\"@type\":\"ListItem\",\"position\":3,\"name\":\"SIDEBOARD 190CM BRAUN UND SCHWARZ.\"}]},{\"@type\":\"WebSite\",\"@id\":\"https:\\\/\\\/mueble4you.com\\\/#website\",\"url\":\"https:\\\/\\\/mueble4you.com\\\/\",\"name\":\"mueble4you\",\"description\":\"M\u00f6bel in Teneriffa\",\"potentialAction\":[{\"@type\":\"SearchAction\",\"target\":{\"@type\":\"EntryPoint\",\"urlTemplate\":\"https:\\\/\\\/mueble4you.com\\\/?s={search_term_string}\"},\"query-input\":{\"@type\":\"PropertyValueSpecification\",\"valueRequired\":true,\"valueName\":\"search_term_string\"}}],\"inLanguage\":\"de\"}]}<\/script>\n<!-- \/ Yoast SEO plugin. -->","yoast_head_json":{"title":"SIDEBOARD 190CM BRAUN UND SCHWARZ. | mueble4you","robots":{"index":"index","follow":"follow","max-snippet":"max-snippet:-1","max-image-preview":"max-image-preview:large","max-video-preview":"max-video-preview:-1"},"canonical":"https:\/\/mueble4you.com\/de\/productos\/aparador-190cm-marron-y-negro\/","og_locale":"de_DE","og_type":"article","og_title":"SIDEBOARD 190CM BRAUN UND SCHWARZ. | mueble4you","og_description":"Dieses Sideboard zeichnet sich durch sein modernes Design und die harmonische Farbkombination aus. Die Struktur besteht aus massivem Mangoholz und weist eine nat\u00fcrliche Farboberfl\u00e4che auf, die die Maserung und Textur des Holzes hervorhebt. Die drei Vordert\u00fcren in Schwarz stehen im Kontrast zur Struktur und jede einzelne enth\u00e4lt ein Detail in Naturfarben, das mit dem Ganzen [...]","og_url":"https:\/\/mueble4you.com\/de\/productos\/aparador-190cm-marron-y-negro\/","og_site_name":"mueble4you","article_modified_time":"2025-10-29T13:02:10+00:00","og_image":[{"width":1024,"height":556,"url":"https:\/\/mueble4you.com\/wp-content\/uploads\/2025\/10\/2207_2-Copy.jpg","type":"image\/jpeg"}],"twitter_card":"summary_large_image","schema":{"@context":"https:\/\/schema.org","@graph":[{"@type":"WebPage","@id":"https:\/\/mueble4you.com\/de\/productos\/aparador-190cm-marron-y-negro\/","url":"https:\/\/mueble4you.com\/de\/productos\/aparador-190cm-marron-y-negro\/","name":"SIDEBOARD 190CM BRAUN UND SCHWARZ. | mueble4you","isPartOf":{"@id":"https:\/\/mueble4you.com\/#website"},"primaryImageOfPage":{"@id":"https:\/\/mueble4you.com\/de\/productos\/aparador-190cm-marron-y-negro\/#primaryimage"},"image":{"@id":"https:\/\/mueble4you.com\/de\/productos\/aparador-190cm-marron-y-negro\/#primaryimage"},"thumbnailUrl":"https:\/\/mueble4you.com\/wp-content\/uploads\/2025\/10\/2207_2-Copy.jpg","datePublished":"2025-10-28T16:23:07+00:00","dateModified":"2025-10-29T13:02:10+00:00","breadcrumb":{"@id":"https:\/\/mueble4you.com\/de\/productos\/aparador-190cm-marron-y-negro\/#breadcrumb"},"inLanguage":"de","potentialAction":[{"@type":"ReadAction","target":["https:\/\/mueble4you.com\/de\/productos\/aparador-190cm-marron-y-negro\/"]}]},{"@type":"ImageObject","inLanguage":"de","@id":"https:\/\/mueble4you.com\/de\/productos\/aparador-190cm-marron-y-negro\/#primaryimage","url":"https:\/\/mueble4you.com\/wp-content\/uploads\/2025\/10\/2207_2-Copy.jpg","contentUrl":"https:\/\/mueble4you.com\/wp-content\/uploads\/2025\/10\/2207_2-Copy.jpg","width":1024,"height":556},{"@type":"BreadcrumbList","@id":"https:\/\/mueble4you.com\/de\/productos\/aparador-190cm-marron-y-negro\/#breadcrumb","itemListElement":[{"@type":"ListItem","position":1,"name":"Portada","item":"https:\/\/mueble4you.com\/de\/"},{"@type":"ListItem","position":2,"name":"Productos","item":"https:\/\/mueble4you.com\/productos\/"},{"@type":"ListItem","position":3,"name":"SIDEBOARD 190CM BRAUN UND SCHWARZ."}]},{"@type":"WebSite","@id":"https:\/\/mueble4you.com\/#website","url":"https:\/\/mueble4you.com\/","name":"mueble4you","description":"M\u00f6bel in Teneriffa","potentialAction":[{"@type":"SearchAction","target":{"@type":"EntryPoint","urlTemplate":"https:\/\/mueble4you.com\/?s={search_term_string}"},"query-input":{"@type":"PropertyValueSpecification","valueRequired":true,"valueName":"search_term_string"}}],"inLanguage":"de"}]}},"_links":{"self":[{"href":"https:\/\/mueble4you.com\/de\/wp-json\/wp\/v2\/product\/85790","targetHints":{"allow":["GET"]}}],"collection":[{"href":"https:\/\/mueble4you.com\/de\/wp-json\/wp\/v2\/product"}],"about":[{"href":"https:\/\/mueble4you.com\/de\/wp-json\/wp\/v2\/types\/product"}],"wp:featuredmedia":[{"embeddable":true,"href":"https:\/\/mueble4you.com\/de\/wp-json\/wp\/v2\/media\/85766"}],"wp:attachment":[{"href":"https:\/\/mueble4you.com\/de\/wp-json\/wp\/v2\/media?parent=85790"}],"wp:term":[{"taxonomy":"product_brand","embeddable":true,"href":"https:\/\/mueble4you.com\/de\/wp-json\/wp\/v2\/product_brand?post=85790"},{"taxonomy":"product_cat","embeddable":true,"href":"https:\/\/mueble4you.com\/de\/wp-json\/wp\/v2\/product_cat?post=85790"},{"taxonomy":"product_tag","embeddable":true,"href":"https:\/\/mueble4you.com\/de\/wp-json\/wp\/v2\/product_tag?post=85790"}],"curies":[{"name":"wp","href":"https:\/\/api.w.org\/{rel}","templated":true}]}}