{"id":85730,"date":"2025-10-28T16:07:15","date_gmt":"2025-10-28T16:07:15","guid":{"rendered":"https:\/\/mueble4you.com\/productos\/vitrina-madera-2-p-labrada-90cm\/"},"modified":"2025-10-29T15:18:40","modified_gmt":"2025-10-29T15:18:40","slug":"vitrina-madera-2-p-labrada-90cm","status":"publish","type":"product","link":"https:\/\/mueble4you.com\/de\/productos\/vitrina-madera-2-p-labrada-90cm\/","title":{"rendered":"AUSSTELLUNGSSCHRANK AUS HOLZ, 2 ST., GESCHNITZT, 90 CM."},"content":{"rendered":"<p>Hohes Sideboard aus Mangoholz, lackiert in einer eleganten Haselnussfarbe. Sein Design zeichnet sich durch seine imposanten Holzt\u00fcren aus, die mit geschnitzten Mandala-Figuren geschm\u00fcckt sind, die einen sch\u00f6nen Kontrast in Schwarz bilden und f\u00fcr eine k\u00fcnstlerische und raffinierte Atmosph\u00e4re sorgen. Im Inneren verf\u00fcgt es \u00fcber ger\u00e4umige Regale, in denen Sie verschiedene Gegenst\u00e4nde organisieren k\u00f6nnen. Seine Struktur ruht auf gedrechselten Beinen, die seine Eleganz unterstreichen und mit einem dezenten Metallst\u00fcck abgerundet sind. Ein einzigartiges St\u00fcck, das Handwerkskunst und Design vereint<\/p>\n<p>\u25cf H\u00f6he: 150 cm.<\/p>\n<p>\u25cf L\u00e4nge: 90 cm.<\/p>\n<p>\u25cf Breite: 43 cm.<\/p>\n<p>\u25cf Material: Mangoholz.<\/p>\n<p>\u25cf Farbe: Haselnuss.<\/p>\n","protected":false},"excerpt":{"rendered":"<p>Hohes Sideboard aus Mangoholz, lackiert in einer eleganten Haselnussfarbe. Sein Design zeichnet sich durch seine imposanten Holzt\u00fcren aus, die mit geschnitzten Mandala-Figuren geschm\u00fcckt sind, die einen sch\u00f6nen Kontrast in Schwarz bilden und f\u00fcr eine k\u00fcnstlerische und raffinierte Atmosph\u00e4re sorgen. Im Inneren verf\u00fcgt es \u00fcber ger\u00e4umige Regale, in denen Sie verschiedene Gegenst\u00e4nde organisieren k\u00f6nnen. Seine Struktur [&#8230;]\n","protected":false},"featured_media":85706,"template":"","meta":[],"product_brand":[],"product_cat":[500,505,272],"product_tag":[],"class_list":{"0":"post-85730","1":"product","2":"type-product","3":"status-publish","4":"has-post-thumbnail","6":"product_cat-sideboards-de","7":"product_cat-vitrinen","8":"product_cat-wohnzimmer","10":"first","11":"instock","12":"shipping-taxable","13":"product-type-simple"},"yoast_head":"<!-- This site is optimized with the Yoast SEO plugin v27.3 - https:\/\/yoast.com\/product\/yoast-seo-wordpress\/ -->\n<title>AUSSTELLUNGSSCHRANK AUS HOLZ, 2 ST., GESCHNITZT, 90 CM. | mueble4you<\/title>\n<meta name=\"robots\" content=\"index, follow, max-snippet:-1, max-image-preview:large, max-video-preview:-1\" \/>\n<link rel=\"canonical\" href=\"https:\/\/mueble4you.com\/de\/productos\/vitrina-madera-2-p-labrada-90cm\/\" \/>\n<meta property=\"og:locale\" content=\"de_DE\" \/>\n<meta property=\"og:type\" content=\"article\" \/>\n<meta property=\"og:title\" content=\"AUSSTELLUNGSSCHRANK AUS HOLZ, 2 ST., GESCHNITZT, 90 CM. | mueble4you\" \/>\n<meta property=\"og:description\" content=\"Hohes Sideboard aus Mangoholz, lackiert in einer eleganten Haselnussfarbe. Sein Design zeichnet sich durch seine imposanten Holzt\u00fcren aus, die mit geschnitzten Mandala-Figuren geschm\u00fcckt sind, die einen sch\u00f6nen Kontrast in Schwarz bilden und f\u00fcr eine k\u00fcnstlerische und raffinierte Atmosph\u00e4re sorgen. Im Inneren verf\u00fcgt es \u00fcber ger\u00e4umige Regale, in denen Sie verschiedene Gegenst\u00e4nde organisieren k\u00f6nnen. Seine Struktur [...]\" \/>\n<meta property=\"og:url\" content=\"https:\/\/mueble4you.com\/de\/productos\/vitrina-madera-2-p-labrada-90cm\/\" \/>\n<meta property=\"og:site_name\" content=\"mueble4you\" \/>\n<meta property=\"article:modified_time\" content=\"2025-10-29T15:18:40+00:00\" \/>\n<meta property=\"og:image\" content=\"https:\/\/mueble4you.com\/wp-content\/uploads\/2025\/10\/2133_2.jpg\" \/>\n\t<meta property=\"og:image:width\" content=\"545\" \/>\n\t<meta property=\"og:image:height\" content=\"768\" \/>\n\t<meta property=\"og:image:type\" content=\"image\/jpeg\" \/>\n<meta name=\"twitter:card\" content=\"summary_large_image\" \/>\n<meta name=\"twitter:label1\" content=\"Gesch\u00e4tzte Lesezeit\" \/>\n\t<meta name=\"twitter:data1\" content=\"1\u00a0Minute\" \/>\n<script type=\"application\/ld+json\" class=\"yoast-schema-graph\">{\"@context\":\"https:\\\/\\\/schema.org\",\"@graph\":[{\"@type\":\"WebPage\",\"@id\":\"https:\\\/\\\/mueble4you.com\\\/de\\\/productos\\\/vitrina-madera-2-p-labrada-90cm\\\/\",\"url\":\"https:\\\/\\\/mueble4you.com\\\/de\\\/productos\\\/vitrina-madera-2-p-labrada-90cm\\\/\",\"name\":\"AUSSTELLUNGSSCHRANK AUS HOLZ, 2 ST., GESCHNITZT, 90 CM. | mueble4you\",\"isPartOf\":{\"@id\":\"https:\\\/\\\/mueble4you.com\\\/#website\"},\"primaryImageOfPage\":{\"@id\":\"https:\\\/\\\/mueble4you.com\\\/de\\\/productos\\\/vitrina-madera-2-p-labrada-90cm\\\/#primaryimage\"},\"image\":{\"@id\":\"https:\\\/\\\/mueble4you.com\\\/de\\\/productos\\\/vitrina-madera-2-p-labrada-90cm\\\/#primaryimage\"},\"thumbnailUrl\":\"https:\\\/\\\/mueble4you.com\\\/wp-content\\\/uploads\\\/2025\\\/10\\\/2133_2.jpg\",\"datePublished\":\"2025-10-28T16:07:15+00:00\",\"dateModified\":\"2025-10-29T15:18:40+00:00\",\"breadcrumb\":{\"@id\":\"https:\\\/\\\/mueble4you.com\\\/de\\\/productos\\\/vitrina-madera-2-p-labrada-90cm\\\/#breadcrumb\"},\"inLanguage\":\"de\",\"potentialAction\":[{\"@type\":\"ReadAction\",\"target\":[\"https:\\\/\\\/mueble4you.com\\\/de\\\/productos\\\/vitrina-madera-2-p-labrada-90cm\\\/\"]}]},{\"@type\":\"ImageObject\",\"inLanguage\":\"de\",\"@id\":\"https:\\\/\\\/mueble4you.com\\\/de\\\/productos\\\/vitrina-madera-2-p-labrada-90cm\\\/#primaryimage\",\"url\":\"https:\\\/\\\/mueble4you.com\\\/wp-content\\\/uploads\\\/2025\\\/10\\\/2133_2.jpg\",\"contentUrl\":\"https:\\\/\\\/mueble4you.com\\\/wp-content\\\/uploads\\\/2025\\\/10\\\/2133_2.jpg\",\"width\":545,\"height\":768},{\"@type\":\"BreadcrumbList\",\"@id\":\"https:\\\/\\\/mueble4you.com\\\/de\\\/productos\\\/vitrina-madera-2-p-labrada-90cm\\\/#breadcrumb\",\"itemListElement\":[{\"@type\":\"ListItem\",\"position\":1,\"name\":\"Portada\",\"item\":\"https:\\\/\\\/mueble4you.com\\\/de\\\/\"},{\"@type\":\"ListItem\",\"position\":2,\"name\":\"Productos\",\"item\":\"https:\\\/\\\/mueble4you.com\\\/productos\\\/\"},{\"@type\":\"ListItem\",\"position\":3,\"name\":\"AUSSTELLUNGSSCHRANK AUS HOLZ, 2 ST., GESCHNITZT, 90 CM.\"}]},{\"@type\":\"WebSite\",\"@id\":\"https:\\\/\\\/mueble4you.com\\\/#website\",\"url\":\"https:\\\/\\\/mueble4you.com\\\/\",\"name\":\"mueble4you\",\"description\":\"M\u00f6bel in Teneriffa\",\"potentialAction\":[{\"@type\":\"SearchAction\",\"target\":{\"@type\":\"EntryPoint\",\"urlTemplate\":\"https:\\\/\\\/mueble4you.com\\\/?s={search_term_string}\"},\"query-input\":{\"@type\":\"PropertyValueSpecification\",\"valueRequired\":true,\"valueName\":\"search_term_string\"}}],\"inLanguage\":\"de\"}]}<\/script>\n<!-- \/ Yoast SEO plugin. -->","yoast_head_json":{"title":"AUSSTELLUNGSSCHRANK AUS HOLZ, 2 ST., GESCHNITZT, 90 CM. | mueble4you","robots":{"index":"index","follow":"follow","max-snippet":"max-snippet:-1","max-image-preview":"max-image-preview:large","max-video-preview":"max-video-preview:-1"},"canonical":"https:\/\/mueble4you.com\/de\/productos\/vitrina-madera-2-p-labrada-90cm\/","og_locale":"de_DE","og_type":"article","og_title":"AUSSTELLUNGSSCHRANK AUS HOLZ, 2 ST., GESCHNITZT, 90 CM. | mueble4you","og_description":"Hohes Sideboard aus Mangoholz, lackiert in einer eleganten Haselnussfarbe. Sein Design zeichnet sich durch seine imposanten Holzt\u00fcren aus, die mit geschnitzten Mandala-Figuren geschm\u00fcckt sind, die einen sch\u00f6nen Kontrast in Schwarz bilden und f\u00fcr eine k\u00fcnstlerische und raffinierte Atmosph\u00e4re sorgen. Im Inneren verf\u00fcgt es \u00fcber ger\u00e4umige Regale, in denen Sie verschiedene Gegenst\u00e4nde organisieren k\u00f6nnen. Seine Struktur [...]","og_url":"https:\/\/mueble4you.com\/de\/productos\/vitrina-madera-2-p-labrada-90cm\/","og_site_name":"mueble4you","article_modified_time":"2025-10-29T15:18:40+00:00","og_image":[{"width":545,"height":768,"url":"https:\/\/mueble4you.com\/wp-content\/uploads\/2025\/10\/2133_2.jpg","type":"image\/jpeg"}],"twitter_card":"summary_large_image","twitter_misc":{"Gesch\u00e4tzte Lesezeit":"1\u00a0Minute"},"schema":{"@context":"https:\/\/schema.org","@graph":[{"@type":"WebPage","@id":"https:\/\/mueble4you.com\/de\/productos\/vitrina-madera-2-p-labrada-90cm\/","url":"https:\/\/mueble4you.com\/de\/productos\/vitrina-madera-2-p-labrada-90cm\/","name":"AUSSTELLUNGSSCHRANK AUS HOLZ, 2 ST., GESCHNITZT, 90 CM. | mueble4you","isPartOf":{"@id":"https:\/\/mueble4you.com\/#website"},"primaryImageOfPage":{"@id":"https:\/\/mueble4you.com\/de\/productos\/vitrina-madera-2-p-labrada-90cm\/#primaryimage"},"image":{"@id":"https:\/\/mueble4you.com\/de\/productos\/vitrina-madera-2-p-labrada-90cm\/#primaryimage"},"thumbnailUrl":"https:\/\/mueble4you.com\/wp-content\/uploads\/2025\/10\/2133_2.jpg","datePublished":"2025-10-28T16:07:15+00:00","dateModified":"2025-10-29T15:18:40+00:00","breadcrumb":{"@id":"https:\/\/mueble4you.com\/de\/productos\/vitrina-madera-2-p-labrada-90cm\/#breadcrumb"},"inLanguage":"de","potentialAction":[{"@type":"ReadAction","target":["https:\/\/mueble4you.com\/de\/productos\/vitrina-madera-2-p-labrada-90cm\/"]}]},{"@type":"ImageObject","inLanguage":"de","@id":"https:\/\/mueble4you.com\/de\/productos\/vitrina-madera-2-p-labrada-90cm\/#primaryimage","url":"https:\/\/mueble4you.com\/wp-content\/uploads\/2025\/10\/2133_2.jpg","contentUrl":"https:\/\/mueble4you.com\/wp-content\/uploads\/2025\/10\/2133_2.jpg","width":545,"height":768},{"@type":"BreadcrumbList","@id":"https:\/\/mueble4you.com\/de\/productos\/vitrina-madera-2-p-labrada-90cm\/#breadcrumb","itemListElement":[{"@type":"ListItem","position":1,"name":"Portada","item":"https:\/\/mueble4you.com\/de\/"},{"@type":"ListItem","position":2,"name":"Productos","item":"https:\/\/mueble4you.com\/productos\/"},{"@type":"ListItem","position":3,"name":"AUSSTELLUNGSSCHRANK AUS HOLZ, 2 ST., GESCHNITZT, 90 CM."}]},{"@type":"WebSite","@id":"https:\/\/mueble4you.com\/#website","url":"https:\/\/mueble4you.com\/","name":"mueble4you","description":"M\u00f6bel in Teneriffa","potentialAction":[{"@type":"SearchAction","target":{"@type":"EntryPoint","urlTemplate":"https:\/\/mueble4you.com\/?s={search_term_string}"},"query-input":{"@type":"PropertyValueSpecification","valueRequired":true,"valueName":"search_term_string"}}],"inLanguage":"de"}]}},"_links":{"self":[{"href":"https:\/\/mueble4you.com\/de\/wp-json\/wp\/v2\/product\/85730","targetHints":{"allow":["GET"]}}],"collection":[{"href":"https:\/\/mueble4you.com\/de\/wp-json\/wp\/v2\/product"}],"about":[{"href":"https:\/\/mueble4you.com\/de\/wp-json\/wp\/v2\/types\/product"}],"wp:featuredmedia":[{"embeddable":true,"href":"https:\/\/mueble4you.com\/de\/wp-json\/wp\/v2\/media\/85706"}],"wp:attachment":[{"href":"https:\/\/mueble4you.com\/de\/wp-json\/wp\/v2\/media?parent=85730"}],"wp:term":[{"taxonomy":"product_brand","embeddable":true,"href":"https:\/\/mueble4you.com\/de\/wp-json\/wp\/v2\/product_brand?post=85730"},{"taxonomy":"product_cat","embeddable":true,"href":"https:\/\/mueble4you.com\/de\/wp-json\/wp\/v2\/product_cat?post=85730"},{"taxonomy":"product_tag","embeddable":true,"href":"https:\/\/mueble4you.com\/de\/wp-json\/wp\/v2\/product_tag?post=85730"}],"curies":[{"name":"wp","href":"https:\/\/api.w.org\/{rel}","templated":true}]}}